{"id":22500,"date":"2025-10-20T17:37:27","date_gmt":"2025-10-20T09:37:27","guid":{"rendered":"https:\/\/yebodaglass.com\/?post_type=product&#038;p=22500"},"modified":"2025-11-28T15:58:10","modified_gmt":"2025-11-28T07:58:10","slug":"pudding-glass-bottles-with-plastic-lids-bulk-custom-cute-yogurt-jars","status":"publish","type":"product","link":"https:\/\/yebodaglass.com\/de\/pudding-glass-bottles-with-plastic-lids-bulk-custom-cute-yogurt-jars\/","title":{"rendered":"Runde Puddingglasflaschen \u2013 100 \u2013 200 ml Joghurtgl\u00e4ser mit Kunststoffdeckel"},"content":{"rendered":"<p>Sind Sie es leid, dass Milchprodukte auslaufen oder ihre Frische verlieren? Wir fertigen Milchflaschen aus Glas mit Deckel \u2013 perfekt f\u00fcr Pudding \u2013 damit Sie nie wieder kleckern m\u00fcssen. Unsere Puddingflaschen aus Glas verwandeln Ihre Verpackung in eine vertrauensw\u00fcrdige Alternative. Bei gr\u00f6\u00dferen Bestellmengen erhalten Sie individuell gestaltete Puddingflaschen, die perfekt zu Ihrem Markenauftritt passen.<\/p>\n<h2>Produkteigenschaften<\/h2>\n<p><strong>Weitmaul-Wunder<\/strong><\/p>\n<p>Desserts lassen sich m\u00fchelos portionieren \u2013 Ihre Puddingglasflasche macht das Servieren kinderleicht.<\/p>\n<p><strong>Kristallklare<\/strong><\/p>\n<p>Hochtransparentes Glas zeigt Farbe und Textur sofort \u2013 Kunden vertrauen Ihrer Glasmilchflasche mit Deckel auf den ersten Blick.<\/p>\n<p><strong>S\u00fc\u00dfe, individuelle Magie<\/strong><\/p>\n<p>Bringen Sie Ihr Logo auf einer Puddingglasflasche mit Deckel an.<\/p>\n<h2>Wichtigste Spezifikationen<\/h2>\n<table style=\"border-collapse: collapse; width: 80%; margin-left: auto; margin-right: auto;\" border=\"0\" width=\"360\" cellspacing=\"0\" cellpadding=\"0\">\n<tbody>\n<tr style=\"height: 13.50pt;\">\n<td style=\"height: 13.5pt; width: 54pt; text-align: center;\" width=\"72\" height=\"18\">Modell<\/td>\n<td style=\"width: 54pt; text-align: center;\" width=\"72\">Fassungsverm\u00f6gen (ml)<\/td>\n<td style=\"width: 54pt; text-align: center;\" width=\"72\">Gr\u00f6\u00dfe (cm)<\/td>\n<td style=\"width: 54pt; text-align: center;\" width=\"72\">Halsart<\/td>\n<td style=\"width: 54pt; text-align: center;\" width=\"72\">Form<\/td>\n<\/tr>\n<tr style=\"height: 13.50pt;\">\n<td style=\"height: 13.5pt; text-align: center;\" align=\"right\" height=\"18\">64015026<\/td>\n<td style=\"text-align: center;\" align=\"right\">150<\/td>\n<td style=\"text-align: center;\">6.5&#215;7.0<\/td>\n<td class=\"et2\" style=\"text-align: center;\" rowspan=\"2\">Weitmaul<\/td>\n<td class=\"et2\" style=\"text-align: center;\" rowspan=\"5\">Runden<\/td>\n<\/tr>\n<tr style=\"height: 13.50pt;\">\n<td style=\"height: 13.5pt; text-align: center;\" align=\"right\" height=\"18\">64020027<\/td>\n<td style=\"text-align: center;\" align=\"right\">200<\/td>\n<td style=\"text-align: center;\">7.1&#215;7.7<\/td>\n<\/tr>\n<tr style=\"height: 13.50pt;\">\n<td style=\"height: 13.5pt; text-align: center;\" align=\"right\" height=\"18\">64010028<\/td>\n<td style=\"text-align: center;\" align=\"right\">100<\/td>\n<td style=\"text-align: center;\">5.5&#215;7.5<\/td>\n<td class=\"et2\" style=\"text-align: center;\" rowspan=\"3\">Halsansatz<\/td>\n<\/tr>\n<tr style=\"height: 13.50pt;\">\n<td style=\"height: 13.5pt; text-align: center;\" align=\"right\" height=\"18\">64015029<\/td>\n<td style=\"text-align: center;\" align=\"right\">150<\/td>\n<td style=\"text-align: center;\">6.5&#215;8.3<\/td>\n<\/tr>\n<tr style=\"height: 13.50pt;\">\n<td style=\"height: 13.5pt; text-align: center;\" align=\"right\" height=\"18\">64020030<\/td>\n<td style=\"text-align: center;\" align=\"right\">200<\/td>\n<td style=\"text-align: center;\">6.8&#215;8.5<\/td>\n<\/tr>\n<\/tbody>\n<\/table>\n<h2>Erfolgsbeispiel<\/h2>\n<p>Wir wurden von einem beliebten s\u00fcdkoreanischen Pudding-Laden beauftragt, eine stilvolle und funktionale Glasverpackung zu entwickeln. Die individuell gestaltete Glasmilchflasche fasst 150 ml, hat eine weite \u00d6ffnung und einen luftdichten Deckel, der die zarte und cremige Konsistenz des Puddings perfekt zur Geltung bringt. Die weite \u00d6ffnung erm\u00f6glicht ein bequemes Portionieren, w\u00e4hrend der silikonbeschichtete Schraubverschluss f\u00fcr einen auslaufsicheren Transport sorgt. Um den handgemachten Charakter zu unterstreichen, w\u00e4hlte die Marke au\u00dferdem ein schlichtes Kraftpapieretikett und eine Schleife als Verpackungsmaterial.<\/p>\n<p>Bis zur Umstellung der Verpackung waren die Beschwerden \u00fcber Versch\u00fcttungen um 80 % zur\u00fcckgegangen, und die Gro\u00dfbestellungen hatten sich innerhalb weniger Wochen um 50 % erh\u00f6ht.<\/p>\n<h2>Ihr individuelles Anpassungshandbuch<\/h2>\n<ol>\n<li><strong>\u201eDessert Palette\u201c-Bands: <\/strong>Versehen Sie die Puddingglasflasche mit pastellfarbenen B\u00e4ndern (z. B. \u201eMintgr\u00fcn\u201c). Sagen Sie Ihren Kunden: \u201eFrisches Dessert, frische Freude.\u201c<\/li>\n<li><strong>\u201eMini Milk\u201c-Sets: <\/strong>Stellen Sie \u201ePint- und Quart-Packs\u201c mit zwei 100-ml-Flaschen und einer 200-ml-Flasche zusammen \u2013 perfekt f\u00fcr den Bedarf an Milchflaschen aus Glas (Pint-Gr\u00f6\u00dfe).<\/li>\n<\/ol>","protected":false},"excerpt":{"rendered":"<p>Runde, h\u00fcbsche Puddingflaschen aus Glas mit Kunststoffdeckeln, perfekt f\u00fcr Desserts, Joghurt und Vanillepudding. Robust, transparent und ideal zum Verpacken und Aufbewahren.<\/p>","protected":false},"featured_media":22503,"template":"","meta":[],"product_brand":[],"product_cat":[124,122,130],"product_tag":[],"class_list":{"0":"post-22500","1":"product","2":"type-product","3":"status-publish","4":"has-post-thumbnail","6":"product_cat-custom-glass-jars","7":"product_cat-custom-glass-packaging","8":"product_cat-glass-yogurt-jars","10":"first","11":"instock","12":"shipping-taxable","13":"product-type-simple"},"jetpack_sharing_enabled":true,"_links":{"self":[{"href":"https:\/\/yebodaglass.com\/de\/wp-json\/wp\/v2\/product\/22500","targetHints":{"allow":["GET"]}}],"collection":[{"href":"https:\/\/yebodaglass.com\/de\/wp-json\/wp\/v2\/product"}],"about":[{"href":"https:\/\/yebodaglass.com\/de\/wp-json\/wp\/v2\/types\/product"}],"version-history":[{"count":6,"href":"https:\/\/yebodaglass.com\/de\/wp-json\/wp\/v2\/product\/22500\/revisions"}],"predecessor-version":[{"id":24185,"href":"https:\/\/yebodaglass.com\/de\/wp-json\/wp\/v2\/product\/22500\/revisions\/24185"}],"wp:featuredmedia":[{"embeddable":true,"href":"https:\/\/yebodaglass.com\/de\/wp-json\/wp\/v2\/media\/22503"}],"wp:attachment":[{"href":"https:\/\/yebodaglass.com\/de\/wp-json\/wp\/v2\/media?parent=22500"}],"wp:term":[{"taxonomy":"product_brand","embeddable":true,"href":"https:\/\/yebodaglass.com\/de\/wp-json\/wp\/v2\/product_brand?post=22500"},{"taxonomy":"product_cat","embeddable":true,"href":"https:\/\/yebodaglass.com\/de\/wp-json\/wp\/v2\/product_cat?post=22500"},{"taxonomy":"product_tag","embeddable":true,"href":"https:\/\/yebodaglass.com\/de\/wp-json\/wp\/v2\/product_tag?post=22500"}],"curies":[{"name":"wp","href":"https:\/\/api.w.org\/{rel}","templated":true}]}}