{"id":22488,"date":"2025-10-20T17:04:07","date_gmt":"2025-10-20T09:04:07","guid":{"rendered":"https:\/\/yebodaglass.com\/?post_type=product&#038;p=22488"},"modified":"2025-11-04T11:56:48","modified_gmt":"2025-11-04T03:56:48","slug":"round-glass-pudding-bottles-bulk-custom-yogurt-jars","status":"publish","type":"product","link":"https:\/\/yebodaglass.com\/de\/round-glass-pudding-bottles-bulk-custom-yogurt-jars\/","title":{"rendered":"Runde Glaspuddingflaschen \u2013 50-200 ml Joghurtgl\u00e4ser mit Metalldeckel"},"content":{"rendered":"<p>Sind Sie es leid, dass Milchprodukte auslaufen oder ihre Frische beeintr\u00e4chtigen? Wir fertigen Milchflaschen aus Glas mit Deckel \u2013 perfekt f\u00fcr Pudding, ohne dass Ihre Desserts matschig werden. Diese Milchflaschen aus Glas machen aus einer s\u00fc\u00dfen Verpackung echtes Vertrauen. Bei Gro\u00dfbestellungen erhalten Sie individuell gestaltete Glasflaschen, die perfekt zu Ihrem Markenimage passen.<\/p>\n<h2>Produkteigenschaften<\/h2>\n<p><strong>Elegantes und funktionales Design<\/strong><\/p>\n<p>Dank der weiten \u00d6ffnung und des Gewindes l\u00e4sst sich die schlanke Flasche einfach bef\u00fcllen und servieren. Die Schichten und Farben des Desserts kommen so ohne zus\u00e4tzlichen Aufwand optimal zur Geltung, was f\u00fcr ein schlichtes und charmantes Erscheinungsbild sorgt.<\/p>\n<p><strong>Hochwertiges, lebensmittelechtes Material<\/strong><\/p>\n<p>Das Glas zeichnet sich durch hohe Klarheit und Transparenz aus und ist lebensmittelecht, bleifrei, hitzebest\u00e4ndig und geruchsneutral. Dadurch eignet es sich sowohl f\u00fcr gek\u00fchlte als auch f\u00fcr ged\u00e4mpfte Desserts.<\/p>\n<p><strong>Praktische Funktionalit\u00e4t und Wiederverwendbarkeit<\/strong><\/p>\n<p>Das Produkt ist auslaufsicher und h\u00e4lt das Dessert frisch. Die gro\u00dfe \u00d6ffnung erleichtert die Reinigung und Wiederverwendung des Beh\u00e4lters, sodass eine Packung sowohl f\u00fcr den privaten Gebrauch als auch f\u00fcr den gewerblichen Einsatz geeignet ist.<\/p>\n<p><strong>Vielseitige Anpassungsm\u00f6glichkeiten<\/strong><\/p>\n<p>Marken- und Anwendungsanforderungen k\u00f6nnen durch individuelle Anpassung von Kapazit\u00e4t, Logodruck, Etikettierung und Deckelart (Metall, Kunststoff oder Originalit\u00e4tsverschluss) erf\u00fcllt werden.<\/p>\n<h2>Wichtigste Spezifikationen<\/h2>\n<table style=\"border-collapse: collapse; width: 80%; margin-right: auto; margin-left: auto;\" border=\"0\" width=\"360\" cellspacing=\"0\" cellpadding=\"0\">\n<tbody>\n<tr style=\"height: 13.50pt;\">\n<td style=\"height: 13.5pt; width: 54pt; text-align: center;\" width=\"72\" height=\"18\">Modell<\/td>\n<td style=\"width: 54pt; text-align: center;\" width=\"72\">Fassungsverm\u00f6gen (ml)<\/td>\n<td style=\"width: 54pt; text-align: center;\" width=\"72\">Gr\u00f6\u00dfe (cm)<\/td>\n<td style=\"width: 54pt; text-align: center;\" width=\"72\">Halsart<\/td>\n<td style=\"width: 54pt; text-align: center;\" width=\"72\">Form<\/td>\n<\/tr>\n<tr style=\"height: 13.50pt;\">\n<td style=\"height: 13.5pt; text-align: center;\" align=\"right\" height=\"18\">64005021<\/td>\n<td style=\"text-align: center;\" align=\"right\">50<\/td>\n<td style=\"text-align: center;\">4.8&#215;5.8<\/td>\n<td class=\"et2\" style=\"text-align: center;\" rowspan=\"5\">Gewinde<\/td>\n<td class=\"et2\" style=\"text-align: center;\" rowspan=\"5\">Runden<\/td>\n<\/tr>\n<tr style=\"height: 13.50pt;\">\n<td style=\"height: 13.5pt; text-align: center;\" align=\"right\" height=\"18\">64007522<\/td>\n<td style=\"text-align: center;\" align=\"right\">75<\/td>\n<td style=\"text-align: center;\">5.1&#215;7.1<\/td>\n<\/tr>\n<tr style=\"height: 13.50pt;\">\n<td style=\"height: 13.5pt; text-align: center;\" align=\"right\" height=\"18\">64010023<\/td>\n<td style=\"text-align: center;\" align=\"right\">100<\/td>\n<td style=\"text-align: center;\">5.5&#215;7.3<\/td>\n<\/tr>\n<tr style=\"height: 13.50pt;\">\n<td style=\"height: 13.5pt; text-align: center;\" align=\"right\" height=\"18\">64015024<\/td>\n<td style=\"text-align: center;\" align=\"right\">150<\/td>\n<td style=\"text-align: center;\">6.5&#215;7.8<\/td>\n<\/tr>\n<tr style=\"height: 13.50pt;\">\n<td style=\"height: 13.5pt; text-align: center;\" align=\"right\" height=\"18\">64020025<\/td>\n<td style=\"text-align: center;\" align=\"right\">200<\/td>\n<td style=\"text-align: center;\">7.0&#215;9.0<\/td>\n<\/tr>\n<\/tbody>\n<\/table>\n<h2>Erfolgsbeispiel<\/h2>\n<p>Wir wurden von einer japanischen Dessertboutique beauftragt, ein individuelles 75-ml-Glas f\u00fcr Pudding herzustellen. Das kristallklare Glas in Lebensmittelqualit\u00e4t eignet sich ideal, um die samtige Textur und die sch\u00f6ne, nat\u00fcrliche Farbe des Puddings optimal zur Geltung zu bringen. Die Gl\u00e4ser haben eine elegante, abgerundete Form und einen schweren Boden, was ihnen eine hochwertige und robuste Ausstrahlung verleiht. Ein goldener Aluminiumdeckel und eine luftdichte Silikondichtung sorgen f\u00fcr sicheren Verschluss. Ein im Siebdruckverfahren aufgebrachtes Logo und ein mattiertes Etikett unterstreichen den stilvollen Look der Marke.<\/p>\n<p>Bereits am Ende des ersten Monats waren die Verkaufszahlen nach der Markteinf\u00fchrung um 55 % gestiegen. Die Kunden lobten die Gl\u00e4ser sowohl f\u00fcr ihr Aussehen als auch f\u00fcr ihre praktische Aufbewahrungsm\u00f6glichkeit.<\/p>\n<h2>Ihr individuelles Anpassungshandbuch<\/h2>\n<ol>\n<li><strong>Individuell gestaltete Flaschenverschl\u00fcsse:<\/strong> W\u00e4hlen Sie verschiedene Materialien und Farben wie Metall, Kunststoff und Diebstahlsicherungen. F\u00fcr eine bessere Wiedererkennung k\u00f6nnen Sie Ihr Markenlogo oder ein Bild anbringen.<\/li>\n<li><strong>Kundenspezifische Produkte:<\/strong> Es gibt zahlreiche Oberfl\u00e4chenbehandlungen wie Mattieren, Siebdruck, Hei\u00dfpr\u00e4gen und Etikettieren, die die Flasche dekorativer und markenorientierter machen.<\/li>\n<\/ol>","protected":false},"excerpt":{"rendered":"<p>Runde Glaspuddingflaschen und Glasmilchflaschen mit Deckel, ideal f\u00fcr Desserts, Joghurt oder Marmelade. Langlebig, wiederverwendbar und individuell gestaltbar f\u00fcr Lebensmittelverpackungsmarken.<\/p>","protected":false},"featured_media":22492,"template":"","meta":[],"product_brand":[],"product_cat":[124,122,130],"product_tag":[],"class_list":{"0":"post-22488","1":"product","2":"type-product","3":"status-publish","4":"has-post-thumbnail","6":"product_cat-custom-glass-jars","7":"product_cat-custom-glass-packaging","8":"product_cat-glass-yogurt-jars","10":"first","11":"instock","12":"shipping-taxable","13":"product-type-simple"},"jetpack_sharing_enabled":true,"_links":{"self":[{"href":"https:\/\/yebodaglass.com\/de\/wp-json\/wp\/v2\/product\/22488","targetHints":{"allow":["GET"]}}],"collection":[{"href":"https:\/\/yebodaglass.com\/de\/wp-json\/wp\/v2\/product"}],"about":[{"href":"https:\/\/yebodaglass.com\/de\/wp-json\/wp\/v2\/types\/product"}],"version-history":[{"count":5,"href":"https:\/\/yebodaglass.com\/de\/wp-json\/wp\/v2\/product\/22488\/revisions"}],"predecessor-version":[{"id":22507,"href":"https:\/\/yebodaglass.com\/de\/wp-json\/wp\/v2\/product\/22488\/revisions\/22507"}],"wp:featuredmedia":[{"embeddable":true,"href":"https:\/\/yebodaglass.com\/de\/wp-json\/wp\/v2\/media\/22492"}],"wp:attachment":[{"href":"https:\/\/yebodaglass.com\/de\/wp-json\/wp\/v2\/media?parent=22488"}],"wp:term":[{"taxonomy":"product_brand","embeddable":true,"href":"https:\/\/yebodaglass.com\/de\/wp-json\/wp\/v2\/product_brand?post=22488"},{"taxonomy":"product_cat","embeddable":true,"href":"https:\/\/yebodaglass.com\/de\/wp-json\/wp\/v2\/product_cat?post=22488"},{"taxonomy":"product_tag","embeddable":true,"href":"https:\/\/yebodaglass.com\/de\/wp-json\/wp\/v2\/product_tag?post=22488"}],"curies":[{"name":"wp","href":"https:\/\/api.w.org\/{rel}","templated":true}]}}