{"id":22482,"date":"2025-10-20T15:55:45","date_gmt":"2025-10-20T07:55:45","guid":{"rendered":"https:\/\/yebodaglass.com\/?post_type=product&#038;p=22482"},"modified":"2025-11-11T13:52:06","modified_gmt":"2025-11-11T05:52:06","slug":"wholesale-square-glass-milk-bottles-custom-beverage-container","status":"publish","type":"product","link":"https:\/\/yebodaglass.com\/de\/wholesale-square-glass-milk-bottles-custom-beverage-container\/","title":{"rendered":"Gro\u00dfhandel mit quadratischen Glasmilchflaschen mit Kunststoffdeckeln, 300\u2013500 ml"},"content":{"rendered":"<p>Sind Sie es leid, dass Milchflaschen im Regal Platz verschwenden? Wir fertigen quadratische Glasmilchflaschen mit platzsparender Form \u2013 Schluss mit unpraktischen Ecken. Diese Milchflaschen aus Glas machen die Getr\u00e4nkeabf\u00fcllung zu einem cleveren Verkaufsschlager. Bei Gro\u00dfbestellungen erhalten Sie individuell gestaltete Glasflaschen, die perfekt zum frischen Image Ihrer Marke passen.<\/p>\n<h2>Produkteigenschaften<\/h2>\n<p><strong>Design<\/strong><\/p>\n<p>Der quadratische Beh\u00e4lter mit durchgehendem Gewindehals ist eine minimalistische und stabile Designl\u00f6sung, da er sich leicht stapeln und transportieren l\u00e4sst. Dank des Gewindehalses k\u00f6nnen verschiedene Verschlussarten verwendet werden.<\/p>\n<ul>\n<li><strong>Material: <\/strong>Es besteht aus hochtransparentem, dickem Glas und ist hitzebest\u00e4ndig, geruchlos, bleifrei und ungiftig, daher ist es auch f\u00fcr Getr\u00e4nke wie Milch und Saft geeignet.<\/li>\n<li><strong>Funktionalit\u00e4t:\u00a0<\/strong>Es handelt sich um einen wiederverwendbaren, auslaufsicheren Frischhaltebeh\u00e4lter. Dank der weiten \u00d6ffnung l\u00e4sst er sich leicht reinigen und eignet sich daher sowohl f\u00fcr den privaten als auch f\u00fcr den gewerblichen Einsatz.<\/li>\n<li><strong>Anpassung:\u00a0<\/strong>Ihre Marke profitiert von den Verpackungsoptionen, da Fassungsverm\u00f6gen, Logodruck, Verschlussfarbe und Material (Aluminium, Kunststoff oder Originalit\u00e4tsverschluss) individuell angepasst werden k\u00f6nnen.<\/li>\n<\/ul>\n<h2>Wichtigste Spezifikationen<\/h2>\n<table style=\"border-collapse: collapse; width: 80%; margin-left: auto; margin-right: auto;\" border=\"0\" width=\"288\" cellspacing=\"0\" cellpadding=\"0\">\n<tbody>\n<tr style=\"height: 13.50pt;\">\n<td style=\"height: 13.5pt; width: 54pt; text-align: center;\" width=\"72\" height=\"18\">Modell<\/td>\n<td style=\"width: 54pt; text-align: center;\" width=\"72\">Fassungsverm\u00f6gen (ml)<\/td>\n<td style=\"width: 54pt; text-align: center;\" width=\"72\">Gr\u00f6\u00dfe (cm)<\/td>\n<td style=\"width: 54pt; text-align: center;\" width=\"72\">Form<\/td>\n<\/tr>\n<tr style=\"height: 13.50pt;\">\n<td style=\"height: 13.5pt; text-align: center;\" align=\"right\" height=\"18\">64030019<\/td>\n<td style=\"text-align: center;\" align=\"right\">300<\/td>\n<td style=\"text-align: center;\">7.6&#215;12.3<\/td>\n<td class=\"et2\" style=\"text-align: center;\" rowspan=\"2\">Quadrat<\/td>\n<\/tr>\n<tr style=\"height: 13.50pt;\">\n<td style=\"height: 13.5pt; text-align: center;\" align=\"right\" height=\"18\">64050020<\/td>\n<td style=\"text-align: center;\" align=\"right\">500<\/td>\n<td style=\"text-align: center;\">8.6&#215;13.6<\/td>\n<\/tr>\n<\/tbody>\n<\/table>\n<h2>Erfolgsbeispiel<\/h2>\n<p>Ein neuseel\u00e4ndischer Bio-Milchproduzent suchte nach einer platzsparenden Verpackungsl\u00f6sung f\u00fcr seine runden Milchflaschen. Diese sahen zwar traditionell aus, nahmen aber viel Platz im Regal und beim Transport ein. Gew\u00fcnscht war eine individuell gestaltete, quadratische Glasflasche, die das Markenimage nicht beeintr\u00e4chtigen sollte. Das Ergebnis war ein schlichtes, elegantes und stapelbares Design. Dank der quadratischen Form konnte das Unternehmen die Regalfl\u00e4che um 25 % vergr\u00f6\u00dfern. Zus\u00e4tzlich entschied man sich f\u00fcr einen silbernen Metallschraubverschluss mit lebensmittelechter Silikondichtung, um die Milch vom Bauernhof bis zum Laden frisch zu halten. Jede Flasche tr\u00e4gt das Firmenlogo aufgedruckt. Innerhalb von nur zwei Wochen hat sich das Gro\u00dfhandelsvolumen verdoppelt!<\/p>\n<h2>Ihr individuelles Anpassungshandbuch<\/h2>\n<ol>\n<li><strong>Individuell gestaltete Flaschenverschl\u00fcsse:<\/strong>Sie k\u00f6nnen zwischen Aluminium-, Originalit\u00e4tsverschluss- oder Kunststoffkappen in einer Vielzahl von Farben (wie Silber, Wei\u00df und Gold) und Optionen f\u00fcr den Logodruck w\u00e4hlen, um die Markenbekanntheit zu steigern.<\/li>\n<li><strong>Kundenspezifische Oberfl\u00e4chenveredelungen:<\/strong>Wir unterst\u00fctzen eine Vielzahl von Dekorationsm\u00f6glichkeiten, darunter Siebdruck, Hei\u00dfpr\u00e4gung, Mattierung und Etikettierung, um einzigartige visuelle Effekte zu erzielen und die Premium-Ausstrahlung und den Wiedererkennungswert Ihres Produkts zu steigern.<\/li>\n<\/ol>","protected":false},"excerpt":{"rendered":"<p>Robuste, quadratische Glasmilchflaschen f\u00fcr Verpackung und Aufbewahrung, ideal f\u00fcr Milchprodukte und Getr\u00e4nke. Wiederverwendbar, individuell gestaltbar und perfekt f\u00fcr umweltfreundliche Marken.<\/p>","protected":false},"featured_media":22484,"template":"","meta":[],"product_brand":[],"product_cat":[123,122,131],"product_tag":[],"class_list":{"0":"post-22482","1":"product","2":"type-product","3":"status-publish","4":"has-post-thumbnail","6":"product_cat-custom-glass-bottles","7":"product_cat-custom-glass-packaging","8":"product_cat-glass-milk-bottles","10":"first","11":"instock","12":"shipping-taxable","13":"product-type-simple"},"jetpack_sharing_enabled":true,"_links":{"self":[{"href":"https:\/\/yebodaglass.com\/de\/wp-json\/wp\/v2\/product\/22482","targetHints":{"allow":["GET"]}}],"collection":[{"href":"https:\/\/yebodaglass.com\/de\/wp-json\/wp\/v2\/product"}],"about":[{"href":"https:\/\/yebodaglass.com\/de\/wp-json\/wp\/v2\/types\/product"}],"version-history":[{"count":3,"href":"https:\/\/yebodaglass.com\/de\/wp-json\/wp\/v2\/product\/22482\/revisions"}],"predecessor-version":[{"id":23591,"href":"https:\/\/yebodaglass.com\/de\/wp-json\/wp\/v2\/product\/22482\/revisions\/23591"}],"wp:featuredmedia":[{"embeddable":true,"href":"https:\/\/yebodaglass.com\/de\/wp-json\/wp\/v2\/media\/22484"}],"wp:attachment":[{"href":"https:\/\/yebodaglass.com\/de\/wp-json\/wp\/v2\/media?parent=22482"}],"wp:term":[{"taxonomy":"product_brand","embeddable":true,"href":"https:\/\/yebodaglass.com\/de\/wp-json\/wp\/v2\/product_brand?post=22482"},{"taxonomy":"product_cat","embeddable":true,"href":"https:\/\/yebodaglass.com\/de\/wp-json\/wp\/v2\/product_cat?post=22482"},{"taxonomy":"product_tag","embeddable":true,"href":"https:\/\/yebodaglass.com\/de\/wp-json\/wp\/v2\/product_tag?post=22482"}],"curies":[{"name":"wp","href":"https:\/\/api.w.org\/{rel}","templated":true}]}}