{"id":22423,"date":"2025-10-16T16:12:47","date_gmt":"2025-10-16T08:12:47","guid":{"rendered":"https:\/\/yebodaglass.com\/?post_type=product&#038;p=22423"},"modified":"2026-04-10T18:34:30","modified_gmt":"2026-04-10T10:34:30","slug":"310oz-glass-milk-bottles-wholesale-twist-off-ct-finish-storage-bottles","status":"publish","type":"product","link":"https:\/\/yebodaglass.com\/de\/310oz-glass-milk-bottles-wholesale-twist-off-ct-finish-storage-bottles\/","title":{"rendered":"310-Unzen-Glasmilchflaschen im Gro\u00dfhandel | Aufbewahrungsflaschen mit Drehverschluss und CT-Verschluss"},"content":{"rendered":"<p>Unsere 310-ml-Milchflaschen aus Glas im Gro\u00dfhandel \u00fcberzeugen durch ihre ansprechende Form und hohe Stabilit\u00e4t. Sie bestehen aus reinem Glas und sind griffig. Die Flaschen machen im Regal eine gute Figur. Dank ihres transparenten Glases l\u00e4sst sich die Frische von Milch oder Saft jederzeit erkennen. Damit sind sie ideal f\u00fcr Unternehmen, die hochwertige Getr\u00e4nke anbieten m\u00f6chten.<\/p>\n<h2>Wichtigste Spezifikationen<\/h2>\n<table style=\"border-collapse: collapse; width: 80%; margin-left: auto; margin-right: auto;\" border=\"0\" width=\"288\" cellspacing=\"0\" cellpadding=\"0\">\n<tbody>\n<tr style=\"height: 13.50pt;\">\n<td style=\"height: 13.5pt; width: 54pt; text-align: center;\" width=\"72\" height=\"18\">Modell<\/td>\n<td style=\"width: 54pt; text-align: center;\" width=\"72\">Kapazit\u00e4t<\/td>\n<td style=\"width: 54pt; text-align: center;\" width=\"72\">Gr\u00f6\u00dfe<\/td>\n<td style=\"width: 54pt; text-align: center;\" width=\"72\">Halsart<\/td>\n<\/tr>\n<tr style=\"height: 13.50pt;\">\n<td style=\"height: 13.5pt; text-align: center;\" align=\"right\" height=\"18\">64031010<\/td>\n<td class=\"et2\" style=\"text-align: center;\" rowspan=\"2\">310 ml<\/td>\n<td style=\"text-align: center;\">6,1 \u00d7 6,1 \u00d7 15,2 mm<\/td>\n<td style=\"text-align: center;\">Drehverschluss<\/td>\n<\/tr>\n<tr style=\"height: 13.50pt;\">\n<td style=\"height: 13.5pt; text-align: center;\" align=\"right\" height=\"18\">64031011<\/td>\n<td style=\"text-align: center;\">6,1 \u00d7 6,1 \u00d7 15,4 mm<\/td>\n<td style=\"text-align: center;\">Endlosgewinde<\/td>\n<\/tr>\n<\/tbody>\n<\/table>\n<h2>Diese Flaschen sind vielseitig einsetzbar. Wir haben zwei verschiedene Verschlussarten daf\u00fcr:<\/h2>\n<ol>\n<li><strong>Der Drehverschluss<\/strong>Dieser Verschluss eignet sich hervorragend zum Bef\u00fcllen von Glasmilchflaschen. Er l\u00e4sst sich schnell verschlie\u00dfen, was besonders praktisch f\u00fcr Abf\u00fcllmaschinen ist. Diese Art von Verschluss wird h\u00e4ufig f\u00fcr Getr\u00e4nke verwendet, da er diese sicher und frisch h\u00e4lt.<\/li>\n<li><strong>Das Endlosgewinde<\/strong>Dieser Verschluss eignet sich gut, wenn man die Flasche mehrmals verwenden m\u00f6chte. Er ist mit verschiedenen Verschl\u00fcssen kompatibel und l\u00e4sst sich leicht \u00f6ffnen und schlie\u00dfen. Dieser Verschlusstyp wird h\u00e4ufig f\u00fcr Getr\u00e4nke verwendet und ist ideal f\u00fcr alle, die die Flasche zu Hause nutzen m\u00f6chten.<\/li>\n<\/ol>\n<h2>Fallstudie<\/h2>\n<p>Wir haben mit einem Hersteller von Bio-Sahne zusammengearbeitet, um deren Milchflaschen optisch aufzuwerten. Wir haben ein spezielles Verfahren angewendet, um das Logo auf die Flaschen zu bringen, und das Ergebnis ist sehr gelungen. Das Logo lautet:<\/p>\n<ol>\n<li>Sehr kratzfest. Die Flasche ist sp\u00fclmaschinenfest.<\/li>\n<li>Es f\u00fchlt sich angenehm an. Es sieht aus, als w\u00e4re es ein Teil der Flasche, nicht nur ein Aufkleber.<\/li>\n<li>Es kann mehrfach verwendet werden, was gut f\u00fcr Unternehmen ist, die Verpackungskosten sparen m\u00f6chten.<\/li>\n<\/ol>\n<p>Wir k\u00f6nnen solche Glasmilchflaschen auch im Gro\u00dfhandel f\u00fcr Ihr Unternehmen herstellen. Sie k\u00f6nnen die gew\u00fcnschte Verschlussart w\u00e4hlen. Wir k\u00f6nnen Ihr Logo mit unserem Verfahren auf die Flasche aufbringen.<\/p>","protected":false},"excerpt":{"rendered":"<p>High-quality 310ml glass milk storage bottles for wholesale. Available in Twist-off and Continuous Thread finishes. Custom decal branding for beverage brands.<\/p>","protected":false},"featured_media":22426,"template":"","meta":[],"product_brand":[],"product_cat":[131,123,122],"product_tag":[],"class_list":{"0":"post-22423","1":"product","2":"type-product","3":"status-publish","4":"has-post-thumbnail","6":"product_cat-glass-milk-bottles","7":"product_cat-custom-glass-bottles","8":"product_cat-custom-glass-packaging","10":"first","11":"instock","12":"shipping-taxable","13":"product-type-simple"},"jetpack_sharing_enabled":true,"_links":{"self":[{"href":"https:\/\/yebodaglass.com\/de\/wp-json\/wp\/v2\/product\/22423","targetHints":{"allow":["GET"]}}],"collection":[{"href":"https:\/\/yebodaglass.com\/de\/wp-json\/wp\/v2\/product"}],"about":[{"href":"https:\/\/yebodaglass.com\/de\/wp-json\/wp\/v2\/types\/product"}],"version-history":[{"count":5,"href":"https:\/\/yebodaglass.com\/de\/wp-json\/wp\/v2\/product\/22423\/revisions"}],"predecessor-version":[{"id":25751,"href":"https:\/\/yebodaglass.com\/de\/wp-json\/wp\/v2\/product\/22423\/revisions\/25751"}],"wp:featuredmedia":[{"embeddable":true,"href":"https:\/\/yebodaglass.com\/de\/wp-json\/wp\/v2\/media\/22426"}],"wp:attachment":[{"href":"https:\/\/yebodaglass.com\/de\/wp-json\/wp\/v2\/media?parent=22423"}],"wp:term":[{"taxonomy":"product_brand","embeddable":true,"href":"https:\/\/yebodaglass.com\/de\/wp-json\/wp\/v2\/product_brand?post=22423"},{"taxonomy":"product_cat","embeddable":true,"href":"https:\/\/yebodaglass.com\/de\/wp-json\/wp\/v2\/product_cat?post=22423"},{"taxonomy":"product_tag","embeddable":true,"href":"https:\/\/yebodaglass.com\/de\/wp-json\/wp\/v2\/product_tag?post=22423"}],"curies":[{"name":"wp","href":"https:\/\/api.w.org\/{rel}","templated":true}]}}