{"id":22414,"date":"2025-10-16T17:52:23","date_gmt":"2025-10-16T09:52:23","guid":{"rendered":"https:\/\/yebodaglass.com\/?post_type=product&#038;p=22414"},"modified":"2026-04-13T09:49:20","modified_gmt":"2026-04-13T01:49:20","slug":"glass-milk-bottle-with-crimp-neck-for-dairy-drinks-bulk","status":"publish","type":"product","link":"https:\/\/yebodaglass.com\/de\/glass-milk-bottle-with-crimp-neck-for-dairy-drinks-bulk\/","title":{"rendered":"200-1000 ml Glasmilchflasche mit B\u00f6rdelverschluss f\u00fcr Milchgetr\u00e4nke (Gro\u00dfpackung)"},"content":{"rendered":"<p>Die Milchflasche aus Glas besticht durch ihr klassisches Design und vermittelt ein klares, reines Erscheinungsbild, das sich ideal f\u00fcr Milchprodukte, S\u00e4fte und alle anderen Getr\u00e4nkebeh\u00e4lter eignet. Die Milchflaschen sind in verschiedenen Gr\u00f6\u00dfen erh\u00e4ltlich und verf\u00fcgen \u00fcber sichere Verschl\u00fcsse, die das Produkt im Handel sch\u00fctzen und es Kunden erm\u00f6glichen, die Flasche mit nach Hause zu nehmen und f\u00fcr individuelles Branding zu verwenden.<\/p>\n<h2>Produkteigenschaften<\/h2>\n<ul>\n<li><strong>Starke Crimp-Versiegelung: <\/strong>Durch den B\u00f6rdelverschluss wird der Lufteintritt verhindert \u2013 Ihre Glasmilchflasche h\u00e4lt die Milch l\u00e4nger frisch.<\/li>\n<li><strong>Kristallklar: <\/strong>Die hohe Transparenz des Glases zeigt deutlich die Frische der Milch \u2013 Ihre Glasmilchflasche schafft sofort Vertrauen in Ihre Marke.<\/li>\n<li><strong>Langlebig und wiederverwendbar: <\/strong>Die dicke Wand h\u00e4lt dem Aufprall von Einkaufswagen stand \u2013 Kunden k\u00f6nnen sie f\u00fcr Smoothies und mehr wiederverwenden.<\/li>\n<li><strong>Flexible Gr\u00f6\u00dfen: <\/strong>Erh\u00e4ltlich in Gr\u00f6\u00dfen von 200 ml bis 1000 ml, k\u00f6nnen Sie Ihren Bedarf an Pints, Quarts oder Gallonen decken.<\/li>\n<\/ul>\n<h2>Wichtigste Spezifikationen<\/h2>\n<table style=\"border-collapse: collapse; width: 80%; margin-left: auto; margin-right: auto;\" border=\"0\" width=\"288\" cellspacing=\"0\" cellpadding=\"0\">\n<tbody>\n<tr style=\"height: 13.50pt;\">\n<td style=\"height: 13.5pt; width: 54pt; text-align: center;\" width=\"72\" height=\"18\">Modell<\/td>\n<td style=\"width: 54pt; text-align: center;\" width=\"72\">Fassungsverm\u00f6gen (ml)<\/td>\n<td style=\"width: 54pt; text-align: center;\" width=\"72\">Gr\u00f6\u00dfe (cm)<\/td>\n<td style=\"width: 54pt; text-align: center;\" width=\"72\">Halsart<\/td>\n<\/tr>\n<tr style=\"height: 13.50pt;\">\n<td style=\"height: 13.5pt; text-align: center;\" align=\"right\" height=\"18\">64020006<\/td>\n<td style=\"text-align: center;\" align=\"right\">200<\/td>\n<td style=\"text-align: center;\">6.0&#215;12.0<\/td>\n<td class=\"et2\" style=\"text-align: center;\" rowspan=\"4\">Crimp Neck<\/td>\n<\/tr>\n<tr style=\"height: 13.50pt;\">\n<td style=\"height: 13.5pt; text-align: center;\" align=\"right\" height=\"18\">62025007<\/td>\n<td style=\"text-align: center;\" align=\"right\">250<\/td>\n<td style=\"text-align: center;\">5.9&#215;14.05<\/td>\n<\/tr>\n<tr style=\"height: 13.50pt;\">\n<td style=\"height: 13.5pt; text-align: center;\" align=\"right\" height=\"18\">62050008<\/td>\n<td style=\"text-align: center;\" align=\"right\">500<\/td>\n<td style=\"text-align: center;\">7.32&#215;20.8<\/td>\n<\/tr>\n<tr style=\"height: 13.50pt;\">\n<td style=\"height: 13.5pt; text-align: center;\" align=\"right\" height=\"18\">64100009<\/td>\n<td style=\"text-align: center;\" align=\"right\">1000<\/td>\n<td style=\"text-align: center;\">8.5&#215;25.7<\/td>\n<\/tr>\n<\/tbody>\n<\/table>\n<h2>Erfolgsbeispiel<\/h2>\n<p>Ein Bio-Bauernhof in Neuseeland hat sich mit uns zusammengetan, um die Verpackung seiner Premium-Bio-Milch zu optimieren. Die Milchflaschen aus Glas haben einen B\u00f6rdelverschluss, der ein reibungsloses Verschlie\u00dfen gew\u00e4hrleistet und die Abf\u00fcllanlage beschleunigt. Jede Flasche besteht aus dickem, hochtransparentem Glas, was ihr eine solide Haptik und eine kristallklare Oberfl\u00e4che verleiht, die den nat\u00fcrlich milden Geschmack der Milch sichtbar macht.<\/p>\n<p>Als perfekte Erg\u00e4nzung zum Design sind das Markenlogo und das Bauernhofemblem erhaben auf den Flaschenverschluss gedruckt, wodurch ein authentisches, handwerkliches Gef\u00fchl entsteht, das umweltbewusste Verbraucher anspricht.<\/p>\n<p>Die neue Verpackung kam bei den lokalen Verbrauchern innerhalb k\u00fcrzester Zeit sehr gut an, und die gesamte Menge war in nur 48 Stunden ausverkauft.<\/p>\n<h2>Ihr individuelles Anpassungshandbuch<\/h2>\n<ol>\n<li><strong>Deckeloptionen:<\/strong> W\u00e4hlen Sie je nach Markenstil einen Metall-Drehverschlussdeckel, einen Korkdeckel oder einen Bambusdeckel.<\/li>\n<li><strong>Farbmodifikation:<\/strong> Es sind vier verschiedene Farben erh\u00e4ltlich: klar, mattiert, bernsteinfarben und get\u00f6nt.<\/li>\n<li><strong>Markenbildung:<\/strong> Bringen Sie Ihr Markenlogo durch Siebdruck, Aufkleber oder Pr\u00e4gung an.<\/li>\n<\/ol>","protected":false},"excerpt":{"rendered":"<p>Robuste, transparente Glasflaschen, ideal f\u00fcr Milch, Saft und Kaffee. Perfekt f\u00fcr Caf\u00e9s, Molkereien und den privaten Gebrauch. Individuelle Logos und Deckel erh\u00e4ltlich.<\/p>","protected":false},"featured_media":22419,"template":"","meta":[],"product_brand":[],"product_cat":[123,122,131],"product_tag":[],"class_list":{"0":"post-22414","1":"product","2":"type-product","3":"status-publish","4":"has-post-thumbnail","6":"product_cat-custom-glass-bottles","7":"product_cat-custom-glass-packaging","8":"product_cat-glass-milk-bottles","10":"first","11":"instock","12":"shipping-taxable","13":"product-type-simple"},"jetpack_sharing_enabled":true,"_links":{"self":[{"href":"https:\/\/yebodaglass.com\/de\/wp-json\/wp\/v2\/product\/22414","targetHints":{"allow":["GET"]}}],"collection":[{"href":"https:\/\/yebodaglass.com\/de\/wp-json\/wp\/v2\/product"}],"about":[{"href":"https:\/\/yebodaglass.com\/de\/wp-json\/wp\/v2\/types\/product"}],"version-history":[{"count":5,"href":"https:\/\/yebodaglass.com\/de\/wp-json\/wp\/v2\/product\/22414\/revisions"}],"predecessor-version":[{"id":25756,"href":"https:\/\/yebodaglass.com\/de\/wp-json\/wp\/v2\/product\/22414\/revisions\/25756"}],"wp:featuredmedia":[{"embeddable":true,"href":"https:\/\/yebodaglass.com\/de\/wp-json\/wp\/v2\/media\/22419"}],"wp:attachment":[{"href":"https:\/\/yebodaglass.com\/de\/wp-json\/wp\/v2\/media?parent=22414"}],"wp:term":[{"taxonomy":"product_brand","embeddable":true,"href":"https:\/\/yebodaglass.com\/de\/wp-json\/wp\/v2\/product_brand?post=22414"},{"taxonomy":"product_cat","embeddable":true,"href":"https:\/\/yebodaglass.com\/de\/wp-json\/wp\/v2\/product_cat?post=22414"},{"taxonomy":"product_tag","embeddable":true,"href":"https:\/\/yebodaglass.com\/de\/wp-json\/wp\/v2\/product_tag?post=22414"}],"curies":[{"name":"wp","href":"https:\/\/api.w.org\/{rel}","templated":true}]}}