{"id":22391,"date":"2025-10-16T10:42:19","date_gmt":"2025-10-16T02:42:19","guid":{"rendered":"https:\/\/yebodaglass.com\/?post_type=product&#038;p=22391"},"modified":"2025-11-04T11:58:15","modified_gmt":"2025-11-04T03:58:15","slug":"glass-milk-bottles-for-milk-juice-smoothies","status":"publish","type":"product","link":"https:\/\/yebodaglass.com\/de\/glass-milk-bottles-for-milk-juice-smoothies\/","title":{"rendered":"Klare Glasflaschen (200-1000 ml) f\u00fcr Milch, Saft, Smoothies"},"content":{"rendered":"<p>Sind Sie es leid, dass Milchflaschen auslaufen oder Risse bekommen? Wir fertigen Milchglasflaschen mit dicken W\u00e4nden \u2013 Schluss mit durchweichten Kartons! Mit diesen Glasmilchflaschen wird die Aufbewahrung von Getr\u00e4nken zu einem besonderen Genuss. Bei Gro\u00dfbestellungen erhalten Sie individuell gestaltete Glasflaschen, die perfekt zu Ihrem Frischeversprechen passen.<\/p>\n<h2>Produkteigenschaften<\/h2>\n<p><strong>Dank des versiegelten Designs ist ein sauberes und einfaches Arbeiten problemlos m\u00f6glich.<\/strong><\/p>\n<p>Der Gewindehals dichtet effektiv gegen Luft ab und beseitigt so Geruchsbel\u00e4stigungen.<\/p>\n<p><strong>Dickes Glas f\u00fcr Zero Waste<\/strong><\/p>\n<p>Dank der dicken W\u00e4nde ist das Glas selbst vor St\u00f6\u00dfen durch Einkaufswagen gesch\u00fctzt. Kunden k\u00f6nnen es als Smoothie-Glas wiederverwenden und so die Kosten f\u00fcr Ersatzgl\u00e4ser sparen.<\/p>\n<p><strong>Verschiedene Gr\u00f6\u00dfen erh\u00e4ltlich<\/strong><\/p>\n<p>Wir bieten kleine Gr\u00f6\u00dfen von 200 ml bis 310 ml an, ideal f\u00fcr Einzelportionen Milch, und gro\u00dfe Gr\u00f6\u00dfen von 500 ml bis 1000 ml, ideal f\u00fcr Familien.<\/p>\n<p><strong>Ihre Marke ist mehr als nur eine Flasche.<\/strong><\/p>\n<p>F\u00fcgen Sie Ihr Logo auf Ihrer Glasmilchflasche hinzu, und die Kunden werden Sie im Regal sofort finden.<\/p>\n<h2>Wichtigste Spezifikationen<\/h2>\n<table style=\"border-collapse: collapse; width: 80%; margin-left: auto; margin-right: auto;\" border=\"0\" width=\"360\" cellspacing=\"0\" cellpadding=\"0\">\n<tbody>\n<tr style=\"height: 13.50pt;\">\n<td style=\"height: 13.5pt; width: 54pt; text-align: center;\" width=\"72\" height=\"18\">Modell<\/td>\n<td style=\"width: 54pt; text-align: center;\" width=\"72\">Fassungsverm\u00f6gen (ml)<\/td>\n<td style=\"width: 54pt; text-align: center;\" width=\"72\">Gr\u00f6\u00dfe (cm)<\/td>\n<td style=\"width: 54pt; text-align: center;\" width=\"72\">Farboptionen<\/td>\n<td style=\"width: 54pt; text-align: center;\" width=\"72\">Halsart<\/td>\n<\/tr>\n<tr style=\"height: 13.50pt;\">\n<td style=\"height: 13.5pt; text-align: center;\" align=\"right\" height=\"18\">64020001<\/td>\n<td style=\"text-align: center;\" align=\"right\">200<\/td>\n<td style=\"text-align: center;\">5.8&#215;12.0<\/td>\n<td class=\"et2\" style=\"text-align: center;\" rowspan=\"5\">L\u00f6schen (Benutzerdefiniert)<\/td>\n<td class=\"et2\" style=\"text-align: center;\" rowspan=\"5\">Gewinde<\/td>\n<\/tr>\n<tr style=\"height: 13.50pt;\">\n<td style=\"height: 13.5pt; text-align: center;\" align=\"right\" height=\"18\">64025002<\/td>\n<td style=\"text-align: center;\" align=\"right\">250<\/td>\n<td style=\"text-align: center;\">5.9&#215;13.7<\/td>\n<\/tr>\n<tr style=\"height: 13.50pt;\">\n<td style=\"height: 13.5pt; text-align: center;\" align=\"right\" height=\"18\">64031003<\/td>\n<td style=\"text-align: center;\" align=\"right\">310<\/td>\n<td style=\"text-align: center;\">6.4&#215;15.3<\/td>\n<\/tr>\n<tr style=\"height: 13.50pt;\">\n<td style=\"height: 13.5pt; text-align: center;\" align=\"right\" height=\"18\">64050004<\/td>\n<td style=\"text-align: center;\" align=\"right\">500<\/td>\n<td style=\"text-align: center;\">7.5&#215;20.85<\/td>\n<\/tr>\n<tr style=\"height: 13.50pt;\">\n<td style=\"height: 13.5pt; text-align: center;\" align=\"right\" height=\"18\">64100005<\/td>\n<td style=\"text-align: center;\" align=\"right\">1000<\/td>\n<td style=\"text-align: center;\">8.5&#215;26.0<\/td>\n<\/tr>\n<\/tbody>\n<\/table>\n<h2>Erfolgsbeispiel<\/h2>\n<p>Ein Biobauernhof beauftragte uns mit dem Rebranding seiner neuen Premium-Biomilchlinie. Er bestellte Milchflaschen aus extra dickem, hochaufl\u00f6sendem Kalk-Natron-Glas, um die nat\u00fcrliche Farbe der Milch optimal zur Geltung zu bringen. Jede Flasche ist mit dem Hoflogo und einem glatten Flaschenhals f\u00fcr einfaches Ausgie\u00dfen versehen. F\u00fcr ein stimmiges Gesamtbild w\u00e4hlte der Bauernhof optional einen silbernen Drehverschluss aus Metall und eine manipulationssichere Silikoneinlage, um die Frische zu bewahren und Auslaufen beim Transport zu verhindern.<\/p>\n<p>Die einzigartige Verpackung f\u00fchrte dazu, dass sich der Umsatz innerhalb von 30 Tagen nach der Markteinf\u00fchrung verdoppelte, was den landwirtschaftlichen Betrieb dazu veranlasste, unsere ma\u00dfgefertigten Glasmilchflaschen weiterhin f\u00fcr seine gesamte Bio-Produktlinie zu verwenden und auch in andere Kategorien von Milchgetr\u00e4nken einzusteigen.<\/p>\n<h2>Ihr individuelles Anpassungshandbuch<\/h2>\n<ol>\n<li><strong>Flaschendesign:<\/strong> F\u00fcr ein luxuri\u00f6seres Erscheinungsbild und eine edlere Haptik bieten sich entweder gepr\u00e4gte oder bemalte Designs an.<\/li>\n<li><strong>Kappe:<\/strong> Entscheiden Sie sich f\u00fcr das Material der Kappe Ihres Produkts, z. B. Kunststoff, Holz, Metall und vieles mehr, und auch die Farbe der Kappe kann individuell gestaltet werden.<\/li>\n<li><strong>Logodruck:<\/strong> Heben Sie Ihr Logo hervor, indem Sie es entweder auf den Verschluss oder die Flasche drucken lassen.<\/li>\n<\/ol>","protected":false},"excerpt":{"rendered":"<p>Robuste, transparente Glasmilchflaschen im klassischen Design, perfekt zum Servieren von Milch, Saft oder Smoothies. Ideal f\u00fcr Zuhause oder Caf\u00e9s.<\/p>","protected":false},"featured_media":22410,"template":"","meta":[],"product_brand":[],"product_cat":[123,122,131],"product_tag":[],"class_list":{"0":"post-22391","1":"product","2":"type-product","3":"status-publish","4":"has-post-thumbnail","6":"product_cat-custom-glass-bottles","7":"product_cat-custom-glass-packaging","8":"product_cat-glass-milk-bottles","10":"first","11":"instock","12":"shipping-taxable","13":"product-type-simple"},"jetpack_sharing_enabled":true,"_links":{"self":[{"href":"https:\/\/yebodaglass.com\/de\/wp-json\/wp\/v2\/product\/22391","targetHints":{"allow":["GET"]}}],"collection":[{"href":"https:\/\/yebodaglass.com\/de\/wp-json\/wp\/v2\/product"}],"about":[{"href":"https:\/\/yebodaglass.com\/de\/wp-json\/wp\/v2\/types\/product"}],"version-history":[{"count":3,"href":"https:\/\/yebodaglass.com\/de\/wp-json\/wp\/v2\/product\/22391\/revisions"}],"predecessor-version":[{"id":22441,"href":"https:\/\/yebodaglass.com\/de\/wp-json\/wp\/v2\/product\/22391\/revisions\/22441"}],"wp:featuredmedia":[{"embeddable":true,"href":"https:\/\/yebodaglass.com\/de\/wp-json\/wp\/v2\/media\/22410"}],"wp:attachment":[{"href":"https:\/\/yebodaglass.com\/de\/wp-json\/wp\/v2\/media?parent=22391"}],"wp:term":[{"taxonomy":"product_brand","embeddable":true,"href":"https:\/\/yebodaglass.com\/de\/wp-json\/wp\/v2\/product_brand?post=22391"},{"taxonomy":"product_cat","embeddable":true,"href":"https:\/\/yebodaglass.com\/de\/wp-json\/wp\/v2\/product_cat?post=22391"},{"taxonomy":"product_tag","embeddable":true,"href":"https:\/\/yebodaglass.com\/de\/wp-json\/wp\/v2\/product_tag?post=22391"}],"curies":[{"name":"wp","href":"https:\/\/api.w.org\/{rel}","templated":true}]}}