{"id":22336,"date":"2025-10-13T15:53:39","date_gmt":"2025-10-13T07:53:39","guid":{"rendered":"https:\/\/yebodaglass.com\/?post_type=product&#038;p=22336"},"modified":"2026-03-24T11:54:50","modified_gmt":"2026-03-24T03:54:50","slug":"bulk-clear-cooking-oil-bottle-for-kitchen-with-pouring-lid","status":"publish","type":"product","link":"https:\/\/yebodaglass.com\/de\/bulk-clear-cooking-oil-bottle-for-kitchen-with-pouring-lid\/","title":{"rendered":"200-ml-Gro\u00dfpackung durchsichtige Speise\u00f6lflasche f\u00fcr die K\u00fcche mit Ausgie\u00dfdeckel"},"content":{"rendered":"<p>Diese Speise\u00f6lflasche f\u00fcr die K\u00fcche besticht durch ihre markante Sanduhrform und die elegante, konische Form. Sie liegt gut in der Hand und erm\u00f6glicht ein einfaches Ausgie\u00dfen. Die Flasche ist aus kristallklarem Glas gefertigt und verf\u00fcgt \u00fcber einen Edelstahl-Ausgie\u00dfer, der sich per Knopfdruck \u00f6ffnen l\u00e4sst und automatisch schlie\u00dft, um Tropfen zu vermeiden.<\/p>\n<h2>Produkteigenschaften<\/h2>\n<ul>\n<li><strong>Jedes Mal tropffreies Ausgie\u00dfen:<\/strong> Der pr\u00e4zise Verschluss reguliert den Durchfluss, wodurch das Problem von verklebten Flaschen und \u00d6lverschwendung vollst\u00e4ndig beseitigt wird.<\/li>\n<li><strong>Transparentes Glasmaterial:<\/strong>Durch den Glask\u00f6rper ist die leere \u00d6l- oder Essigflasche schnell zu erkennen, sodass die Versorgung w\u00e4hrend des Kochens nicht unterbrochen wird.<\/li>\n<li><strong>Schlankes Design:<\/strong> Dank seiner schlanken Form l\u00e4sst es sich sehr leicht in der K\u00fcche platzieren und bietet Ihnen somit mehr Stauraum.<\/li>\n<\/ul>\n<h2>Wichtigste Spezifikationen<\/h2>\n<table style=\"border-collapse: collapse; margin-left: auto; margin-right: auto; width: 614.27pt;\" border=\"0\" width=\"819\" cellspacing=\"0\" cellpadding=\"0\">\n<tbody>\n<tr style=\"height: 13.50pt;\">\n<td style=\"height: 13.50pt; width: 99.75pt;\" width=\"133\" height=\"18\">Besonderheit<\/td>\n<td style=\"width: 514.50pt;\" width=\"686\">Spezifikation<\/td>\n<\/tr>\n<tr style=\"height: 13.50pt;\">\n<td style=\"height: 13.50pt;\" height=\"18\">Kapazit\u00e4t<\/td>\n<td>200 ml<\/td>\n<\/tr>\n<tr style=\"height: 13.50pt;\">\n<td style=\"height: 13.50pt;\" height=\"18\">Ma\u00dfe<\/td>\n<td>6,5 \u00d7 19,0 cm (Durchmesser \u00d7 H\u00f6he)<\/td>\n<\/tr>\n<tr style=\"height: 13.50pt;\">\n<td style=\"height: 13.50pt;\" height=\"18\">Form<\/td>\n<td>Konisches rundes Glas<\/td>\n<\/tr>\n<tr style=\"height: 13.50pt;\">\n<td style=\"height: 13.50pt;\" height=\"18\">Deckeloptionen<\/td>\n<td>Schwarzer\/silberner Klappausgie\u00dfer, fester Verschluss<\/td>\n<\/tr>\n<tr style=\"height: 13.50pt;\">\n<td style=\"height: 13.50pt;\" height=\"18\">Am besten f\u00fcr<\/td>\n<td>Oliven\u00f6l, Essig, Speise\u00f6le, Marinaden<\/td>\n<\/tr>\n<tr style=\"height: 13.50pt;\">\n<td style=\"height: 13.50pt;\" height=\"18\">Ideale Verwendung<\/td>\n<td>Speise\u00f6lflasche f\u00fcr die K\u00fcche, \u00d6l- und Essigflaschen, Glasverpackungen im Gro\u00dfhandel<\/td>\n<\/tr>\n<\/tbody>\n<\/table>\n<h2>Erfolgsgeschichte<\/h2>\n<p>Einer der f\u00fchrenden europ\u00e4ischen Feinkosth\u00e4ndler entschied sich f\u00fcr unsere \u00d6lflasche mit Dosierfunktion und lie\u00df eine Flasche mit sandgestrahlter Oberfl\u00e4che und kupferbeschichtetem Ausgie\u00dfer anfertigen. Diese traditionelle \u00d6lflasche wurde zum Markenzeichen des Unternehmens. Dank ihres eleganten Designs und der Tropffestigkeit konnte das Unternehmen sein aromatisiertes \u00d6l 40 Prozent teurer verkaufen als das Original, und der verbesserte Verschluss reduzierte Versch\u00fcttungen und Verschwendung im Gesch\u00e4ft um 25 Prozent. Aufgrund dieses Erfolgs bestellte das Unternehmen weitere 650.000 Flaschen seines neuen, in kleinen Chargen hergestellten Essigs sowie Geschenksets f\u00fcr die Feiertage.<\/p>\n<h2>Ideen zur individuellen Gestaltung von \u00d6lflaschen f\u00fcr \u00d6lspender<\/h2>\n<ul>\n<li><strong>Siebdruck:<\/strong> Sie k\u00f6nnen Ihr Logo oder Design direkt auf die Glasflasche drucken lassen, um Ihre Marke leicht erkennbar zu machen und eine dauerhafte Markenpr\u00e4senz zu gew\u00e4hrleisten.<\/li>\n<li><strong>Farbt\u00f6nung:<\/strong> Entscheiden Sie sich f\u00fcr eine einfache Verpackung aus bernsteinfarbenem oder gr\u00fcnem Glas, da diese heutzutage sehr beliebt ist und nicht nur vor UV-Strahlen sch\u00fctzt, sondern das Produkt auch optisch ansprechender macht.<\/li>\n<li><strong>Deckelfarbe:<\/strong> Die Farbe des Schraubverschlusses kann ganz nach Ihren W\u00fcnschen gew\u00e4hlt werden, ob schwarz, gold oder silber \u2013 das liegt ganz bei Ihnen und den \u00fcbrigen Farben Ihrer Markenpalette.<\/li>\n<li><strong>W\u00e4rme\u00fcbertragungsetikettierung:<\/strong> Lassen Sie Ihre farbigen, hochaufl\u00f6senden Bilder in eine der haltbarsten und feuchtigkeitsbest\u00e4ndigsten Etikettenarten f\u00fcr die K\u00fcche integrieren: W\u00e4rme\u00fcbertragungsetiketten.<\/li>\n<\/ul>","protected":false},"excerpt":{"rendered":"<p>Klare Glasflasche f\u00fcr Speise\u00f6l, ideal f\u00fcr die K\u00fcche. Elegantes, l\u00e4ngliches Design mit schwarz-silbernem Ausgie\u00dfer. Perfekt f\u00fcr K\u00fcchenbranding, Restaurants oder Gro\u00dfbestellungen.<\/p>","protected":false},"featured_media":22341,"template":"","meta":[],"product_brand":[],"product_cat":[126,123,122],"product_tag":[],"class_list":{"0":"post-22336","1":"product","2":"type-product","3":"status-publish","4":"has-post-thumbnail","6":"product_cat-olive-oil-bottles","7":"product_cat-custom-glass-bottles","8":"product_cat-custom-glass-packaging","10":"first","11":"instock","12":"shipping-taxable","13":"product-type-simple"},"jetpack_sharing_enabled":true,"_links":{"self":[{"href":"https:\/\/yebodaglass.com\/de\/wp-json\/wp\/v2\/product\/22336","targetHints":{"allow":["GET"]}}],"collection":[{"href":"https:\/\/yebodaglass.com\/de\/wp-json\/wp\/v2\/product"}],"about":[{"href":"https:\/\/yebodaglass.com\/de\/wp-json\/wp\/v2\/types\/product"}],"version-history":[{"count":5,"href":"https:\/\/yebodaglass.com\/de\/wp-json\/wp\/v2\/product\/22336\/revisions"}],"predecessor-version":[{"id":25580,"href":"https:\/\/yebodaglass.com\/de\/wp-json\/wp\/v2\/product\/22336\/revisions\/25580"}],"wp:featuredmedia":[{"embeddable":true,"href":"https:\/\/yebodaglass.com\/de\/wp-json\/wp\/v2\/media\/22341"}],"wp:attachment":[{"href":"https:\/\/yebodaglass.com\/de\/wp-json\/wp\/v2\/media?parent=22336"}],"wp:term":[{"taxonomy":"product_brand","embeddable":true,"href":"https:\/\/yebodaglass.com\/de\/wp-json\/wp\/v2\/product_brand?post=22336"},{"taxonomy":"product_cat","embeddable":true,"href":"https:\/\/yebodaglass.com\/de\/wp-json\/wp\/v2\/product_cat?post=22336"},{"taxonomy":"product_tag","embeddable":true,"href":"https:\/\/yebodaglass.com\/de\/wp-json\/wp\/v2\/product_tag?post=22336"}],"curies":[{"name":"wp","href":"https:\/\/api.w.org\/{rel}","templated":true}]}}