{"id":22277,"date":"2025-10-11T16:41:58","date_gmt":"2025-10-11T08:41:58","guid":{"rendered":"https:\/\/yebodaglass.com\/?post_type=product&#038;p=22277"},"modified":"2025-10-11T17:35:40","modified_gmt":"2025-10-11T09:35:40","slug":"wholesale-glass-olive-oil-spray-bottle-with-metal-press-pump","status":"publish","type":"product","link":"https:\/\/yebodaglass.com\/de\/wholesale-glass-olive-oil-spray-bottle-with-metal-press-pump\/","title":{"rendered":"Gro\u00dfhandel 100ml Glas-Oliven\u00f6l-Spr\u00fchflasche mit Metall-Presspumpe"},"content":{"rendered":"<p>Diese 100-ml-Oliven\u00f6l-Spr\u00fchflasche aus Glas besticht durch ihr elegantes, zylindrisches Design mit einem transparenten Glask\u00f6rper und einem silberfarbenen Metall-Spr\u00fchmechanismus. Sie vereint moderne \u00c4sthetik und praktische Funktionalit\u00e4t in der K\u00fcche.<\/p>\n<h2>Produkteigenschaften<\/h2>\n<ul>\n<li><strong>Schlankes zylindrisches Design:<\/strong> Der schlanke, zylindrische Korpus ist nicht nur griffig, sondern auch ideal, um Platz in der K\u00fcche zu sparen, da er \u00fcberall verstaut werden kann.<\/li>\n<li><strong>Metallischer Spr\u00fchmechanismus:<\/strong> Der obere Spr\u00fchmechanismus aus silberfarbenem Metall tr\u00e4gt nicht nur zur \u00c4sthetik bei, sondern ist auch der Hauptgrund f\u00fcr eine gleichm\u00e4\u00dfige Spr\u00fchverteilung.<\/li>\n<li><strong>Materia\u0142 szklany przezroczysty:<\/strong> Durch das klare Glas kann man den restlichen \u00d6linhalt in der Flasche vollst\u00e4ndig sehen.<\/li>\n<\/ul>\n<h2>Wichtigste Spezifikationen<\/h2>\n<table style=\"border-collapse: collapse; margin-left: auto; margin-right: auto; width: 510.77pt;\" border=\"0\" width=\"681\" cellspacing=\"0\" cellpadding=\"0\">\n<tbody>\n<tr style=\"height: 13.50pt;\">\n<td style=\"height: 13.50pt; width: 99.75pt;\" width=\"133\" height=\"18\">Besonderheit<\/td>\n<td style=\"width: 411.00pt;\" width=\"548\">Spezifikation<\/td>\n<\/tr>\n<tr style=\"height: 13.50pt;\">\n<td style=\"height: 13.50pt;\" height=\"18\">Kapazit\u00e4t<\/td>\n<td>100 ml<\/td>\n<\/tr>\n<tr style=\"height: 13.50pt;\">\n<td style=\"height: 13.50pt;\" height=\"18\">Ma\u00dfe<\/td>\n<td>4,0 \u00d7 18,5 cm (Durchmesser \u00d7 H\u00f6he)<\/td>\n<\/tr>\n<tr style=\"height: 13.50pt;\">\n<td style=\"height: 13.50pt;\" height=\"18\">Material<\/td>\n<td>Geh\u00e4use aus Klarglas, Pumpe aus Edelstahl<\/td>\n<\/tr>\n<tr style=\"height: 13.50pt;\">\n<td style=\"height: 13.50pt;\" height=\"18\">Form<\/td>\n<td>Gerader Zylinder<\/td>\n<\/tr>\n<tr style=\"height: 13.50pt;\">\n<td style=\"height: 13.50pt;\" height=\"18\">Deckeloptionen<\/td>\n<td>Feinnebel-Spr\u00fchflasche f\u00fcr Oliven\u00f6l, fester Verschluss<\/td>\n<\/tr>\n<tr style=\"height: 13.50pt;\">\n<td style=\"height: 13.50pt;\" height=\"18\">Am besten f\u00fcr<\/td>\n<td>\u00d6l, Essig, Kochsprays<\/td>\n<\/tr>\n<tr style=\"height: 13.50pt;\">\n<td style=\"height: 13.50pt;\" height=\"18\">Ideale Verwendung<\/td>\n<td>Oliven\u00f6l-Spr\u00fchflasche, \u00d6l- und Essigflaschen, K\u00fcchenaufbewahrung<\/td>\n<\/tr>\n<\/tbody>\n<\/table>\n<h2>Erfolgsgeschichte: Effizienzsteigerung und Markenverbesserung<\/h2>\n<p>Eine regionale Oliven\u00f6l-Kette l\u00f6ste zwei Probleme auf einfache und effiziente Weise: das \u00dcbergie\u00dfen und Zerbrechen von Plastik-Spr\u00fchflaschen. Die verbesserte Spr\u00fchd\u00fcse reduziert den \u00d6lverbrauch drastisch um 30 %, wodurch der Abfall deutlich minimiert wird. Gleichzeitig verhindert die Spr\u00fchflasche das Zerbrechen. Diese Umstellung beschleunigt nicht nur die K\u00fcchenarbeit, sondern das ansprechende Design hat auch bei den Kunden gro\u00dfen Anklang gefunden. Sie best\u00e4tigen, dass die Marke ein Premium-Image vermittelt. Die Kette bestellt die Glas-Spr\u00fchflaschen mittlerweile viermal j\u00e4hrlich und empfiehlt sie sogar ihrem Oliven\u00f6llieferanten. Diese kleine Ver\u00e4nderung hat sich enorm positiv auf ihren Gewinn ausgewirkt!<\/p>\n<h2>Anpassungsvorschl\u00e4ge<\/h2>\n<ul>\n<li>Ge\u00e4tzte Markenlogos: Gestalten Sie ein dezentes, ge\u00e4tztes Markenlogo oder -design auf dem Klarglas \u2013 ideal f\u00fcr Gro\u00dfhandelskunden, die ihre Marke auf K\u00fcchenger\u00e4ten besser sichtbar machen m\u00f6chten.<\/li>\n<li>Matte Glasoberfl\u00e4che: Das Glas ist mit einer matten Oberfl\u00e4che versehen, sodass es weniger anf\u00e4llig f\u00fcr Fingerabdr\u00fccke ist und die Flasche auch bei h\u00e4ufigem Gebrauch in einer gesch\u00e4ftigen K\u00fcche sauber bleibt.<\/li>\n<li>Ge\u00e4tzte Messmarkierungen: Bringen Sie einige kleine ge\u00e4tzte Linien, z. B. 50 ml, 100 ml, auf dem Glas an, um den Benutzern zu zeigen, dass sie den \u00d6lverbrauch und den Nachf\u00fcllvorgang verfolgen k\u00f6nnen.<\/li>\n<\/ul>","protected":false},"excerpt":{"rendered":"<p>Transparente Oliven\u00f6l-Spr\u00fchflasche aus Glas mit silberner Pumpe. Modernes Design, schnelle Lieferung, kostenlose Muster und individuelle Anpassungsm\u00f6glichkeiten.<\/p>","protected":false},"featured_media":22279,"template":"","meta":[],"product_brand":[],"product_cat":[122,123,126],"product_tag":[],"class_list":{"0":"post-22277","1":"product","2":"type-product","3":"status-publish","4":"has-post-thumbnail","6":"product_cat-custom-glass-packaging","7":"product_cat-custom-glass-bottles","8":"product_cat-olive-oil-bottles","10":"first","11":"instock","12":"shipping-taxable","13":"product-type-simple"},"jetpack_sharing_enabled":true,"_links":{"self":[{"href":"https:\/\/yebodaglass.com\/de\/wp-json\/wp\/v2\/product\/22277","targetHints":{"allow":["GET"]}}],"collection":[{"href":"https:\/\/yebodaglass.com\/de\/wp-json\/wp\/v2\/product"}],"about":[{"href":"https:\/\/yebodaglass.com\/de\/wp-json\/wp\/v2\/types\/product"}],"version-history":[{"count":4,"href":"https:\/\/yebodaglass.com\/de\/wp-json\/wp\/v2\/product\/22277\/revisions"}],"predecessor-version":[{"id":22286,"href":"https:\/\/yebodaglass.com\/de\/wp-json\/wp\/v2\/product\/22277\/revisions\/22286"}],"wp:featuredmedia":[{"embeddable":true,"href":"https:\/\/yebodaglass.com\/de\/wp-json\/wp\/v2\/media\/22279"}],"wp:attachment":[{"href":"https:\/\/yebodaglass.com\/de\/wp-json\/wp\/v2\/media?parent=22277"}],"wp:term":[{"taxonomy":"product_brand","embeddable":true,"href":"https:\/\/yebodaglass.com\/de\/wp-json\/wp\/v2\/product_brand?post=22277"},{"taxonomy":"product_cat","embeddable":true,"href":"https:\/\/yebodaglass.com\/de\/wp-json\/wp\/v2\/product_cat?post=22277"},{"taxonomy":"product_tag","embeddable":true,"href":"https:\/\/yebodaglass.com\/de\/wp-json\/wp\/v2\/product_tag?post=22277"}],"curies":[{"name":"wp","href":"https:\/\/api.w.org\/{rel}","templated":true}]}}