{"id":22238,"date":"2025-10-11T13:14:08","date_gmt":"2025-10-11T05:14:08","guid":{"rendered":"https:\/\/yebodaglass.com\/?post_type=product&#038;p=22238"},"modified":"2026-03-26T14:45:20","modified_gmt":"2026-03-26T06:45:20","slug":"rectangular-amber-glass-olive-oil-bottles-for-cooking-bulk","status":"publish","type":"product","link":"https:\/\/yebodaglass.com\/de\/produkt\/rectangular-amber-glass-olive-oil-bottles-for-cooking-bulk\/","title":{"rendered":"Rechteckige, bernsteinfarbene Oliven\u00f6lflaschen aus Glas (250 ml, 500 ml, 750 ml) f\u00fcr die K\u00fcche \u2013 Gro\u00dfpackungen"},"content":{"rendered":"<p>Es handelt sich um schlanke, rechteckige Oliven\u00f6lflaschen aus Braunglas, die das hochwertige Oliven\u00f6l optimal vor Lichteinwirkung sch\u00fctzen. Sie sind in verschiedenen Gr\u00f6\u00dfen erh\u00e4ltlich und verf\u00fcgen \u00fcber einen sicheren, zuverl\u00e4ssigen schwarzen Schraubverschluss.<\/p>\n<h2>Produkteigenschaften<\/h2>\n<ul>\n<li><strong>Lichtundurchl\u00e4ssige Flasche in Bernsteinoptik:<\/strong> Braunglas ist extrem transparent und filtert UV-Strahlen effektiv heraus, was die Haltbarkeit des \u00d6ls verl\u00e4ngert.<\/li>\n<li><strong>Abgerundete quadratische Flaschenform:<\/strong> Die abgerundete quadratische Form der Flaschen liegt gut in der Hand; sie sind nicht rutschig und lassen sich dadurch leicht stapeln.<\/li>\n<li><strong>Schwarzer Verschlussschraubverschluss:<\/strong> Der schwarze Schraubverschluss bietet eine sehr gute Abdichtung und verhindert so \u00d6laustritt und Verdunstung.<\/li>\n<\/ul>\n<h2>Wichtigste Spezifikationen<\/h2>\n<table style=\"border-collapse: collapse; margin-left: auto; margin-right: auto; width: 642.77pt;\" border=\"0\" width=\"857\" cellspacing=\"0\" cellpadding=\"0\">\n<tbody>\n<tr style=\"height: 13.50pt;\">\n<td style=\"height: 13.50pt; width: 99.75pt;\" width=\"133\" height=\"18\">Besonderheit<\/td>\n<td style=\"width: 543.00pt;\" width=\"724\">Spezifikation<\/td>\n<\/tr>\n<tr style=\"height: 13.50pt;\">\n<td style=\"height: 13.50pt;\" height=\"18\">Ma\u00dfe<\/td>\n<td>4,7 \u00d7 4,7 \u00d7 21 cm (250 ml), 5,8 \u00d7 5,8 \u00d7 26,4 cm (500 ml), 6,5 \u00d7 6,5 \u00d7 30,2 cm (750 ml)<\/td>\n<\/tr>\n<tr style=\"height: 13.50pt;\">\n<td style=\"height: 13.50pt;\" height=\"18\">Halsumfang<\/td>\n<td>19 mm * 30 mm Schraubengewinde<\/td>\n<\/tr>\n<tr style=\"height: 13.50pt;\">\n<td style=\"height: 13.50pt;\" height=\"18\">Material<\/td>\n<td>UV-Schutzglas<\/td>\n<\/tr>\n<tr style=\"height: 13.50pt;\">\n<td style=\"height: 13.50pt;\" height=\"18\">Form<\/td>\n<td>Rechteckig (quadratisches Glas)<\/td>\n<\/tr>\n<tr style=\"height: 13.50pt;\">\n<td style=\"height: 13.50pt;\" height=\"18\">Am besten f\u00fcr<\/td>\n<td>Oliven\u00f6l, Essig, Speise\u00f6le, Marinaden<\/td>\n<\/tr>\n<tr style=\"height: 13.50pt;\">\n<td style=\"height: 13.50pt;\" height=\"18\">Ideale Verwendung<\/td>\n<td>\u00d6lflaschen zum Kochen, \u00d6l- und Essigflaschen, Abf\u00fcllung im Gro\u00dfhandel, K\u00fcchenaufbewahrung<\/td>\n<\/tr>\n<\/tbody>\n<\/table>\n<h2>Erfolgsbeispiel: Eine Luxusmarke eines italienischen Oliven\u00f6limporteurs<\/h2>\n<p>Unsere 500-ml-Oliven\u00f6lflaschen aus Braunglas wurden von einem italienischen Oliven\u00f6limporteur an der US-Westk\u00fcste ausgew\u00e4hlt. Das Design der Etiketten im Vintage-Siebdruckverfahren und die tropfsichere Innenbeschichtung wurden individuell angepasst. Der UV-Schutz war unerl\u00e4sslich, da er die optimale Haltbarkeit des Oliven\u00f6ls um sechs Monate verl\u00e4ngerte und den Absatz um 65 Prozent steigerte. Der Importeur war so zufrieden, dass er weitere 500.000 Flaschen seiner neuen Oliven\u00f6llinie mit Tr\u00fcffel- und Chiligeschmack bestellte.<\/p>\n<h2>Anpassungsempfehlungen<\/h2>\n<ul>\n<li><strong>Logogravur:<\/strong> Die eleganteste Art, Ihrer Marke mehr Ausdruck zu verleihen, ist die Gravur Ihres Markenlogos auf dem quadratischen Glas. Dies ist ideal f\u00fcr Gro\u00dfhandelskunden, die ihre Markenbekanntheit steigern m\u00f6chten.<\/li>\n<li><strong>Farbige Glast\u00f6nungen:<\/strong> Wenn Sie ungew\u00f6hnliche, bernsteinfarbene \u00d6lflaschen zum Kochen haben m\u00f6chten, dann ist es ratsam, die aktuelle gr\u00fcne Farbe in einen dunkleren oder helleren Gr\u00fcnton zu \u00e4ndern, der zu Ihren Markenfarben passt.<\/li>\n<li><strong>Abschlussnoten:<\/strong> Um es den Benutzern zu erleichtern, die genaue Fl\u00fcssigkeitsmenge einzuf\u00fcllen, kann man beispielsweise die Volumenmarkierungen auf das Glas mit dem Speise\u00f6l gravieren, was es ideal f\u00fcr die K\u00fcche machen w\u00fcrde.<\/li>\n<li><strong>Mattes Finish:<\/strong> Die Glasoberfl\u00e4che ist mattiert und resistent gegen Fingerabdr\u00fccke, wodurch die Flasche ihren weichen und eleganten Charakter beh\u00e4lt \u2013 diese Eigenschaft ist vor allem f\u00fcr den gehobenen Oliven\u00f6lmarkt relevant.<\/li>\n<\/ul>","protected":false},"excerpt":{"rendered":"<p>Hochwertige, rechteckige Oliven\u00f6lflaschen aus bernsteinfarbenem Glas mit schwarzen Verschl\u00fcssen. Langlebige und stilvolle \u00d6lflaschen zum Kochen. Direkt vom Hersteller, schnelle Lieferung.<\/p>","protected":false},"featured_media":25637,"template":"","meta":[],"product_brand":[],"product_cat":[126,123,122],"product_tag":[],"class_list":{"0":"post-22238","1":"product","2":"type-product","3":"status-publish","4":"has-post-thumbnail","6":"product_cat-olive-oil-bottles","7":"product_cat-custom-glass-bottles","8":"product_cat-custom-glass-packaging","10":"first","11":"instock","12":"shipping-taxable","13":"product-type-simple"},"jetpack_sharing_enabled":true,"_links":{"self":[{"href":"https:\/\/yebodaglass.com\/de\/wp-json\/wp\/v2\/product\/22238","targetHints":{"allow":["GET"]}}],"collection":[{"href":"https:\/\/yebodaglass.com\/de\/wp-json\/wp\/v2\/product"}],"about":[{"href":"https:\/\/yebodaglass.com\/de\/wp-json\/wp\/v2\/types\/product"}],"version-history":[{"count":5,"href":"https:\/\/yebodaglass.com\/de\/wp-json\/wp\/v2\/product\/22238\/revisions"}],"predecessor-version":[{"id":25573,"href":"https:\/\/yebodaglass.com\/de\/wp-json\/wp\/v2\/product\/22238\/revisions\/25573"}],"wp:featuredmedia":[{"embeddable":true,"href":"https:\/\/yebodaglass.com\/de\/wp-json\/wp\/v2\/media\/25637"}],"wp:attachment":[{"href":"https:\/\/yebodaglass.com\/de\/wp-json\/wp\/v2\/media?parent=22238"}],"wp:term":[{"taxonomy":"product_brand","embeddable":true,"href":"https:\/\/yebodaglass.com\/de\/wp-json\/wp\/v2\/product_brand?post=22238"},{"taxonomy":"product_cat","embeddable":true,"href":"https:\/\/yebodaglass.com\/de\/wp-json\/wp\/v2\/product_cat?post=22238"},{"taxonomy":"product_tag","embeddable":true,"href":"https:\/\/yebodaglass.com\/de\/wp-json\/wp\/v2\/product_tag?post=22238"}],"curies":[{"name":"wp","href":"https:\/\/api.w.org\/{rel}","templated":true}]}}