{"id":22236,"date":"2025-10-11T17:47:19","date_gmt":"2025-10-11T09:47:19","guid":{"rendered":"https:\/\/yebodaglass.com\/?post_type=product&#038;p=22236"},"modified":"2026-03-19T15:32:24","modified_gmt":"2026-03-19T07:32:24","slug":"cylindrical-clear-small-glass-mason-jars-bulk","status":"publish","type":"product","link":"https:\/\/yebodaglass.com\/de\/produkt\/cylindrical-clear-small-glass-mason-jars-bulk\/","title":{"rendered":"100 ml \u2013 480 ml Zylindrische, klare kleine Einmachgl\u00e4ser aus Glas (Gro\u00dfpackung)"},"content":{"rendered":"<p>Es handelt sich um kleine, glatte Einmachgl\u00e4ser aus Klarglas mit geraden W\u00e4nden. Dank der weiten \u00d6ffnung und des gleichm\u00e4\u00dfigen Gewindes lassen sie sich leicht bef\u00fcllen und verschlie\u00dfen. Die Gl\u00e4ser sind mit silbernen, goldenen oder schwarzen Schraubverschl\u00fcssen aus Metall kompatibel.<\/p>\n<h2>Produkteigenschaften<\/h2>\n<ul>\n<li><strong>Weitm\u00fcndiges Gewindedesign:<\/strong> Dank der weiten \u00d6ffnung l\u00e4sst es sich leicht bef\u00fcllen, ausl\u00f6ffeln und reinigen und kann mit Werkzeugen wie Honigl\u00f6ffeln verwendet werden.<\/li>\n<li><strong>Mehrfarbige Metallkappen:<\/strong> Die verschiedenen Produkte lassen sich dank der unterschiedlichen Ausf\u00fchrungen der Metallkappen (Silber, Gold, Schwarz) leicht unterscheiden, was einen hochwertigen Eindruck vermittelt.<\/li>\n<li><strong>Kristallklares Displayglas:<\/strong> Das Glas ist so transparent, dass man den Inhalt, wie zum Beispiel goldenen Honig und farbenfrohe Gew\u00fcrze, sehen und von ihrer Sch\u00f6nheit begeistert sein kann.<\/li>\n<\/ul>\n<h2><strong data-spm-anchor-id=\"5176.28103460.0.i18.29ab2e31DydezZ\">Wichtigste Spezifikationen <\/strong><\/h2>\n<table style=\"border-collapse: collapse; width: 80%; margin-left: auto; margin-right: auto;\" border=\"0\" width=\"288\" cellspacing=\"0\" cellpadding=\"0\">\n<tbody>\n<tr style=\"height: 13.50pt;\">\n<td style=\"height: 13.5pt; width: 54pt; text-align: center;\" width=\"72\" height=\"18\">Modell<\/td>\n<td style=\"width: 54pt; text-align: center;\" width=\"72\">Fassungsverm\u00f6gen (ml)<\/td>\n<td style=\"width: 54pt; text-align: center;\" width=\"72\">Gr\u00f6\u00dfe (cm)<\/td>\n<td style=\"width: 54pt; text-align: center;\" width=\"72\">Farboptionen<\/td>\n<\/tr>\n<tr style=\"height: 13.50pt;\">\n<td style=\"height: 13.5pt; text-align: center;\" align=\"right\" height=\"18\">63010050<\/td>\n<td style=\"text-align: center;\" align=\"right\">100<\/td>\n<td style=\"text-align: center;\">7.4&#215;4.2<\/td>\n<td class=\"et2\" style=\"text-align: center;\" rowspan=\"4\">L\u00f6schen (Benutzerdefiniert)<\/td>\n<\/tr>\n<tr style=\"height: 13.50pt;\">\n<td style=\"height: 13.5pt; text-align: center;\" align=\"right\" height=\"18\">63028051<\/td>\n<td style=\"text-align: center;\" align=\"right\">280<\/td>\n<td style=\"text-align: center;\">7.4&#215;9.5<\/td>\n<\/tr>\n<tr style=\"height: 13.50pt;\">\n<td style=\"height: 13.5pt; text-align: center;\" align=\"right\" height=\"18\">63035052<\/td>\n<td style=\"text-align: center;\" align=\"right\">350<\/td>\n<td style=\"text-align: center;\">7.4&#215;12.0<\/td>\n<\/tr>\n<tr style=\"height: 13.50pt;\">\n<td style=\"height: 13.5pt; text-align: center;\" align=\"right\" height=\"18\">63048053<\/td>\n<td style=\"text-align: center;\" align=\"right\">480<\/td>\n<td style=\"text-align: center;\">7.4&#215;15.0<\/td>\n<\/tr>\n<\/tbody>\n<\/table>\n<h2>Erfolgsgeschichte: Erweiterung einer Geschenklinie auf einer Bienenfarm in Vermont<\/h2>\n<p>Unser kleines Honigglas wurde von einem familiengef\u00fchrten Imkerbetrieb in Vermont ausgew\u00e4hlt und der bernsteinfarbene Glask\u00f6rper individuell gestaltet. Diese ma\u00dfgefertigten Gl\u00e4ser waren ein Riesenerfolg: Das bernsteinfarbene Glas bot genau den richtigen UV-Schutz, um die Qualit\u00e4tswahrnehmung der Verbraucher um 30 Prozent zu steigern, und das Glas selbst war kristallklar. Der Absatz der hochwertigen Geschenkartikel stieg um die H\u00e4lfte. Dieser Erfolg veranlasste den Imker, weitere 550.000 Gl\u00e4ser zu bestellen, um seinen Honig der Saison f\u00fcr den Verkauf an Boutiquen in Neuengland abzuf\u00fcllen.<\/p>\n<h2>Personalisierung kleiner Einmachgl\u00e4ser<\/h2>\n<ul>\n<li>Glasfarben: Sie sind in schlichten Glasbeh\u00e4ltern (traditionell klar), bernsteinfarbenen Glasbeh\u00e4ltern und blauen Glasbeh\u00e4ltern (geeignet f\u00fcr lichtempfindliche Produkte) erh\u00e4ltlich.<\/li>\n<li>Erweiterungen f\u00fcr das Deckelmaterial: Der Deckel kann in Kupfer, Ros\u00e9gold oder matt sein.<\/li>\n<li>Gr\u00f6\u00dfenanpassung: Die Gl\u00e4ser k\u00f6nnen in drei bis vier verschiedenen Gr\u00f6\u00dfen individuell angepasst werden und eignen sich daher als komplette Geschenksets oder Aufbewahrungssets.<\/li>\n<\/ul>","protected":false},"excerpt":{"rendered":"<p>Kleine, durchsichtige Einmachgl\u00e4ser mit breiter \u00d6ffnung zum einfachen Bef\u00fcllen. Ideal f\u00fcr die Aufbewahrung in der K\u00fcche und als Verkaufsverpackung. Direkt vom Hersteller.<\/p>","protected":false},"featured_media":25525,"template":"","meta":[],"product_brand":[],"product_cat":[122,124,125],"product_tag":[],"class_list":{"0":"post-22236","1":"product","2":"type-product","3":"status-publish","4":"has-post-thumbnail","6":"product_cat-custom-glass-packaging","7":"product_cat-custom-glass-jars","8":"product_cat-mason-glass-jars","10":"first","11":"instock","12":"shipping-taxable","13":"product-type-simple"},"jetpack_sharing_enabled":true,"_links":{"self":[{"href":"https:\/\/yebodaglass.com\/de\/wp-json\/wp\/v2\/product\/22236","targetHints":{"allow":["GET"]}}],"collection":[{"href":"https:\/\/yebodaglass.com\/de\/wp-json\/wp\/v2\/product"}],"about":[{"href":"https:\/\/yebodaglass.com\/de\/wp-json\/wp\/v2\/types\/product"}],"version-history":[{"count":5,"href":"https:\/\/yebodaglass.com\/de\/wp-json\/wp\/v2\/product\/22236\/revisions"}],"predecessor-version":[{"id":25526,"href":"https:\/\/yebodaglass.com\/de\/wp-json\/wp\/v2\/product\/22236\/revisions\/25526"}],"wp:featuredmedia":[{"embeddable":true,"href":"https:\/\/yebodaglass.com\/de\/wp-json\/wp\/v2\/media\/25525"}],"wp:attachment":[{"href":"https:\/\/yebodaglass.com\/de\/wp-json\/wp\/v2\/media?parent=22236"}],"wp:term":[{"taxonomy":"product_brand","embeddable":true,"href":"https:\/\/yebodaglass.com\/de\/wp-json\/wp\/v2\/product_brand?post=22236"},{"taxonomy":"product_cat","embeddable":true,"href":"https:\/\/yebodaglass.com\/de\/wp-json\/wp\/v2\/product_cat?post=22236"},{"taxonomy":"product_tag","embeddable":true,"href":"https:\/\/yebodaglass.com\/de\/wp-json\/wp\/v2\/product_tag?post=22236"}],"curies":[{"name":"wp","href":"https:\/\/api.w.org\/{rel}","templated":true}]}}