{"id":22178,"date":"2025-10-10T17:32:34","date_gmt":"2025-10-10T09:32:34","guid":{"rendered":"https:\/\/yebodaglass.com\/?post_type=product&#038;p=22178"},"modified":"2026-03-19T14:42:13","modified_gmt":"2026-03-19T06:42:13","slug":"clear-wide-mouth-mason-jar-with-lid-bulk","status":"publish","type":"product","link":"https:\/\/yebodaglass.com\/de\/produkt\/clear-wide-mouth-mason-jar-with-lid-bulk\/","title":{"rendered":"220 ml \u2013 480 ml durchsichtiges Einmachglas mit breiter \u00d6ffnung und Deckel (Gro\u00dfpackung)"},"content":{"rendered":"<p>Dieses Einmachglas mit breiter \u00d6ffnung und Deckel besticht durch seinen eleganten, flachen, transparenten Glask\u00f6rper und die weite \u00d6ffnung. Dazu passen die markanten und attraktiven Metalldeckel in Rot, Schwarz, Kupfer und Gold. Der Inhalt ist durch das transparente Glasgef\u00e4\u00df gut sichtbar.<\/p>\n<h2>Produkteigenschaften<\/h2>\n<ul>\n<li><strong>Klassisches geradwandiges Glasgef\u00e4\u00df:<\/strong> Es handelt sich um eine einfache, zylindrische Form, die langlebig und robust ist, sich leicht reinigen l\u00e4sst und einen klaren Blick auf das Innere des Produkts erm\u00f6glicht.<\/li>\n<li><strong>Austauschbare farbige Metalldeckel:<\/strong> Die Schraubverschl\u00fcsse sind in Rot, Schwarz, Kupfer oder Gold erh\u00e4ltlich und bieten einen festen Sitz sowie eine individuelle Gestaltungsm\u00f6glichkeit.<\/li>\n<li><strong>Kristallklares Displayglas:<\/strong> Das hochtransparente Glas macht diese Gl\u00e4ser ideal f\u00fcr den Einzelhandel, da die Qualit\u00e4t und die Farbe des Produkts perfekt durch das Glas hindurch sichtbar sind.<\/li>\n<\/ul>\n<h2><strong data-spm-anchor-id=\"5176.28103460.0.i28.29ab2e31SnOOuR\">Wichtigste Spezifikationen<\/strong><\/h2>\n<table style=\"border-collapse: collapse; width: 80%; margin-left: auto; margin-right: auto;\" border=\"0\" width=\"360\" cellspacing=\"0\" cellpadding=\"0\">\n<tbody>\n<tr style=\"height: 13.50pt;\">\n<td style=\"height: 13.5pt; width: 54pt; text-align: center;\" width=\"72\" height=\"18\">Modell<\/td>\n<td style=\"width: 54pt; text-align: center;\" width=\"72\">Fassungsverm\u00f6gen (ml)<\/td>\n<td style=\"width: 54pt; text-align: center;\" width=\"72\">Gr\u00f6\u00dfe (cm)<\/td>\n<td style=\"width: 54pt; text-align: center;\" width=\"72\">Farboptionen<\/td>\n<td style=\"width: 54pt; text-align: center;\" width=\"72\">Form<\/td>\n<\/tr>\n<tr style=\"height: 13.50pt;\">\n<td style=\"height: 13.5pt; text-align: center;\" align=\"right\" height=\"18\">63022046<\/td>\n<td style=\"text-align: center;\" align=\"right\">220<\/td>\n<td style=\"text-align: center;\">9.3&#215;5.2<\/td>\n<td class=\"et2\" style=\"text-align: center;\" rowspan=\"4\">L\u00f6schen (Benutzerdefiniert)<\/td>\n<td class=\"et2\" style=\"text-align: center;\" rowspan=\"4\">Kurze, dicke, runde Flasche<\/td>\n<\/tr>\n<tr style=\"height: 13.50pt;\">\n<td style=\"height: 13.5pt; text-align: center;\" align=\"right\" height=\"18\">63028047<\/td>\n<td style=\"text-align: center;\" align=\"right\">280<\/td>\n<td style=\"text-align: center;\">9.3&#215;6.6<\/td>\n<\/tr>\n<tr style=\"height: 13.50pt;\">\n<td style=\"height: 13.5pt; text-align: center;\" align=\"right\" height=\"18\">63037048<\/td>\n<td style=\"text-align: center;\" align=\"right\">370<\/td>\n<td style=\"text-align: center;\">9.3&#215;8.0<\/td>\n<\/tr>\n<tr style=\"height: 13.50pt;\">\n<td style=\"height: 13.5pt; text-align: center;\" align=\"right\" height=\"18\">63048049<\/td>\n<td style=\"text-align: center;\" align=\"right\">480<\/td>\n<td style=\"text-align: center;\">9.3&#215;9.6<\/td>\n<\/tr>\n<\/tbody>\n<\/table>\n<h2>Erfolgsbeispiel<\/h2>\n<p>Unsere 237-ml-Einmachgl\u00e4ser mit Deckel wurden von einem texanischen Hersteller scharfer Saucen ausgew\u00e4hlt. Dieser entwarf daraufhin einen Siebdruck im Vintage-Stil f\u00fcr den Glask\u00f6rper und einen mattschwarzen Deckel. Die hochwertige Verpackung war ein Riesenerfolg: Dank ihrer ansprechenden Optik und der hohen Sichtbarkeit im Regal konnte die Sauce in 500 neuen Feinkostl\u00e4den angeboten werden, und das markante Design der Gl\u00e4ser generierte 300 Prozent mehr nutzergenerierte Inhalte in den sozialen Medien. Aufgrund dieses Erfolgs bestellte das Unternehmen weitere 200.000 Gl\u00e4ser seiner neuen Linie scharfer Gurken und Getr\u00e4nkemischungen.<\/p>\n<h2>Empfehlungen zur individuellen Gestaltung von Einmachgl\u00e4sern mit Deckel<\/h2>\n<ul>\n<li>Direkter Glasdruck: Drucken Sie vollfarbige, dauerhafte Grafiken, Logos oder N\u00e4hrwertangaben auf das Glas, um ihm ein hochwertiges, etikettenfreies Aussehen zu verleihen.<\/li>\n<li>Erhabene Markierungen: Es werden erhabene Graduierungen (Tassen, Unzen, Milliliter) angebracht, die an der Seite des Glases angebracht werden, damit sie in der K\u00fcche leicht wiederverwendet werden k\u00f6nnen.<\/li>\n<li>Spezielles Deckelzubeh\u00f6r: Wir bieten Deckel an, mit denen sich das Glas in einen Shaker, einen Ausgie\u00dfer, einen Trinkdeckel oder ein G\u00e4rventil verwandeln l\u00e4sst.<\/li>\n<\/ul>","protected":false},"excerpt":{"rendered":"<p>Hochwertiges Einmachglas mit breiter \u00d6ffnung und Deckel f\u00fcr optimale Abdichtung. Ideal f\u00fcr die Lagerung gr\u00f6\u00dferer Mengen und die Verpackung im Einzelhandel. Sofort lieferbar.<\/p>","protected":false},"featured_media":25520,"template":"","meta":[],"product_brand":[],"product_cat":[122,124,125],"product_tag":[],"class_list":{"0":"post-22178","1":"product","2":"type-product","3":"status-publish","4":"has-post-thumbnail","6":"product_cat-custom-glass-packaging","7":"product_cat-custom-glass-jars","8":"product_cat-mason-glass-jars","10":"first","11":"instock","12":"shipping-taxable","13":"product-type-simple"},"jetpack_sharing_enabled":true,"_links":{"self":[{"href":"https:\/\/yebodaglass.com\/de\/wp-json\/wp\/v2\/product\/22178","targetHints":{"allow":["GET"]}}],"collection":[{"href":"https:\/\/yebodaglass.com\/de\/wp-json\/wp\/v2\/product"}],"about":[{"href":"https:\/\/yebodaglass.com\/de\/wp-json\/wp\/v2\/types\/product"}],"version-history":[{"count":5,"href":"https:\/\/yebodaglass.com\/de\/wp-json\/wp\/v2\/product\/22178\/revisions"}],"predecessor-version":[{"id":25523,"href":"https:\/\/yebodaglass.com\/de\/wp-json\/wp\/v2\/product\/22178\/revisions\/25523"}],"wp:featuredmedia":[{"embeddable":true,"href":"https:\/\/yebodaglass.com\/de\/wp-json\/wp\/v2\/media\/25520"}],"wp:attachment":[{"href":"https:\/\/yebodaglass.com\/de\/wp-json\/wp\/v2\/media?parent=22178"}],"wp:term":[{"taxonomy":"product_brand","embeddable":true,"href":"https:\/\/yebodaglass.com\/de\/wp-json\/wp\/v2\/product_brand?post=22178"},{"taxonomy":"product_cat","embeddable":true,"href":"https:\/\/yebodaglass.com\/de\/wp-json\/wp\/v2\/product_cat?post=22178"},{"taxonomy":"product_tag","embeddable":true,"href":"https:\/\/yebodaglass.com\/de\/wp-json\/wp\/v2\/product_tag?post=22178"}],"curies":[{"name":"wp","href":"https:\/\/api.w.org\/{rel}","templated":true}]}}