{"id":22150,"date":"2025-10-10T17:26:27","date_gmt":"2025-10-10T09:26:27","guid":{"rendered":"https:\/\/yebodaglass.com\/?post_type=product&#038;p=22150"},"modified":"2026-03-20T15:31:19","modified_gmt":"2026-03-20T07:31:19","slug":"cylindrical-mason-glass-jars-with-lids-bulk","status":"publish","type":"product","link":"https:\/\/yebodaglass.com\/de\/produkt\/cylindrical-mason-glass-jars-with-lids-bulk\/","title":{"rendered":"Zylindrische Einmachgl\u00e4ser mit Deckel (70 ml \u2013 380 ml) \u2013 Gro\u00dfpackung"},"content":{"rendered":"<p>Es handelt sich um Mason-Glas-Einmachgl\u00e4ser mit Deckel aus kristallklarem Glas. Sie sind zylindrisch geformt und haben einen polierten silbernen Metalldeckel. Da sie individuell gestaltet werden k\u00f6nnen, lassen sich die ge\u00f6ffneten Beh\u00e4lter leicht beschriften und der Inhalt pr\u00e4sentieren.<\/p>\n<h2>Produkteigenschaften<\/h2>\n<ul>\n<li><strong>Einfache zylindrische Form:<\/strong> Zylindrische Korpusse mit flachem Boden sind gerade oder breit, um Stabilit\u00e4t zu gew\u00e4hrleisten und das Stapeln zu erleichtern; zudem haben sie ein sehr minimalistisches Aussehen.<\/li>\n<li><strong>Deckel aus mattem, silberfarbenem Metall:<\/strong> Die matten, flachen silberfarbenen Metalldeckel schlie\u00dfen dicht und haben ein elegantes, modernes Aussehen.<\/li>\n<li><strong>Klarglas mit hoher Transparenz:<\/strong> Die perfekte Art von Klarglas erm\u00f6glicht es Ihnen, den Inhalt leicht zu erkennen und den Lagerbestand im Blick zu behalten.<\/li>\n<\/ul>\n<h2>Wichtigste Spezifikationen<\/h2>\n<table style=\"border-collapse: collapse; width: 80%; margin-left: auto; margin-right: auto;\" border=\"0\" width=\"360\" cellspacing=\"0\" cellpadding=\"0\">\n<tbody>\n<tr style=\"height: 13.50pt;\">\n<td style=\"height: 13.5pt; width: 54pt; text-align: center;\" width=\"72\" height=\"18\">Modell<\/td>\n<td style=\"width: 54pt; text-align: center;\" width=\"72\">Fassungsverm\u00f6gen (ml)<\/td>\n<td style=\"width: 54pt; text-align: center;\" width=\"72\">Form<\/td>\n<td style=\"width: 54pt; text-align: center;\" width=\"72\">Gr\u00f6\u00dfe (cm)<\/td>\n<td style=\"width: 54pt; text-align: center;\" width=\"72\">Farboptionen<\/td>\n<\/tr>\n<tr style=\"height: 13.50pt;\">\n<td style=\"height: 13.5pt; text-align: center;\" align=\"right\" height=\"18\">63007040<\/td>\n<td style=\"text-align: center;\" align=\"right\">70<\/td>\n<td class=\"et2\" style=\"text-align: center;\" rowspan=\"6\">Gerade, runde Flasche<\/td>\n<td style=\"text-align: center;\">6.1&#215;4.5<\/td>\n<td class=\"et2\" style=\"text-align: center;\" rowspan=\"6\">L\u00f6schen (Benutzerdefiniert)<\/td>\n<\/tr>\n<tr style=\"height: 13.50pt;\">\n<td style=\"height: 13.5pt; text-align: center;\" align=\"right\" height=\"18\">63015041<\/td>\n<td style=\"text-align: center;\" align=\"right\">150<\/td>\n<td style=\"text-align: center;\">6.1&#215;8.1<\/td>\n<\/tr>\n<tr style=\"height: 13.50pt;\">\n<td style=\"height: 13.5pt; text-align: center;\" align=\"right\" height=\"18\">63020042<\/td>\n<td style=\"text-align: center;\" align=\"right\">200<\/td>\n<td style=\"text-align: center;\">6.1&#215;10.0<\/td>\n<\/tr>\n<tr style=\"height: 13.50pt;\">\n<td style=\"height: 13.5pt; text-align: center;\" align=\"right\" height=\"18\">63024043<\/td>\n<td style=\"text-align: center;\" align=\"right\">240<\/td>\n<td style=\"text-align: center;\">6.1&#215;12.1<\/td>\n<\/tr>\n<tr style=\"height: 13.50pt;\">\n<td style=\"height: 13.5pt; text-align: center;\" align=\"right\" height=\"18\">63028044<\/td>\n<td style=\"text-align: center;\" align=\"right\">280<\/td>\n<td style=\"text-align: center;\">6.1&#215;13.7<\/td>\n<\/tr>\n<tr style=\"height: 13.50pt;\">\n<td style=\"height: 13.5pt; text-align: center;\" align=\"right\" height=\"18\">63038045<\/td>\n<td style=\"text-align: center;\" align=\"right\">380<\/td>\n<td style=\"text-align: center;\">6.1&#215;17.3<\/td>\n<\/tr>\n<\/tbody>\n<\/table>\n<h2>Erfolgsbeispiel: Eine Sonderanfertigung f\u00fcr eine nationale Reformhauskette<\/h2>\n<p>Eine der gr\u00f6\u00dften Bio-Superm\u00e4rkte hat sich f\u00fcr unsere individuell gestalteten Einmachgl\u00e4ser mit laserge\u00e4tzten Graduierungen und Metalldeckeln entschieden. Die Ergebnisse dieser Anpassung waren beachtlich: Die Anzahl der Graduierungen im Klarglasbereich sank um 20 Prozent, und auch Verwechslungen und Versch\u00fcttungen im Bereich der losen Lebensmittel wurden reduziert. Durch das Stapeln und die einheitliche Gestaltung der Gl\u00e4ser konnte die Regaldichte um 15 Prozent erh\u00f6ht werden. Aufgrund dieses Erfolgs bestellte der Supermarkt weitere 300.000 Gl\u00e4ser f\u00fcr seine einheitlichen Abteilungen f\u00fcr lose Lebensmittel in den Superm\u00e4rkten des Landes.<\/p>\n<h2>Empfehlungen zur individuellen Gestaltung von Einmachgl\u00e4sern mit Deckel<\/h2>\n<ul>\n<li>Individuelle Glas\u00e4tzung\/Bedruckung: \u00c4tzen Sie Ihr Logo, Muster oder Design mithilfe von Lasern auf das Glas, um Ihren individuell gestalteten Einmachgl\u00e4sern eine dauerhafte, hochwertige Marke zu verleihen.<\/li>\n<li>Material und Ausf\u00fchrung des Deckels: Ausf\u00fchrungen und Materialien: F\u00fcr die flachen Deckel stehen verschiedene Ausf\u00fchrungen und Materialien zur Verf\u00fcgung, darunter Bambus, mattschwarzer Kunststoff, Kupfer oder ros\u00e9goldenes Metall.<\/li>\n<li>Quadratisches\/Sechseckiges Design: Quadratische oder sechseckige Mason-Gl\u00e4ser sind in modernen, platzsparenden quadratischen oder sechseckigen Formen mit Deckel gestaltet und lassen sich am besten in Regalen platzieren.<\/li>\n<\/ul>","protected":false},"excerpt":{"rendered":"<p>Hochwertige Einmachgl\u00e4ser und -gl\u00e4ser mit Deckel. Weite \u00d6ffnung, ideal f\u00fcr die Aufbewahrung von Honig, So\u00dfen und Gew\u00fcrzen im Gro\u00dfhandel. Individuelle Gr\u00f6\u00dfen. Markenfertige Verpackung.<\/p>","protected":false},"featured_media":25542,"template":"","meta":[],"product_brand":[],"product_cat":[125,124,122],"product_tag":[],"class_list":{"0":"post-22150","1":"product","2":"type-product","3":"status-publish","4":"has-post-thumbnail","6":"product_cat-mason-glass-jars","7":"product_cat-custom-glass-jars","8":"product_cat-custom-glass-packaging","10":"first","11":"instock","12":"shipping-taxable","13":"product-type-simple"},"jetpack_sharing_enabled":true,"_links":{"self":[{"href":"https:\/\/yebodaglass.com\/de\/wp-json\/wp\/v2\/product\/22150","targetHints":{"allow":["GET"]}}],"collection":[{"href":"https:\/\/yebodaglass.com\/de\/wp-json\/wp\/v2\/product"}],"about":[{"href":"https:\/\/yebodaglass.com\/de\/wp-json\/wp\/v2\/types\/product"}],"version-history":[{"count":5,"href":"https:\/\/yebodaglass.com\/de\/wp-json\/wp\/v2\/product\/22150\/revisions"}],"predecessor-version":[{"id":25543,"href":"https:\/\/yebodaglass.com\/de\/wp-json\/wp\/v2\/product\/22150\/revisions\/25543"}],"wp:featuredmedia":[{"embeddable":true,"href":"https:\/\/yebodaglass.com\/de\/wp-json\/wp\/v2\/media\/25542"}],"wp:attachment":[{"href":"https:\/\/yebodaglass.com\/de\/wp-json\/wp\/v2\/media?parent=22150"}],"wp:term":[{"taxonomy":"product_brand","embeddable":true,"href":"https:\/\/yebodaglass.com\/de\/wp-json\/wp\/v2\/product_brand?post=22150"},{"taxonomy":"product_cat","embeddable":true,"href":"https:\/\/yebodaglass.com\/de\/wp-json\/wp\/v2\/product_cat?post=22150"},{"taxonomy":"product_tag","embeddable":true,"href":"https:\/\/yebodaglass.com\/de\/wp-json\/wp\/v2\/product_tag?post=22150"}],"curies":[{"name":"wp","href":"https:\/\/api.w.org\/{rel}","templated":true}]}}