{"id":22104,"date":"2025-10-10T15:01:45","date_gmt":"2025-10-10T07:01:45","guid":{"rendered":"https:\/\/yebodaglass.com\/?post_type=product&#038;p=22104"},"modified":"2026-03-26T15:44:18","modified_gmt":"2026-03-26T07:44:18","slug":"wholesale-green-oil-olive-bottles-with-cylindrical-shape","status":"publish","type":"product","link":"https:\/\/yebodaglass.com\/de\/wholesale-green-oil-olive-bottles-with-cylindrical-shape\/","title":{"rendered":"Gr\u00fcne Oliven\u00f6lflaschen in zylindrischer Form \u2013 Gro\u00dfhandel \u2013 250 ml, 500 ml, 750 ml"},"content":{"rendered":"<p>Diese Oliven\u00f6lflasche hat eine gerade, zylindrische Form, ist schlank und ohne Rundung. Der Flaschenk\u00f6rper besteht aus tief olivgr\u00fcnem Glas, das einen guten Lichtschutz bietet. Der Flaschenhals ist mit einem Gewinde versehen und hat einen Schraubverschluss in Gold oder Schwarz.<\/p>\n<h2>Produkteigenschaften<\/h2>\n<ul>\n<li><strong>Einheit des UV-Schutzes:<\/strong> Das gr\u00fcne Glas der \u00d6lflaschen sch\u00fctzt das darin befindliche Oliven\u00f6l, da es das Ausbleichen und Ranzigwerden durch die Sonnenstrahlen verhindert und somit die Haltbarkeit des \u00d6ls verl\u00e4ngert.<\/li>\n<li><strong>Schlanke zylindrische Form:<\/strong> Die schlanke, zylindrische Form spart nicht nur Platz, sondern erm\u00f6glicht auch eine einfache Handhabung und damit eine leichtere Kontrolle des Fl\u00fcssigkeitsflusses beim Ausgie\u00dfen.<\/li>\n<li><strong>Mehrere Gr\u00f6\u00dfen:<\/strong> Wir bieten Flaschen in verschiedenen Gr\u00f6\u00dfen an, um Ihren t\u00e4glichen Bedarf an kleinen oder gro\u00dfen Mengen zu decken.<\/li>\n<\/ul>\n<h2>Wichtigste Spezifikationen<\/h2>\n<table style=\"border-collapse: collapse; margin-left: auto; margin-right: auto; width: 448.52pt;\" border=\"0\" width=\"598\" cellspacing=\"0\" cellpadding=\"0\">\n<tbody>\n<tr style=\"height: 13.50pt;\">\n<td style=\"height: 13.50pt; width: 92.25pt;\" width=\"123\" height=\"18\">Besonderheit<\/td>\n<td style=\"width: 356.25pt;\" width=\"475\">Spezifikation<\/td>\n<\/tr>\n<tr style=\"height: 13.50pt;\">\n<td style=\"height: 13.50pt;\" height=\"18\">Ma\u00dfe<\/td>\n<td>5,0 \u00d7 23,2 cm (250 ml), 6,1 \u00d7 28 cm (500 ml), 6,9 \u00d7 30,9 cm (750 ml)<\/td>\n<\/tr>\n<tr style=\"height: 13.50pt;\">\n<td style=\"height: 13.50pt;\" height=\"18\">Halsumfang<\/td>\n<td>a bef\u0151ttes\u00fcveg, bef\u0151ttes\u00fcveg fed\u0151vel01<\/td>\n<\/tr>\n<tr style=\"height: 13.50pt;\">\n<td style=\"height: 13.50pt;\" height=\"18\">Material<\/td>\n<td>UV-Schutzglas<\/td>\n<\/tr>\n<tr style=\"height: 13.50pt;\">\n<td style=\"height: 13.50pt;\" height=\"18\">Form<\/td>\n<td>Hoher Zylinder (rund Glas)<\/td>\n<\/tr>\n<tr style=\"height: 13.50pt;\">\n<td style=\"height: 13.50pt;\" height=\"18\">Am besten f\u00fcr<\/td>\n<td>Oliven\u00f6l, Speise\u00f6l, Dressings<\/td>\n<\/tr>\n<\/tbody>\n<\/table>\n<h2>Erfolgsbeispiel<\/h2>\n<p>Einer der familiengef\u00fchrten Oliven\u00f6lhersteller Spaniens entschied sich f\u00fcr unsere 750-ml-\u00d6lflasche in Gr\u00fcn mit goldenem Verschluss, auf dem Erntedatum und Chargennummer per Laser eingraviert sind. Dank des UV-best\u00e4ndigen Glask\u00f6rpers und der pr\u00e4zisen Chargennummer konnten die Verluste durch abgelaufene Ware um 42 Prozent reduziert werden. Die hochwertige Verpackung erm\u00f6glichte zudem 20 Prozent h\u00f6here Exporterl\u00f6se. Der Hersteller bestellte 200.000 Flaschen seiner neuen Serie von Oliven\u00f6l aus der Fr\u00fchernte, was sich als gro\u00dfer Erfolg erwies und zu weiteren Bestellungen f\u00fchrte.<\/p>\n<h2>Tipps zur individuellen Gestaltung von Glasflaschen f\u00fcr Oliven\u00f6l<\/h2>\n<ul>\n<li>Flasche mit Mattierung \u2013 Die gesamte Oberfl\u00e4che wird sandgestrahlt, um ein weiches, mattes Finish zu erzielen. Die gr\u00fcne Farbe bleibt erhalten, aber die Flasche erh\u00e4lt eine trendige und strukturierte Oberfl\u00e4che.<\/li>\n<li>Strukturierter Boden \u2013 Durch das Aufbringen konzentrischer Ringe oder eines Sonnenstrahlmusters auf den Flaschenboden entsteht ein Muster, das sich edel und strukturiert anf\u00fchlt und der Flasche gleichzeitig ein einzigartiges Aussehen verleiht.<\/li>\n<li>Abgeschr\u00e4gte Schulter \u2013 Sie bildet eine sanft geschwungene Linie vom Hals zum Korpus des Beh\u00e4lters. Dieses schlichte Detail verleiht ihm Eleganz und l\u00e4sst gleichzeitig das Licht optimal hindurchscheinen.<\/li>\n<li>Lasergravur \u2013 Nutzen Sie einen Pr\u00e4zisionslaser und gravieren Sie Ihr Markenlogo oder ein beliebiges Bild direkt in das Glas.<\/li>\n<\/ul>","protected":false},"excerpt":{"rendered":"<p>Dunkelgr\u00fcne Glasflaschen f\u00fcr Oliven\u00f6l mit Schraubverschluss zum Schutz der \u00d6lqualit\u00e4t. Ideal f\u00fcr Oliven\u00f6l, Speise\u00f6l und Gourmet-\u00d6le. Direkt vom Hersteller.<\/p>","protected":false},"featured_media":25642,"template":"","meta":[],"product_brand":[],"product_cat":[126,123,122],"product_tag":[],"class_list":{"0":"post-22104","1":"product","2":"type-product","3":"status-publish","4":"has-post-thumbnail","6":"product_cat-olive-oil-bottles","7":"product_cat-custom-glass-bottles","8":"product_cat-custom-glass-packaging","10":"first","11":"instock","12":"shipping-taxable","13":"product-type-simple"},"jetpack_sharing_enabled":true,"_links":{"self":[{"href":"https:\/\/yebodaglass.com\/de\/wp-json\/wp\/v2\/product\/22104","targetHints":{"allow":["GET"]}}],"collection":[{"href":"https:\/\/yebodaglass.com\/de\/wp-json\/wp\/v2\/product"}],"about":[{"href":"https:\/\/yebodaglass.com\/de\/wp-json\/wp\/v2\/types\/product"}],"version-history":[{"count":5,"href":"https:\/\/yebodaglass.com\/de\/wp-json\/wp\/v2\/product\/22104\/revisions"}],"predecessor-version":[{"id":25556,"href":"https:\/\/yebodaglass.com\/de\/wp-json\/wp\/v2\/product\/22104\/revisions\/25556"}],"wp:featuredmedia":[{"embeddable":true,"href":"https:\/\/yebodaglass.com\/de\/wp-json\/wp\/v2\/media\/25642"}],"wp:attachment":[{"href":"https:\/\/yebodaglass.com\/de\/wp-json\/wp\/v2\/media?parent=22104"}],"wp:term":[{"taxonomy":"product_brand","embeddable":true,"href":"https:\/\/yebodaglass.com\/de\/wp-json\/wp\/v2\/product_brand?post=22104"},{"taxonomy":"product_cat","embeddable":true,"href":"https:\/\/yebodaglass.com\/de\/wp-json\/wp\/v2\/product_cat?post=22104"},{"taxonomy":"product_tag","embeddable":true,"href":"https:\/\/yebodaglass.com\/de\/wp-json\/wp\/v2\/product_tag?post=22104"}],"curies":[{"name":"wp","href":"https:\/\/api.w.org\/{rel}","templated":true}]}}