{"id":22031,"date":"2025-10-09T11:57:24","date_gmt":"2025-10-09T03:57:24","guid":{"rendered":"https:\/\/yebodaglass.com\/?post_type=product&#038;p=22031"},"modified":"2025-10-09T14:54:29","modified_gmt":"2025-10-09T06:54:29","slug":"wholesale-unique-olive-oil-dispensers-with-glass-handle-100ml-250ml-500ml","status":"publish","type":"product","link":"https:\/\/yebodaglass.com\/de\/wholesale-unique-olive-oil-dispensers-with-glass-handle-100ml-250ml-500ml\/","title":{"rendered":"Gro\u00dfhandel Einzigartige Oliven\u00f6lspender mit Glasgriff \u2013 100 ml, 250 ml, 500 ml"},"content":{"rendered":"<div data-elementor-type=\"product-post\" data-elementor-id=\"22031\" class=\"elementor elementor-22031\" data-elementor-settings=\"{&quot;ha_cmc_init_switcher&quot;:&quot;no&quot;}\" data-elementor-post-type=\"product\">\n\t\t\t\t<div class=\"elementor-element elementor-element-7cc6e53 e-flex e-con-boxed e-con e-parent\" data-id=\"7cc6e53\" data-element_type=\"container\" data-e-type=\"container\" data-settings=\"{&quot;_ha_eqh_enable&quot;:false}\">\n\t\t\t\t\t<div class=\"e-con-inner\">\n\t\t\t\t<div class=\"elementor-element elementor-element-b9ffd68 elementor-widget elementor-widget-text-editor\" data-id=\"b9ffd68\" data-element_type=\"widget\" data-e-type=\"widget\" data-widget_type=\"text-editor.default\">\n\t\t\t\t<div class=\"elementor-widget-container\">\n\t\t\t\t\t\t\t\t\t<p>Diese \u00d6lspender aus Glas zeichnen sich durch einen einzigartig geschwungenen K\u00f6rper und griffige Glasgriffe aus und bestehen aus klarem Glas. Ihr Stil und ihre Verwendung gehen Hand in Hand und somit sind sie die perfekte Erg\u00e4nzung f\u00fcr Ihre K\u00fcche.<\/p><h2>Produkteigenschaften<\/h2><ul><li><strong>Mit Griff:<\/strong> Der Griff ist jedes Mal ein kleiner Glasgriff zum einfachen Entnehmen und Ausgie\u00dfen, sodass dem Benutzer das l\u00e4stige Aussch\u00fctten des \u00d6ls erspart bleibt.<\/li><li><strong>Kein Tropfen:<\/strong> Durch die Verwendung eines Pr\u00e4zisionsschraubverschlusses garantieren diese Flaschen f\u00fcr \u00e4therische \u00d6le einen stets gleichm\u00e4\u00dfigen Fl\u00fcssigkeitsfluss. Sie sind genau das Richtige f\u00fcr die einfache Verwendung von Gew\u00fcrzgl\u00e4sern oder auf dem Esstisch.<\/li><li><strong>Klarglas:<\/strong> Durch das klare Glas haben Sie stets einen Blick auf den Rest\u00f6lstand in der Flasche, sodass das Nachf\u00fcllen problemlos m\u00f6glich ist.<\/li><\/ul>\t\t\t\t\t\t\t\t<\/div>\n\t\t\t\t<\/div>\n\t\t\t\t<div class=\"elementor-element elementor-element-920ae84 elementor-widget elementor-widget-text-editor\" data-id=\"920ae84\" data-element_type=\"widget\" data-e-type=\"widget\" data-widget_type=\"text-editor.default\">\n\t\t\t\t<div class=\"elementor-widget-container\">\n\t\t\t\t\t\t\t\t\t<h2 style=\"text-align: center;\">Wichtige Spezifikationen:<\/h2><table class=\"aligncenter\" style=\"border-collapse: collapse; width: 470.27pt;\" border=\"0\" width=\"627\" cellspacing=\"0\" cellpadding=\"0\"><tbody><tr style=\"height: 13.50pt;\"><td style=\"height: 13.50pt; width: 86.25pt;\" width=\"115\" height=\"18\">Besonderheit<\/td><td style=\"width: 384.00pt;\" width=\"512\">Spezifikation<\/td><\/tr><tr style=\"height: 13.50pt;\"><td style=\"height: 13.50pt;\" height=\"18\">Ma\u00dfe<\/td><td>5,4\u00d713,9 cm (100 ml), 7,1\u00d717,3 cm (250 ml), 8,8\u00d721,9 cm (500 ml)<\/td><\/tr><tr style=\"height: 13.50pt;\"><td style=\"height: 13.50pt;\" height=\"18\">Material<\/td><td>Hochtransparentes Klarglas<\/td><\/tr><tr style=\"height: 13.50pt;\"><td style=\"height: 13.50pt;\" height=\"18\">Form<\/td><td>Konisch rund mit integriertem Griff<\/td><\/tr><tr style=\"height: 13.50pt;\"><td style=\"height: 13.50pt;\" height=\"18\">Deckeltyp<\/td><td>Solider Schraubdeckel<\/td><\/tr><tr style=\"height: 13.50pt;\"><td style=\"height: 13.50pt;\" height=\"18\">Am besten f\u00fcr<\/td><td>Oliven\u00f6l, Essig, Dressings, Gourmet\u00f6le<\/td><\/tr><\/tbody><\/table><h2>Wahre Geschichte<\/h2><p>Ein Hersteller kleiner Mengen kaltgepressten Oliven\u00f6ls, der sein \u00d6l haupts\u00e4chlich auf Bauernm\u00e4rkten verkaufte, besa\u00df hochwertiges Oliven\u00f6l, doch die Verpackung sah aus wie eine ganz normale Glasflasche im Regal. Er entschied sich f\u00fcr diesen einzigartigen Oliven\u00f6lspender. Dasselbe Oliven\u00f6l, andere Flasche. Nach einigen Monaten nannten ihn die Kunden \u201eden mit dem Griff\u201c. Er sah schicker aus, war angenehmer zu bedienen und beim Ausgie\u00dfen kleckerte nichts, also gefiel er den Leuten.<\/p><h2>Kundenspezifische \u00d6lspender aus Glas<\/h2><ul><li>Mattierter Griff \u2013 Der Griffteil ist der einzige, der sandgestrahlt ist, um einen sanften, rutschfesten Griff zu bieten, der einen sch\u00f6nen Kontrast zur klaren Flasche bildet.<\/li><li>Ge\u00e4tzte Markierung \u2013 Eine kleine Markierung in der N\u00e4he des Flaschenhalses zeigt den idealen F\u00fcllstand an. Das sieht professionell aus und f\u00fchlt sich edel an.<\/li><li>Bodenpr\u00e4gung \u2013 Ihr Logo oder Ihre Markengeschichte wird auf die Unterseite der Flasche gepr\u00e4gt. Die Symbole werden sichtbar, wenn die Flasche fast leer ist, sodass Ihre Marke Ihren Kunden direkt vor Augen steht.<\/li><\/ul>\t\t\t\t\t\t\t\t<\/div>\n\t\t\t\t<\/div>\n\t\t\t\t\t<\/div>\n\t\t\t\t<\/div>\n\t\t\t\t<\/div>","protected":false},"excerpt":{"rendered":"<p>Einzigartige Oliven\u00f6lspender aus Glas mit dezentem Griff in Premium-Optik \u2013 ideal f\u00fcr K\u00fcchenmarken. Individuell gestaltbar, mit kostenlosen Mustern und Mengenrabatten.<\/p>","protected":false},"featured_media":22060,"template":"","meta":[],"product_brand":[],"product_cat":[122,123,126],"product_tag":[],"class_list":{"0":"post-22031","1":"product","2":"type-product","3":"status-publish","4":"has-post-thumbnail","6":"product_cat-custom-glass-packaging","7":"product_cat-custom-glass-bottles","8":"product_cat-olive-oil-bottles","10":"first","11":"instock","12":"shipping-taxable","13":"product-type-simple"},"jetpack_sharing_enabled":true,"_links":{"self":[{"href":"https:\/\/yebodaglass.com\/de\/wp-json\/wp\/v2\/product\/22031","targetHints":{"allow":["GET"]}}],"collection":[{"href":"https:\/\/yebodaglass.com\/de\/wp-json\/wp\/v2\/product"}],"about":[{"href":"https:\/\/yebodaglass.com\/de\/wp-json\/wp\/v2\/types\/product"}],"version-history":[{"count":5,"href":"https:\/\/yebodaglass.com\/de\/wp-json\/wp\/v2\/product\/22031\/revisions"}],"predecessor-version":[{"id":22078,"href":"https:\/\/yebodaglass.com\/de\/wp-json\/wp\/v2\/product\/22031\/revisions\/22078"}],"wp:featuredmedia":[{"embeddable":true,"href":"https:\/\/yebodaglass.com\/de\/wp-json\/wp\/v2\/media\/22060"}],"wp:attachment":[{"href":"https:\/\/yebodaglass.com\/de\/wp-json\/wp\/v2\/media?parent=22031"}],"wp:term":[{"taxonomy":"product_brand","embeddable":true,"href":"https:\/\/yebodaglass.com\/de\/wp-json\/wp\/v2\/product_brand?post=22031"},{"taxonomy":"product_cat","embeddable":true,"href":"https:\/\/yebodaglass.com\/de\/wp-json\/wp\/v2\/product_cat?post=22031"},{"taxonomy":"product_tag","embeddable":true,"href":"https:\/\/yebodaglass.com\/de\/wp-json\/wp\/v2\/product_tag?post=22031"}],"curies":[{"name":"wp","href":"https:\/\/api.w.org\/{rel}","templated":true}]}}