{"id":22010,"date":"2025-10-10T09:07:57","date_gmt":"2025-10-10T01:07:57","guid":{"rendered":"https:\/\/yebodaglass.com\/?post_type=product&#038;p=22010"},"modified":"2026-03-18T17:48:37","modified_gmt":"2026-03-18T09:48:37","slug":"wide-mouth-mason-jars-and-lids-canning-jars","status":"publish","type":"product","link":"https:\/\/yebodaglass.com\/de\/produkt\/wide-mouth-mason-jars-and-lids-canning-jars\/","title":{"rendered":"Weithals-Einmachgl\u00e4ser und Deckel \u2013 200 ml\u2013730 ml Einmachgl\u00e4ser"},"content":{"rendered":"<p>Diese Einmachgl\u00e4ser mit breiter \u00d6ffnung und passenden Deckeln zeichnen sich durch ihr klassisches, zylindrisches Design mit glattem, transparentem Korpus und einer gro\u00dfen \u00d6ffnung zum einfachen Bef\u00fcllen und Reinigen aus. Jedes Einmachglas verf\u00fcgt \u00fcber einen stabilen Aluminiumdeckel, der sowohl trockene als auch fl\u00fcssige Produkte sicher verschlie\u00dft. Die Gl\u00e4ser werden von einem Hersteller gefertigt, der maschinell mundgeblasene Technologie verwendet und eignen sich daher ideal zum Aufbewahren, Verpacken und Pr\u00e4sentieren. Ob f\u00fcr Pickles, So\u00dfen, Sirup, Snacks, Tee, Getreide oder sogar Kerzen und Dekorationszwecke \u2013 diese Einmachgl\u00e4ser mit breiter \u00d6ffnung erf\u00fcllen sowohl die Anforderungen an Lebensmittelqualit\u00e4t als auch an die Warenpr\u00e4sentation im Einzelhandel.<\/p>\n<h2>Wichtigste Spezifikationen<\/h2>\n<table style=\"border-collapse: collapse; width: 80%; margin-left: auto; margin-right: auto;\" border=\"0\" width=\"794\" cellspacing=\"0\" cellpadding=\"0\">\n<tbody>\n<tr style=\"height: 13.50pt;\">\n<td style=\"height: 13.50pt; width: 122.25pt;\" width=\"163\" height=\"18\">Produktname<\/td>\n<td style=\"width: 473.25pt;\" width=\"631\">Weithals-Einmachglas<\/td>\n<\/tr>\n<tr style=\"height: 13.50pt;\">\n<td style=\"height: 13.50pt;\" height=\"18\">Material<\/td>\n<td>BPA-freies Natronkalkglas + Aluminiumdeckel<\/td>\n<\/tr>\n<tr style=\"height: 13.50pt;\">\n<td style=\"height: 13.50pt;\" height=\"18\">Kapazit\u00e4tsoptionen<\/td>\n<td>200 ml, 230 ml, 280 ml, 350 ml, 380 ml, 470 ml, 620 ml, 730 ml (verschiedene Gr\u00f6\u00dfen in Unzen erh\u00e4ltlich)<\/td>\n<\/tr>\n<tr style=\"height: 13.50pt;\">\n<td style=\"height: 13.50pt;\" height=\"18\">Form<\/td>\n<td>Runder, weiter Mund<\/td>\n<\/tr>\n<tr style=\"height: 13.50pt;\">\n<td style=\"height: 13.50pt;\" height=\"18\">Deckelarten<\/td>\n<td>Klappdeckel, Standarddeckel, Deckel mit Strohhalmloch, geteilte Deckel f\u00fcr Einmachgl\u00e4ser<\/td>\n<\/tr>\n<tr style=\"height: 13.50pt;\">\n<td style=\"height: 13.50pt;\" height=\"18\">Farbe<\/td>\n<td>Klarglas + silberne, goldene, schwarze Deckel<\/td>\n<\/tr>\n<tr style=\"height: 13.50pt;\">\n<td style=\"height: 13.50pt;\" height=\"18\">Verfahren<\/td>\n<td>Maschinell geblasen<\/td>\n<\/tr>\n<tr style=\"height: 13.50pt;\">\n<td style=\"height: 13.50pt;\" height=\"18\">Anwendung<\/td>\n<td>Lebensmittelaufbewahrung, Einmachglas, Verpackung, dekorative Verwendung<\/td>\n<\/tr>\n<tr style=\"height: 13.50pt;\">\n<td style=\"height: 13.50pt;\" height=\"18\">Lieferf\u00e4higkeit<\/td>\n<td>Gro\u00dfhandel, Direktlieferant ab Werk<\/td>\n<\/tr>\n<tr style=\"height: 13.50pt;\">\n<td style=\"height: 13.50pt;\" height=\"18\">Benutzerdefinierte Optionen<\/td>\n<td>Logo, Gr\u00f6\u00dfe, Farbe, Zubeh\u00f6r, Oberfl\u00e4chenveredelung<\/td>\n<\/tr>\n<tr style=\"height: 13.50pt;\">\n<td style=\"height: 13.50pt;\" height=\"18\">Lieferung<\/td>\n<td>Stabiler Lagerbestand + flexible Lieferzeiten<\/td>\n<\/tr>\n<\/tbody>\n<\/table>\n<h2>Hauptmerkmale<\/h2>\n<ol>\n<li><strong>Komfortable Weit\u00f6ffnung<\/strong>Das Einmachglas mit weiter \u00d6ffnung l\u00e4sst sich leicht bef\u00fcllen, reinigen und erm\u00f6glicht den einfachen Zugriff auf feste und fl\u00fcssige Stoffe.<\/li>\n<li><strong>Sicheres Klappdeckelsystem<\/strong>Der robuste Aluminiumdeckel garantiert eine dichte Versiegelung und eignet sich daher zum Einmachen, Transportieren und zur Langzeitlagerung.<\/li>\n<li><strong>Flexible Verpackungsl\u00f6sung<\/strong>Ein typisches Standard-Einmachglas, das sowohl f\u00fcr Lebensmittelmarken und Einzelhandelsverpackungen als auch f\u00fcr Mehrzweckprojekte verwendet werden kann.<\/li>\n<\/ol>\n<h2>Erfolgreiche Fallstudie<\/h2>\n<p>Ein Lebensmittelmarkeninhaber in Deutschland, der sich auf Bio-W\u00fcrzmittel spezialisiert hat, bezog diese Einmachgl\u00e4ser mit breiter \u00d6ffnung direkt von unserem Werk.<\/p>\n<ul>\n<li>Gesch\u00e4ftsart: Bio-Lebensmittelmarke (Einzelhandel und Online-Verkauf)<\/li>\n<li>Bestellmenge: Die erste Gro\u00dfbestellung umfasst 50.000 St\u00fcck (350 ml und 470 ml).<\/li>\n<li>Zus\u00e4tzliche Anforderungen: Golddeckel, gepr\u00e4gtes Logo, f\u00fcr individuelle Etiketten geeignete Oberfl\u00e4che.<\/li>\n<li>Anwendung: Verpackung f\u00fcr hochwertige Gurkensauce.<\/li>\n<li>Ergebnis: Das Produkt erzielte innerhalb von 6 Monaten eine 30-prozentige Steigerung der Regalattraktivit\u00e4t und einen Umsatzanstieg von 22 Prozent.<\/li>\n<li>Nachbestellung: Genau dasselbe, jedoch mit viertelj\u00e4hrlicher Gro\u00dfhandelslieferung und erh\u00f6hter Lieferfrequenz auf 3 weitere Gr\u00f6\u00dfen.<\/li>\n<\/ul>\n<h2>Personalisierungsempfehlungen f\u00fcr B2B-K\u00e4ufer<\/h2>\n<ol>\n<li><strong>Marken- und Verpackungsoptimierung<\/strong>: Durch den Einsatz von Siebdruck oder Pr\u00e4gung kann aus dem Einmachglas eine markengerechte Verpackung in Einzelhandelsqualit\u00e4t hergestellt werden.<\/li>\n<li><strong>Auswahl funktionaler Deckel<\/strong>: W\u00e4hlen Sie je nach Verwendungszweck (z. B. Getr\u00e4nke, Trockenwaren oder Kerzen) aus einer Vielzahl von Deckeln (Standarddeckel, Deckel mit Strohhalmloch, geteilter Deckel).<\/li>\n<li><strong>Strategie f\u00fcr Produktlinien mit mehreren Gr\u00f6\u00dfen<\/strong>: Mehrere Unzengr\u00f6\u00dfen werden zu einer einzigen Produktreihe zusammengefasst, wie sie bei Sirup und Getreide, Snacks und Spezialit\u00e4ten angewendet wird, um das Potenzial f\u00fcr Cross-Selling zu erh\u00f6hen.<\/li>\n<\/ol>\n<p>Wenn Sie einen zuverl\u00e4ssigen Lieferanten oder eine Bezugsquelle f\u00fcr Weithalsgl\u00e4ser in gro\u00dfen Mengen suchen, bietet Ihnen dieses Produkt Flexibilit\u00e4t, Konsistenz und umfassende Unterst\u00fctzung bei der individuellen Anpassung direkt vom professionellen Hersteller.<\/p>","protected":false},"excerpt":{"rendered":"<p>Weithals-Einmachgl\u00e4ser und Deckel im Gro\u00dfhandel f\u00fcr Einmachen, Aufbewahren, Verpacken und individuelles Branding. Zuverl\u00e4ssige Fabriklieferung mit gro\u00dfen Mengenoptionen.<\/p>","protected":false},"featured_media":25507,"template":"","meta":[],"product_brand":[],"product_cat":[125,124,122],"product_tag":[],"class_list":{"0":"post-22010","1":"product","2":"type-product","3":"status-publish","4":"has-post-thumbnail","6":"product_cat-mason-glass-jars","7":"product_cat-custom-glass-jars","8":"product_cat-custom-glass-packaging","10":"first","11":"instock","12":"shipping-taxable","13":"product-type-simple"},"jetpack_sharing_enabled":true,"_links":{"self":[{"href":"https:\/\/yebodaglass.com\/de\/wp-json\/wp\/v2\/product\/22010","targetHints":{"allow":["GET"]}}],"collection":[{"href":"https:\/\/yebodaglass.com\/de\/wp-json\/wp\/v2\/product"}],"about":[{"href":"https:\/\/yebodaglass.com\/de\/wp-json\/wp\/v2\/types\/product"}],"version-history":[{"count":5,"href":"https:\/\/yebodaglass.com\/de\/wp-json\/wp\/v2\/product\/22010\/revisions"}],"predecessor-version":[{"id":25510,"href":"https:\/\/yebodaglass.com\/de\/wp-json\/wp\/v2\/product\/22010\/revisions\/25510"}],"wp:featuredmedia":[{"embeddable":true,"href":"https:\/\/yebodaglass.com\/de\/wp-json\/wp\/v2\/media\/25507"}],"wp:attachment":[{"href":"https:\/\/yebodaglass.com\/de\/wp-json\/wp\/v2\/media?parent=22010"}],"wp:term":[{"taxonomy":"product_brand","embeddable":true,"href":"https:\/\/yebodaglass.com\/de\/wp-json\/wp\/v2\/product_brand?post=22010"},{"taxonomy":"product_cat","embeddable":true,"href":"https:\/\/yebodaglass.com\/de\/wp-json\/wp\/v2\/product_cat?post=22010"},{"taxonomy":"product_tag","embeddable":true,"href":"https:\/\/yebodaglass.com\/de\/wp-json\/wp\/v2\/product_tag?post=22010"}],"curies":[{"name":"wp","href":"https:\/\/api.w.org\/{rel}","templated":true}]}}