{"id":22002,"date":"2025-10-09T17:33:25","date_gmt":"2025-10-09T09:33:25","guid":{"rendered":"https:\/\/yebodaglass.com\/?post_type=product&#038;p=22002"},"modified":"2026-03-19T13:42:18","modified_gmt":"2026-03-19T05:42:18","slug":"empty-clear-mason-jar-with-lid-wholesale","status":"publish","type":"product","link":"https:\/\/yebodaglass.com\/de\/produkt\/empty-clear-mason-jar-with-lid-wholesale\/","title":{"rendered":"70 ml \u2013 280 ml leere, durchsichtige Einmachgl\u00e4ser mit Deckel (Gro\u00dfhandel)"},"content":{"rendered":"<p>Dieses Einmachglas mit Deckel hat eine klassische Zylinderform, ist aus Klarglas gefertigt und verf\u00fcgt \u00fcber eine sehr gro\u00dfe \u00d6ffnung, die sich leicht reinigen l\u00e4sst. Der Deckel ist mit einem herk\u00f6mmlichen Schraubverschluss versehen, sodass die Gl\u00e4ser einfach gestapelt werden k\u00f6nnen. Erh\u00e4ltlich in verschiedenen Gr\u00f6\u00dfen mit farbigen Metallschraubverschl\u00fcssen in Schwarz, Gold, Silber und Rot.<\/p>\n<h2>Produkteigenschaften<\/h2>\n<ul>\n<li><strong>Klassisches zylindrisches Design:<\/strong> Der Glaszylinder ist ein einfacher Zylinder mit gro\u00dfer \u00d6ffnung, der leicht zu reinigen, zu bef\u00fcllen und zu verwenden ist.<\/li>\n<li><strong>Farbwechselbare Kappen:<\/strong> Sie verf\u00fcgen \u00fcber schwarze, goldene, silberne oder rote Metallschraubkappen, die f\u00fcr einen festen Verschluss sorgen und gleichzeitig ein elegantes Erscheinungsbild gew\u00e4hrleisten.<\/li>\n<li><strong>Verschiedene Gr\u00f6\u00dfen:<\/strong> Von Mini bis hin zu mittelgro\u00dfen und gro\u00dfen Beh\u00e4ltern \u2013 f\u00fcr jeden Bedarf ist etwas dabei, von der Gew\u00fcrzaufbewahrung bis hin zu gro\u00dfen Lebensmittelpackungen.<\/li>\n<\/ul>\n<h2><strong data-spm-anchor-id=\"5176.28103460.0.i15.29ab2e31JfkVXT\">Wichtigste Spezifikationen <\/strong><\/h2>\n<table style=\"border-collapse: collapse; width: 80%; margin-left: auto; margin-right: auto;\" border=\"0\" width=\"288\" cellspacing=\"0\" cellpadding=\"0\">\n<tbody>\n<tr style=\"height: 13.50pt;\">\n<td style=\"height: 13.5pt; width: 54pt; text-align: center;\" width=\"72\" height=\"18\">Produkt<\/td>\n<td style=\"width: 54pt; text-align: center;\" width=\"72\">Fassungsverm\u00f6gen (ml)<\/td>\n<td style=\"width: 54pt; text-align: center;\" width=\"72\">Gr\u00f6\u00dfe (cm)<\/td>\n<td style=\"width: 54pt; text-align: center;\" width=\"72\">Farboptionen<\/td>\n<\/tr>\n<tr style=\"height: 13.50pt;\">\n<td style=\"height: 13.5pt; text-align: center;\" align=\"right\" height=\"18\">63007014<\/td>\n<td style=\"text-align: center;\" align=\"right\">70<\/td>\n<td style=\"text-align: center;\">4.7&#215;4.5&#215;6.7<\/td>\n<td class=\"et2\" rowspan=\"6\">L\u00f6schen (Benutzerdefiniert)<\/td>\n<\/tr>\n<tr style=\"height: 13.50pt;\">\n<td style=\"height: 13.5pt; text-align: center;\" align=\"right\" height=\"18\">63007015<\/td>\n<td style=\"text-align: center;\" align=\"right\">70<\/td>\n<td style=\"text-align: center;\">6.5&#215;4.5&#215;6.7<\/td>\n<\/tr>\n<tr style=\"height: 13.50pt;\">\n<td style=\"height: 13.5pt; text-align: center;\" align=\"right\" height=\"18\">63012016<\/td>\n<td style=\"text-align: center;\" align=\"right\">120<\/td>\n<td style=\"text-align: center;\">5.4&#215;6.15&#215;6.6<\/td>\n<\/tr>\n<tr style=\"height: 13.50pt;\">\n<td style=\"height: 13.5pt; text-align: center;\" align=\"right\" height=\"18\">63012517<\/td>\n<td style=\"text-align: center;\" align=\"right\">125<\/td>\n<td style=\"text-align: center;\">6.3&#215;5.6&#215;6.9<\/td>\n<\/tr>\n<tr style=\"height: 13.50pt;\">\n<td style=\"height: 13.5pt; text-align: center;\" align=\"right\" height=\"18\">63020018<\/td>\n<td style=\"text-align: center;\" align=\"right\">200<\/td>\n<td style=\"text-align: center;\">6.0&#215;8.6&#215;6.9<\/td>\n<\/tr>\n<tr style=\"height: 13.50pt;\">\n<td style=\"height: 13.5pt; text-align: center;\" align=\"right\" height=\"18\">63028019<\/td>\n<td style=\"text-align: center;\" align=\"right\">280<\/td>\n<td style=\"text-align: center;\">7.5&#215;8.4&#215;8.5<\/td>\n<\/tr>\n<\/tbody>\n<\/table>\n<h2>Erfolgsgeschichte<\/h2>\n<p>Eines der gro\u00dfen kanadischen Unternehmen f\u00fcr handwerklich hergestellte Lebensmittel entschied sich f\u00fcr unser Einmachglas mit Deckel und lie\u00df es mit einem rustikalen, floralen Siebdruckmuster versehen. Diese individuell gestalteten Gl\u00e4ser haben sich auf dem Markt als Verkaufsschlager erwiesen: Ihr hochwertiges Erscheinungsbild steigerte den Verkaufspreis der Marmeladen um ein Viertel, und die unverwechselbaren Gl\u00e4ser erh\u00f6hten die Markenbekanntheit im Einzelhandel um ein Drittel, so das Unternehmen. Aufgrund dieses Erfolgs bestellte es weitere 250.000 Gl\u00e4ser f\u00fcr seine neue Getr\u00e4nkesirup-Linie und schloss einen Vertrag mit einer nationalen Supermarktkette ab.<\/p>\n<h2>Vorschl\u00e4ge zur individuellen Gestaltung von Einmachgl\u00e4sern<\/h2>\n<ul>\n<li>Flaschenring-Oberfl\u00e4chen und Farben: Bietet eine gr\u00f6\u00dfere Auswahl an spiralf\u00f6rmigen Flaschenringen in individuellen Farben und Mustern mit matter\/gl\u00e4nzender Oberfl\u00e4che.<\/li>\n<li>Individuelle Gestaltung von Flaschenverschl\u00fcssen: Individuelle Drucke, Logos oder Muster werden auf flache Metallflaschenverschl\u00fcsse gedruckt.<\/li>\n<li>Gepr\u00e4gte Skala: Durch das Ein\u00e4tzen feiner, gepr\u00e4gter Skalen (Tassen, Milliliter, Unzen) auf der Seite des Glases wird das Glas n\u00fctzlicher denn je.<\/li>\n<li>Sondergr\u00f6\u00dfen: Es gibt Sondergr\u00f6\u00dfen f\u00fcr bestimmte Produkte (z. B. hohe, schmale Flaschen zur Aufbewahrung von Honig).<\/li>\n<\/ul>","protected":false},"excerpt":{"rendered":"<p>Mehrteiliges Einmachglas mit Deckel aus hochwertigem Glas. Ideal zum Einmachen, Aufbewahren und Verpacken. Direkt vom Hersteller. Schneller Versand.<\/p>","protected":false},"featured_media":25516,"template":"","meta":[],"product_brand":[],"product_cat":[122,124,125],"product_tag":[],"class_list":{"0":"post-22002","1":"product","2":"type-product","3":"status-publish","4":"has-post-thumbnail","6":"product_cat-custom-glass-packaging","7":"product_cat-custom-glass-jars","8":"product_cat-mason-glass-jars","10":"first","11":"instock","12":"shipping-taxable","13":"product-type-simple"},"jetpack_sharing_enabled":true,"_links":{"self":[{"href":"https:\/\/yebodaglass.com\/de\/wp-json\/wp\/v2\/product\/22002","targetHints":{"allow":["GET"]}}],"collection":[{"href":"https:\/\/yebodaglass.com\/de\/wp-json\/wp\/v2\/product"}],"about":[{"href":"https:\/\/yebodaglass.com\/de\/wp-json\/wp\/v2\/types\/product"}],"version-history":[{"count":5,"href":"https:\/\/yebodaglass.com\/de\/wp-json\/wp\/v2\/product\/22002\/revisions"}],"predecessor-version":[{"id":25518,"href":"https:\/\/yebodaglass.com\/de\/wp-json\/wp\/v2\/product\/22002\/revisions\/25518"}],"wp:featuredmedia":[{"embeddable":true,"href":"https:\/\/yebodaglass.com\/de\/wp-json\/wp\/v2\/media\/25516"}],"wp:attachment":[{"href":"https:\/\/yebodaglass.com\/de\/wp-json\/wp\/v2\/media?parent=22002"}],"wp:term":[{"taxonomy":"product_brand","embeddable":true,"href":"https:\/\/yebodaglass.com\/de\/wp-json\/wp\/v2\/product_brand?post=22002"},{"taxonomy":"product_cat","embeddable":true,"href":"https:\/\/yebodaglass.com\/de\/wp-json\/wp\/v2\/product_cat?post=22002"},{"taxonomy":"product_tag","embeddable":true,"href":"https:\/\/yebodaglass.com\/de\/wp-json\/wp\/v2\/product_tag?post=22002"}],"curies":[{"name":"wp","href":"https:\/\/api.w.org\/{rel}","templated":true}]}}