{"id":21951,"date":"2025-10-08T18:01:24","date_gmt":"2025-10-08T10:01:24","guid":{"rendered":"https:\/\/yebodaglass.com\/?post_type=product&#038;p=21951"},"modified":"2026-03-20T15:03:01","modified_gmt":"2026-03-20T07:03:01","slug":"empty-glass-mason-jar-storage-containers-bulk","status":"publish","type":"product","link":"https:\/\/yebodaglass.com\/de\/produkt\/empty-glass-mason-jar-storage-containers-bulk\/","title":{"rendered":"Leere Einmachgl\u00e4ser (150 ml \u2013 1100 ml) \u2013 Gro\u00dfpackung"},"content":{"rendered":"<p>Diese Aufbewahrungsbeh\u00e4lter aus kristallklarem Glas haben eine ungew\u00f6hnliche, runde Form mit leicht erh\u00f6htem Mittelteil, die sich zum Hals und Boden hin verj\u00fcngt. Sie besitzen ein normales Gewinde am Hals und einen goldfarbenen Schraubverschluss aus Metall.<\/p>\n<h2>Produkteigenschaften<\/h2>\n<ul>\n<li><strong>Materia\u0142 szklany przezroczysty:<\/strong> Das Glas ist kristallklar, sodass der Inhalt gut sichtbar ist und das Produkt f\u00fcr die Lebensmittel- und Handwerksindustrie attraktiver wird.<\/li>\n<li><strong>Goldene Uniformm\u00fctze:<\/strong> Der dazugeh\u00f6rige goldfarbene Schraubverschluss ist aus Metall gefertigt und sorgt f\u00fcr einen festen Sitz. Er verleiht beiden Ausf\u00fchrungen eine stimmige und hochwertige Note.<\/li>\n<li><strong>Verschiedene Gr\u00f6\u00dfen:<\/strong> Es ist in verschiedenen Gr\u00f6\u00dfen erh\u00e4ltlich, von Mini bis riesig, je nach Bedarf an Probenlagerung bis hin zu gro\u00dfen Lagermengen.<\/li>\n<\/ul>\n<h2><strong data-spm-anchor-id=\"5176.28103460.0.i8.29ab2e31Xe3rbZ\">Wichtigste Spezifikationen<\/strong><\/h2>\n<table style=\"border-collapse: collapse; width: 80%; margin-left: auto; margin-right: auto;\" border=\"0\" width=\"363\" cellspacing=\"0\" cellpadding=\"0\">\n<tbody>\n<tr style=\"height: 13.50pt;\">\n<td class=\"et2\" style=\"height: 13.5pt; width: 56.25pt; text-align: center;\" width=\"75\" height=\"18\">Produkt<\/td>\n<td class=\"et2\" style=\"width: 54pt; text-align: center;\" width=\"72\">Fassungsverm\u00f6gen (ml)<\/td>\n<td class=\"et2\" style=\"width: 54pt; text-align: center;\" width=\"72\">Gr\u00f6\u00dfe (cm)<\/td>\n<td class=\"et2\" style=\"width: 54pt; text-align: center;\" width=\"72\">Farboptionen<\/td>\n<\/tr>\n<tr style=\"height: 13.50pt;\">\n<td class=\"et2\" style=\"height: 13.5pt; text-align: center;\" height=\"18\">63015008<\/td>\n<td class=\"et2\" style=\"text-align: center;\">150<\/td>\n<td class=\"et2\" style=\"text-align: center;\">6.1&#215;6.1&#215;8.2<\/td>\n<td class=\"et2\" style=\"text-align: center;\" rowspan=\"6\">Klar oder individuell (geschnitzte Textur)<\/td>\n<\/tr>\n<tr style=\"height: 13.50pt;\">\n<td class=\"et2\" style=\"height: 13.5pt; text-align: center;\" height=\"18\">63030009<\/td>\n<td class=\"et2\" style=\"text-align: center;\">300<\/td>\n<td class=\"et2\" style=\"text-align: center;\">8.1&#215;8.1&#215;8.9<\/td>\n<\/tr>\n<tr style=\"height: 13.50pt;\">\n<td class=\"et2\" style=\"height: 13.5pt; text-align: center;\" height=\"18\">63038010<\/td>\n<td class=\"et2\" style=\"text-align: center;\">380<\/td>\n<td class=\"et2\" style=\"text-align: center;\">9,0 \u00d7 9,0 \u00d7 9,6<\/td>\n<\/tr>\n<tr style=\"height: 13.50pt;\">\n<td class=\"et2\" style=\"height: 13.5pt; text-align: center;\" height=\"18\">63050011<\/td>\n<td class=\"et2\" style=\"text-align: center;\">500<\/td>\n<td class=\"et2\" style=\"text-align: center;\">8.2&#215;8.2&#215;13.0<\/td>\n<\/tr>\n<tr style=\"height: 13.50pt;\">\n<td class=\"et2\" style=\"height: 13.5pt; text-align: center;\" height=\"18\">63103012<\/td>\n<td class=\"et2\" style=\"text-align: center;\">1030<\/td>\n<td class=\"et2\" style=\"text-align: center;\">9.9&#215;9.9&#215;16.7<\/td>\n<\/tr>\n<tr style=\"height: 13.50pt;\">\n<td class=\"et2\" style=\"height: 13.5pt; text-align: center;\" height=\"18\">63110013<\/td>\n<td class=\"et2\" style=\"text-align: center;\">1100<\/td>\n<td class=\"et2\" style=\"text-align: center;\">9.7&#215;9.7&#215;17.5<\/td>\n<\/tr>\n<\/tbody>\n<\/table>\n<h2>Erfolgsgeschichte<\/h2>\n<p>Einer der Honigproduzenten aus Utah w\u00e4hlte unser Einmachglas und lie\u00df es in einem hellen Bernsteinton mit einem aufgedruckten Wabenmuster versehen. Das traditionelle Design des Glases st\u00e4rkte das Image seiner Marke als Traditionsbetrieb, was zu einem Anstieg der Online-Verk\u00e4ufe um 60 Prozent f\u00fchrte. Das aufgedruckte Wabenmuster steigerte die Erw\u00e4hnungen in den sozialen Medien um 300 Prozent. Aufgrund des au\u00dfergew\u00f6hnlichen Erfolgs beim Verkauf von Honig an eine der nationalen Bio-Lebensmittelketten bestellte der Hersteller weitere 720.000 Gl\u00e4ser.<\/p>\n<h2>Anpassbare Aufbewahrungsbeh\u00e4lter aus Einmachgl\u00e4sern<\/h2>\n<ul>\n<li>Pr\u00e4gung: Strukturierte Muster (z. B. Weizen\u00e4hren, Bienen) k\u00f6nnen auf die Schultern der Gl\u00e4ser aufgebracht werden.<\/li>\n<li>Erhabene Volumenmarkierungen: Durch die Anbringung von dezenten erhabenen Volumenmarkierungen (Unzen, Tassen, Milliliter) an der Seite des Glases oder der Flasche wird deren Vielseitigkeit erh\u00f6ht.<\/li>\n<li>Quadratisches Einmachglas-Design: Wir entwerfen quadratische Einmachgl\u00e4ser, die Platz sparen und sich daher ideal f\u00fcr die Regalaufstellung und den Versand eignen.<\/li>\n<\/ul>","protected":false},"excerpt":{"rendered":"<p>Hochwertige Einmachgl\u00e4ser mit robustem Glask\u00f6rper und Metalldeckel. Ideal zur Aufbewahrung von Lebensmitteln, Getr\u00e4nken und zum Verpacken. Schneller Versand m\u00f6glich.<\/p>","protected":false},"featured_media":25538,"template":"","meta":[],"product_brand":[],"product_cat":[125,124,122],"product_tag":[],"class_list":{"0":"post-21951","1":"product","2":"type-product","3":"status-publish","4":"has-post-thumbnail","6":"product_cat-mason-glass-jars","7":"product_cat-custom-glass-jars","8":"product_cat-custom-glass-packaging","10":"first","11":"instock","12":"shipping-taxable","13":"product-type-simple"},"jetpack_sharing_enabled":true,"_links":{"self":[{"href":"https:\/\/yebodaglass.com\/de\/wp-json\/wp\/v2\/product\/21951","targetHints":{"allow":["GET"]}}],"collection":[{"href":"https:\/\/yebodaglass.com\/de\/wp-json\/wp\/v2\/product"}],"about":[{"href":"https:\/\/yebodaglass.com\/de\/wp-json\/wp\/v2\/types\/product"}],"version-history":[{"count":5,"href":"https:\/\/yebodaglass.com\/de\/wp-json\/wp\/v2\/product\/21951\/revisions"}],"predecessor-version":[{"id":25540,"href":"https:\/\/yebodaglass.com\/de\/wp-json\/wp\/v2\/product\/21951\/revisions\/25540"}],"wp:featuredmedia":[{"embeddable":true,"href":"https:\/\/yebodaglass.com\/de\/wp-json\/wp\/v2\/media\/25538"}],"wp:attachment":[{"href":"https:\/\/yebodaglass.com\/de\/wp-json\/wp\/v2\/media?parent=21951"}],"wp:term":[{"taxonomy":"product_brand","embeddable":true,"href":"https:\/\/yebodaglass.com\/de\/wp-json\/wp\/v2\/product_brand?post=21951"},{"taxonomy":"product_cat","embeddable":true,"href":"https:\/\/yebodaglass.com\/de\/wp-json\/wp\/v2\/product_cat?post=21951"},{"taxonomy":"product_tag","embeddable":true,"href":"https:\/\/yebodaglass.com\/de\/wp-json\/wp\/v2\/product_tag?post=21951"}],"curies":[{"name":"wp","href":"https:\/\/api.w.org\/{rel}","templated":true}]}}