{"id":21943,"date":"2025-10-08T11:17:15","date_gmt":"2025-10-08T03:17:15","guid":{"rendered":"https:\/\/yebodaglass.com\/?post_type=product&#038;p=21943"},"modified":"2026-04-10T10:25:45","modified_gmt":"2026-04-10T02:25:45","slug":"amber-cylindrical-olive-oil-glass-containers-bulk","status":"publish","type":"product","link":"https:\/\/yebodaglass.com\/de\/amber-cylindrical-olive-oil-glass-containers-bulk\/","title":{"rendered":"250 ml, 500 ml, 750 ml Braunglas-Zylinderbeh\u00e4lter f\u00fcr Oliven\u00f6l (lose)"},"content":{"rendered":"<p>These olive oil glass containers have a cylindrical shape which narrows down to the neck section that creates a typical threaded opening. The amber glass construction of these bottles delivers optimal UV protection which enables them to preserve the original quality of the olive oil.<\/p>\n<h2>Produkteigenschaften<\/h2>\n<ul>\n<li><strong>UV-resistant amber glass:<\/strong> The deep amber glass material functions as a UV barrier which protects sensitive oils from deterioration while maintaining their original taste and appearance and their complete nutritional content.<\/li>\n<li><strong>Three sizes available:<\/strong> Small, medium, and large bottles are available to meet a variety of packaging needs, from sample packs to kitchen staples.<\/li>\n<li><strong>Sturdy cylindrical body:<\/strong> The glass cylinder design uses thick walls and straight walls to create a strong and weather-resistant structure which users can easily handle while offering sufficient space for product identification.<\/li>\n<\/ul>\n<h2 style=\"text-align: left;\">Wichtigste Spezifikationen<\/h2>\n<table class=\"aligncenter\" style=\"border-collapse: collapse; width: 493.52pt;\" border=\"0\" width=\"658\" cellspacing=\"0\" cellpadding=\"0\">\n<tbody>\n<tr style=\"height: 13.50pt;\">\n<td style=\"height: 13.50pt; width: 101.25pt;\" width=\"135\" height=\"18\">Besonderheit<\/td>\n<td style=\"width: 392.25pt;\" width=\"523\">Spezifikation<\/td>\n<\/tr>\n<tr style=\"height: 13.50pt;\">\n<td style=\"height: 13.50pt;\" height=\"18\">Ma\u00dfe<\/td>\n<td>5 \u00d7 23,2 cm (250 ml), 6,1 \u00d7 28 cm (500 ml), 6,9 \u00d7 30,9 cm (750 ml)<\/td>\n<\/tr>\n<tr style=\"height: 13.50pt;\">\n<td style=\"height: 13.50pt;\" height=\"18\">Halsumfang<\/td>\n<td>19\u00d730mm (Schraubgewinde)<\/td>\n<\/tr>\n<tr style=\"height: 13.50pt;\">\n<td style=\"height: 13.50pt;\" height=\"18\">Material<\/td>\n<td>Bernsteinfarbenes Glas<\/td>\n<\/tr>\n<tr style=\"height: 13.50pt;\">\n<td style=\"height: 13.50pt;\" height=\"18\">Form<\/td>\n<td>Zylindrisch<\/td>\n<\/tr>\n<tr style=\"height: 13.50pt;\">\n<td style=\"height: 13.50pt;\" height=\"18\">Deckeltyp<\/td>\n<td>Schraubverschluss (kompatibel mit Pumpe, Ausgie\u00dfer oder festem Deckel)<\/td>\n<\/tr>\n<tr style=\"height: 13.50pt;\">\n<td style=\"height: 13.50pt;\" height=\"18\">Anwendungsf\u00e4lle<\/td>\n<td>Oliven\u00f6l, Essig, Saucen, handwerklich hergestellte \u00d6le, K\u00fcchenaufbewahrung<\/td>\n<\/tr>\n<\/tbody>\n<\/table>\n<h2>Success Story: Relaunch of a California Extra Virgin Olive Oil Brand<\/h2>\n<p>The California olive oil producer chose our 250ml amber olive oil bottle glass product and created a personalized design using screen printing techniques to apply gold foil. The UV protection extended the shelf life of unfiltered olive oil by 60% while gold printing increased the export market value by 25%. The brand achieved great success, and they subsequently ordered 380,000 bottles for the launch of a new line of flavored oils and gift sets.<\/p>\n<h2>Olive Oil Glass Containers Customization Options<\/h2>\n<ul>\n<li>The glass color selection includes three options of light amber medium amber and dark amber which provide different UV protection levels.<\/li>\n<li>The product uses a perforated shrink wrap seal or a fragile plastic safety ring which is placed beneath the cap to establish tamper-evident protection for retail products.<\/li>\n<li>Screen printing enables the application of product variety information and country of origin details and usage instructions directly onto the glass surface.<\/li>\n<\/ul>","protected":false},"excerpt":{"rendered":"<p>Premium olive oil glass containers with durable amber glass and secure cap. Olive oil bottle glass perfect for kitchen and retail use. Fast shipping worldwide.<\/p>","protected":false},"featured_media":25631,"template":"","meta":[],"product_brand":[],"product_cat":[126,123,122],"product_tag":[],"class_list":{"0":"post-21943","1":"product","2":"type-product","3":"status-publish","4":"has-post-thumbnail","6":"product_cat-olive-oil-bottles","7":"product_cat-custom-glass-bottles","8":"product_cat-custom-glass-packaging","10":"first","11":"instock","12":"shipping-taxable","13":"product-type-simple"},"jetpack_sharing_enabled":true,"_links":{"self":[{"href":"https:\/\/yebodaglass.com\/de\/wp-json\/wp\/v2\/product\/21943","targetHints":{"allow":["GET"]}}],"collection":[{"href":"https:\/\/yebodaglass.com\/de\/wp-json\/wp\/v2\/product"}],"about":[{"href":"https:\/\/yebodaglass.com\/de\/wp-json\/wp\/v2\/types\/product"}],"version-history":[{"count":5,"href":"https:\/\/yebodaglass.com\/de\/wp-json\/wp\/v2\/product\/21943\/revisions"}],"predecessor-version":[{"id":25716,"href":"https:\/\/yebodaglass.com\/de\/wp-json\/wp\/v2\/product\/21943\/revisions\/25716"}],"wp:featuredmedia":[{"embeddable":true,"href":"https:\/\/yebodaglass.com\/de\/wp-json\/wp\/v2\/media\/25631"}],"wp:attachment":[{"href":"https:\/\/yebodaglass.com\/de\/wp-json\/wp\/v2\/media?parent=21943"}],"wp:term":[{"taxonomy":"product_brand","embeddable":true,"href":"https:\/\/yebodaglass.com\/de\/wp-json\/wp\/v2\/product_brand?post=21943"},{"taxonomy":"product_cat","embeddable":true,"href":"https:\/\/yebodaglass.com\/de\/wp-json\/wp\/v2\/product_cat?post=21943"},{"taxonomy":"product_tag","embeddable":true,"href":"https:\/\/yebodaglass.com\/de\/wp-json\/wp\/v2\/product_tag?post=21943"}],"curies":[{"name":"wp","href":"https:\/\/api.w.org\/{rel}","templated":true}]}}