{"id":21833,"date":"2025-09-29T11:46:29","date_gmt":"2025-09-29T03:46:29","guid":{"rendered":"https:\/\/yebodaglass.com\/?post_type=product&#038;p=21833"},"modified":"2025-10-09T18:01:44","modified_gmt":"2025-10-09T10:01:44","slug":"custom-olive-oil-bottles-high-quality-glass-oil-bottles-for-wholesale","status":"publish","type":"product","link":"https:\/\/yebodaglass.com\/de\/custom-olive-oil-bottles-high-quality-glass-oil-bottles-for-wholesale\/","title":{"rendered":"Kundenspezifische 60\u20131000 ml Klarglas-Oliven\u00f6lflaschen \u2013 Quadratische Flaschen mit Schraubdeckel"},"content":{"rendered":"<div data-elementor-type=\"product-post\" data-elementor-id=\"21833\" class=\"elementor elementor-21833\" data-elementor-settings=\"{&quot;ha_cmc_init_switcher&quot;:&quot;no&quot;}\" data-elementor-post-type=\"product\">\n\t\t\t\t<div class=\"elementor-element elementor-element-7cc6e53 e-flex e-con-boxed e-con e-parent\" data-id=\"7cc6e53\" data-element_type=\"container\" data-e-type=\"container\" data-settings=\"{&quot;_ha_eqh_enable&quot;:false}\">\n\t\t\t\t\t<div class=\"e-con-inner\">\n\t\t\t\t<div class=\"elementor-element elementor-element-b9ffd68 elementor-widget elementor-widget-text-editor\" data-id=\"b9ffd68\" data-element_type=\"widget\" data-e-type=\"widget\" data-widget_type=\"text-editor.default\">\n\t\t\t\t<div class=\"elementor-widget-container\">\n\t\t\t\t\t\t\t\t\t<p>Als f\u00fchrender Hersteller und Lieferant hochwertiger Glasverpackungen wissen wir, wie wichtig hochwertige, individuelle Oliven\u00f6lflaschen sind, die Ihre \u00d6lmarke aufwerten. Unser Kurs bietet Vielseitigkeit f\u00fcr Gro\u00df- und Gro\u00dfbestellungen und zeigt Ihnen transparente Oliven\u00f6lflaschen aus Glas, die die Reinheit Ihres Oliven\u00f6ls unterstreichen. Ob Standard-\u00d6lspenderflasche oder individuelle L\u00f6sung \u2013 unsere Glasflaschen sind in vielen Gr\u00f6\u00dfen f\u00fcr jeden Einsatzzweck erh\u00e4ltlich.<\/p><h2>Produkteigenschaften<\/h2><ul><li><strong>Quadratisches modernes Design<\/strong>: Die moderne Klassengr\u00f6\u00dfe steigert die Attraktivit\u00e4t im Regal und spart Platz, wodurch sie ideal f\u00fcr den Einzelhandel ist.<\/li><li><strong>Lebensmittelechtes Klarglas<\/strong>: Hergestellt aus hochwertigem \u00d6lflaschenglas, erm\u00f6glicht dies den Kunden, die satte Farbe, die Konstruktionsglaube und das Verlangen nach Ihrem Oliven\u00f6l zu sehen.<\/li><li><strong>Sicherer Schraubhals<\/strong>: Kompatibel mit verschiedenen Deckeloptionen, einschlie\u00dflich Metall oder Kunststoff, sorgen Sie f\u00fcr einen auslaufsicheren Oliven\u00f6lbeh\u00e4lter zum einfachen Einsetzen.<\/li><li><strong>Mehrere Kapazit\u00e4tsoptionen<\/strong>: Von gro\u00dfen 1000-ml-Gr\u00f6\u00dfen f\u00fcr den Massengebrauch bis hin zu kleinen 60-ml-Flaschen f\u00fcr Proben bieten wir Flexibilit\u00e4t, um unterschiedlichen Anforderungen gerecht zu werden.<\/li><\/ul>\t\t\t\t\t\t\t\t<\/div>\n\t\t\t\t<\/div>\n\t\t\t\t<div class=\"elementor-element elementor-element-920ae84 elementor-widget elementor-widget-text-editor\" data-id=\"920ae84\" data-element_type=\"widget\" data-e-type=\"widget\" data-widget_type=\"text-editor.default\">\n\t\t\t\t<div class=\"elementor-widget-container\">\n\t\t\t\t\t\t\t\t\t<h2>Wichtige Spezifikationen:<\/h2><table border=\"0\" width=\"100%\" cellspacing=\"0\" cellpadding=\"0\"><tbody><tr><td class=\"et2\" style=\"text-align: center;\" colspan=\"4\" width=\"100%\" height=\"18\"><strong>Quadratische Oliven\u00f6lflasche aus Klarglas mit Schraubverschluss<\/strong><\/td><\/tr><tr><td class=\"et2\" style=\"text-align: left;\" height=\"24\"><strong>Modell<\/strong><\/td><td class=\"et2\" style=\"text-align: left;\"><strong>Kapazit\u00e4t\/ml<\/strong><\/td><td class=\"et2\" style=\"text-align: left;\"><strong>Gr\u00f6\u00dfe\/cm<\/strong><\/td><td class=\"et2\" style=\"text-align: left;\"><strong>Innen-\/Au\u00dfendurchmesser\/mm<\/strong><\/td><\/tr><tr><td class=\"et2\" style=\"text-align: center;\" height=\"24\">11006001<\/td><td class=\"et2\">60<\/td><td class=\"et2\">3.5*3.5*12.4<\/td><td class=\"et2\">9.5*18<\/td><\/tr><tr><td class=\"et2\" style=\"text-align: center;\" height=\"18\">11010002<\/td><td class=\"et2\">100<\/td><td class=\"et2\">4.1*4.1*14.0<\/td><td class=\"et2\">13.5*24<\/td><\/tr><tr><td class=\"et2\" style=\"text-align: center;\" height=\"18\">11010003<\/td><td class=\"et2\">100<\/td><td class=\"et2\">4.3*4.3*14.0<\/td><td class=\"et2\">13.5*24<\/td><\/tr><tr><td class=\"et2\" style=\"text-align: center;\" height=\"20\">11015004<\/td><td class=\"et2\">150<\/td><td class=\"et2\">4.9*4.9*15.6<\/td><td class=\"et2\">19*30<\/td><\/tr><tr><td class=\"et2\" style=\"text-align: center;\" height=\"20\">11025005<\/td><td class=\"et2\">250<\/td><td class=\"et2\">4.7*4.7*21.0<\/td><td class=\"et2\">19*30<\/td><\/tr><tr><td class=\"et2\" style=\"text-align: center;\" height=\"20\">11050006<\/td><td class=\"et2\">500<\/td><td class=\"et2\">5.8*5.8*26.4<\/td><td class=\"et2\">19*30<\/td><\/tr><tr><td class=\"et2\" style=\"text-align: center;\" height=\"20\">11075007<\/td><td class=\"et2\">750<\/td><td class=\"et2\">6.5*6.5*30.2<\/td><td class=\"et2\">19*30<\/td><\/tr><tr><td class=\"et2\" style=\"text-align: center;\" height=\"20\">11100008<\/td><td class=\"et2\">1000<\/td><td class=\"et2\">7.4*7.4*30<\/td><td class=\"et2\">19*30<\/td><\/tr><\/tbody><\/table><p>Zubeh\u00f6roptionen: Jede Flasche verf\u00fcgt \u00fcber einen Schraubverschluss, der mit verschiedenen Deckeltypen (Metall oder Kunststoff) kompatibel ist, sowie \u00fcber Innendichtungen, Ausgie\u00dfer (\u00d6lspender) und Au\u00dfenfolien. Zu den Anpassungsm\u00f6glichkeiten geh\u00f6ren Farbvarianten f\u00fcr Deckel und Beschriftung.<\/p><h2>Fallstudie:<\/h2><p>Einer unserer Kunden, eine Premium-\u00d6lmarke, verzeichnete nach der Umstellung auf unsere ma\u00dfgeschneiderten Oliven\u00f6lflaschen einen Anstieg seiner Online-Verk\u00e4ufe um 30 %. Er bestellte gro\u00dfe Mengen der quadratischen 500-ml-Glasflasche f\u00fcr Oliven\u00f6l mit individuellem Deckel und Ausgie\u00dfer. Die Klarglasverpackung unterstrich die Qualit\u00e4t des Produkts, und unser zuverl\u00e4ssiger Versand gew\u00e4hrleistete eine p\u00fcnktliche Lieferung f\u00fcr die Weihnachtskampagne.<\/p><h2>Tipps zur Anpassung<\/h2><p>F\u00fcr Marken, die sich von der Masse abheben m\u00f6chten, empfehlen wir, die Deckelfarbe an Ihr Branding anzupassen oder einen speziellen \u00d6lspender f\u00fcr kontrolliertes Ausgie\u00dfen hinzuzuf\u00fcgen. Gro\u00dfbestellungen erhalten Sie mit Gro\u00dfhandelsrabatten, und wir bieten ein kostenloses Probeprogramm an, damit Sie die Glas-\u00d6lflasche mit Deckel vor der Bestellung testen k\u00f6nnen. Zu unseren individuellen Dienstleistungen geh\u00f6ren Logodruck und Gr\u00f6\u00dfenanpassungen \u2013 kontaktieren Sie uns einfach mit Ihren W\u00fcnschen.<\/p><p><strong>Bestellinformationen<\/strong>: Bestellen Sie noch heute f\u00fcr schnellen Versand und Lieferung. Diese Oliven\u00f6lflaschen aus Glas sind in klarer Ausf\u00fchrung erh\u00e4ltlich und eignen sich perfekt f\u00fcr alle \u00d6lflaschenanwendungen.<\/p>\t\t\t\t\t\t\t\t<\/div>\n\t\t\t\t<\/div>\n\t\t\t\t\t<\/div>\n\t\t\t\t<\/div>\n\t\t\t\t<\/div>","protected":false},"excerpt":{"rendered":"<p>Entdecken Sie hochwertige, individuell gestaltbare Oliven\u00f6lflaschen und Glas\u00f6lflaschen mit Deckel f\u00fcr Ihre Marke. Gro\u00dfhandelspreise, Mengenrabatte und kostenlose Muster verf\u00fcgbar.<\/p>","protected":false},"featured_media":21837,"template":"","meta":[],"product_brand":[],"product_cat":[122,123],"product_tag":[],"class_list":{"0":"post-21833","1":"product","2":"type-product","3":"status-publish","4":"has-post-thumbnail","6":"product_cat-custom-glass-packaging","7":"product_cat-custom-glass-bottles","9":"first","10":"instock","11":"shipping-taxable","12":"product-type-simple"},"jetpack_sharing_enabled":true,"_links":{"self":[{"href":"https:\/\/yebodaglass.com\/de\/wp-json\/wp\/v2\/product\/21833","targetHints":{"allow":["GET"]}}],"collection":[{"href":"https:\/\/yebodaglass.com\/de\/wp-json\/wp\/v2\/product"}],"about":[{"href":"https:\/\/yebodaglass.com\/de\/wp-json\/wp\/v2\/types\/product"}],"version-history":[{"count":5,"href":"https:\/\/yebodaglass.com\/de\/wp-json\/wp\/v2\/product\/21833\/revisions"}],"predecessor-version":[{"id":21848,"href":"https:\/\/yebodaglass.com\/de\/wp-json\/wp\/v2\/product\/21833\/revisions\/21848"}],"wp:featuredmedia":[{"embeddable":true,"href":"https:\/\/yebodaglass.com\/de\/wp-json\/wp\/v2\/media\/21837"}],"wp:attachment":[{"href":"https:\/\/yebodaglass.com\/de\/wp-json\/wp\/v2\/media?parent=21833"}],"wp:term":[{"taxonomy":"product_brand","embeddable":true,"href":"https:\/\/yebodaglass.com\/de\/wp-json\/wp\/v2\/product_brand?post=21833"},{"taxonomy":"product_cat","embeddable":true,"href":"https:\/\/yebodaglass.com\/de\/wp-json\/wp\/v2\/product_cat?post=21833"},{"taxonomy":"product_tag","embeddable":true,"href":"https:\/\/yebodaglass.com\/de\/wp-json\/wp\/v2\/product_tag?post=21833"}],"curies":[{"name":"wp","href":"https:\/\/api.w.org\/{rel}","templated":true}]}}