{"id":17341,"date":"2025-07-18T12:13:20","date_gmt":"2025-07-18T04:13:20","guid":{"rendered":"https:\/\/yebodaglass.com\/?post_type=product&#038;p=17341"},"modified":"2026-03-25T13:47:20","modified_gmt":"2026-03-25T05:47:20","slug":"wholesale-32-oz-clear-glass-swing-top-bottles","status":"publish","type":"product","link":"https:\/\/yebodaglass.com\/de\/wholesale-32-oz-clear-glass-swing-top-bottles\/","title":{"rendered":"Gro\u00dfhandel 32-Unzen-Klarglasflaschen mit B\u00fcgelverschluss"},"content":{"rendered":"<p>Unser Sortiment umfasst 950-ml-Klarglasflaschen mit B\u00fcgelverschluss und robustem Schraubverschluss, die luftdicht und auslaufsicher verschlie\u00dfen. Diese Glasflaschen halten Ihre Inhalte frisch und in einwandfreiem Zustand. Ob Hobbyk\u00fcnstler oder professioneller Hersteller \u2013 unsere Glasflaschen mit Schraubverschluss sind eine stilvolle und praktische L\u00f6sung zur Aufbewahrung und Pr\u00e4sentation verschiedenster Fl\u00fcssigkeiten.<\/p>\n<h2>Features<\/h2>\n<ul>\n<li style=\"text-align: left;\"><strong>Schraubverschlussdichtung:<\/strong> Der Gummistopfen ist durch ein Drahtgeflecht fest befestigt und bildet so eine dauerhafte, wiederverwendbare Abdichtung.<\/li>\n<li style=\"text-align: left;\"><strong>Hochreines Glas:<\/strong> Durch den Glask\u00f6rper kann man die Farbe und den Kohlens\u00e4uregehalt des Getr\u00e4nks deutlich erkennen.<\/li>\n<li style=\"text-align: left;\"><strong>Langlebige Metallbeschl\u00e4ge:<\/strong> Der Keramik-\/Kunststoffstopfen und das Metalldrahtgewebe sind robust und k\u00f6nnen \u00fcber einen langen Zeitraum immer wieder verwendet werden.<\/li>\n<\/ul>\n<h2 style=\"text-align: left;\">Wichtigste Spezifikationen<\/h2>\n<table class=\"aligncenter\" style=\"border-collapse: collapse; width: 565.52pt;\" border=\"0\" width=\"754\" cellspacing=\"0\" cellpadding=\"0\">\n<tbody>\n<tr style=\"height: 13.50pt;\">\n<td style=\"height: 13.50pt; width: 121.50pt;\" width=\"162\" height=\"18\">Spezifikation<\/td>\n<td style=\"width: 444.00pt;\" width=\"592\">Details<\/td>\n<\/tr>\n<tr style=\"height: 13.50pt;\">\n<td style=\"height: 13.50pt;\" height=\"18\">Kapazit\u00e4t<\/td>\n<td>32 oz\/1000 ml<\/td>\n<\/tr>\n<tr style=\"height: 13.50pt;\">\n<td style=\"height: 13.50pt;\" height=\"18\">Verpackungsgr\u00f6\u00dfe<\/td>\n<td>7,3 Zoll \u00d7 7,3 Zoll \u00d7 12,4 Zoll (L \u00d7 B \u00d7 H) \/ 4 St\u00fcck pro Karton<\/td>\n<\/tr>\n<tr style=\"height: 13.50pt;\">\n<td style=\"height: 13.50pt;\" height=\"18\">Material<\/td>\n<td>bleifreies Glas<\/td>\n<\/tr>\n<tr style=\"height: 13.50pt;\">\n<td style=\"height: 13.50pt;\" height=\"18\">Deckeltyp<\/td>\n<td>B\u00fcgelverschluss mit wei\u00dfem Stopfen, roter Gummidichtung und Metalldrahtklemme<\/td>\n<\/tr>\n<tr style=\"height: 13.50pt;\">\n<td style=\"height: 13.50pt;\" height=\"18\">Empfohlene Anwendungen<\/td>\n<td>Ideal zur Aufbewahrung von selbstgemachten Getr\u00e4nken, \u00d6len, Essig, So\u00dfen und Bastelartikeln<\/td>\n<\/tr>\n<\/tbody>\n<\/table>\n<h2>Erfolgsgeschichte<\/h2>\n<p>Unsere 946-ml-Glasflasche mit B\u00fcgelverschluss, individuell bedruckten Art-d\u00e9co-Etiketten und farblich abgestimmten (gr\u00fcnen) Gummidichtungen wurde von einem Limonadenhersteller aus dem Mittleren Westen der USA ausgew\u00e4hlt. Die Kohlens\u00e4ure wird durch den Clipverschluss vollst\u00e4ndig versiegelt, wodurch eine Dichtigkeit von 99,8 % erreicht wird. Die Dichtung besteht aus speziellem gr\u00fcnen Glas, was dem Abf\u00fcllbetrieb einen Dollar Aufpreis pro Flasche kostet. Das Unternehmen war \u00e4u\u00dferst erfolgreich und bestellte daraufhin 150.000 Flaschen seiner neu entwickelten Cocktailshaker- und Trinkessig-Linie.<\/p>\n<h2>Ma\u00dfgefertigte Glasflaschen mit B\u00fcgelverschluss<\/h2>\n<ul>\n<li>Materialien f\u00fcr Klemmen und Dr\u00e4hte: Metallkomponenten sind in verzinktem Stahl, Schwarz, Kupfer oder Messing erh\u00e4ltlich.<\/li>\n<li>Farben der Flaschenverschl\u00fcsse und Dichtungen: Flaschenverschl\u00fcsse (aus Keramik oder Kunststoff) und Dichtungen in jeder Markenfarbe.<\/li>\n<li>Gr\u00f6\u00dfenbereich: Es wird 4 Flaschengr\u00f6\u00dfen geben: 8 oz, 16 oz, 25 oz und 32 oz.<\/li>\n<\/ul>","protected":false},"excerpt":{"rendered":"<p>B\u00fcgelverschlussflaschen aus Glas mit luftdichtem Verschluss und robustem Design. Ideal f\u00fcr kohlens\u00e4urehaltige Getr\u00e4nke und S\u00e4fte. Kostenlose Muster zur Qualit\u00e4tspr\u00fcfung erh\u00e4ltlich.<\/p>","protected":false},"featured_media":17359,"template":"","meta":[],"product_brand":[],"product_cat":[81,80,20],"product_tag":[],"class_list":{"0":"post-17341","1":"product","2":"type-product","3":"status-publish","4":"has-post-thumbnail","6":"product_cat-flip-top-bottles","7":"product_cat-glass-bottles","8":"product_cat-glass-containers","10":"first","11":"instock","12":"shipping-taxable","13":"product-type-grouped"},"jetpack_sharing_enabled":true,"_links":{"self":[{"href":"https:\/\/yebodaglass.com\/de\/wp-json\/wp\/v2\/product\/17341","targetHints":{"allow":["GET"]}}],"collection":[{"href":"https:\/\/yebodaglass.com\/de\/wp-json\/wp\/v2\/product"}],"about":[{"href":"https:\/\/yebodaglass.com\/de\/wp-json\/wp\/v2\/types\/product"}],"version-history":[{"count":5,"href":"https:\/\/yebodaglass.com\/de\/wp-json\/wp\/v2\/product\/17341\/revisions"}],"predecessor-version":[{"id":25600,"href":"https:\/\/yebodaglass.com\/de\/wp-json\/wp\/v2\/product\/17341\/revisions\/25600"}],"wp:featuredmedia":[{"embeddable":true,"href":"https:\/\/yebodaglass.com\/de\/wp-json\/wp\/v2\/media\/17359"}],"wp:attachment":[{"href":"https:\/\/yebodaglass.com\/de\/wp-json\/wp\/v2\/media?parent=17341"}],"wp:term":[{"taxonomy":"product_brand","embeddable":true,"href":"https:\/\/yebodaglass.com\/de\/wp-json\/wp\/v2\/product_brand?post=17341"},{"taxonomy":"product_cat","embeddable":true,"href":"https:\/\/yebodaglass.com\/de\/wp-json\/wp\/v2\/product_cat?post=17341"},{"taxonomy":"product_tag","embeddable":true,"href":"https:\/\/yebodaglass.com\/de\/wp-json\/wp\/v2\/product_tag?post=17341"}],"curies":[{"name":"wp","href":"https:\/\/api.w.org\/{rel}","templated":true}]}}