{"id":17310,"date":"2025-07-18T10:36:56","date_gmt":"2025-07-18T02:36:56","guid":{"rendered":"https:\/\/yebodaglass.com\/?post_type=product&#038;p=17310"},"modified":"2025-09-15T11:20:29","modified_gmt":"2025-09-15T03:20:29","slug":"clear-16-oz-flip-top-bottles-in-bulk","status":"publish","type":"product","link":"https:\/\/yebodaglass.com\/de\/clear-16-oz-flip-top-bottles-in-bulk\/","title":{"rendered":"Klare 16-Unzen-Flaschen mit Klappverschluss in gro\u00dfen Mengen"},"content":{"rendered":"<div data-elementor-type=\"wp-post\" data-elementor-id=\"17310\" class=\"elementor elementor-17310\" data-elementor-settings=\"{&quot;ha_cmc_init_switcher&quot;:&quot;no&quot;}\" data-elementor-post-type=\"product\">\n\t\t\t\t<div class=\"elementor-element elementor-element-bb0d695 e-flex e-con-boxed e-con e-parent\" data-id=\"bb0d695\" data-element_type=\"container\" data-e-type=\"container\" data-settings=\"{&quot;_ha_eqh_enable&quot;:false}\">\n\t\t\t\t\t<div class=\"e-con-inner\">\n\t\t\t\t<div class=\"elementor-element elementor-element-732f179 elementor-widget elementor-widget-text-editor\" data-id=\"732f179\" data-element_type=\"widget\" data-e-type=\"widget\" data-widget_type=\"text-editor.default\">\n\t\t\t\t<div class=\"elementor-widget-container\">\n\t\t\t\t\t\t\t\t\t<p>Unsere 473-ml-Flaschen mit Klappverschluss sind f\u00fcr einen sicheren und dauerhaften Verschluss konzipiert. Hergestellt aus hochwertigem Klarglas, ist der Inhalt jederzeit gut sichtbar. Der elegante Stahl-Schnappverschluss mit roter Gummidichtung verschlie\u00dft die Flasche sicher und gew\u00e4hrleistet auch bei kohlens\u00e4urehaltigen Getr\u00e4nken eine zuverl\u00e4ssige Abdichtung.<\/p>\t\t\t\t\t\t\t\t<\/div>\n\t\t\t\t<\/div>\n\t\t\t\t<div class=\"elementor-element elementor-element-54c8d6c elementor-widget elementor-widget-heading\" data-id=\"54c8d6c\" data-element_type=\"widget\" data-e-type=\"widget\" data-widget_type=\"heading.default\">\n\t\t\t\t<div class=\"elementor-widget-container\">\n\t\t\t\t\t<h2 class=\"elementor-heading-title elementor-size-default\">Wichtigste Spezifikationen<\/h2>\t\t\t\t<\/div>\n\t\t\t\t<\/div>\n\t\t\t\t<div class=\"elementor-element elementor-element-14509d8 elementor-widget elementor-widget-text-editor\" data-id=\"14509d8\" data-element_type=\"widget\" data-e-type=\"widget\" data-widget_type=\"text-editor.default\">\n\t\t\t\t<div class=\"elementor-widget-container\">\n\t\t\t\t\t\t\t\t\t<table class=\"aligncenter\" style=\"border-collapse: collapse; width: 485.27pt;\" border=\"0\" width=\"647\" cellspacing=\"0\" cellpadding=\"0\"><tbody><tr style=\"height: 13.50pt;\"><td class=\"et2\" style=\"height: 13.50pt; width: 107.25pt;\" width=\"143\" height=\"18\">Spezifikation<\/td><td class=\"et2\" style=\"width: 378.00pt;\" width=\"504\">Details<\/td><\/tr><tr style=\"height: 13.50pt;\"><td class=\"et2\" style=\"height: 13.50pt; width: 107.25pt;\" width=\"143\" height=\"18\">Kapazit\u00e4t<\/td><td class=\"et2\" style=\"width: 378.00pt;\" width=\"504\">16 oz\/500ml<\/td><\/tr><tr style=\"height: 13.50pt;\"><td class=\"et2\" style=\"height: 13.50pt; width: 107.25pt;\" width=\"143\" height=\"18\">Verpackungsgr\u00f6\u00dfe<\/td><td class=\"et2\" style=\"width: 378.00pt;\" width=\"504\">9.3 \u00d7 6.3 \u00d7 10.6 in\/6 pieces per box<\/td><\/tr><tr style=\"height: 13.50pt;\"><td class=\"et2\" style=\"height: 13.50pt; width: 107.25pt;\" width=\"143\" height=\"18\">Material<\/td><td class=\"et2\" style=\"width: 378.00pt;\" width=\"504\">bleifreies Glas<\/td><\/tr><tr style=\"height: 27.00pt;\"><td class=\"et2\" style=\"height: 27.00pt; width: 107.25pt;\" width=\"143\" height=\"36\">Flaschenbeschreibung<\/td><td class=\"et2\" style=\"width: 378.00pt;\" width=\"504\">Transparente Glasflasche mit schlankem Hals, sich verj\u00fcngenden Schultern und zylindrischem K\u00f6rper<\/td><\/tr><tr style=\"height: 27.00pt;\"><td class=\"et2\" style=\"height: 27.00pt; width: 107.25pt;\" width=\"143\" height=\"36\">Dichtungsleistung<\/td><td class=\"et2\" style=\"width: 378.00pt;\" width=\"504\">Sicherer und luftdichter Verschluss zur Erhaltung der Frische<\/td><\/tr><\/tbody><\/table>\t\t\t\t\t\t\t\t<\/div>\n\t\t\t\t<\/div>\n\t\t\t\t\t<\/div>\n\t\t\t\t<\/div>\n\t\t<div class=\"elementor-element elementor-element-55e31eb e-flex e-con-boxed e-con e-parent\" data-id=\"55e31eb\" data-element_type=\"container\" data-e-type=\"container\" data-settings=\"{&quot;_ha_eqh_enable&quot;:false}\">\n\t\t\t\t\t<div class=\"e-con-inner\">\n\t\t\t\t<div class=\"elementor-element elementor-element-fc0900e elementor-widget elementor-widget-heading\" data-id=\"fc0900e\" data-element_type=\"widget\" data-e-type=\"widget\" data-widget_type=\"heading.default\">\n\t\t\t\t<div class=\"elementor-widget-container\">\n\t\t\t\t\t<h2 class=\"elementor-heading-title elementor-size-default\">Features<\/h2>\t\t\t\t<\/div>\n\t\t\t\t<\/div>\n\t\t\t\t\t<\/div>\n\t\t\t\t<\/div>\n\t\t<div class=\"elementor-element elementor-element-723cd80 e-flex e-con-boxed e-con e-parent\" data-id=\"723cd80\" data-element_type=\"container\" data-e-type=\"container\" data-settings=\"{&quot;_ha_eqh_enable&quot;:false}\">\n\t\t\t\t\t<div class=\"e-con-inner\">\n\t\t<div class=\"elementor-element elementor-element-bf4cb81 e-con-full e-flex e-con e-child\" data-id=\"bf4cb81\" data-element_type=\"container\" data-e-type=\"container\" data-settings=\"{&quot;_ha_eqh_enable&quot;:false}\">\n\t\t\t\t<div class=\"elementor-element elementor-element-202a3f6 elementor-widget elementor-widget-image\" data-id=\"202a3f6\" data-element_type=\"widget\" data-e-type=\"widget\" data-widget_type=\"image.default\">\n\t\t\t\t<div class=\"elementor-widget-container\">\n\t\t\t\t\t\t\t\t\t\t\t\t\t\t\t<img decoding=\"async\" src=\"https:\/\/yebodaglass.com\/wp-content\/uploads\/elementor\/thumbs\/500ml-\u573a\u666f\u56fe-\u62f7\u8d1d_\u526f\u672c-\u62f7\u8d1d-12-r8x8o0auzi7sairwp89eg4jh2d1pxp211p30q4t0gw.webp\" title=\"YEBODA 16 oz Flip Top Bottles in Bulk\" alt=\"YEBODA 16 oz Flip Top Bottles in Bulk\" loading=\"lazy\" \/>\t\t\t\t\t\t\t\t\t\t\t\t\t\t\t<\/div>\n\t\t\t\t<\/div>\n\t\t\t\t<div class=\"elementor-element elementor-element-fc1fd2d elementor-widget elementor-widget-text-editor\" data-id=\"fc1fd2d\" data-element_type=\"widget\" data-e-type=\"widget\" data-widget_type=\"text-editor.default\">\n\t\t\t\t<div class=\"elementor-widget-container\">\n\t\t\t\t\t\t\t\t\t<p>Luftdichter B\u00fcgelverschluss: Ausgestattet mit einem stabilen B\u00fcgelverschluss, der f\u00fcr auslaufsichere Abdichtung sorgt und ideal zur Aufbewahrung von Fl\u00fcssigkeiten geeignet ist.<\/p>\t\t\t\t\t\t\t\t<\/div>\n\t\t\t\t<\/div>\n\t\t\t\t<\/div>\n\t\t<div class=\"elementor-element elementor-element-73418b7 e-con-full e-flex e-con e-child\" data-id=\"73418b7\" data-element_type=\"container\" data-e-type=\"container\" data-settings=\"{&quot;_ha_eqh_enable&quot;:false}\">\n\t\t\t\t<div class=\"elementor-element elementor-element-490e976 elementor-widget elementor-widget-image\" data-id=\"490e976\" data-element_type=\"widget\" data-e-type=\"widget\" data-widget_type=\"image.default\">\n\t\t\t\t<div class=\"elementor-widget-container\">\n\t\t\t\t\t\t\t\t\t\t\t\t\t\t\t<img decoding=\"async\" src=\"https:\/\/yebodaglass.com\/wp-content\/uploads\/elementor\/thumbs\/89-\u62f7\u8d1d-r8x8nzd0so6hywt9upurvms0gz6cpzyapkfj8uuen4.webp\" title=\"YEBODA 16 oz Flip Top Bottles in Bulk\" alt=\"YEBODA 16 oz Flip Top Bottles in Bulk\" loading=\"lazy\" \/>\t\t\t\t\t\t\t\t\t\t\t\t\t\t\t<\/div>\n\t\t\t\t<\/div>\n\t\t\t\t<div class=\"elementor-element elementor-element-28d6163 elementor-widget elementor-widget-text-editor\" data-id=\"28d6163\" data-element_type=\"widget\" data-e-type=\"widget\" data-widget_type=\"text-editor.default\">\n\t\t\t\t<div class=\"elementor-widget-container\">\n\t\t\t\t\t\t\t\t\t<p>Stromlinienf\u00f6rmiges Design mit schmalem Hals: Der schlanke Hals und die konische Form erm\u00f6glichen ein kontrolliertes und bequemes Ausgie\u00dfen und verleihen der Flasche gleichzeitig ein elegantes Aussehen.<\/p>\t\t\t\t\t\t\t\t<\/div>\n\t\t\t\t<\/div>\n\t\t\t\t<\/div>\n\t\t\t\t\t<\/div>\n\t\t\t\t<\/div>\n\t\t<div class=\"elementor-element elementor-element-523cc7f e-flex e-con-boxed e-con e-parent\" data-id=\"523cc7f\" data-element_type=\"container\" data-e-type=\"container\" data-settings=\"{&quot;_ha_eqh_enable&quot;:false}\">\n\t\t\t\t\t<div class=\"e-con-inner\">\n\t\t<div class=\"elementor-element elementor-element-744006f e-con-full e-flex e-con e-child\" data-id=\"744006f\" data-element_type=\"container\" data-e-type=\"container\" data-settings=\"{&quot;_ha_eqh_enable&quot;:false}\">\n\t\t\t\t<div class=\"elementor-element elementor-element-9ce8179 elementor-widget elementor-widget-image\" data-id=\"9ce8179\" data-element_type=\"widget\" data-e-type=\"widget\" data-widget_type=\"image.default\">\n\t\t\t\t<div class=\"elementor-widget-container\">\n\t\t\t\t\t\t\t\t\t\t\t\t\t\t\t<img decoding=\"async\" src=\"https:\/\/yebodaglass.com\/wp-content\/uploads\/elementor\/thumbs\/36-r8x8nyf6lu57naun07g5b50jvlaziaukdfs1rkvstc.jpg\" title=\"YEBODA 16 oz Flip Top Bottles in Bulk\" alt=\"YEBODA 16 oz Flip Top Bottles in Bulk\" loading=\"lazy\" \/>\t\t\t\t\t\t\t\t\t\t\t\t\t\t\t<\/div>\n\t\t\t\t<\/div>\n\t\t\t\t<div class=\"elementor-element elementor-element-78c6605 elementor-widget elementor-widget-text-editor\" data-id=\"78c6605\" data-element_type=\"widget\" data-e-type=\"widget\" data-widget_type=\"text-editor.default\">\n\t\t\t\t<div class=\"elementor-widget-container\">\n\t\t\t\t\t\t\t\t\t<p>Langlebiges Klarglas: Hergestellt aus dickem, transparentem Glas, das robust ist und eine klare Sicht auf den Inhalt erm\u00f6glicht.<\/p>\t\t\t\t\t\t\t\t<\/div>\n\t\t\t\t<\/div>\n\t\t\t\t<\/div>\n\t\t<div class=\"elementor-element elementor-element-8519877 e-con-full e-flex e-con e-child\" data-id=\"8519877\" data-element_type=\"container\" data-e-type=\"container\" data-settings=\"{&quot;_ha_eqh_enable&quot;:false}\">\n\t\t\t\t<div class=\"elementor-element elementor-element-7d08a07 elementor-widget elementor-widget-image\" data-id=\"7d08a07\" data-element_type=\"widget\" data-e-type=\"widget\" data-widget_type=\"image.default\">\n\t\t\t\t<div class=\"elementor-widget-container\">\n\t\t\t\t\t\t\t\t\t\t\t\t\t\t\t<img decoding=\"async\" src=\"https:\/\/yebodaglass.com\/wp-content\/uploads\/elementor\/thumbs\/897-r8x8o26jd6acxqp6e92nl42e94sgd39hpydzooq84g.jpg\" title=\"YEBODA 16 oz Flip Top Bottles in Bulk\" alt=\"YEBODA 16 oz Flip Top Bottles in Bulk\" loading=\"lazy\" \/>\t\t\t\t\t\t\t\t\t\t\t\t\t\t\t<\/div>\n\t\t\t\t<\/div>\n\t\t\t\t<div class=\"elementor-element elementor-element-dca6cea elementor-widget elementor-widget-text-editor\" data-id=\"dca6cea\" data-element_type=\"widget\" data-e-type=\"widget\" data-widget_type=\"text-editor.default\">\n\t\t\t\t<div class=\"elementor-widget-container\">\n\t\t\t\t\t\t\t\t\t<p>Vielseitig und wiederverwendbar: Ideal zur Aufbewahrung von selbstgemachten Fl\u00fcssigkeiten, So\u00dfen oder \u00d6len und wiederverwendbar f\u00fcr den nachhaltigen, allt\u00e4glichen Gebrauch.<\/p>\t\t\t\t\t\t\t\t<\/div>\n\t\t\t\t<\/div>\n\t\t\t\t<\/div>\n\t\t\t\t\t<\/div>\n\t\t\t\t<\/div>\n\t\t<div class=\"elementor-element elementor-element-88b472e e-con-full e-flex e-con e-parent\" data-id=\"88b472e\" data-element_type=\"container\" data-e-type=\"container\" data-settings=\"{&quot;_ha_eqh_enable&quot;:false}\">\n\t\t\t\t<div class=\"elementor-element elementor-element-3582c55 elementor-widget elementor-widget-text-editor\" data-id=\"3582c55\" data-element_type=\"widget\" data-e-type=\"widget\" data-widget_type=\"text-editor.default\">\n\t\t\t\t<div class=\"elementor-widget-container\">\n\t\t\t\t\t\t\t\t\t<p>\u00a0 \u00a0 \u00a0 \u00a0 \u00a0 \u00a0 \u00a0 \u00a0 \u00a0 \u00a0 \u00a0 \u00a0 <img fetchpriority=\"high\" decoding=\"async\" class=\"alignnone wp-image-16229\" src=\"https:\/\/yebodaglass.com\/wp-content\/uploads\/2025\/07\/d1ad5ea8ed4fd82e283a3a35878dd5c.png\" alt=\"\" width=\"240\" height=\"240\" srcset=\"https:\/\/yebodaglass.com\/wp-content\/uploads\/2025\/07\/d1ad5ea8ed4fd82e283a3a35878dd5c.png 220w, https:\/\/yebodaglass.com\/wp-content\/uploads\/2025\/07\/d1ad5ea8ed4fd82e283a3a35878dd5c-100x100.png 100w, https:\/\/yebodaglass.com\/wp-content\/uploads\/2025\/07\/d1ad5ea8ed4fd82e283a3a35878dd5c-150x150.png 150w, https:\/\/yebodaglass.com\/wp-content\/uploads\/2025\/07\/d1ad5ea8ed4fd82e283a3a35878dd5c-12x12.png 12w\" sizes=\"(max-width: 240px) 100vw, 240px\" \/>\u00a0 \u00a0 \u00a0 \u00a0 \u00a0<img decoding=\"async\" class=\"alignnone wp-image-16228\" src=\"https:\/\/yebodaglass.com\/wp-content\/uploads\/2025\/07\/4679f61166f64c6045dbc74c130db9a.png\" alt=\"\" width=\"240\" height=\"240\" srcset=\"https:\/\/yebodaglass.com\/wp-content\/uploads\/2025\/07\/4679f61166f64c6045dbc74c130db9a.png 220w, https:\/\/yebodaglass.com\/wp-content\/uploads\/2025\/07\/4679f61166f64c6045dbc74c130db9a-100x100.png 100w, https:\/\/yebodaglass.com\/wp-content\/uploads\/2025\/07\/4679f61166f64c6045dbc74c130db9a-150x150.png 150w, https:\/\/yebodaglass.com\/wp-content\/uploads\/2025\/07\/4679f61166f64c6045dbc74c130db9a-12x12.png 12w\" sizes=\"(max-width: 240px) 100vw, 240px\" \/>\u00a0 \u00a0 \u00a0 \u00a0 \u00a0 <img decoding=\"async\" class=\"alignnone wp-image-16230\" src=\"https:\/\/yebodaglass.com\/wp-content\/uploads\/2025\/07\/e59283ab6cb2ed3c93ba4f8a33db2ff.png\" alt=\"\" width=\"240\" height=\"240\" srcset=\"https:\/\/yebodaglass.com\/wp-content\/uploads\/2025\/07\/e59283ab6cb2ed3c93ba4f8a33db2ff.png 220w, https:\/\/yebodaglass.com\/wp-content\/uploads\/2025\/07\/e59283ab6cb2ed3c93ba4f8a33db2ff-100x100.png 100w, https:\/\/yebodaglass.com\/wp-content\/uploads\/2025\/07\/e59283ab6cb2ed3c93ba4f8a33db2ff-150x150.png 150w, https:\/\/yebodaglass.com\/wp-content\/uploads\/2025\/07\/e59283ab6cb2ed3c93ba4f8a33db2ff-12x12.png 12w\" sizes=\"(max-width: 240px) 100vw, 240px\" \/>\u00a0 \u00a0 \u00a0 <img loading=\"lazy\" decoding=\"async\" class=\"alignnone wp-image-16227\" src=\"https:\/\/yebodaglass.com\/wp-content\/uploads\/2025\/07\/8b499cc8b9c63806f1b8b3d5aa03275.png\" alt=\"\" width=\"240\" height=\"240\" srcset=\"https:\/\/yebodaglass.com\/wp-content\/uploads\/2025\/07\/8b499cc8b9c63806f1b8b3d5aa03275.png 220w, https:\/\/yebodaglass.com\/wp-content\/uploads\/2025\/07\/8b499cc8b9c63806f1b8b3d5aa03275-100x100.png 100w, https:\/\/yebodaglass.com\/wp-content\/uploads\/2025\/07\/8b499cc8b9c63806f1b8b3d5aa03275-150x150.png 150w, https:\/\/yebodaglass.com\/wp-content\/uploads\/2025\/07\/8b499cc8b9c63806f1b8b3d5aa03275-12x12.png 12w\" sizes=\"(max-width: 240px) 100vw, 240px\" \/><\/p>\t\t\t\t\t\t\t\t<\/div>\n\t\t\t\t<\/div>\n\t\t\t\t<\/div>\n\t\t<div class=\"elementor-element elementor-element-792eb8c e-flex e-con-boxed e-con e-parent\" data-id=\"792eb8c\" data-element_type=\"container\" data-e-type=\"container\" data-settings=\"{&quot;_ha_eqh_enable&quot;:false}\">\n\t\t\t\t\t<div class=\"e-con-inner\">\n\t\t\t\t<div class=\"elementor-element elementor-element-ceb50a8 elementor-widget elementor-widget-image\" data-id=\"ceb50a8\" data-element_type=\"widget\" data-e-type=\"widget\" data-widget_type=\"image.default\">\n\t\t\t\t<div class=\"elementor-widget-container\">\n\t\t\t\t\t\t\t\t\t\t\t\t\t\t\t<img decoding=\"async\" src=\"https:\/\/yebodaglass.com\/wp-content\/uploads\/elementor\/thumbs\/flip-top-glass-bottles-2-r8e0rx6jsox8qb5sfklaelf6ftu44jofu43yfg9vhc.webp\" title=\"Looking for high-quality bottles with flip tops for your homemade creations? This 4oz flip top bottle is crafted from clear, durable glass and features a secure swing-top closure with a rubber gasket and wire clamp. Its narrow neck and round-shoulder design make pouring easy and precise, while the transparent body lets you clearly see the contents inside. Perfect for storing homemade drinks, cooking oils, wine, vinegar, sauces and more.\" alt=\"Looking for high-quality bottles with flip tops for your homemade creations? This 4oz flip top bottle is crafted from clear, durable glass and features a secure swing-top closure with a rubber gasket and wire clamp. Its narrow neck and round-shoulder design make pouring easy and precise, while the transparent body lets you clearly see the contents inside. Perfect for storing homemade drinks, cooking oils, wine, vinegar, sauces and more.\" loading=\"lazy\" \/>\t\t\t\t\t\t\t\t\t\t\t\t\t\t\t<\/div>\n\t\t\t\t<\/div>\n\t\t\t\t<div class=\"elementor-element elementor-element-b2907c6 elementor-widget elementor-widget-text-editor\" data-id=\"b2907c6\" data-element_type=\"widget\" data-e-type=\"widget\" data-widget_type=\"text-editor.default\">\n\t\t\t\t<div class=\"elementor-widget-container\">\n\t\t\t\t\t\t\t\t\t<h2>Pers\u00f6nliche Nutzung:<\/h2><p>Genau das Richtige zum Bierbrauen, Kombucha-Abf\u00fcllen oder einfach nur zum Aufbewahren von frischen S\u00e4ften oder Mineralwasser. Diese robusten Glasflaschen mit B\u00fcgelverschluss halten Getr\u00e4nke frisch und sicher verschlossen.<\/p><h2>Gesch\u00e4ftliche Nutzung:<\/h2><p>Diese Flaschen mit Klappverschluss sind ein tolles Format f\u00fcr Craft-Brauereien, Kombucha-Marken, Caf\u00e9s und Getr\u00e4nkehersteller.<\/p>\t\t\t\t\t\t\t\t<\/div>\n\t\t\t\t<\/div>\n\t\t\t\t\t<\/div>\n\t\t\t\t<\/div>\n\t\t\t\t<\/div>","protected":false},"excerpt":{"rendered":"<p data-start=\"133\" data-end=\"310\">Transparente 473-ml-Flaschen mit B\u00fcgelverschluss in Gro\u00dfpackungen. Robuste Glasflaschen mit luftdichtem Verschluss \u2013 ideal f\u00fcr Kombucha, Bier, S\u00e4fte und zum Heimbrauen.<\/p>","protected":false},"featured_media":17326,"template":"","meta":[],"product_brand":[],"product_cat":[80,81,20],"product_tag":[],"class_list":{"0":"post-17310","1":"product","2":"type-product","3":"status-publish","4":"has-post-thumbnail","6":"product_cat-glass-bottles","7":"product_cat-flip-top-bottles","8":"product_cat-glass-containers","10":"first","11":"instock","12":"shipping-taxable","13":"product-type-grouped"},"jetpack_sharing_enabled":true,"_links":{"self":[{"href":"https:\/\/yebodaglass.com\/de\/wp-json\/wp\/v2\/product\/17310","targetHints":{"allow":["GET"]}}],"collection":[{"href":"https:\/\/yebodaglass.com\/de\/wp-json\/wp\/v2\/product"}],"about":[{"href":"https:\/\/yebodaglass.com\/de\/wp-json\/wp\/v2\/types\/product"}],"version-history":[{"count":5,"href":"https:\/\/yebodaglass.com\/de\/wp-json\/wp\/v2\/product\/17310\/revisions"}],"predecessor-version":[{"id":20953,"href":"https:\/\/yebodaglass.com\/de\/wp-json\/wp\/v2\/product\/17310\/revisions\/20953"}],"wp:featuredmedia":[{"embeddable":true,"href":"https:\/\/yebodaglass.com\/de\/wp-json\/wp\/v2\/media\/17326"}],"wp:attachment":[{"href":"https:\/\/yebodaglass.com\/de\/wp-json\/wp\/v2\/media?parent=17310"}],"wp:term":[{"taxonomy":"product_brand","embeddable":true,"href":"https:\/\/yebodaglass.com\/de\/wp-json\/wp\/v2\/product_brand?post=17310"},{"taxonomy":"product_cat","embeddable":true,"href":"https:\/\/yebodaglass.com\/de\/wp-json\/wp\/v2\/product_cat?post=17310"},{"taxonomy":"product_tag","embeddable":true,"href":"https:\/\/yebodaglass.com\/de\/wp-json\/wp\/v2\/product_tag?post=17310"}],"curies":[{"name":"wp","href":"https:\/\/api.w.org\/{rel}","templated":true}]}}