{"id":17101,"date":"2025-07-15T11:16:30","date_gmt":"2025-07-15T03:16:30","guid":{"rendered":"https:\/\/yebodaglass.com\/?post_type=product&#038;p=17101"},"modified":"2026-03-10T13:16:58","modified_gmt":"2026-03-10T05:16:58","slug":"square-swing-top-airtight-storage-jars-with-glass-lid","status":"publish","type":"product","link":"https:\/\/yebodaglass.com\/de\/produkt\/square-swing-top-airtight-storage-jars-with-glass-lid\/","title":{"rendered":"Quadratische, luftdichte Vorratsgl\u00e4ser mit B\u00fcgelverschluss und Glasdeckel, 500\u20131500 ml"},"content":{"rendered":"<p>Diese Serie luftdichter Vorratsgl\u00e4ser zeichnet sich durch einen platzsparenden, quadratischen Glask\u00f6rper mit rundem Glasdeckel aus und ist ideal f\u00fcr die moderne K\u00fcche. Hergestellt aus hochwertigem Klarglas, erm\u00f6glicht das Glas eine gute Sicht auf den Inhalt und besticht gleichzeitig durch sein elegantes Aussehen, das sich sowohl f\u00fcr Verkaufsregale als auch f\u00fcr K\u00fcchen mit Glasfronten eignet. Das Verschlusssystem mit Drahtclip, Edelstahl-Klemmdeckeln und Silikondichtung sorgt f\u00fcr einen zuverl\u00e4ssigen, luftdichten Verschluss und macht die Gl\u00e4ser ideal zur Aufbewahrung von Lebensmitteln, Trockenwaren, Nudeln, Getreide, Keksen, So\u00dfen oder Eingelegtem.<\/p>\n<p>Im Vergleich zu Plastikbeh\u00e4ltern bieten diese luftdichten Glasbeh\u00e4lter eine robustere und wiederverwendbare L\u00f6sung zur Aufbewahrung von Lebensmitteln in privaten und gewerblichen K\u00fcchen. Dank ihrer weiten \u00d6ffnung im Mason-Stil eignen sie sich auch hervorragend als Einmachglas, Keksdose oder Vorratsbeh\u00e4lter.<\/p>\n<h2>Wichtigste Spezifikationen<\/h2>\n<table style=\"border-collapse: collapse; width: 80%; margin-left: auto; margin-right: auto;\" border=\"0\" width=\"80%\" cellspacing=\"0\" cellpadding=\"0\">\n<tbody>\n<tr style=\"height: 13.50pt;\">\n<td style=\"height: 13.50pt; width: 123.00pt;\" width=\"164\" height=\"18\">Spezifikation<\/td>\n<td style=\"width: 543.00pt;\" width=\"724\">Details<\/td>\n<\/tr>\n<tr style=\"height: 13.50pt;\">\n<td style=\"height: 13.50pt;\" height=\"18\">Produkttyp<\/td>\n<td>B\u00fcgelverschluss-Vorratsgl\u00e4ser<\/td>\n<\/tr>\n<tr style=\"height: 13.50pt;\">\n<td style=\"height: 13.50pt;\" height=\"18\">Material<\/td>\n<td>Bleifreies Natronkalkglas + Edelstahl-Schwingclip + Silikondichtung<\/td>\n<\/tr>\n<tr style=\"height: 13.50pt;\">\n<td style=\"height: 13.50pt;\" height=\"18\">Deckeltyp<\/td>\n<td>Glasdeckel mit Dichtungsdrahtclip-Befestigung (Klemmdeckel)<\/td>\n<\/tr>\n<tr style=\"height: 13.50pt;\">\n<td style=\"height: 13.50pt;\" height=\"18\">Form<\/td>\n<td>Quadratischer Glask\u00f6rper mit rundem Deckel<\/td>\n<\/tr>\n<tr style=\"height: 13.50pt;\">\n<td style=\"height: 13.50pt;\" height=\"18\">Munddurchmesser<\/td>\n<td>95 mm breite \u00d6ffnung<\/td>\n<\/tr>\n<tr style=\"height: 54.00pt;\">\n<td style=\"height: 54.00pt;\" height=\"72\">Kapazit\u00e4tsoptionen<\/td>\n<td class=\"et2\" style=\"width: 543.00pt;\" width=\"724\">16 oz \/ 500 ml (6er-Pack)<br \/>\n24 oz \/ 750 ml (4 Packungen)<br \/>\n32 oz \/ 1000 ml (3 Packungen)<br \/>\n48 oz \/ 1500 ml (2 Packungen)<\/td>\n<\/tr>\n<tr style=\"height: 13.50pt;\">\n<td style=\"height: 13.50pt;\" height=\"18\">Dichtungssystem<\/td>\n<td>Luftdichte Deckel mit Silikondichtung<\/td>\n<\/tr>\n<tr style=\"height: 13.50pt;\">\n<td style=\"height: 13.50pt;\" height=\"18\">Anwendung<\/td>\n<td>Vorratsbeh\u00e4lter, Einmachgl\u00e4ser, Vorratsgl\u00e4ser f\u00fcr Speisekammer, So\u00dfen- und Trockenlebensmittelaufbewahrung<\/td>\n<\/tr>\n<tr style=\"height: 13.50pt;\">\n<td style=\"height: 13.50pt;\" height=\"18\">Verpackung<\/td>\n<td>Erh\u00e4ltlich als lose Ware, im Gro\u00dfhandel und als Set in Gl\u00e4sern.<\/td>\n<\/tr>\n<tr style=\"height: 13.50pt;\">\n<td style=\"height: 13.50pt;\" height=\"18\">Herstellung<\/td>\n<td>Direkter Herstellerbezug mit schneller Lieferung und Unterst\u00fctzung bei der kundenspezifischen Beschaffung<\/td>\n<\/tr>\n<\/tbody>\n<\/table>\n<h2>Hauptmerkmale<\/h2>\n<h3>Luftdichter Verschluss f\u00fcr langanhaltende Frische<\/h3>\n<p>Die Glasbeh\u00e4lter mit luftdichtem Deckel verwenden eine Silikondichtung und einen Edelstahl-Schwingverschluss, um eine luftdichte Aufbewahrungsumgebung f\u00fcr Lebensmittel zu schaffen, die die Frische bewahrt und den Kontakt mit Feuchtigkeit oder Luft verhindert.<\/p>\n<h3>Platzsparendes quadratisches Design<\/h3>\n<p>Zum einen erm\u00f6glicht die quadratische Form eine dichtere Packung und effizientere Aufbewahrungsl\u00f6sungen in Vorratsschr\u00e4nken und Verkaufsverpackungen im Gegensatz zu runden Glasvorratsdosen.<\/p>\n<h3>Gro\u00dfe \u00d6ffnung zum einfachen Bef\u00fcllen und Reinigen<\/h3>\n<p>Dank der weiten Mason-\u00d6ffnung (95 mm) lassen sich diese Glasbeh\u00e4lter zur Aufbewahrung von Lebensmitteln leicht bef\u00fcllen, entnehmen und reinigen; ideal f\u00fcr So\u00dfen, Nudeln, Getreide und Snacks.<\/p>\n<h2>Erfolgreicher B2B-Fall<\/h2>\n<p>Eine deutsche Marke f\u00fcr Bio-Pastasaucen suchte luftdichte Vorratsgl\u00e4ser f\u00fcr ihre Premium-Produktlinie. Das Unternehmen ist ein mittelst\u00e4ndischer Lebensmittelhersteller und -vertreiber, der Superm\u00e4rkte und Online-Lebensmittelplattformen beliefert.<\/p>\n<p>Sie bestellten 32-Unzen- und 48-Unzen-B\u00fcgelverschlussgl\u00e4ser in gro\u00dfen Mengen und baten um verschiedene Sonderw\u00fcnsche, darunter:<\/p>\n<ul>\n<li>Bedruckung des Glasbeh\u00e4lters mit dem Firmenlogo.<\/li>\n<li>Individuelle Farbbeschichtung der Drahtclipbefestigung<\/li>\n<li>Verpackungsset f\u00fcr verkaufsfertige Lebensmittelaufbewahrungsbeh\u00e4lter<\/li>\n<\/ul>\n<p>Die Premiumpositionierung der Marke und die Sichtbarkeit der Produkte im Regal wurden nach der Markteinf\u00fchrung durch die verschlie\u00dfbaren Glasbeh\u00e4lter verbessert. Die Saucenlinie verzeichnete innerhalb von sechs Monaten einen Umsatzanstieg von 35 Prozent, und der Kunde gab zwei weitere Gro\u00dfhandelsbestellungen auf, bei denen immer mehr Gl\u00e4ser produziert wurden, um auch eingelegtes Gem\u00fcse und Pasta, die haupts\u00e4chlich getrocknet verkauft wird, anzubieten.<\/p>\n<h2>Anpassungsvorschl\u00e4ge f\u00fcr B2B-Anwendungen<\/h2>\n<ol>\n<li><strong>Eigenmarken-Branding<\/strong>: Durch Hinzuf\u00fcgen von Logodruck, Pr\u00e4gung oder Etikettierung lassen sich individuelle Glasbeh\u00e4lter mit Deckel f\u00fcr Markenhersteller, die verpackte Lebensmittel oder Vorratsdosen aus Glas verkaufen, herstellen.<\/li>\n<li><strong>Einzelhandelsverpackungssets<\/strong>: Entwicklung von Verpackungssets f\u00fcr Vorratsdosen oder Gl\u00e4ser f\u00fcr E-Commerce-Marken, die hochwertige Vorratsdosen f\u00fcr die K\u00fcchenorganisation verkaufen.<\/li>\n<li><strong>Funktionelle Deckelanpassung<\/strong>: Passen Sie die Farbe der Dichtung, die Verschlusskappen oder die Oberfl\u00e4chenbeschaffenheit der Metallclips an, um Ihre Glasbeh\u00e4lter mit Glasdeckeln im Einzelhandel und in Spezialit\u00e4tengesch\u00e4ften f\u00fcr Lebensmittel hervorzuheben.<\/li>\n<\/ol>","protected":false},"excerpt":{"rendered":"<p>Bulk airtight storage jars from a reliable manufacturer. Durable swing top glass jars with airtight lids for food storage, wholesale sourcing, and custom branding.<\/p>","protected":false},"featured_media":25330,"template":"","meta":[],"product_brand":[],"product_cat":[87,134,124,122,20,83],"product_tag":[],"class_list":{"0":"post-17101","1":"product","2":"type-product","3":"status-publish","4":"has-post-thumbnail","6":"product_cat-food-storage-jars","7":"product_cat-airtight-jars","8":"product_cat-custom-glass-jars","9":"product_cat-custom-glass-packaging","10":"product_cat-glass-containers","11":"product_cat-glass-jars","13":"first","14":"instock","15":"shipping-taxable","16":"product-type-grouped"},"jetpack_sharing_enabled":true,"_links":{"self":[{"href":"https:\/\/yebodaglass.com\/de\/wp-json\/wp\/v2\/product\/17101","targetHints":{"allow":["GET"]}}],"collection":[{"href":"https:\/\/yebodaglass.com\/de\/wp-json\/wp\/v2\/product"}],"about":[{"href":"https:\/\/yebodaglass.com\/de\/wp-json\/wp\/v2\/types\/product"}],"version-history":[{"count":5,"href":"https:\/\/yebodaglass.com\/de\/wp-json\/wp\/v2\/product\/17101\/revisions"}],"predecessor-version":[{"id":25321,"href":"https:\/\/yebodaglass.com\/de\/wp-json\/wp\/v2\/product\/17101\/revisions\/25321"}],"wp:featuredmedia":[{"embeddable":true,"href":"https:\/\/yebodaglass.com\/de\/wp-json\/wp\/v2\/media\/25330"}],"wp:attachment":[{"href":"https:\/\/yebodaglass.com\/de\/wp-json\/wp\/v2\/media?parent=17101"}],"wp:term":[{"taxonomy":"product_brand","embeddable":true,"href":"https:\/\/yebodaglass.com\/de\/wp-json\/wp\/v2\/product_brand?post=17101"},{"taxonomy":"product_cat","embeddable":true,"href":"https:\/\/yebodaglass.com\/de\/wp-json\/wp\/v2\/product_cat?post=17101"},{"taxonomy":"product_tag","embeddable":true,"href":"https:\/\/yebodaglass.com\/de\/wp-json\/wp\/v2\/product_tag?post=17101"}],"curies":[{"name":"wp","href":"https:\/\/api.w.org\/{rel}","templated":true}]}}