{"id":17070,"date":"2025-07-15T10:20:04","date_gmt":"2025-07-15T02:20:04","guid":{"rendered":"https:\/\/yebodaglass.com\/?post_type=product&#038;p=17070"},"modified":"2025-09-15T12:39:03","modified_gmt":"2025-09-15T04:39:03","slug":"wholesale-round-17oz-25oz-34oz-50oz-glass-jars-with-airtight-lids-for-food-storage","status":"publish","type":"product","link":"https:\/\/yebodaglass.com\/de\/wholesale-round-17oz-25oz-34oz-50oz-glass-jars-with-airtight-lids-for-food-storage\/","title":{"rendered":"Runde Glasbeh\u00e4lter (16 oz, 24 oz, 32 oz, 48 oz) mit luftdichten Deckeln zur Aufbewahrung von Lebensmitteln im Gro\u00dfhandel"},"content":{"rendered":"<div data-elementor-type=\"wp-post\" data-elementor-id=\"17070\" class=\"elementor elementor-17070\" data-elementor-settings=\"{&quot;ha_cmc_init_switcher&quot;:&quot;no&quot;}\" data-elementor-post-type=\"product\">\n\t\t\t\t<div class=\"elementor-element elementor-element-bb0d695 e-flex e-con-boxed e-con e-parent\" data-id=\"bb0d695\" data-element_type=\"container\" data-e-type=\"container\" data-settings=\"{&quot;_ha_eqh_enable&quot;:false}\">\n\t\t\t\t\t<div class=\"e-con-inner\">\n\t\t\t\t<div class=\"elementor-element elementor-element-732f179 elementor-widget elementor-widget-text-editor\" data-id=\"732f179\" data-element_type=\"widget\" data-e-type=\"widget\" data-widget_type=\"text-editor.default\">\n\t\t\t\t<div class=\"elementor-widget-container\">\n\t\t\t\t\t\t\t\t\t<p>Willkommen bei unseren runden Glasbeh\u00e4ltern mit luftdichtem Deckel \u2013 Ihrer cleveren Komplettl\u00f6sung f\u00fcr den Gro\u00dfhandel. Wir bieten vier klassische Gr\u00f6\u00dfen: 16 oz, 24 oz, 32 oz und 48 oz. Alle Beh\u00e4lter sind mit luftdichten Deckeln ausgestattet. Wir legen Wert auf sichere, feuchtigkeitsbest\u00e4ndige und langlebige Aufbewahrungsl\u00f6sungen f\u00fcr Ihre Lebensmittel. Ob Sie ein sauberes und ordentliches Zuhause w\u00fcnschen oder eine zuverl\u00e4ssige und effiziente Versorgung f\u00fcr Ihr Unternehmen ben\u00f6tigen \u2013 wir setzen auf Qualit\u00e4t und ansprechendes Design. Gerne unterst\u00fctzen wir Sie auch bei der Entwicklung eines einzigartigen Markenauftritts.<\/p>\t\t\t\t\t\t\t\t<\/div>\n\t\t\t\t<\/div>\n\t\t\t\t<div class=\"elementor-element elementor-element-54c8d6c elementor-widget elementor-widget-heading\" data-id=\"54c8d6c\" data-element_type=\"widget\" data-e-type=\"widget\" data-widget_type=\"heading.default\">\n\t\t\t\t<div class=\"elementor-widget-container\">\n\t\t\t\t\t<h2 class=\"elementor-heading-title elementor-size-default\">Wichtigste Spezifikationen<\/h2>\t\t\t\t<\/div>\n\t\t\t\t<\/div>\n\t\t\t\t<div class=\"elementor-element elementor-element-14509d8 elementor-widget elementor-widget-text-editor\" data-id=\"14509d8\" data-element_type=\"widget\" data-e-type=\"widget\" data-widget_type=\"text-editor.default\">\n\t\t\t\t<div class=\"elementor-widget-container\">\n\t\t\t\t\t\t\t\t\t<table class=\"aligncenter\" style=\"border-collapse: collapse; width: 609.77pt;\" border=\"0\" width=\"813\" cellspacing=\"0\" cellpadding=\"0\"><tbody><tr style=\"height: 13.50pt;\"><td class=\"et2\" style=\"height: 13.50pt; width: 126.00pt;\" width=\"168\" height=\"18\">Spezifikation<\/td><td class=\"et2\" style=\"width: 483.75pt;\" width=\"645\">Details<\/td><\/tr><tr style=\"height: 27.00pt;\"><td class=\"et2\" style=\"height: 27.00pt; width: 126.00pt;\" width=\"168\" height=\"36\">Kapazit\u00e4tsoptionen<\/td><td class=\"et2\" style=\"width: 483.75pt;\" width=\"645\">16 oz\/500 ml (6 Packungen), 24 oz\/750 ml (4 Packungen), 32 oz\/1000 ml (3 Packungen), 48 oz\/1500 ml (2 Packungen)<\/td><\/tr><tr style=\"height: 13.50pt;\"><td class=\"et2\" style=\"height: 13.50pt; width: 126.00pt;\" width=\"168\" height=\"18\">Munddurchmesser<\/td><td class=\"et2\" style=\"width: 483.75pt;\" width=\"645\">3,7 Zoll<\/td><\/tr><tr style=\"height: 13.50pt;\"><td class=\"et2\" style=\"height: 13.50pt; width: 126.00pt;\" width=\"168\" height=\"18\">K\u00f6rperdurchmesser<\/td><td class=\"et2\" style=\"width: 483.75pt;\" width=\"645\">4,3 Zoll, 4,5 Zoll<\/td><\/tr><tr style=\"height: 13.50pt;\"><td class=\"et2\" style=\"height: 13.50pt; width: 126.00pt;\" width=\"168\" height=\"18\">H\u00f6henoptionen<\/td><td class=\"et2\" style=\"width: 483.75pt;\" width=\"645\">3,9 Zoll, 4,9 Zoll, 5,9 Zoll, 7,9 Zoll<\/td><\/tr><tr style=\"height: 13.50pt;\"><td class=\"et2\" style=\"height: 13.50pt; width: 126.00pt;\" width=\"168\" height=\"18\">Material<\/td><td class=\"et2\" style=\"width: 483.75pt;\" width=\"645\">bleifreies Glas<\/td><\/tr><\/tbody><\/table>\t\t\t\t\t\t\t\t<\/div>\n\t\t\t\t<\/div>\n\t\t\t\t\t<\/div>\n\t\t\t\t<\/div>\n\t\t<div class=\"elementor-element elementor-element-55e31eb e-flex e-con-boxed e-con e-parent\" data-id=\"55e31eb\" data-element_type=\"container\" data-e-type=\"container\" data-settings=\"{&quot;_ha_eqh_enable&quot;:false}\">\n\t\t\t\t\t<div class=\"e-con-inner\">\n\t\t\t\t<div class=\"elementor-element elementor-element-fc0900e elementor-widget elementor-widget-heading\" data-id=\"fc0900e\" data-element_type=\"widget\" data-e-type=\"widget\" data-widget_type=\"heading.default\">\n\t\t\t\t<div class=\"elementor-widget-container\">\n\t\t\t\t\t<h2 class=\"elementor-heading-title elementor-size-default\">Features<\/h2>\t\t\t\t<\/div>\n\t\t\t\t<\/div>\n\t\t\t\t\t<\/div>\n\t\t\t\t<\/div>\n\t\t<div class=\"elementor-element elementor-element-723cd80 e-flex e-con-boxed e-con e-parent\" data-id=\"723cd80\" data-element_type=\"container\" data-e-type=\"container\" data-settings=\"{&quot;_ha_eqh_enable&quot;:false}\">\n\t\t\t\t\t<div class=\"e-con-inner\">\n\t\t<div class=\"elementor-element elementor-element-bf4cb81 e-con-full e-flex e-con e-child\" data-id=\"bf4cb81\" data-element_type=\"container\" data-e-type=\"container\" data-settings=\"{&quot;_ha_eqh_enable&quot;:false}\">\n\t\t\t\t<div class=\"elementor-element elementor-element-202a3f6 elementor-widget elementor-widget-image\" data-id=\"202a3f6\" data-element_type=\"widget\" data-e-type=\"widget\" data-widget_type=\"image.default\">\n\t\t\t\t<div class=\"elementor-widget-container\">\n\t\t\t\t\t\t\t\t\t\t\t\t\t\t\t<img decoding=\"async\" src=\"https:\/\/yebodaglass.com\/wp-content\/uploads\/elementor\/thumbs\/62-\u62f7\u8d1d-r8rxpogypls13q4cy9gzlc7dcpql77g4wxg603fw68.webp\" title=\"YEBODA Glasbeh\u00e4lter mit Deckel (17oz, 25oz, 34oz, 50oz) f\u00fcr K\u00fcche und Vorratskammer\" alt=\"YEBODA Glasbeh\u00e4lter mit Deckel (17oz, 25oz, 34oz, 50oz) f\u00fcr K\u00fcche und Vorratskammer\" loading=\"lazy\" \/>\t\t\t\t\t\t\t\t\t\t\t\t\t\t\t<\/div>\n\t\t\t\t<\/div>\n\t\t\t\t<div class=\"elementor-element elementor-element-fc1fd2d elementor-widget elementor-widget-text-editor\" data-id=\"fc1fd2d\" data-element_type=\"widget\" data-e-type=\"widget\" data-widget_type=\"text-editor.default\">\n\t\t\t\t<div class=\"elementor-widget-container\">\n\t\t\t\t\t\t\t\t\t<p>Verschiedene Gr\u00f6\u00dfen: Das Set enth\u00e4lt Gl\u00e4ser in verschiedenen Gr\u00f6\u00dfen, um unterschiedlichen Aufbewahrungsbed\u00fcrfnissen gerecht zu werden.<\/p>\t\t\t\t\t\t\t\t<\/div>\n\t\t\t\t<\/div>\n\t\t\t\t<\/div>\n\t\t<div class=\"elementor-element elementor-element-73418b7 e-con-full e-flex e-con e-child\" data-id=\"73418b7\" data-element_type=\"container\" data-e-type=\"container\" data-settings=\"{&quot;_ha_eqh_enable&quot;:false}\">\n\t\t\t\t<div class=\"elementor-element elementor-element-490e976 elementor-widget elementor-widget-image\" data-id=\"490e976\" data-element_type=\"widget\" data-e-type=\"widget\" data-widget_type=\"image.default\">\n\t\t\t\t<div class=\"elementor-widget-container\">\n\t\t\t\t\t\t\t\t\t\t\t\t\t\t\t<img decoding=\"async\" src=\"https:\/\/yebodaglass.com\/wp-content\/uploads\/elementor\/thumbs\/61-\u62f7\u8d1d-1-r8rxo42nbjmtr4ea3l3dfqfpplgkdd88p6b17hrijk.webp\" title=\"Quadratische, luftdichte Vorratsgl\u00e4ser in den Gr\u00f6\u00dfen 17 oz, 25 oz, 34 oz und 50 oz (Gro\u00dfpackung)\" alt=\"Quadratische, luftdichte Vorratsgl\u00e4ser in den Gr\u00f6\u00dfen 17 oz, 25 oz, 34 oz und 50 oz (Gro\u00dfpackung)\" loading=\"lazy\" \/>\t\t\t\t\t\t\t\t\t\t\t\t\t\t\t<\/div>\n\t\t\t\t<\/div>\n\t\t\t\t<div class=\"elementor-element elementor-element-28d6163 elementor-widget elementor-widget-text-editor\" data-id=\"28d6163\" data-element_type=\"widget\" data-e-type=\"widget\" data-widget_type=\"text-editor.default\">\n\t\t\t\t<div class=\"elementor-widget-container\">\n\t\t\t\t\t\t\t\t\t<p>Transparentes Design: Dank der Konstruktion aus Klarglas lassen sich die aufbewahrten Gegenst\u00e4nde leicht erkennen.<\/p>\t\t\t\t\t\t\t\t<\/div>\n\t\t\t\t<\/div>\n\t\t\t\t<\/div>\n\t\t\t\t\t<\/div>\n\t\t\t\t<\/div>\n\t\t<div class=\"elementor-element elementor-element-0289a6a e-flex e-con-boxed e-con e-parent\" data-id=\"0289a6a\" data-element_type=\"container\" data-e-type=\"container\" data-settings=\"{&quot;_ha_eqh_enable&quot;:false}\">\n\t\t\t\t\t<div class=\"e-con-inner\">\n\t\t<div class=\"elementor-element elementor-element-c96924d e-con-full e-flex e-con e-child\" data-id=\"c96924d\" data-element_type=\"container\" data-e-type=\"container\" data-settings=\"{&quot;_ha_eqh_enable&quot;:false}\">\n\t\t\t\t<div class=\"elementor-element elementor-element-21b20dd elementor-widget elementor-widget-image\" data-id=\"21b20dd\" data-element_type=\"widget\" data-e-type=\"widget\" data-widget_type=\"image.default\">\n\t\t\t\t<div class=\"elementor-widget-container\">\n\t\t\t\t\t\t\t\t\t\t\t\t\t\t\t<img decoding=\"async\" src=\"https:\/\/yebodaglass.com\/wp-content\/uploads\/elementor\/thumbs\/\u683c\u5f0f\u5de5\u53826-\u62f7\u8d1d-1-r8rxp0yzyqvv1h2hrhbbd04ui2yeuruuhp5106eqhs.webp\" title=\"YEBODA Glasbeh\u00e4lter mit Deckel (17oz, 25oz, 34oz, 50oz) f\u00fcr K\u00fcche und Vorratskammer\" alt=\"YEBODA Glasbeh\u00e4lter mit Deckel (17oz, 25oz, 34oz, 50oz) f\u00fcr K\u00fcche und Vorratskammer\" loading=\"lazy\" \/>\t\t\t\t\t\t\t\t\t\t\t\t\t\t\t<\/div>\n\t\t\t\t<\/div>\n\t\t\t\t<div class=\"elementor-element elementor-element-39f687a elementor-widget elementor-widget-text-editor\" data-id=\"39f687a\" data-element_type=\"widget\" data-e-type=\"widget\" data-widget_type=\"text-editor.default\">\n\t\t\t\t<div class=\"elementor-widget-container\">\n\t\t\t\t\t\t\t\t\t<p>Versiegelt: Metallene Schnappdeckel gew\u00e4hrleisten einen sicheren Verschluss und halten den Inhalt frisch.<\/p>\t\t\t\t\t\t\t\t<\/div>\n\t\t\t\t<\/div>\n\t\t\t\t<\/div>\n\t\t<div class=\"elementor-element elementor-element-476570b e-con-full e-flex e-con e-child\" data-id=\"476570b\" data-element_type=\"container\" data-e-type=\"container\" data-settings=\"{&quot;_ha_eqh_enable&quot;:false}\">\n\t\t\t\t<div class=\"elementor-element elementor-element-c3dbdb7 elementor-widget elementor-widget-image\" data-id=\"c3dbdb7\" data-element_type=\"widget\" data-e-type=\"widget\" data-widget_type=\"image.default\">\n\t\t\t\t<div class=\"elementor-widget-container\">\n\t\t\t\t\t\t\t\t\t\t\t\t\t\t\t<img decoding=\"async\" src=\"https:\/\/yebodaglass.com\/wp-content\/uploads\/elementor\/thumbs\/4-\u62f7\u8d1d-1-r8rxq79qiahrjxd1whliz7gl8f5xh5irnihvlmo0ps.webp\" title=\"YEBODA Glasbeh\u00e4lter mit Deckel (17oz, 25oz, 34oz, 50oz) f\u00fcr K\u00fcche und Vorratskammer\" alt=\"YEBODA Glasbeh\u00e4lter mit Deckel (17oz, 25oz, 34oz, 50oz) f\u00fcr K\u00fcche und Vorratskammer\" loading=\"lazy\" \/>\t\t\t\t\t\t\t\t\t\t\t\t\t\t\t<\/div>\n\t\t\t\t<\/div>\n\t\t\t\t<div class=\"elementor-element elementor-element-61991dc elementor-widget elementor-widget-text-editor\" data-id=\"61991dc\" data-element_type=\"widget\" data-e-type=\"widget\" data-widget_type=\"text-editor.default\">\n\t\t\t\t<div class=\"elementor-widget-container\">\n\t\t\t\t\t\t\t\t\t<p>Bequemes \u00d6ffnen und Schlie\u00dfen: Vier einfache Schritte (Verschluss entriegeln \u2013 Deckel anheben \u2013 Gegenst\u00e4nde entnehmen \u2013 Deckel wieder schlie\u00dfen und verriegeln), einfach und bequem f\u00fcr den t\u00e4glichen Gebrauch.<\/p>\t\t\t\t\t\t\t\t<\/div>\n\t\t\t\t<\/div>\n\t\t\t\t<\/div>\n\t\t\t\t\t<\/div>\n\t\t\t\t<\/div>\n\t\t<div class=\"elementor-element elementor-element-88b472e e-con-full e-flex e-con e-parent\" data-id=\"88b472e\" data-element_type=\"container\" data-e-type=\"container\" data-settings=\"{&quot;_ha_eqh_enable&quot;:false}\">\n\t\t\t\t<div class=\"elementor-element elementor-element-3582c55 elementor-widget elementor-widget-text-editor\" data-id=\"3582c55\" data-element_type=\"widget\" data-e-type=\"widget\" data-widget_type=\"text-editor.default\">\n\t\t\t\t<div class=\"elementor-widget-container\">\n\t\t\t\t\t\t\t\t\t<p>\u00a0 \u00a0 \u00a0 \u00a0 \u00a0 \u00a0 \u00a0 \u00a0 \u00a0 \u00a0 \u00a0 \u00a0 <img fetchpriority=\"high\" decoding=\"async\" class=\"alignnone wp-image-16229\" src=\"https:\/\/yebodaglass.com\/wp-content\/uploads\/2025\/07\/d1ad5ea8ed4fd82e283a3a35878dd5c.png\" alt=\"\" width=\"240\" height=\"240\" srcset=\"https:\/\/yebodaglass.com\/wp-content\/uploads\/2025\/07\/d1ad5ea8ed4fd82e283a3a35878dd5c.png 220w, https:\/\/yebodaglass.com\/wp-content\/uploads\/2025\/07\/d1ad5ea8ed4fd82e283a3a35878dd5c-100x100.png 100w, https:\/\/yebodaglass.com\/wp-content\/uploads\/2025\/07\/d1ad5ea8ed4fd82e283a3a35878dd5c-150x150.png 150w, https:\/\/yebodaglass.com\/wp-content\/uploads\/2025\/07\/d1ad5ea8ed4fd82e283a3a35878dd5c-12x12.png 12w\" sizes=\"(max-width: 240px) 100vw, 240px\" \/>\u00a0 \u00a0 \u00a0 \u00a0 \u00a0<img decoding=\"async\" class=\"alignnone wp-image-16228\" src=\"https:\/\/yebodaglass.com\/wp-content\/uploads\/2025\/07\/4679f61166f64c6045dbc74c130db9a.png\" alt=\"\" width=\"240\" height=\"240\" srcset=\"https:\/\/yebodaglass.com\/wp-content\/uploads\/2025\/07\/4679f61166f64c6045dbc74c130db9a.png 220w, https:\/\/yebodaglass.com\/wp-content\/uploads\/2025\/07\/4679f61166f64c6045dbc74c130db9a-100x100.png 100w, https:\/\/yebodaglass.com\/wp-content\/uploads\/2025\/07\/4679f61166f64c6045dbc74c130db9a-150x150.png 150w, https:\/\/yebodaglass.com\/wp-content\/uploads\/2025\/07\/4679f61166f64c6045dbc74c130db9a-12x12.png 12w\" sizes=\"(max-width: 240px) 100vw, 240px\" \/>\u00a0 \u00a0 \u00a0 \u00a0 \u00a0 <img decoding=\"async\" class=\"alignnone wp-image-16230\" src=\"https:\/\/yebodaglass.com\/wp-content\/uploads\/2025\/07\/e59283ab6cb2ed3c93ba4f8a33db2ff.png\" alt=\"\" width=\"240\" height=\"240\" srcset=\"https:\/\/yebodaglass.com\/wp-content\/uploads\/2025\/07\/e59283ab6cb2ed3c93ba4f8a33db2ff.png 220w, https:\/\/yebodaglass.com\/wp-content\/uploads\/2025\/07\/e59283ab6cb2ed3c93ba4f8a33db2ff-100x100.png 100w, https:\/\/yebodaglass.com\/wp-content\/uploads\/2025\/07\/e59283ab6cb2ed3c93ba4f8a33db2ff-150x150.png 150w, https:\/\/yebodaglass.com\/wp-content\/uploads\/2025\/07\/e59283ab6cb2ed3c93ba4f8a33db2ff-12x12.png 12w\" sizes=\"(max-width: 240px) 100vw, 240px\" \/>\u00a0 \u00a0 \u00a0 <img loading=\"lazy\" decoding=\"async\" class=\"alignnone wp-image-16227\" src=\"https:\/\/yebodaglass.com\/wp-content\/uploads\/2025\/07\/8b499cc8b9c63806f1b8b3d5aa03275.png\" alt=\"\" width=\"240\" height=\"240\" srcset=\"https:\/\/yebodaglass.com\/wp-content\/uploads\/2025\/07\/8b499cc8b9c63806f1b8b3d5aa03275.png 220w, https:\/\/yebodaglass.com\/wp-content\/uploads\/2025\/07\/8b499cc8b9c63806f1b8b3d5aa03275-100x100.png 100w, https:\/\/yebodaglass.com\/wp-content\/uploads\/2025\/07\/8b499cc8b9c63806f1b8b3d5aa03275-150x150.png 150w, https:\/\/yebodaglass.com\/wp-content\/uploads\/2025\/07\/8b499cc8b9c63806f1b8b3d5aa03275-12x12.png 12w\" sizes=\"(max-width: 240px) 100vw, 240px\" \/><\/p>\t\t\t\t\t\t\t\t<\/div>\n\t\t\t\t<\/div>\n\t\t\t\t<\/div>\n\t\t<div class=\"elementor-element elementor-element-792eb8c e-flex e-con-boxed e-con e-parent\" data-id=\"792eb8c\" data-element_type=\"container\" data-e-type=\"container\" data-settings=\"{&quot;_ha_eqh_enable&quot;:false}\">\n\t\t\t\t\t<div class=\"e-con-inner\">\n\t\t\t\t<div class=\"elementor-element elementor-element-ceb50a8 elementor-widget elementor-widget-image\" data-id=\"ceb50a8\" data-element_type=\"widget\" data-e-type=\"widget\" data-widget_type=\"image.default\">\n\t\t\t\t<div class=\"elementor-widget-container\">\n\t\t\t\t\t\t\t\t\t\t\t\t\t\t\t<img decoding=\"async\" src=\"https:\/\/yebodaglass.com\/wp-content\/uploads\/elementor\/thumbs\/51-\u62f7\u8d1d-1-r8rxufjl9ga7sr7v7bf37519gube44ba8g6jcge8ps.webp\" title=\"M\u00e1rka\u00e9p\u00edt\u00e9s:\" alt=\"M\u00e1rka\u00e9p\u00edt\u00e9s:\" loading=\"lazy\" \/>\t\t\t\t\t\t\t\t\t\t\t\t\t\t\t<\/div>\n\t\t\t\t<\/div>\n\t\t\t\t<div class=\"elementor-element elementor-element-b2907c6 elementor-widget elementor-widget-text-editor\" data-id=\"b2907c6\" data-element_type=\"widget\" data-e-type=\"widget\" data-widget_type=\"text-editor.default\">\n\t\t\t\t<div class=\"elementor-widget-container\">\n\t\t\t\t\t\t\t\t\t<h2>Pers\u00f6nliche Nutzung:<\/h2><p>Diese Vorratsgl\u00e4ser mit luftdichten Deckeln eignen sich perfekt zur Aufbewahrung von Trockenwaren, Getreide, Mehl, Kaffeebohnen, Tee, Nudeln oder selbstgebackenem Geb\u00e4ck. Der luftdichte Verschluss sch\u00fctzt effektiv vor Feuchtigkeit und Insekten und sorgt so f\u00fcr langanhaltende Frische. Das einheitliche Design erm\u00f6glicht eine \u00fcbersichtliche Aufbewahrung und gute \u00dcbersicht in Speisekammer und K\u00fchlschrank.<\/p><h2>Kommerzielle Nutzung:<\/h2><p>Eine professionelle L\u00f6sung f\u00fcr Lagerung und Pr\u00e4sentation im Gewerbe! Diese luftdicht verschlossenen Gl\u00e4ser eignen sich ideal f\u00fcr Caf\u00e9s, Restaurants, B\u00e4ckereien, Superm\u00e4rkte, S\u00fc\u00dfwarenl\u00e4den und mehr. Sie sind perfekt zum Aufbewahren, Pr\u00e4sentieren und Verkaufen verschiedenster Lebensmittel. Ihr hygienisches, robustes und \u00e4sthetisches Design unterstreicht die Professionalit\u00e4t Ihrer Marke und optimiert die K\u00fcchenabl\u00e4ufe. Die Gl\u00e4ser k\u00f6nnen direkt in Einzelhandelsverpackungen verkauft und mit Etiketten oder Logos versehen werden \u2013 so werden sie zu wirkungsvollen Branding- und Marketinginstrumenten.<\/p>\t\t\t\t\t\t\t\t<\/div>\n\t\t\t\t<\/div>\n\t\t\t\t\t<\/div>\n\t\t\t\t<\/div>\n\t\t\t\t<\/div>","protected":false},"excerpt":{"rendered":"<p>Willkommen bei den runden, luftdichten Vorratsgl\u00e4sern aus Glas, unserer intelligenten Wahl im Gro\u00dfhandel aus einer Hand. Wir bieten vier klassische Formen: 17 oz, 25 oz, 34 oz und 50 oz, alle High-Demonstrationen sind mit luftdichten Deckeln ausgestattet. Wir sind bestrebt, Ihnen sichere, feuchtigkeitsdichte und langlebige L\u00f6sungen f\u00fcr die Aufbewahrung von Lebensmitteln zu bieten. Ob Sie nun ein sauberes und organisiertes Zuhause anstreben oder [...]<\/p>","protected":false},"featured_media":17111,"template":"","meta":[],"product_brand":[],"product_cat":[83,87,20],"product_tag":[],"class_list":{"0":"post-17070","1":"product","2":"type-product","3":"status-publish","4":"has-post-thumbnail","6":"product_cat-glass-jars","7":"product_cat-food-storage-jars","8":"product_cat-glass-containers","10":"first","11":"instock","12":"shipping-taxable","13":"product-type-grouped"},"jetpack_sharing_enabled":true,"_links":{"self":[{"href":"https:\/\/yebodaglass.com\/de\/wp-json\/wp\/v2\/product\/17070","targetHints":{"allow":["GET"]}}],"collection":[{"href":"https:\/\/yebodaglass.com\/de\/wp-json\/wp\/v2\/product"}],"about":[{"href":"https:\/\/yebodaglass.com\/de\/wp-json\/wp\/v2\/types\/product"}],"version-history":[{"count":5,"href":"https:\/\/yebodaglass.com\/de\/wp-json\/wp\/v2\/product\/17070\/revisions"}],"predecessor-version":[{"id":21024,"href":"https:\/\/yebodaglass.com\/de\/wp-json\/wp\/v2\/product\/17070\/revisions\/21024"}],"wp:featuredmedia":[{"embeddable":true,"href":"https:\/\/yebodaglass.com\/de\/wp-json\/wp\/v2\/media\/17111"}],"wp:attachment":[{"href":"https:\/\/yebodaglass.com\/de\/wp-json\/wp\/v2\/media?parent=17070"}],"wp:term":[{"taxonomy":"product_brand","embeddable":true,"href":"https:\/\/yebodaglass.com\/de\/wp-json\/wp\/v2\/product_brand?post=17070"},{"taxonomy":"product_cat","embeddable":true,"href":"https:\/\/yebodaglass.com\/de\/wp-json\/wp\/v2\/product_cat?post=17070"},{"taxonomy":"product_tag","embeddable":true,"href":"https:\/\/yebodaglass.com\/de\/wp-json\/wp\/v2\/product_tag?post=17070"}],"curies":[{"name":"wp","href":"https:\/\/api.w.org\/{rel}","templated":true}]}}