{"id":16945,"date":"2025-07-14T16:03:51","date_gmt":"2025-07-14T08:03:51","guid":{"rendered":"https:\/\/yebodaglass.com\/?post_type=product&#038;p=16945"},"modified":"2026-04-10T14:03:54","modified_gmt":"2026-04-10T06:03:54","slug":"wholesale-8-oz-wide-mouth-mason-jar-with-diamond-pattern","status":"publish","type":"product","link":"https:\/\/yebodaglass.com\/de\/wholesale-8-oz-wide-mouth-mason-jar-with-diamond-pattern\/","title":{"rendered":"Gro\u00dfhandel 8 oz Weithals-Einmachglas mit Rautenmuster"},"content":{"rendered":"<p>Das 227-ml-Einmachglas mit weiter \u00d6ffnung besticht durch sein traditionelles zylindrisches Design mit rautenf\u00f6rmigen Mustern. Es besteht aus ultraklarem, lebensmittelechtem Glas und verf\u00fcgt \u00fcber einen silbernen Metallschraubverschluss, der einen luftdichten Verschluss gew\u00e4hrleistet.<\/p>\n<h2>Merkmale<\/h2>\n<ul>\n<li><strong>Klassische Einmachglasform mit weiter \u00d6ffnung:<\/strong> Ein geradwandiger Glaszylinder mit Standard-Weithalsgewinde gew\u00e4hrleistet die Kompatibilit\u00e4t mit universellen Deckeln f\u00fcr einfaches Bef\u00fcllen.<\/li>\n<li><strong>Rautensteppmuster:<\/strong> Das Glas weist tiefe Rautenmuster auf, die ein attraktives Design erzeugen und dem Benutzer eine bessere Handhabung erm\u00f6glichen.<\/li>\n<li><strong>Verdicktes und robustes Flaschendesign:<\/strong> Die dicken W\u00e4nde der Flasche sorgen f\u00fcr eine stabile Struktur, w\u00e4hrend die gepr\u00e4gte Textur dem Benutzer eine bessere Kontrolle erm\u00f6glicht.<\/li>\n<\/ul>\n<h2>Wichtigste Spezifikationen<\/h2>\n<table style=\"border-collapse: collapse; width: 80%; margin-left: auto; margin-right: auto;\" border=\"0\" width=\"615\" cellspacing=\"0\" cellpadding=\"0\">\n<tbody>\n<tr style=\"height: 13.50pt;\">\n<td style=\"height: 13.5pt; width: 162.75pt; text-align: center;\" width=\"217\" height=\"18\">Spezifikation<\/td>\n<td style=\"width: 298.5pt; text-align: center;\" width=\"398\">Detail<\/td>\n<\/tr>\n<tr style=\"height: 13.50pt;\">\n<td style=\"height: 13.5pt; text-align: center;\" height=\"18\">Kapazit\u00e4t<\/td>\n<td style=\"text-align: center;\">8 oz\/250 ml<\/td>\n<\/tr>\n<tr style=\"height: 13.50pt;\">\n<td style=\"height: 13.5pt; text-align: center;\" height=\"18\">Verpackungsabmessungen<\/td>\n<td style=\"text-align: center;\">12,4 * 9,4 * 4,7 Zoll<\/td>\n<\/tr>\n<tr style=\"height: 13.50pt;\">\n<td style=\"height: 13.5pt; text-align: center;\" height=\"18\">Material<\/td>\n<td style=\"text-align: center;\">bleifreies Glas<\/td>\n<\/tr>\n<tr style=\"height: 13.50pt;\">\n<td style=\"height: 13.5pt; text-align: center;\" height=\"18\">Deckeltyp<\/td>\n<td style=\"text-align: center;\">Metalldeckel mit Schraubverschluss<\/td>\n<\/tr>\n<tr style=\"height: 13.50pt;\">\n<td style=\"height: 13.5pt; text-align: center;\" height=\"18\">Verpackungsspezifikation<\/td>\n<td style=\"text-align: center;\">12 Gl\u00e4ser pro Karton<\/td>\n<\/tr>\n<tr style=\"height: 13.50pt;\">\n<td style=\"height: 13.5pt; text-align: center;\" height=\"18\">Form<\/td>\n<td style=\"text-align: center;\">Zylindrisch<\/td>\n<\/tr>\n<tr style=\"height: 13.50pt;\">\n<td style=\"height: 13.5pt; text-align: center;\" height=\"18\">Au\u00dfendesign<\/td>\n<td style=\"text-align: center;\">Gestepptes Rautenmuster, das in die Oberfl\u00e4che eingraviert ist<\/td>\n<\/tr>\n<tr style=\"height: 13.50pt;\">\n<td style=\"height: 13.5pt; text-align: center;\" height=\"18\">Transparenz<\/td>\n<td style=\"text-align: center;\">Klares Glas, das die Sicht ins Innere erm\u00f6glicht<\/td>\n<\/tr>\n<\/tbody>\n<\/table>\n<h2>Erfolgsgeschichte: Eine Sonderanfertigung bei einer Premium-Marmeladenmarke<\/h2>\n<p>Ein Marmeladenhersteller in Georgia entschied sich f\u00fcr unsere 237-ml-Einmachgl\u00e4ser mit breiter \u00d6ffnung und veredelte sie mit goldenen Metalldeckeln und einer mattierten Oberfl\u00e4che. Die individuell gestalteten Gl\u00e4ser erzielten hervorragende Ergebnisse: Das Rautenmuster und die mattierte Oberfl\u00e4che f\u00fchrten zu einer 30% h\u00f6heren Sichtbarkeit im Regal und 65% mehr Wiederk\u00e4ufen. Daraufhin bestellte das Unternehmen \u00fcber 450.000 Einmachgl\u00e4ser f\u00fcr seine neue Produktlinie.<\/p>\n<h2>Anpassungsvorschl\u00e4ge f\u00fcr Einmachgl\u00e4ser mit weiter \u00d6ffnung<\/h2>\n<ul>\n<li>Mustervariationen: Erstellen Sie verschiedene Pr\u00e4gemuster, darunter Wabenmuster, florale Muster, geometrische Muster und individuelle Texturen.<\/li>\n<li>Passende farblich abgestimmte Deckelringe: Das Produkt bietet verschiedene beschichtete Metallringe in Kupfer, Ros\u00e9gold und Schwarz, passend zu den Glasbeh\u00e4ltern und Etiketten.<\/li>\n<li>Integrierte Graduierung: Das Glasgef\u00e4\u00df verf\u00fcgt \u00fcber gepr\u00e4gte Graduierungen, die Unzen und Milliliter anzeigen, f\u00fcr Benutzer, die beim Kochen, Backen und Basteln Messungen ben\u00f6tigen.<\/li>\n<\/ul>","protected":false},"excerpt":{"rendered":"<p>Weithals-Einmachglas mit gepr\u00e4gter Rautenstruktur und Metalldeckel. 237 ml (8 oz) Weithals-Einmachgl\u00e4ser \u2013 ideal zum Verschenken, Aufbewahren und Dekorieren. Individuelle Gestaltung m\u00f6glich.<\/p>","protected":false},"featured_media":16959,"template":"","meta":[],"product_brand":[],"product_cat":[84,83,20],"product_tag":[],"class_list":{"0":"post-16945","1":"product","2":"type-product","3":"status-publish","4":"has-post-thumbnail","6":"product_cat-mason-jars","7":"product_cat-glass-jars","8":"product_cat-glass-containers","10":"first","11":"instock","12":"shipping-taxable","13":"product-type-grouped"},"jetpack_sharing_enabled":true,"_links":{"self":[{"href":"https:\/\/yebodaglass.com\/de\/wp-json\/wp\/v2\/product\/16945","targetHints":{"allow":["GET"]}}],"collection":[{"href":"https:\/\/yebodaglass.com\/de\/wp-json\/wp\/v2\/product"}],"about":[{"href":"https:\/\/yebodaglass.com\/de\/wp-json\/wp\/v2\/types\/product"}],"version-history":[{"count":5,"href":"https:\/\/yebodaglass.com\/de\/wp-json\/wp\/v2\/product\/16945\/revisions"}],"predecessor-version":[{"id":25736,"href":"https:\/\/yebodaglass.com\/de\/wp-json\/wp\/v2\/product\/16945\/revisions\/25736"}],"wp:featuredmedia":[{"embeddable":true,"href":"https:\/\/yebodaglass.com\/de\/wp-json\/wp\/v2\/media\/16959"}],"wp:attachment":[{"href":"https:\/\/yebodaglass.com\/de\/wp-json\/wp\/v2\/media?parent=16945"}],"wp:term":[{"taxonomy":"product_brand","embeddable":true,"href":"https:\/\/yebodaglass.com\/de\/wp-json\/wp\/v2\/product_brand?post=16945"},{"taxonomy":"product_cat","embeddable":true,"href":"https:\/\/yebodaglass.com\/de\/wp-json\/wp\/v2\/product_cat?post=16945"},{"taxonomy":"product_tag","embeddable":true,"href":"https:\/\/yebodaglass.com\/de\/wp-json\/wp\/v2\/product_tag?post=16945"}],"curies":[{"name":"wp","href":"https:\/\/api.w.org\/{rel}","templated":true}]}}