{"id":16894,"date":"2025-07-14T13:11:18","date_gmt":"2025-07-14T05:11:18","guid":{"rendered":"https:\/\/yebodaglass.com\/?post_type=product&#038;p=16894"},"modified":"2026-03-25T14:14:13","modified_gmt":"2026-03-25T06:14:13","slug":"wholesale-16-oz-32-oz-clear-swing-top-glass-bottles","status":"publish","type":"product","link":"https:\/\/yebodaglass.com\/de\/produkt\/wholesale-16-oz-32-oz-clear-swing-top-glass-bottles\/","title":{"rendered":"Gro\u00dfhandel 16 oz 32 oz Klarglasflaschen mit B\u00fcgelverschluss"},"content":{"rendered":"<p>Diese runden B\u00fcgelverschlussflaschen sind aus kristallklarem Glas gefertigt. Ihr Hauptmerkmal ist der klappbare Metalldrahtverschluss, der den rot-wei\u00df gestreiften Keramikverschluss mit Gummidichtung sichert. Die Konstruktion gew\u00e4hrleistet einen sicheren, luftdichten Verschluss und erm\u00f6glicht gleichzeitig ein einfaches \u00d6ffnen und Schlie\u00dfen.<\/p>\n<h2>Features<\/h2>\n<ul>\n<li><strong>Schraubverschlussdichtung:<\/strong> Der Metallverschluss verschlie\u00dft den Gummidichtungsstopfen und sorgt so f\u00fcr eine gute und wiederverwendbare Abdichtung.<\/li>\n<li><strong>Klares zylindrisches Design:<\/strong> Die Glasflasche mit ihren geraden Seiten ist robust, leicht zu reinigen und durchsichtig.<\/li>\n<li><strong>Metallische Beschl\u00e4ge:<\/strong> Das hochfeste Metallscharnier und der mit einer Gummikappe versehene Keramikstopfen garantieren die lange Lebensdauer der Armatur.<\/li>\n<\/ul>\n<h2 style=\"text-align: left;\">Wichtigste Spezifikationen<\/h2>\n<table class=\"aligncenter\" style=\"border-collapse: collapse; width: 303.77pt;\" border=\"0\" width=\"405\" cellspacing=\"0\" cellpadding=\"0\">\n<tbody>\n<tr style=\"height: 13.50pt;\">\n<td style=\"height: 13.50pt; width: 99.75pt;\" width=\"133\" height=\"18\">Parameter<\/td>\n<td style=\"width: 204.00pt;\" width=\"272\">Beschreibung<\/td>\n<\/tr>\n<tr style=\"height: 13.50pt;\">\n<td style=\"height: 13.50pt;\" height=\"18\">Kapazit\u00e4t<\/td>\n<td>16 oz (500 ml)\/32 oz (1000 ml)<\/td>\n<\/tr>\n<tr style=\"height: 13.50pt;\">\n<td style=\"height: 13.50pt;\" height=\"18\">Verpackungsgr\u00f6\u00dfe<\/td>\n<td>9,3 x 6,3 x 10,6 Zoll \/ 7,3 x 7,3 x 12,4 Zoll<\/td>\n<\/tr>\n<tr style=\"height: 13.50pt;\">\n<td style=\"height: 13.50pt;\" height=\"18\">Verpackungsmenge<\/td>\n<td>6 St\u00fcck pro Karton; 4 St\u00fcck pro Karton<\/td>\n<\/tr>\n<tr style=\"height: 13.50pt;\">\n<td style=\"height: 13.50pt;\" height=\"18\">Material<\/td>\n<td>100 % recycelbares, bleifreies Glas<\/td>\n<\/tr>\n<tr style=\"height: 13.50pt;\">\n<td style=\"height: 13.50pt;\" height=\"18\">Kappenart<\/td>\n<td>Klappdeckel mit Gummidichtung<\/td>\n<\/tr>\n<\/tbody>\n<\/table>\n<h2>Erfolgsgeschichte: Das Wachstum eines Ahornsirup-Produzenten in Neuengland<\/h2>\n<p>Eine unserer 1-Liter-B\u00fcgelverschlussflaschen wurde von einem Ahornsirup-Produzenten aus Neuengland ausgew\u00e4hlt. Dieser gab ein Siebdruckmuster f\u00fcr Birkenholz und eine braune Gummidichtung in Auftrag. Die Dichtung verl\u00e4ngerte die Haltbarkeit des Ahornsirups um das Dreifache, und dank der Klarglasflasche konnten die Kunden die Reinheit des Produkts leicht erkennen. Der Umsatz stieg um 20 Prozent. Das Unternehmen war so zufrieden mit dem Produkt, dass es weitere 100.000 Flaschen seiner neu eingef\u00fchrten Produktlinie mit aromatisierten Sirupen und Geschenksets bestellte.<\/p>\n<h2>Personalisierung von B\u00fcgelverschluss-Glasflaschen<\/h2>\n<ul>\n<li>Materialien f\u00fcr Klemme und Draht: Die Klemme kann aus verzinktem Stahl, schwarzer Beschichtung, Kupfer oder antikem Messing gefertigt sein.<\/li>\n<li>Farben f\u00fcr Stopfen und Dichtungsring: Farbe des Dichtungsrings und anpassbares Stopfenmaterial (Keramik, Kunststoff).<\/li>\n<li>Integriertes Fermentationsvakuumventil: Ausgestattet mit einem speziellen Stopfen, der \u00fcber ein individuell anpassbares wasserbasiertes oder ventilartiges Ventil verf\u00fcgt, um die Anwendung bei Heimbrau-Fermentationen zu vereinfachen.<\/li>\n<\/ul>","protected":false},"excerpt":{"rendered":"<p data-start=\"40\" data-end=\"220\">Transparente B\u00fcgelverschlussflaschen aus Glas mit auslaufsicherem Verschluss. Ideal f\u00fcr Getr\u00e4nke und Fl\u00fcssigkeiten. Direkt vom Hersteller, Mengenrabatte verf\u00fcgbar.<\/p>","protected":false},"featured_media":16911,"template":"","meta":[],"product_brand":[],"product_cat":[81,80,20],"product_tag":[],"class_list":{"0":"post-16894","1":"product","2":"type-product","3":"status-publish","4":"has-post-thumbnail","6":"product_cat-flip-top-bottles","7":"product_cat-glass-bottles","8":"product_cat-glass-containers","10":"first","11":"instock","12":"shipping-taxable","13":"product-type-grouped"},"jetpack_sharing_enabled":true,"_links":{"self":[{"href":"https:\/\/yebodaglass.com\/de\/wp-json\/wp\/v2\/product\/16894","targetHints":{"allow":["GET"]}}],"collection":[{"href":"https:\/\/yebodaglass.com\/de\/wp-json\/wp\/v2\/product"}],"about":[{"href":"https:\/\/yebodaglass.com\/de\/wp-json\/wp\/v2\/types\/product"}],"version-history":[{"count":5,"href":"https:\/\/yebodaglass.com\/de\/wp-json\/wp\/v2\/product\/16894\/revisions"}],"predecessor-version":[{"id":25602,"href":"https:\/\/yebodaglass.com\/de\/wp-json\/wp\/v2\/product\/16894\/revisions\/25602"}],"wp:featuredmedia":[{"embeddable":true,"href":"https:\/\/yebodaglass.com\/de\/wp-json\/wp\/v2\/media\/16911"}],"wp:attachment":[{"href":"https:\/\/yebodaglass.com\/de\/wp-json\/wp\/v2\/media?parent=16894"}],"wp:term":[{"taxonomy":"product_brand","embeddable":true,"href":"https:\/\/yebodaglass.com\/de\/wp-json\/wp\/v2\/product_brand?post=16894"},{"taxonomy":"product_cat","embeddable":true,"href":"https:\/\/yebodaglass.com\/de\/wp-json\/wp\/v2\/product_cat?post=16894"},{"taxonomy":"product_tag","embeddable":true,"href":"https:\/\/yebodaglass.com\/de\/wp-json\/wp\/v2\/product_tag?post=16894"}],"curies":[{"name":"wp","href":"https:\/\/api.w.org\/{rel}","templated":true}]}}