{"id":16755,"date":"2025-07-10T17:05:59","date_gmt":"2025-07-10T09:05:59","guid":{"rendered":"https:\/\/yebodaglass.com\/?post_type=product&#038;p=16755"},"modified":"2026-04-09T15:56:47","modified_gmt":"2026-04-09T07:56:47","slug":"wholesale-12-oz-premium-clear-flip-top-bottles-for-kombucha","status":"publish","type":"product","link":"https:\/\/yebodaglass.com\/de\/wholesale-12-oz-premium-clear-flip-top-bottles-for-kombucha\/","title":{"rendered":"Gro\u00dfhandel mit 12-Unzen-Klarsichtflaschen mit Klappverschluss f\u00fcr Kombucha"},"content":{"rendered":"<p>Die Klappdeckelflaschen f\u00fcr Kombucha vereinen die traditionelle Tropfenform mit einer modernen, konischen Struktur. Sie bestehen aus ultraklarem, lebensmittelechtem Glas und sind mit einem Edelstahl-Schraubverschluss inklusive rotem Silikondichtungsring ausgestattet, der f\u00fcr absolute Dichtigkeit sorgt.<\/p>\n<h2>Features<\/h2>\n<ul>\n<li><strong>Tropfenf\u00f6rmiger, sich verj\u00fcngender Bund:<\/strong> Die tropfenf\u00f6rmige Silhouette mit spitz zulaufender Taille wirkt elegant und erm\u00f6glicht ein einfaches Halten und Ausgie\u00dfen.<\/li>\n<li><strong>Schnappverschluss-Dichtungsdesign:<\/strong> Schnappverschluss mit Silikondichtung: Der Schnappverschluss aus Metall ist mit einer Silikondichtung versehen, die f\u00fcr einfaches \u00d6ffnen und Schlie\u00dfen sowie eine hohe Dichtungsleistung sorgt.<\/li>\n<li><strong>Hochtransparentes Glas, lebensmittelechtes Glas:<\/strong> Diese Flasche besteht aus lebensmittelechtem, hochtransparentem Glas und ist klar, sauber, sicher, geruchlos und best\u00e4ndig gegen S\u00e4uren und Laugen.<\/li>\n<\/ul>\n<h2 style=\"text-align: left;\">Wichtigste Spezifikationen<\/h2>\n<table class=\"aligncenter\" style=\"border-collapse: collapse; width: 529.52pt;\" border=\"0\" width=\"706\" cellspacing=\"0\" cellpadding=\"0\">\n<tbody>\n<tr style=\"height: 13.50pt;\">\n<td style=\"height: 13.50pt; width: 117.75pt;\" width=\"157\" height=\"18\">Spezifikation<\/td>\n<td style=\"width: 411.75pt;\" width=\"549\">Details<\/td>\n<\/tr>\n<tr style=\"height: 13.50pt;\">\n<td style=\"height: 13.50pt;\" height=\"18\">Kapazit\u00e4t<\/td>\n<td>12 oz\/350 ml<\/td>\n<\/tr>\n<tr style=\"height: 13.50pt;\">\n<td style=\"height: 13.50pt;\" height=\"18\">Verpackungsabmessungen<\/td>\n<td>9,4 x 8,6 x 6,1 Zoll<\/td>\n<\/tr>\n<tr style=\"height: 13.50pt;\">\n<td style=\"height: 13.50pt;\" height=\"18\">Material<\/td>\n<td>bleifreies Glas<\/td>\n<\/tr>\n<tr style=\"height: 13.50pt;\">\n<td style=\"height: 13.50pt;\" height=\"18\">Verpackungsmenge<\/td>\n<td>6 Flaschen pro Karton<\/td>\n<\/tr>\n<tr style=\"height: 13.50pt;\">\n<td style=\"height: 13.50pt;\" height=\"18\">Aussehen<\/td>\n<td>Transparenter, schlanker und geschwungener Flaschenk\u00f6rper<\/td>\n<\/tr>\n<tr style=\"height: 13.50pt;\">\n<td style=\"height: 13.50pt;\" height=\"18\">Dichtungsmechanismus<\/td>\n<td style=\"text-align: left;\">Transparenter, klappbarer Glasstopfen mit rotem Dichtungsring am Boden<\/td>\n<\/tr>\n<\/tbody>\n<\/table>\n<h2>Erfolgsgeschichte: Sonderanfertigung bei einer kanadischen Marke f\u00fcr handwerklich hergestellten Essig<\/h2>\n<p>Ein Essighersteller in British Columbia entschied sich f\u00fcr unsere 500-ml-Glasflasche mit Klappverschluss und einem individuell gefertigten, messingbeschichteten Drahtgriff. Die Flasche erwies sich als voller Erfolg: Der hervorragende Verschluss reduzierte den Verdunstungsverlust w\u00e4hrend des langen Reifeprozesses um 20 %. Das elegante Flaschendesign erh\u00f6hte den Preis um 50 %. Der anf\u00e4ngliche Erfolg f\u00fchrte zu einer zus\u00e4tzlichen Bestellung von 650.000 Flaschen, die f\u00fcr die Markteinf\u00fchrung der Produktlinie mit Kr\u00e4uteressig ben\u00f6tigt wurden.<\/p>\n<h2>Flip-Top-Flaschen f\u00fcr Kombucha werden individuell gestaltet<\/h2>\n<ul>\n<li>Silikon-Schutzh\u00fclle: Diese bietet eine optionale, abnehmbare, inerte Silikon-Schutzh\u00fclle, die rutschfest ist, einen besseren Halt der Flasche bietet und zus\u00e4tzlich zum Sto\u00dfschutz der Flasche auch isoliert.<\/li>\n<li>Haken und Riegel: Erh\u00e4ltlich in verzinktem Stahl, Schwarz, Kupfer oder Messing.<\/li>\n<li>Flaschenhals und Farbe des Dichtungsrings: Kundenspezifischer Stopfen und Farbe des Dichtungsrings entsprechen der Markenfarbe.<\/li>\n<\/ul>","protected":false},"excerpt":{"rendered":"<p>Hochwertige B\u00fcgelverschlussflaschen f\u00fcr Kombucha mit stabilem Metallverschluss. Ideal zum Brauen und Abf\u00fcllen zu Hause. Gro\u00dfhandelsrabatte und Direktbezug vom Hersteller.<\/p>","protected":false},"featured_media":17254,"template":"","meta":[],"product_brand":[],"product_cat":[81,80,20],"product_tag":[],"class_list":{"0":"post-16755","1":"product","2":"type-product","3":"status-publish","4":"has-post-thumbnail","6":"product_cat-flip-top-bottles","7":"product_cat-glass-bottles","8":"product_cat-glass-containers","10":"first","11":"instock","12":"shipping-taxable","13":"product-type-grouped"},"jetpack_sharing_enabled":true,"_links":{"self":[{"href":"https:\/\/yebodaglass.com\/de\/wp-json\/wp\/v2\/product\/16755","targetHints":{"allow":["GET"]}}],"collection":[{"href":"https:\/\/yebodaglass.com\/de\/wp-json\/wp\/v2\/product"}],"about":[{"href":"https:\/\/yebodaglass.com\/de\/wp-json\/wp\/v2\/types\/product"}],"version-history":[{"count":5,"href":"https:\/\/yebodaglass.com\/de\/wp-json\/wp\/v2\/product\/16755\/revisions"}],"predecessor-version":[{"id":25702,"href":"https:\/\/yebodaglass.com\/de\/wp-json\/wp\/v2\/product\/16755\/revisions\/25702"}],"wp:featuredmedia":[{"embeddable":true,"href":"https:\/\/yebodaglass.com\/de\/wp-json\/wp\/v2\/media\/17254"}],"wp:attachment":[{"href":"https:\/\/yebodaglass.com\/de\/wp-json\/wp\/v2\/media?parent=16755"}],"wp:term":[{"taxonomy":"product_brand","embeddable":true,"href":"https:\/\/yebodaglass.com\/de\/wp-json\/wp\/v2\/product_brand?post=16755"},{"taxonomy":"product_cat","embeddable":true,"href":"https:\/\/yebodaglass.com\/de\/wp-json\/wp\/v2\/product_cat?post=16755"},{"taxonomy":"product_tag","embeddable":true,"href":"https:\/\/yebodaglass.com\/de\/wp-json\/wp\/v2\/product_tag?post=16755"}],"curies":[{"name":"wp","href":"https:\/\/api.w.org\/{rel}","templated":true}]}}