{"id":16710,"date":"2025-07-10T16:27:07","date_gmt":"2025-07-10T08:27:07","guid":{"rendered":"https:\/\/yebodaglass.com\/?post_type=product&#038;p=16710"},"modified":"2026-03-25T16:22:33","modified_gmt":"2026-03-25T08:22:33","slug":"wholesale-12-oz-amber-flip-top-beer-bottles","status":"publish","type":"product","link":"https:\/\/yebodaglass.com\/de\/wholesale-12-oz-amber-flip-top-beer-bottles\/","title":{"rendered":"Gro\u00dfhandel mit 12-Unzen-Bierflaschen in Braun mit B\u00fcgelverschluss"},"content":{"rendered":"<p>Diese Bierflaschen mit B\u00fcgelverschluss haben einen zylindrischen, bernsteinfarbenen Korpus aus geradwandigem Glas, der sch\u00e4dliche UV-Strahlen wirksam abblockt und so einen unangenehmen Geschmack des Bieres verhindert. Der Verschluss mit Drahtringdichtung und Schraubverschluss sorgt f\u00fcr einen luftdichten Verschluss und eignet sich besonders f\u00fcr Biere, die sich in der Flasche in der Nachg\u00e4rung befinden.<\/p>\n<h2>Features<\/h2>\n<ul>\n<li><strong>UV-Schutzglas in Braunglasform:<\/strong> Das dunkelbraune Bernsteinglas sch\u00fctzt wirksam vor Sonnenlicht und verhindert, dass das Bier Licht ausgesetzt wird, wodurch sein urspr\u00fcnglicher Geschmack erhalten bleibt.<\/li>\n<li><strong>Luftdichter Schraubverschluss:<\/strong> Der Drahtringverschluss und der Dichtungsstopfen bilden einen guten, zuverl\u00e4ssigen und wiederverwendbaren dichten Verschluss, der die Kohlens\u00e4ure und Frische des Bieres garantiert.<\/li>\n<li><strong>Langlebige und wiederverwendbare Konstruktion:<\/strong> Dickes Glas und robuste Beschl\u00e4ge sind so konzipiert, dass sie auch bei gewerblicher Reinigung und wiederholter Wiederverwendung lange halten.<\/li>\n<\/ul>\n<h2 style=\"text-align: left;\">Wichtigste Spezifikationen<\/h2>\n<table class=\"aligncenter\" style=\"border-collapse: collapse; width: 497.27pt;\" border=\"0\" width=\"663\" cellspacing=\"0\" cellpadding=\"0\">\n<tbody>\n<tr style=\"height: 13.50pt;\">\n<td style=\"height: 13.50pt; width: 144.00pt;\" width=\"192\" height=\"18\">Spezifikation<\/td>\n<td style=\"width: 353.25pt;\" width=\"471\">Details<\/td>\n<\/tr>\n<tr style=\"height: 13.50pt;\">\n<td style=\"height: 13.50pt;\" height=\"18\">Kapazit\u00e4t<\/td>\n<td>12 oz\/330 ml<\/td>\n<\/tr>\n<tr style=\"height: 13.50pt;\">\n<td style=\"height: 13.50pt;\" height=\"18\">Verpackungsabmessungen<\/td>\n<td>7,7 * 7,7 * 9,3 Zoll<\/td>\n<\/tr>\n<tr style=\"height: 13.50pt;\">\n<td style=\"height: 13.50pt;\" height=\"18\">Glasmaterial<\/td>\n<td>bleifreies Glas<\/td>\n<\/tr>\n<tr style=\"height: 13.50pt;\">\n<td style=\"height: 13.50pt;\" height=\"18\">Verpackungsmenge<\/td>\n<td>9 Flaschen pro Karton<\/td>\n<\/tr>\n<tr style=\"height: 13.50pt;\">\n<td style=\"height: 13.50pt;\" height=\"18\">Farbe<\/td>\n<td>Bernstein<\/td>\n<\/tr>\n<tr style=\"height: 13.50pt;\">\n<td style=\"height: 13.50pt;\" height=\"18\">Flaschenform<\/td>\n<td>Glatter zylindrischer K\u00f6rper<\/td>\n<\/tr>\n<tr style=\"height: 13.50pt;\">\n<td style=\"height: 13.50pt;\" height=\"18\">Oberfl\u00e4chenbeschaffenheit<\/td>\n<td>Glatt und gl\u00e4nzend<\/td>\n<\/tr>\n<tr style=\"height: 13.50pt;\">\n<td style=\"height: 13.50pt;\" height=\"18\">Flaschenverschluss<\/td>\n<td>Schwarzer Klappdeckel<\/td>\n<\/tr>\n<tr style=\"height: 13.50pt;\">\n<td style=\"height: 13.50pt;\" height=\"18\">Flaschenverschluss<\/td>\n<td>Wei\u00dfer Keramikstopfen<\/td>\n<\/tr>\n<tr style=\"height: 13.50pt;\">\n<td style=\"height: 13.50pt;\" height=\"18\">Befestigungsmechanismus<\/td>\n<td>Mit einer Metalldrahtklemme befestigt<\/td>\n<\/tr>\n<\/tbody>\n<\/table>\n<h2>Erfolgsgeschichte<\/h2>\n<p>Eine Craft-Brauerei in Michigan hat sich f\u00fcr unsere 500-ml-Bierflaschen mit B\u00fcgelverschluss in Bernsteinfarbe entschieden und diese mit einem Keramikdruckmuster aus Hopfenzapfen und kupferbeschichteten Metallgriffen versehen. Die individuelle Gestaltung der Flaschen bietet wichtige Vorteile: Wiederverwendbare Verschl\u00fcsse sparen Kosten und reduzieren den Abfall um sch\u00e4tzungsweise 0,05 US-Dollar pro Flasche; die Stabilit\u00e4t der Flaschen in gewerblichen Sp\u00fclmaschinen sorgt f\u00fcr eine Bruchrate von unter 2 Prozent pro Waschgang. Aufgrund dieses Erfolgs bestellte die Brauerei \u00fcber 450.000 Flaschen f\u00fcr die Einf\u00fchrung einer neuen Linie von Sauerbier, das im Fass gereift wird, und ging eine Kooperation mit einer gehobenen Restaurantkette ein.<\/p>\n<h2>Personalisierung von Bierflaschen mit B\u00fcgelverschluss<\/h2>\n<ul>\n<li>Individueller Keramiksiebdruck: Permanente, gebrannte Etiketten, Logos oder Designs k\u00f6nnen direkt auf bernsteinfarbene Glasflaschen gedruckt werden, um Bierflaschen ein hochwertiges, traditionelles Aussehen zu verleihen.<\/li>\n<li>Optionen f\u00fcr Griff- und Korkfarbe: Die Griffe sind in verschiedenen Ausf\u00fchrungen erh\u00e4ltlich (schwarz, Messing, Zink), und die Korkfarbe kann an die Marke der Brauerei angepasst werden.<\/li>\n<li>Pr\u00e4gung Kapazit\u00e4t\/Logo: Pr\u00e4gen Sie ein kleines, vertieftes Brauereilogo oder eine Kapazit\u00e4tsangabe (z. B. 500 ml) auf die Glasflasche, um dem Markenimage dauerhaft ein hochwertiges Erscheinungsbild zu verleihen.<\/li>\n<\/ul>","protected":false},"excerpt":{"rendered":"<p data-start=\"26\" data-end=\"202\">Gro\u00dfhandel mit 12-oz-Bierflaschen aus Braunglas mit B\u00fcgelverschluss. Robust, wiederverwendbar und UV-best\u00e4ndig \u2013 ideal f\u00fcr Hobbybrauer, Craft-Biere und Brauereien. Gratisproben.<\/p>","protected":false},"featured_media":17395,"template":"","meta":[],"product_brand":[],"product_cat":[81,80,20],"product_tag":[],"class_list":{"0":"post-16710","1":"product","2":"type-product","3":"status-publish","4":"has-post-thumbnail","6":"product_cat-flip-top-bottles","7":"product_cat-glass-bottles","8":"product_cat-glass-containers","10":"first","11":"instock","12":"shipping-taxable","13":"product-type-grouped"},"jetpack_sharing_enabled":true,"_links":{"self":[{"href":"https:\/\/yebodaglass.com\/de\/wp-json\/wp\/v2\/product\/16710","targetHints":{"allow":["GET"]}}],"collection":[{"href":"https:\/\/yebodaglass.com\/de\/wp-json\/wp\/v2\/product"}],"about":[{"href":"https:\/\/yebodaglass.com\/de\/wp-json\/wp\/v2\/types\/product"}],"version-history":[{"count":5,"href":"https:\/\/yebodaglass.com\/de\/wp-json\/wp\/v2\/product\/16710\/revisions"}],"predecessor-version":[{"id":25607,"href":"https:\/\/yebodaglass.com\/de\/wp-json\/wp\/v2\/product\/16710\/revisions\/25607"}],"wp:featuredmedia":[{"embeddable":true,"href":"https:\/\/yebodaglass.com\/de\/wp-json\/wp\/v2\/media\/17395"}],"wp:attachment":[{"href":"https:\/\/yebodaglass.com\/de\/wp-json\/wp\/v2\/media?parent=16710"}],"wp:term":[{"taxonomy":"product_brand","embeddable":true,"href":"https:\/\/yebodaglass.com\/de\/wp-json\/wp\/v2\/product_brand?post=16710"},{"taxonomy":"product_cat","embeddable":true,"href":"https:\/\/yebodaglass.com\/de\/wp-json\/wp\/v2\/product_cat?post=16710"},{"taxonomy":"product_tag","embeddable":true,"href":"https:\/\/yebodaglass.com\/de\/wp-json\/wp\/v2\/product_tag?post=16710"}],"curies":[{"name":"wp","href":"https:\/\/api.w.org\/{rel}","templated":true}]}}