{"id":16648,"date":"2025-07-10T14:39:34","date_gmt":"2025-07-10T06:39:34","guid":{"rendered":"https:\/\/yebodaglass.com\/?post_type=product&#038;p=16648"},"modified":"2026-04-13T15:10:20","modified_gmt":"2026-04-13T07:10:20","slug":"clear-milk-storage-bottles-with-lids-wholesale","status":"publish","type":"product","link":"https:\/\/yebodaglass.com\/de\/clear-milk-storage-bottles-with-lids-wholesale\/","title":{"rendered":"11oz\/310ml durchsichtige Milchaufbewahrungsflaschen mit Deckel (Gro\u00dfhandel)"},"content":{"rendered":"<p>Das traditionelle Design der Glasmilchflasche zeichnet sich durch einen schmaleren Flaschenhals im Vergleich zum restlichen Flaschenk\u00f6rper aus. Das transparente, lebensmittelechte Glas bringt die Farbenpracht von frischem Saft, Milch und selbstgemachten Getr\u00e4nken optimal zur Geltung.<\/p>\n<h2>Features<\/h2>\n<ul>\n<li><strong>Klassische Retro-Form mit konischer Silhouette:<\/strong> Die Retro-Milchflasche zeichnet sich durch ein abgerundetes, sich verj\u00fcngendes Design aus, das leicht erkennbar ist und sich f\u00fcr die Verpackung und Pr\u00e4sentation verschiedener Getr\u00e4nkearten eignet.<\/li>\n<li><strong>Design der wei\u00dfen Verschlusskappe:<\/strong> Der wei\u00dfe Verschlussdeckel sorgt f\u00fcr eine effektive Abdichtung und h\u00e4lt Ihre Getr\u00e4nke frisch, da er eine luftdichte Barriere bildet.<\/li>\n<li><strong>Weite \u00d6ffnung, einfaches Bef\u00fcllen:<\/strong> Das Produkt verf\u00fcgt \u00fcber eine weite \u00d6ffnung, was das Bef\u00fcllen und Reinigen erleichtert, da es sowohl im privaten als auch im gewerblichen Bereich, z. B. in Restaurants, eingesetzt werden kann.<\/li>\n<\/ul>\n<h2 style=\"text-align: left;\">Wichtigste Spezifikationen<\/h2>\n<table class=\"aligncenter\" style=\"border-collapse: collapse; width: 346.52pt;\" border=\"0\" width=\"462\" cellspacing=\"0\" cellpadding=\"0\">\n<tbody>\n<tr style=\"height: 13.50pt;\">\n<td style=\"height: 13.50pt; width: 152.25pt;\" width=\"203\" height=\"18\">Spezifikation<\/td>\n<td style=\"width: 194.25pt;\" width=\"259\">Details<\/td>\n<\/tr>\n<tr style=\"height: 13.50pt;\">\n<td style=\"height: 13.50pt;\" height=\"18\">Kapazit\u00e4t<\/td>\n<td>11 oz\/310 ml<\/td>\n<\/tr>\n<tr style=\"height: 13.50pt;\">\n<td style=\"height: 13.50pt;\" height=\"18\">Kaliber<\/td>\n<td>1,9 Zoll<\/td>\n<\/tr>\n<tr style=\"height: 13.50pt;\">\n<td style=\"height: 13.50pt;\" height=\"18\">Flaschenk\u00f6rperdurchmesser<\/td>\n<td>2,5 Zoll<\/td>\n<\/tr>\n<tr style=\"height: 13.50pt;\">\n<td style=\"height: 13.50pt;\" height=\"18\">Flaschenh\u00f6he<\/td>\n<td>6 Zoll<\/td>\n<\/tr>\n<tr style=\"height: 13.50pt;\">\n<td style=\"height: 13.50pt;\" height=\"18\">Material<\/td>\n<td>bleifreies Glas<\/td>\n<\/tr>\n<tr style=\"height: 13.50pt;\">\n<td style=\"height: 13.50pt;\" height=\"18\">Verpackungsspezifikation<\/td>\n<td>9\/12 St\u00fcck pro Karton<\/td>\n<\/tr>\n<\/tbody>\n<\/table>\n<h2>Erfolgsgeschichte: Ein Sonderauftrag einer Molkerei im Mittleren Westen<\/h2>\n<p>Ein familiengef\u00fchrter Milchbetrieb in Wisconsin w\u00e4hlte unser Milchflaschendesign und erg\u00e4nzte es mit einem individuellen Design, einem gepr\u00e4gten Hoflogo und braunem Glas. Die individuell gestaltete Glasmilchflasche war ein gro\u00dfer Erfolg, da ihr Design bei der regionalen Kundschaft nostalgische Gef\u00fchle weckte. Durch das Design der braunen Glasflasche verl\u00e4ngerte sich die Haltbarkeit von Milch mit Rahmhaube um 20 Prozent, was zu einem Anstieg der Hauslieferungen um 40 Prozent f\u00fchrte. Das Unternehmen erh\u00f6hte seine Bestellung nach der ersten Bestellung auf 380.000 Flaschen, um seine neuen Milchprodukte mit Geschmack einzuf\u00fchren.<\/p>\n<h2>Vorschl\u00e4ge zur individuellen Gestaltung von Glasmilchflaschen<\/h2>\n<ul>\n<li>Das Unternehmen bietet verschiedene Kappenfarben mit goldgepr\u00e4gten Siegeln und traditionellen Pappverschl\u00fcssen an, die f\u00fcr ein authentisches Vintage-Aussehen sorgen.<\/li>\n<li>Das quadratische Flaschendesign schafft eine moderne, platzsparende L\u00f6sung, die die traditionelle quadratische Milchflaschenform nutzt.<\/li>\n<li>Das Unternehmen bietet ma\u00dfgefertigte Pappgriffe sowie Silikonh\u00fcllen an, die die Isolierung und Griffigkeit verbessern.<\/li>\n<\/ul>","protected":false},"excerpt":{"rendered":"<p>Hochwertige Milchflaschen aus robustem Glas mit sicherem Deckel. Ideal f\u00fcr den privaten und gewerblichen Gebrauch. Individuelle Branding-Optionen verf\u00fcgbar. Kostenlose Muster.<\/p>","protected":false},"featured_media":17269,"template":"","meta":[],"product_brand":[],"product_cat":[82,80,20],"product_tag":[],"class_list":{"0":"post-16648","1":"product","2":"type-product","3":"status-publish","4":"has-post-thumbnail","6":"product_cat-milk-bottles","7":"product_cat-glass-bottles","8":"product_cat-glass-containers","10":"first","11":"instock","12":"shipping-taxable","13":"product-type-grouped"},"jetpack_sharing_enabled":true,"_links":{"self":[{"href":"https:\/\/yebodaglass.com\/de\/wp-json\/wp\/v2\/product\/16648","targetHints":{"allow":["GET"]}}],"collection":[{"href":"https:\/\/yebodaglass.com\/de\/wp-json\/wp\/v2\/product"}],"about":[{"href":"https:\/\/yebodaglass.com\/de\/wp-json\/wp\/v2\/types\/product"}],"version-history":[{"count":5,"href":"https:\/\/yebodaglass.com\/de\/wp-json\/wp\/v2\/product\/16648\/revisions"}],"predecessor-version":[{"id":25764,"href":"https:\/\/yebodaglass.com\/de\/wp-json\/wp\/v2\/product\/16648\/revisions\/25764"}],"wp:featuredmedia":[{"embeddable":true,"href":"https:\/\/yebodaglass.com\/de\/wp-json\/wp\/v2\/media\/17269"}],"wp:attachment":[{"href":"https:\/\/yebodaglass.com\/de\/wp-json\/wp\/v2\/media?parent=16648"}],"wp:term":[{"taxonomy":"product_brand","embeddable":true,"href":"https:\/\/yebodaglass.com\/de\/wp-json\/wp\/v2\/product_brand?post=16648"},{"taxonomy":"product_cat","embeddable":true,"href":"https:\/\/yebodaglass.com\/de\/wp-json\/wp\/v2\/product_cat?post=16648"},{"taxonomy":"product_tag","embeddable":true,"href":"https:\/\/yebodaglass.com\/de\/wp-json\/wp\/v2\/product_tag?post=16648"}],"curies":[{"name":"wp","href":"https:\/\/api.w.org\/{rel}","templated":true}]}}