{"id":16452,"date":"2025-07-09T13:18:01","date_gmt":"2025-07-09T05:18:01","guid":{"rendered":"https:\/\/yebodaglass.com\/?post_type=product&#038;p=16452"},"modified":"2026-03-10T17:54:06","modified_gmt":"2026-03-10T09:54:06","slug":"custom-glass-jar-with-wooden-lid-and-spoon-for-spice-storage","status":"publish","type":"product","link":"https:\/\/yebodaglass.com\/de\/produkt\/custom-glass-jar-with-wooden-lid-and-spoon-for-spice-storage\/","title":{"rendered":"Individuell gestaltetes Glasgef\u00e4\u00df mit Holzdeckel und L\u00f6ffel zur Aufbewahrung von Gew\u00fcrzen, 250 ml"},"content":{"rendered":"<p>Dieses runde Glasgef\u00e4\u00df mit Holzdeckel ist aus klarem, bleifreiem Natronkalkglas gefertigt. Dadurch sieht es nicht nur auf Regalen oder Arbeitsplatten ansprechend aus, sondern erm\u00f6glicht auch, den Inhalt \u2013 z. B. Zucker, Pfeffer, Gew\u00fcrzmischungen oder \u00d6l, W\u00fcrzmittel usw. \u2013 nach dem Bef\u00fcllen zu sehen. Jedes Glasgef\u00e4\u00df wird mit einem dicken Naturkorkdeckel und einem kleinen Holzl\u00f6ffel geliefert. Die L\u00f6ffelhalterung ist elegant an der Seite des Gef\u00e4\u00dfes angebracht.<\/p>\n<p>Dank ihrer durchdachten Konstruktion eignen sich diese Gew\u00fcrzbeh\u00e4lter hervorragend f\u00fcr den t\u00e4glichen Gebrauch beim Kochen, Backen und W\u00fcrzen. Sie k\u00f6nnen auch als Geschenkset, Gew\u00fcrzsammlung oder als dekorative Glasverpackung f\u00fcr Premium-Lebensmittelmarken verwendet werden.<\/p>\n<h2>Wichtigste Spezifikationen<\/h2>\n<table style=\"border-collapse: collapse; width: 80%; margin-left: auto; margin-right: auto;\" border=\"0\" width=\"80%\" cellspacing=\"0\" cellpadding=\"0\">\n<tbody>\n<tr style=\"height: 13.50pt;\">\n<td style=\"height: 13.50pt; width: 110.25pt;\" width=\"147\" height=\"18\">Produkttyp<\/td>\n<td style=\"width: 455.25pt;\" width=\"607\">Glasgef\u00e4\u00df mit Holzdeckel und L\u00f6ffel<\/td>\n<\/tr>\n<tr style=\"height: 13.50pt;\">\n<td style=\"height: 13.50pt;\" height=\"18\">Material<\/td>\n<td>Bleifreies Natronkalkglas + Naturholzl\u00f6ffel + dicker Korkverschluss<\/td>\n<\/tr>\n<tr style=\"height: 13.50pt;\">\n<td style=\"height: 13.50pt;\" height=\"18\">Kapazit\u00e4t<\/td>\n<td>250 ml \/ 10 oz<\/td>\n<\/tr>\n<tr style=\"height: 13.50pt;\">\n<td style=\"height: 13.50pt;\" height=\"18\">Form<\/td>\n<td>Rundes Glasgef\u00e4\u00df<\/td>\n<\/tr>\n<tr style=\"height: 13.50pt;\">\n<td style=\"height: 13.50pt;\" height=\"18\">Zubeh\u00f6r<\/td>\n<td>Korkdeckel, Holzl\u00f6ffel, Etikett (individuelle Anpassung m\u00f6glich)<\/td>\n<\/tr>\n<tr style=\"height: 13.50pt;\">\n<td style=\"height: 13.50pt;\" height=\"18\">Verpackung<\/td>\n<td>12 Gl\u00e4ser pro Set \/ Karton<\/td>\n<\/tr>\n<tr style=\"height: 13.50pt;\">\n<td style=\"height: 13.50pt;\" height=\"18\">Anwendung<\/td>\n<td>Gew\u00fcrzbeh\u00e4lter, Zuckerdose, Aufbewahrungsbeh\u00e4lter f\u00fcr W\u00fcrzmittel, Gew\u00fcrzglas<\/td>\n<\/tr>\n<tr style=\"height: 13.50pt;\">\n<td style=\"height: 13.50pt;\" height=\"18\">Versorgungsmodus<\/td>\n<td>Massen-, Gro\u00dfhandels- und kundenspezifische Glasverpackungen vom Hersteller<\/td>\n<\/tr>\n<tr style=\"height: 13.50pt;\">\n<td style=\"height: 13.50pt;\" height=\"18\">Logistik<\/td>\n<td>Exportfertige Verpackung f\u00fcr sicheren Versand und weltweite Zustellung<\/td>\n<\/tr>\n<\/tbody>\n<\/table>\n<h2>Hauptmerkmale<\/h2>\n<h3>Integriertes Holzl\u00f6ffeldesign<\/h3>\n<p>Jedes Gew\u00fcrzglas enth\u00e4lt einen nat\u00fcrlichen Holzl\u00f6ffel, der an der seitlichen Halterung des Glases befestigt ist und so das Entnehmen von Gew\u00fcrzen, Zucker oder Pfeffer w\u00e4hrend des Kochens erleichtert.<\/p>\n<h3>Deckeldichtung aus Naturkork<\/h3>\n<p>Der dicke Korkverschluss dient als nat\u00fcrliche Deckelauskleidung und sch\u00fctzt so die trockenen Lebensmittelzutaten bei gleichzeitig schlichtem und umweltfreundlichem Design.<\/p>\n<h3>Hochwertige Klarglas-Displays<\/h3>\n<p>Die durchsichtige, runde Glasflasche l\u00e4sst die Farbe und Textur der Gew\u00fcrze gut zur Geltung kommen und ist daher die perfekte Wahl f\u00fcr Sammlungen von Glasbeh\u00e4ltern im Einzelhandel, Gourmetk\u00fcchen oder Marken-Geschenksets.<\/p>\n<h2>Erfolgreicher B2B-Fall<\/h2>\n<p>Eine kanadische Marke f\u00fcr hochwertige Gourmet-Gew\u00fcrze suchte nach besonderen Glasbeh\u00e4ltern f\u00fcr ihre Premium-Kr\u00e4uter- und Gew\u00fcrzmischungen. Das Unternehmen agiert als Eigenmarken-Lebensmittelh\u00e4ndler und Online-H\u00e4ndler und richtet sich an anspruchsvolle Hobbyk\u00f6che.<\/p>\n<p>Sie bestellten zun\u00e4chst 12.000 Glasbeh\u00e4lter im Gro\u00dfhandel und w\u00e4hlten dieses 250-ml-Glas mit Holzdeckel als prim\u00e4re Verpackungsart. Der Kunde w\u00fcnschte mehrere individuelle Anpassungen, darunter:<\/p>\n<ul>\n<li>Bedruckte Etiketten mit ihrer Markenidentit\u00e4t<\/li>\n<li>Individuell gestaltete Katalogverpackung f\u00fcr den Einzelhandel<\/li>\n<li>Gravur eines Marken-Holzl\u00f6ffels<\/li>\n<\/ul>\n<p>Nach der Markteinf\u00fchrung der Produktlinie verbesserten die optisch ansprechenden Glasbeh\u00e4lter f\u00fcr Gew\u00fcrze die Attraktivit\u00e4t im Regal und die Online-Konversionsraten deutlich. Innerhalb von acht Monaten verzeichnete die Gew\u00fcrzlinie einen Umsatzanstieg von 40 %, und der Kunde bestellte weitere 20.000 Gl\u00e4ser und erweiterte das Verpackungssortiment um aromatisierte \u00d6le und Gourmet-Pfeffermischungen.<\/p>\n<h2>Anpassungsvorschl\u00e4ge f\u00fcr B2B-Anwendungen<\/h2>\n<ol>\n<li><strong>Eigenmarken-Branding<\/strong>: Mit individuellen Etiketten, Logodruck oder gravierten Holzl\u00f6ffeln lassen sich unverwechselbare Gew\u00fcrzgl\u00e4ser aus Glas f\u00fcr Lebensmittelmarken kreieren.<\/li>\n<li><strong>Verpackung f\u00fcr das Einzelhandelsgeschenkset<\/strong>: Entwicklung von Mehrfach-Gl\u00e4sern f\u00fcr Gew\u00fcrzkollektionen oder K\u00fcchengeschenkverpackungen, die auf den E-Commerce und Feinkostl\u00e4den abzielen.<\/li>\n<li><strong>Funktionelle Zubeh\u00f6roptionen<\/strong>: Bieten Sie verschiedene Deckel, Eins\u00e4tze oder Streudeckel an, um das Glas in verschiedene Gew\u00fcrzbeh\u00e4lter f\u00fcr Salz, Pfeffer, Kr\u00e4uter oder Gew\u00fcrzpulver zu verwandeln.<\/li>\n<\/ol>","protected":false},"excerpt":{"rendered":"<p>Durable 250ml glass jar with wooden lid and spoon. Premium spice storage containers for wholesale, bulk sourcing, and custom branding.<\/p>","protected":false},"featured_media":25335,"template":"","meta":[],"product_brand":[],"product_cat":[83,124,122,87,20,128],"product_tag":[],"class_list":{"0":"post-16452","1":"product","2":"type-product","3":"status-publish","4":"has-post-thumbnail","6":"product_cat-glass-jars","7":"product_cat-custom-glass-jars","8":"product_cat-custom-glass-packaging","9":"product_cat-food-storage-jars","10":"product_cat-glass-containers","11":"product_cat-spice-jars","13":"first","14":"instock","15":"shipping-taxable","16":"product-type-grouped"},"jetpack_sharing_enabled":true,"_links":{"self":[{"href":"https:\/\/yebodaglass.com\/de\/wp-json\/wp\/v2\/product\/16452","targetHints":{"allow":["GET"]}}],"collection":[{"href":"https:\/\/yebodaglass.com\/de\/wp-json\/wp\/v2\/product"}],"about":[{"href":"https:\/\/yebodaglass.com\/de\/wp-json\/wp\/v2\/types\/product"}],"version-history":[{"count":5,"href":"https:\/\/yebodaglass.com\/de\/wp-json\/wp\/v2\/product\/16452\/revisions"}],"predecessor-version":[{"id":25339,"href":"https:\/\/yebodaglass.com\/de\/wp-json\/wp\/v2\/product\/16452\/revisions\/25339"}],"wp:featuredmedia":[{"embeddable":true,"href":"https:\/\/yebodaglass.com\/de\/wp-json\/wp\/v2\/media\/25335"}],"wp:attachment":[{"href":"https:\/\/yebodaglass.com\/de\/wp-json\/wp\/v2\/media?parent=16452"}],"wp:term":[{"taxonomy":"product_brand","embeddable":true,"href":"https:\/\/yebodaglass.com\/de\/wp-json\/wp\/v2\/product_brand?post=16452"},{"taxonomy":"product_cat","embeddable":true,"href":"https:\/\/yebodaglass.com\/de\/wp-json\/wp\/v2\/product_cat?post=16452"},{"taxonomy":"product_tag","embeddable":true,"href":"https:\/\/yebodaglass.com\/de\/wp-json\/wp\/v2\/product_tag?post=16452"}],"curies":[{"name":"wp","href":"https:\/\/api.w.org\/{rel}","templated":true}]}}