{"id":16344,"date":"2025-07-08T15:01:59","date_gmt":"2025-07-08T07:01:59","guid":{"rendered":"https:\/\/yebodaglass.com\/?post_type=product&#038;p=16344"},"modified":"2026-03-26T11:46:23","modified_gmt":"2026-03-26T03:46:23","slug":"clear-round-small-glass-flip-top-bottles-for-beverage-bulk","status":"publish","type":"product","link":"https:\/\/yebodaglass.com\/de\/produkt\/clear-round-small-glass-flip-top-bottles-for-beverage-bulk\/","title":{"rendered":"4oz (ca. 120 ml) durchsichtige, runde, kleine Glasflaschen mit B\u00fcgelverschluss f\u00fcr Getr\u00e4nke in gro\u00dfen Mengen"},"content":{"rendered":"<p>Diese Glasflaschen mit B\u00fcgelverschluss sind kompakt, praktisch und zugleich klassisch. Ihre minimalistische, zylindrische Form mit flachem Boden besteht aus hochwertigem Klarglas und setzt den Inhalt \u2013 ob Wasser oder selbstgemachter Sirup \u2013 perfekt in Szene.<\/p>\n<h2>Features<\/h2>\n<ul>\n<li><strong>Luftdichter Klappdeckelverschluss:<\/strong> Der metallische Schnappring und der Verschlussstopfen sorgen f\u00fcr eine wiederverwendbare, sichere Abdichtung, ideal f\u00fcr kohlens\u00e4urehaltige Getr\u00e4nke oder zur Konservierung des Beh\u00e4lterinhalts.<\/li>\n<li><strong>Kompakte zylindrische Bauform:<\/strong> Die kleine, zylindrische Glasflasche ist kompakt, einfach zu reinigen und leicht zu transportieren.<\/li>\n<li><strong>Hochtransparentes Klarglas:<\/strong> Die transparente Flasche erm\u00f6glicht es Ihnen, den Inhalt leicht zu erkennen und den F\u00fcllstand im Auge zu behalten.<\/li>\n<\/ul>\n<h2 style=\"text-align: left;\">Wichtigste Spezifikationen<\/h2>\n<table class=\"aligncenter\" style=\"border-collapse: collapse; width: 661.52pt;\" border=\"0\" width=\"882\" cellspacing=\"0\" cellpadding=\"0\">\n<tbody>\n<tr style=\"height: 13.50pt;\">\n<td style=\"height: 13.50pt; width: 206.25pt;\" width=\"275\" height=\"18\">Spezifikationsartikel<\/td>\n<td style=\"width: 455.25pt;\" width=\"607\">Details<\/td>\n<\/tr>\n<tr style=\"height: 13.50pt;\">\n<td style=\"height: 13.50pt;\" height=\"18\">Kapazit\u00e4t<\/td>\n<td>4 oz (120 ml)<\/td>\n<\/tr>\n<tr style=\"height: 13.50pt;\">\n<td style=\"height: 13.50pt;\" height=\"18\">Verpackungsabmessungen<\/td>\n<td>8,9 x 6,9 x 6,7 Zoll<\/td>\n<\/tr>\n<tr style=\"height: 13.50pt;\">\n<td style=\"height: 13.50pt;\" height=\"18\">Material<\/td>\n<td>Hochwertiges Glas<\/td>\n<\/tr>\n<tr style=\"height: 13.50pt;\">\n<td style=\"height: 13.50pt;\" height=\"18\">Verpackungsspezifikation pro Karton<\/td>\n<td>12 St\u00fcck pro Karton<\/td>\n<\/tr>\n<tr style=\"height: 13.50pt;\">\n<td style=\"height: 13.50pt;\" height=\"18\">Flaschenmerkmale<\/td>\n<td>Transparenter Korpus, Deckel mit Metallklammer (wei\u00dfer Deckel mit rotem Dichtungsteil)<\/td>\n<\/tr>\n<\/tbody>\n<\/table>\n<h2>Erfolgsgeschichte: Eine Sonderanfertigung einer europ\u00e4ischen Spezialit\u00e4tenkaffeemarke<\/h2>\n<p>Unsere 250-ml-Glasflaschen mit B\u00fcgelverschluss wurden von einer d\u00e4nischen Spezialit\u00e4tenr\u00f6sterei ausgew\u00e4hlt, die sie anschlie\u00dfend per Laser mit einem Kaffeepflanzenmotiv versah. Ihr Cold-Brew-Espresso ist speziell f\u00fcr diese Flasche entwickelt worden: Der luftdichte Verschluss verl\u00e4ngert die Haltbarkeit des Produkts in K\u00fchlregalen um 40 Prozent. Das transparente Glas reflektiert die Farbe des Konzentrats, was laut Aussage der R\u00f6sterei zu einem Anstieg der Spontank\u00e4ufe um ein Viertel f\u00fchrte. Aufgrund dieses Erfolgs bestellte sie weitere 480.000 Flaschen, um eine neue Produktreihe mit trinkfertigen Cocktail-Kaffeesirupen und Teegetr\u00e4nken auf den Markt zu bringen.<\/p>\n<h2>Personalisierung von B\u00fcgelverschlussflaschen<\/h2>\n<ul>\n<li>Auswahl an Haken- und Stopperfarben: Wir bieten eine Reihe von Metallhakenoberfl\u00e4chen (Kupfer, Messing, Mattschwarz) sowie eine Reihe von Stopperfarben an, um den passenden Look f\u00fcr Ihre Marke zu kreieren.<\/li>\n<li>Quadratisches Design: Moderne, platzsparende Flaschen mit quadratischem Schraubverschluss, die die Stabilit\u00e4t der Regale erh\u00f6hen und den Artikeln ein unverwechselbares Aussehen verleihen.<\/li>\n<li>Integrierte Gradienten: Permanent aufgedruckte Graduierungen werden verwendet, wenn eine genauere Dosierung des Konzentrats oder der Zutat erforderlich ist (z. B. Kaffee, Cocktails).<\/li>\n<\/ul>","protected":false},"excerpt":{"rendered":"<p>Kleine Glasflaschen mit B\u00fcgelverschluss, stabilem Metallb\u00fcgel und luftdichtem Verschluss. Der B\u00fcgelverschluss h\u00e4lt den Inhalt frisch. Sofort lieferbar mit schnellem weltweitem Versand.<\/p>","protected":false},"featured_media":17307,"template":"","meta":[],"product_brand":[],"product_cat":[81,80,20],"product_tag":[],"class_list":{"0":"post-16344","1":"product","2":"type-product","3":"status-publish","4":"has-post-thumbnail","6":"product_cat-flip-top-bottles","7":"product_cat-glass-bottles","8":"product_cat-glass-containers","10":"first","11":"instock","12":"shipping-taxable","13":"product-type-grouped"},"jetpack_sharing_enabled":true,"_links":{"self":[{"href":"https:\/\/yebodaglass.com\/de\/wp-json\/wp\/v2\/product\/16344","targetHints":{"allow":["GET"]}}],"collection":[{"href":"https:\/\/yebodaglass.com\/de\/wp-json\/wp\/v2\/product"}],"about":[{"href":"https:\/\/yebodaglass.com\/de\/wp-json\/wp\/v2\/types\/product"}],"version-history":[{"count":5,"href":"https:\/\/yebodaglass.com\/de\/wp-json\/wp\/v2\/product\/16344\/revisions"}],"predecessor-version":[{"id":25619,"href":"https:\/\/yebodaglass.com\/de\/wp-json\/wp\/v2\/product\/16344\/revisions\/25619"}],"wp:featuredmedia":[{"embeddable":true,"href":"https:\/\/yebodaglass.com\/de\/wp-json\/wp\/v2\/media\/17307"}],"wp:attachment":[{"href":"https:\/\/yebodaglass.com\/de\/wp-json\/wp\/v2\/media?parent=16344"}],"wp:term":[{"taxonomy":"product_brand","embeddable":true,"href":"https:\/\/yebodaglass.com\/de\/wp-json\/wp\/v2\/product_brand?post=16344"},{"taxonomy":"product_cat","embeddable":true,"href":"https:\/\/yebodaglass.com\/de\/wp-json\/wp\/v2\/product_cat?post=16344"},{"taxonomy":"product_tag","embeddable":true,"href":"https:\/\/yebodaglass.com\/de\/wp-json\/wp\/v2\/product_tag?post=16344"}],"curies":[{"name":"wp","href":"https:\/\/api.w.org\/{rel}","templated":true}]}}