{"id":19576,"date":"2025-08-22T14:45:03","date_gmt":"2025-08-22T06:45:03","guid":{"rendered":"https:\/\/yebodaglass.com\/?page_id=19576"},"modified":"2025-08-29T18:01:01","modified_gmt":"2025-08-29T10:01:01","slug":"request-free-samples","status":"publish","type":"page","link":"https:\/\/yebodaglass.com\/de\/request-free-samples\/","title":{"rendered":"Kostenlose Muster anfordern"},"content":{"rendered":"<div data-elementor-type=\"wp-page\" data-elementor-id=\"19576\" class=\"elementor elementor-19576\" data-elementor-settings=\"{&quot;ha_cmc_init_switcher&quot;:&quot;no&quot;}\" data-elementor-post-type=\"page\">\n\t\t\t\t<div class=\"elementor-element elementor-element-2d4a8d5 e-flex e-con-boxed e-con e-parent\" data-id=\"2d4a8d5\" data-element_type=\"container\" data-e-type=\"container\" data-settings=\"{&quot;_ha_eqh_enable&quot;:false}\">\n\t\t\t\t\t<div class=\"e-con-inner\">\n\t\t\t\t<div class=\"elementor-element elementor-element-88309fe elementor-widget elementor-widget-breadcrumbs\" data-id=\"88309fe\" data-element_type=\"widget\" data-e-type=\"widget\" data-widget_type=\"breadcrumbs.default\">\n\t\t\t\t<div class=\"elementor-widget-container\">\n\t\t\t\t\t<nav aria-label=\"Paniermehl\" class=\"rank-math-breadcrumb\"><p><span class=\"last\">Heim<\/span><\/p><\/nav>\t\t\t\t<\/div>\n\t\t\t\t<\/div>\n\t\t\t\t\t<\/div>\n\t\t\t\t<\/div>\n\t\t<div class=\"elementor-element elementor-element-41def54 e-flex e-con-boxed e-con e-parent\" data-id=\"41def54\" data-element_type=\"container\" data-e-type=\"container\" data-settings=\"{&quot;_ha_eqh_enable&quot;:false}\">\n\t\t\t\t\t<div class=\"e-con-inner\">\n\t\t\t\t<div class=\"elementor-element elementor-element-4e340a9 elementor-widget elementor-widget-heading\" data-id=\"4e340a9\" data-element_type=\"widget\" data-e-type=\"widget\" data-widget_type=\"heading.default\">\n\t\t\t\t<div class=\"elementor-widget-container\">\n\t\t\t\t\t<h1 class=\"elementor-heading-title elementor-size-default\">Kostenlose Muster anfordern<\/h1>\t\t\t\t<\/div>\n\t\t\t\t<\/div>\n\t\t\t\t<div class=\"elementor-element elementor-element-2c09140 elementor-widget elementor-widget-text-editor\" data-id=\"2c09140\" data-element_type=\"widget\" data-e-type=\"widget\" data-widget_type=\"text-editor.default\">\n\t\t\t\t<div class=\"elementor-widget-container\">\n\t\t\t\t\t\t\t\t\t<p>Yeboda bietet seinen Kunden nach vollst\u00e4ndiger Auftragserteilung kostenlose Muster* an. Dieser optionale Service hilft Ihnen, sich von dem Ergebnis zu \u00fcberzeugen. Sprechen Sie uns jetzt auf Ihr Projekt an. Einer unserer Produktspezialisten meldet sich innerhalb eines Werktages bei Ihnen.<\/p><p><strong>Muster sind in 3 Ausf\u00fchrungen erh\u00e4ltlich:<\/strong><\/p><ul><li>Digitales 3D-Rendering (z. B. Kunstwerke und Glasbeh\u00e4lter in interaktivem 3D).<\/li><li>Vorhandene Muster (Glasbeh\u00e4lter, die wir bereits hergestellt haben)<\/li><li>Kundenspezifische Muster** (vollst\u00e4ndig kundenspezifisches Muster gem\u00e4\u00df Ihren Vorgaben)<\/li><\/ul><p><strong>Notiz:<\/strong><\/p><ul><li>Vorbehaltlich bestimmter Bedingungen und Produktkategorien. Versandkosten sind nicht inbegriffen.<\/li><li>Die Geb\u00fchr f\u00fcr das kundenspezifische Muster wird nach Erteilung des vollst\u00e4ndigen Produktionsauftrags erstattet.<\/li><li>Die Kostenerstattung gilt nur f\u00fcr Grafikmuster, die f\u00fcr die vollst\u00e4ndige Produktion freigegeben werden.<\/li><\/ul>\t\t\t\t\t\t\t\t<\/div>\n\t\t\t\t<\/div>\n\t\t\t\t\t<\/div>\n\t\t\t\t<\/div>\n\t\t<div class=\"elementor-element elementor-element-ea91219 e-flex e-con-boxed e-con e-parent\" data-id=\"ea91219\" data-element_type=\"container\" data-e-type=\"container\" data-settings=\"{&quot;_ha_eqh_enable&quot;:false}\">\n\t\t\t\t\t<div class=\"e-con-inner\">\n\t\t\t\t<div class=\"elementor-element elementor-element-7e7f6e4 elementor-widget elementor-widget-heading\" data-id=\"7e7f6e4\" data-element_type=\"widget\" data-e-type=\"widget\" data-widget_type=\"heading.default\">\n\t\t\t\t<div class=\"elementor-widget-container\">\n\t\t\t\t\t<p class=\"elementor-heading-title elementor-size-default\">Beginnen Sie mit Ihrer Glasverpackung<br> Reise mit Yeboda<\/p>\t\t\t\t<\/div>\n\t\t\t\t<\/div>\n\t\t\t\t<div class=\"elementor-element elementor-element-1ca6b54 elementor-widget elementor-widget-heading\" data-id=\"1ca6b54\" data-element_type=\"widget\" data-e-type=\"widget\" data-widget_type=\"heading.default\">\n\t\t\t\t<div class=\"elementor-widget-container\">\n\t\t\t\t\t<p class=\"elementor-heading-title elementor-size-default\">\nNehmen Sie jetzt Kontakt mit unserem Produktspezialisten auf.<\/p>\t\t\t\t<\/div>\n\t\t\t\t<\/div>\n\t\t\t\t<div class=\"elementor-element elementor-element-a48bb7c elementor-align-center elementor-widget elementor-widget-button\" data-id=\"a48bb7c\" data-element_type=\"widget\" data-e-type=\"widget\" data-widget_type=\"button.default\">\n\t\t\t\t<div class=\"elementor-widget-container\">\n\t\t\t\t\t\t\t\t\t<div class=\"elementor-button-wrapper\">\n\t\t\t\t\t<a class=\"elementor-button elementor-button-link elementor-size-sm\" href=\"https:\/\/yebodaglass.com\/de\/contact\/\">\n\t\t\t\t\t\t<span class=\"elementor-button-content-wrapper\">\n\t\t\t\t\t\t\t\t\t<span class=\"elementor-button-text\">Los geht&#039;s<\/span>\n\t\t\t\t\t<\/span>\n\t\t\t\t\t<\/a>\n\t\t\t\t<\/div>\n\t\t\t\t\t\t\t\t<\/div>\n\t\t\t\t<\/div>\n\t\t\t\t\t<\/div>\n\t\t\t\t<\/div>\n\t\t\t\t<\/div>","protected":false},"excerpt":{"rendered":"<p>Home Kostenlose Muster anfordern Yeboda bietet seinen Kunden die M\u00f6glichkeit, kostenlose Muster* anzufordern, nachdem sie eine vollst\u00e4ndige Bestellung aufgegeben haben. Es handelt sich dabei um einen optionalen Prozess, der dem Kunden hilft, sich seines Ergebnisses sicherer zu sein. Sprechen Sie jetzt mit uns \u00fcber Ihr Projekt. Einer unserer Produktspezialisten wird sich innerhalb von 1 Arbeitstag mit Ihnen in Verbindung setzen. Muster sind verf\u00fcgbar [...]<\/p>","protected":false},"author":1,"featured_media":0,"parent":0,"menu_order":0,"comment_status":"closed","ping_status":"closed","template":"elementor_header_footer","meta":{"footnotes":""},"class_list":["post-19576","page","type-page","status-publish","hentry"],"blocksy_meta":[],"jetpack_sharing_enabled":true,"_links":{"self":[{"href":"https:\/\/yebodaglass.com\/de\/wp-json\/wp\/v2\/pages\/19576","targetHints":{"allow":["GET"]}}],"collection":[{"href":"https:\/\/yebodaglass.com\/de\/wp-json\/wp\/v2\/pages"}],"about":[{"href":"https:\/\/yebodaglass.com\/de\/wp-json\/wp\/v2\/types\/page"}],"author":[{"embeddable":true,"href":"https:\/\/yebodaglass.com\/de\/wp-json\/wp\/v2\/users\/1"}],"replies":[{"embeddable":true,"href":"https:\/\/yebodaglass.com\/de\/wp-json\/wp\/v2\/comments?post=19576"}],"version-history":[{"count":6,"href":"https:\/\/yebodaglass.com\/de\/wp-json\/wp\/v2\/pages\/19576\/revisions"}],"predecessor-version":[{"id":20206,"href":"https:\/\/yebodaglass.com\/de\/wp-json\/wp\/v2\/pages\/19576\/revisions\/20206"}],"wp:attachment":[{"href":"https:\/\/yebodaglass.com\/de\/wp-json\/wp\/v2\/media?parent=19576"}],"curies":[{"name":"wp","href":"https:\/\/api.w.org\/{rel}","templated":true}]}}