{"id":19567,"date":"2025-08-22T14:17:55","date_gmt":"2025-08-22T06:17:55","guid":{"rendered":"https:\/\/yebodaglass.com\/?page_id=19567"},"modified":"2025-08-29T18:02:25","modified_gmt":"2025-08-29T10:02:25","slug":"terms-of-services","status":"publish","type":"page","link":"https:\/\/yebodaglass.com\/de\/terms-of-services\/","title":{"rendered":"Nutzungsbedingungen"},"content":{"rendered":"<div data-elementor-type=\"wp-page\" data-elementor-id=\"19567\" class=\"elementor elementor-19567\" data-elementor-settings=\"{&quot;ha_cmc_init_switcher&quot;:&quot;no&quot;}\" data-elementor-post-type=\"page\">\n\t\t\t\t<div class=\"elementor-element elementor-element-e2993ff e-flex e-con-boxed e-con e-parent\" data-id=\"e2993ff\" data-element_type=\"container\" data-e-type=\"container\" data-settings=\"{&quot;_ha_eqh_enable&quot;:false}\">\n\t\t\t\t\t<div class=\"e-con-inner\">\n\t\t\t\t<div class=\"elementor-element elementor-element-fef54fd elementor-widget elementor-widget-breadcrumbs\" data-id=\"fef54fd\" data-element_type=\"widget\" data-e-type=\"widget\" data-widget_type=\"breadcrumbs.default\">\n\t\t\t\t<div class=\"elementor-widget-container\">\n\t\t\t\t\t<nav aria-label=\"Paniermehl\" class=\"rank-math-breadcrumb\"><p><span class=\"last\">Heim<\/span><\/p><\/nav>\t\t\t\t<\/div>\n\t\t\t\t<\/div>\n\t\t\t\t\t<\/div>\n\t\t\t\t<\/div>\n\t\t<div class=\"elementor-element elementor-element-41def54 e-flex e-con-boxed e-con e-parent\" data-id=\"41def54\" data-element_type=\"container\" data-e-type=\"container\" data-settings=\"{&quot;_ha_eqh_enable&quot;:false}\">\n\t\t\t\t\t<div class=\"e-con-inner\">\n\t\t\t\t<div class=\"elementor-element elementor-element-4e340a9 elementor-widget elementor-widget-heading\" data-id=\"4e340a9\" data-element_type=\"widget\" data-e-type=\"widget\" data-widget_type=\"heading.default\">\n\t\t\t\t<div class=\"elementor-widget-container\">\n\t\t\t\t\t<h1 class=\"elementor-heading-title elementor-size-default\"> Servicebedingungen <\/h1>\t\t\t\t<\/div>\n\t\t\t\t<\/div>\n\t\t\t\t<div class=\"elementor-element elementor-element-2c09140 elementor-widget elementor-widget-text-editor\" data-id=\"2c09140\" data-element_type=\"widget\" data-e-type=\"widget\" data-widget_type=\"text-editor.default\">\n\t\t\t\t<div class=\"elementor-widget-container\">\n\t\t\t\t\t\t\t\t\t<h2>Wichtig<\/h2><p>Bitte lesen Sie diese Nutzungsbedingungen sorgf\u00e4ltig durch. Mit dem Zugriff auf diese Website erkl\u00e4ren Sie sich mit den nachfolgenden Nutzungsbedingungen einverstanden. Sollten Sie den nachfolgenden Nutzungsbedingungen nicht zustimmen, greifen Sie bitte nicht auf diese Website zu. YEBODA beh\u00e4lt sich das Recht vor, diese Nutzungsbedingungen jederzeit und ohne vorherige Ank\u00fcndigung zu \u00e4ndern oder zu erg\u00e4nzen.<\/p><h2>Annahme der Bedingungen<\/h2><p>Die Yeboda Company (\u201eYeboda\u201c) liefert bestimmte Glasverpackungsprodukte und erbringt weitere Dienstleistungen (die \u201eDienstleistungen\u201c) \u00fcber diese Website (\u201eWebsite\u201c). Der Zugriff auf und die Nutzung dieser Website und der Dienstleistungen unterliegen Ihrer Zustimmung zu und Einhaltung der folgenden Gesch\u00e4ftsbedingungen (\u201eBedingungen\u201c).<\/p><p>Durch die Nutzung der Website oder durch Ihre Zustimmung zu den Nutzungsbedingungen best\u00e4tigen Sie, dass Sie diese gelesen, akzeptiert und ihnen zugestimmt haben. Wenn Sie diesen Nutzungsbedingungen nicht zustimmen, d\u00fcrfen Sie diese Website nicht nutzen.<\/p><p>Yeboda beh\u00e4lt sich das Recht vor, diese Nutzungsbedingungen jederzeit und ohne vorherige Ank\u00fcndigung zu \u00e4ndern. Ihre fortgesetzte Nutzung dieser Website oder der Dienste nach solchen \u00c4nderungen gilt als Ihre Zustimmung zu den ge\u00e4nderten Nutzungsbedingungen. Es liegt in Ihrer Verantwortung, diese Nutzungsbedingungen regelm\u00e4\u00dfig zu \u00fcberpr\u00fcfen. Diese Nutzungsbedingungen wurden zuletzt am 21.08.2020 aktualisiert.<\/p><p>Wenn Sie mit einer oder mehreren dieser Bedingungen nicht einverstanden sind, greifen Sie nicht auf diese Website oder die Dienste zu und nutzen Sie diese nicht.<\/p><h2>Anmeldung<\/h2><p>Sie k\u00f6nnen bestimmte Bereiche der Website auch ohne Registrierung nutzen, einschlie\u00dflich der Erstellung eines Kontos (\u201eKonto\u201c) oder eines Passworts (zusammen \u201eZugangsdaten\u201c).<\/p>\t\t\t\t\t\t\t\t<\/div>\n\t\t\t\t<\/div>\n\t\t\t\t\t<\/div>\n\t\t\t\t<\/div>\n\t\t<div class=\"elementor-element elementor-element-ea91219 e-flex e-con-boxed e-con e-parent\" data-id=\"ea91219\" data-element_type=\"container\" data-e-type=\"container\" data-settings=\"{&quot;_ha_eqh_enable&quot;:false}\">\n\t\t\t\t\t<div class=\"e-con-inner\">\n\t\t\t\t<div class=\"elementor-element elementor-element-7e7f6e4 elementor-widget elementor-widget-heading\" data-id=\"7e7f6e4\" data-element_type=\"widget\" data-e-type=\"widget\" data-widget_type=\"heading.default\">\n\t\t\t\t<div class=\"elementor-widget-container\">\n\t\t\t\t\t<p class=\"elementor-heading-title elementor-size-default\">Beginnen Sie mit Ihrer Glasverpackung<br> Reise mit Yeboda<\/p>\t\t\t\t<\/div>\n\t\t\t\t<\/div>\n\t\t\t\t<div class=\"elementor-element elementor-element-1ca6b54 elementor-widget elementor-widget-heading\" data-id=\"1ca6b54\" data-element_type=\"widget\" data-e-type=\"widget\" data-widget_type=\"heading.default\">\n\t\t\t\t<div class=\"elementor-widget-container\">\n\t\t\t\t\t<p class=\"elementor-heading-title elementor-size-default\">\nNehmen Sie jetzt Kontakt mit unserem Produktspezialisten auf.<\/p>\t\t\t\t<\/div>\n\t\t\t\t<\/div>\n\t\t\t\t<div class=\"elementor-element elementor-element-a48bb7c elementor-align-center elementor-widget elementor-widget-button\" data-id=\"a48bb7c\" data-element_type=\"widget\" data-e-type=\"widget\" data-widget_type=\"button.default\">\n\t\t\t\t<div class=\"elementor-widget-container\">\n\t\t\t\t\t\t\t\t\t<div class=\"elementor-button-wrapper\">\n\t\t\t\t\t<a class=\"elementor-button elementor-button-link elementor-size-sm\" href=\"https:\/\/yebodaglass.com\/de\/contact\/\">\n\t\t\t\t\t\t<span class=\"elementor-button-content-wrapper\">\n\t\t\t\t\t\t\t\t\t<span class=\"elementor-button-text\">Los geht&#039;s<\/span>\n\t\t\t\t\t<\/span>\n\t\t\t\t\t<\/a>\n\t\t\t\t<\/div>\n\t\t\t\t\t\t\t\t<\/div>\n\t\t\t\t<\/div>\n\t\t\t\t\t<\/div>\n\t\t\t\t<\/div>\n\t\t\t\t<\/div>","protected":false},"excerpt":{"rendered":"<p>Home Nutzungsbedingungen Wichtig Bitte lesen Sie diese Nutzungsbedingungen sorgf\u00e4ltig durch. Mit dem Zugriff auf diese Website erkl\u00e4ren Sie sich mit den unten aufgef\u00fchrten Bedingungen einverstanden. Wenn Sie mit den nachstehenden Bedingungen nicht einverstanden sind, unterlassen Sie bitte den Zugriff auf diese Website. YEBODA beh\u00e4lt sich das Recht vor, diese Bedingungen zu \u00e4ndern, zu modifizieren oder zu erg\u00e4nzen [...]<\/p>","protected":false},"author":1,"featured_media":0,"parent":0,"menu_order":0,"comment_status":"closed","ping_status":"closed","template":"elementor_header_footer","meta":{"footnotes":""},"class_list":["post-19567","page","type-page","status-publish","hentry"],"blocksy_meta":[],"jetpack_sharing_enabled":true,"_links":{"self":[{"href":"https:\/\/yebodaglass.com\/de\/wp-json\/wp\/v2\/pages\/19567","targetHints":{"allow":["GET"]}}],"collection":[{"href":"https:\/\/yebodaglass.com\/de\/wp-json\/wp\/v2\/pages"}],"about":[{"href":"https:\/\/yebodaglass.com\/de\/wp-json\/wp\/v2\/types\/page"}],"author":[{"embeddable":true,"href":"https:\/\/yebodaglass.com\/de\/wp-json\/wp\/v2\/users\/1"}],"replies":[{"embeddable":true,"href":"https:\/\/yebodaglass.com\/de\/wp-json\/wp\/v2\/comments?post=19567"}],"version-history":[{"count":5,"href":"https:\/\/yebodaglass.com\/de\/wp-json\/wp\/v2\/pages\/19567\/revisions"}],"predecessor-version":[{"id":20031,"href":"https:\/\/yebodaglass.com\/de\/wp-json\/wp\/v2\/pages\/19567\/revisions\/20031"}],"wp:attachment":[{"href":"https:\/\/yebodaglass.com\/de\/wp-json\/wp\/v2\/media?parent=19567"}],"curies":[{"name":"wp","href":"https:\/\/api.w.org\/{rel}","templated":true}]}}