{"id":24603,"date":"2025-12-25T09:22:12","date_gmt":"2025-12-25T01:22:12","guid":{"rendered":"https:\/\/yebodaglass.com\/?post_type=product&#038;p=24603"},"modified":"2025-12-25T10:26:37","modified_gmt":"2025-12-25T02:26:37","slug":"unique-glass-jars-with-bamboo-lids-bulk","status":"publish","type":"product","link":"https:\/\/yebodaglass.com\/cs\/unique-glass-jars-with-bamboo-lids-bulk\/","title":{"rendered":"500ml 750ml 1100ml unik\u00e1tn\u00ed sklen\u011bn\u00e9 n\u00e1doby s bambusov\u00fdmi v\u00ed\u010dky ve velk\u00e9m"},"content":{"rendered":"<p data-start=\"66\" data-end=\"288\">Tyto unik\u00e1tn\u00ed sklen\u011bn\u00e9 d\u00f3zy jsou m\u011bkk\u00e9, kulat\u00e9ho tvaru, maj\u00ed \u0161t\u00edhl\u00e9 hrdlo a pln\u00e9 kulat\u00e9 t\u011blo. T\u011blo ka\u017ed\u00e9 d\u00f3zy je vyrobeno z \u010dir\u00e9ho skla, kter\u00e9 je velmi dob\u0159e tvarovan\u00e9 v elegantn\u011b zak\u0159iven\u00e9m tvaru, s hladk\u00fdm a lehk\u00fdm bambusov\u00fdm v\u00ed\u010dkem, co\u017e je \u010din\u00ed jedine\u010dn\u00fdmi ve srovn\u00e1n\u00ed s ostatn\u00edmi.<\/p>\n<h2>Vlastnosti produktu<\/h2>\n<ul>\n<li><strong>Zaoblen\u00fd a pln\u00fd tvar:<\/strong> Tenk\u00fd krk a pln\u00fd obrys t\u011bla poskytuj\u00ed nejvy\u0161\u0161\u00ed \u00falo\u017enou kapacitu a dod\u00e1vaj\u00ed vizu\u00e1ln\u00ed efekt hladkou a hladkou texturu.<\/li>\n<li><strong>Zcela pr\u016fhledn\u00e9 t\u011blo:<\/strong> Prvn\u00edm je vysoce borosilik\u00e1tov\u00e9 sklo, kter\u00e9 umo\u017e\u0148uje prohl\u00ed\u017eet si obsah sklenice bez otev\u00edr\u00e1n\u00ed v\u00edka, tak\u017ee snadno pozn\u00e1te, co je uvnit\u0159.<\/li>\n<li><strong>Jednoduch\u00e9 bambusov\u00e9 v\u00edko:<\/strong> B\u00e9\u017eov\u00e9 ploch\u00e9 v\u00ed\u010dko z bambusu je lehk\u00e9 a lad\u00ed se stylem sklen\u011bn\u00e9 n\u00e1doby a materi\u00e1l p\u016fsob\u00ed sv\u011b\u017e\u00edm a \u010dist\u00fdm dojmem.<\/li>\n<\/ul>\n<h2 style=\"text-align: left;\">Kl\u00ed\u010dov\u00e9 specifikace<\/h2>\n<table class=\"aligncenter\" style=\"border-collapse: collapse; width: 364.52pt;\" border=\"0\" width=\"486\" cellspacing=\"0\" cellpadding=\"0\">\n<tbody>\n<tr style=\"height: 13.50pt;\">\n<td style=\"height: 13.50pt; width: 105.00pt;\" width=\"140\" height=\"18\">Specifikace<\/td>\n<td style=\"width: 259.50pt;\" width=\"346\">Podrobnosti<\/td>\n<\/tr>\n<tr style=\"height: 13.50pt;\">\n<td style=\"height: 13.50pt;\" height=\"18\">Rozm\u011bry<\/td>\n<td>500 ml: 10 \u00d7 10,5 cm \/ 750 ml: 10,5 \u00d7 12 cm \/ 1100 ml: 11,5 \u00d7 16 cm<\/td>\n<\/tr>\n<tr style=\"height: 13.50pt;\">\n<td style=\"height: 13.50pt;\" height=\"18\">Materi\u00e1l<\/td>\n<td>Vysoce borosilik\u00e1tov\u00e9 sklo, bambus<\/td>\n<\/tr>\n<tr style=\"height: 13.50pt;\">\n<td style=\"height: 13.50pt;\" height=\"18\">Typ v\u00edka<\/td>\n<td>Bambusov\u00e9 ploch\u00e9 v\u00edko<\/td>\n<\/tr>\n<tr style=\"height: 13.50pt;\">\n<td style=\"height: 13.50pt;\" height=\"18\">Materi\u00e1ln\u00ed vlastnosti<\/td>\n<td>Tepeln\u011b a chemicky odoln\u00e9, vysok\u00e1 \u010distota<\/td>\n<\/tr>\n<tr style=\"height: 13.50pt;\">\n<td style=\"height: 13.50pt;\" height=\"18\">Ide\u00e1ln\u00ed pro<\/td>\n<td>Unik\u00e1tn\u00ed sklen\u011bn\u00e9 d\u00f3zy, sklen\u011bn\u00e9 d\u00f3zy s v\u00ed\u010dky<\/td>\n<\/tr>\n<\/tbody>\n<\/table>\n<h2>P\u0159\u00edb\u011bh \u00fasp\u011bchu: Charakteristick\u00e1 produktov\u00e1 \u0159ada luxusn\u00edho obchodu s potravinami<\/h2>\n<p>Tento luxusn\u00ed obchod s potravinami pou\u017e\u00edval na\u0161i charakteristickou 750ml sklen\u011bnou n\u00e1dobu s v\u00ed\u010dkem na m\u00fcsli a sm\u011bs cere\u00e1li\u00ed. Jak\u00fd byl v\u00fdsledek? Stylov\u00fd design se nejrychleji stal symbolem, \u0159ada byla ozna\u010dov\u00e1na jako \u201eZak\u0159iven\u00e9 sklenice\u201c a vedl k 50% n\u00e1r\u016fstu p\u0159\u00edm\u00fdch prodej\u016f. Atraktivn\u00ed design sklenic nav\u00edc vedl k 200% n\u00e1r\u016fstu obsahu generovan\u00e9ho u\u017eivateli na soci\u00e1ln\u00edch s\u00edt\u00edch. Obchod s potravinami objednal dal\u0161\u00ed 80 000 sklenic s \u00famyslem roz\u0161\u00ed\u0159it \u0159adu po cel\u00e9 zemi pot\u00e9, co byl s produktem nadm\u00edru spokojen.<\/p>\n<h2>Doporu\u010den\u00ed pro \u00fapravu unik\u00e1tn\u00edch sklen\u011bn\u00fdch d\u00f3z<\/h2>\n<ul>\n<li>Barvy skla: Krom\u011b pr\u016fhledn\u00e9ho skla m\u016f\u017eete m\u00edt tak\u00e9 m\u011bkkou barvu skla, jako je jantarov\u00e1, kobaltov\u011b modr\u00e1 nebo zelen\u00e1.<\/li>\n<li>Laserov\u00e9 lept\u00e1n\u00ed: trval\u00e1 loga nebo vzory jsou trvale lept\u00e1ny p\u0159\u00edmo na povrch skla.<\/li>\n<li>S\u00edtotisk: Na sklo m\u016f\u017eete s\u00edtotisknout barevn\u00e9 logo, velikost nebo ozdobn\u00e9 pruhy pomoc\u00ed keramick\u00fdch pigment\u016f, kter\u00e9 lze pr\u00e1t v pra\u010dce a jsou odoln\u00e9 a hou\u017eevnat\u00e9.<\/li>\n<li>Trval\u00e9 vyv\u00fd\u0161en\u00e9 stupnice: Pro zv\u00fd\u0161en\u00ed prakti\u010dnosti vylisujte do sklenice trval\u00e9 vyv\u00fd\u0161en\u00e9 stupnice (ml\/oz).<\/li>\n<\/ul>","protected":false},"excerpt":{"rendered":"<p dir=\"auto\">Pozvedn\u011bte dekoraci jedine\u010dn\u00fdmi sklen\u011bn\u00fdmi d\u00f3zami. Na\u0161e sklen\u011bn\u00e1 d\u00f3za s v\u00edkem je vyrobena z vysoce borosilik\u00e1tov\u00e9ho skla a m\u00e1 p\u0159\u00edrodn\u00ed bambusovou povrchovou \u00fapravu. Skladem pro rychl\u00e9 dod\u00e1n\u00ed.<\/p>","protected":false},"featured_media":24604,"template":"","meta":[],"product_brand":[],"product_cat":[122,124,137],"product_tag":[],"class_list":{"0":"post-24603","1":"product","2":"type-product","3":"status-publish","4":"has-post-thumbnail","6":"product_cat-custom-glass-packaging","7":"product_cat-custom-glass-jars","8":"product_cat-glass-jars-with-lids","10":"first","11":"instock","12":"shipping-taxable","13":"product-type-simple"},"jetpack_sharing_enabled":true,"_links":{"self":[{"href":"https:\/\/yebodaglass.com\/cs\/wp-json\/wp\/v2\/product\/24603","targetHints":{"allow":["GET"]}}],"collection":[{"href":"https:\/\/yebodaglass.com\/cs\/wp-json\/wp\/v2\/product"}],"about":[{"href":"https:\/\/yebodaglass.com\/cs\/wp-json\/wp\/v2\/types\/product"}],"version-history":[{"count":4,"href":"https:\/\/yebodaglass.com\/cs\/wp-json\/wp\/v2\/product\/24603\/revisions"}],"predecessor-version":[{"id":24612,"href":"https:\/\/yebodaglass.com\/cs\/wp-json\/wp\/v2\/product\/24603\/revisions\/24612"}],"wp:featuredmedia":[{"embeddable":true,"href":"https:\/\/yebodaglass.com\/cs\/wp-json\/wp\/v2\/media\/24604"}],"wp:attachment":[{"href":"https:\/\/yebodaglass.com\/cs\/wp-json\/wp\/v2\/media?parent=24603"}],"wp:term":[{"taxonomy":"product_brand","embeddable":true,"href":"https:\/\/yebodaglass.com\/cs\/wp-json\/wp\/v2\/product_brand?post=24603"},{"taxonomy":"product_cat","embeddable":true,"href":"https:\/\/yebodaglass.com\/cs\/wp-json\/wp\/v2\/product_cat?post=24603"},{"taxonomy":"product_tag","embeddable":true,"href":"https:\/\/yebodaglass.com\/cs\/wp-json\/wp\/v2\/product_tag?post=24603"}],"curies":[{"name":"wp","href":"https:\/\/api.w.org\/{rel}","templated":true}]}}