{"id":24588,"date":"2025-12-24T14:14:57","date_gmt":"2025-12-24T06:14:57","guid":{"rendered":"https:\/\/yebodaglass.com\/?post_type=product&#038;p=24588"},"modified":"2025-12-25T10:18:26","modified_gmt":"2025-12-25T02:18:26","slug":"borosilicate-glass-jars-with-lids-and-spoons-bulk","status":"publish","type":"product","link":"https:\/\/yebodaglass.com\/cs\/borosilicate-glass-jars-with-lids-and-spoons-bulk\/","title":{"rendered":"300ml 350ml 450ml borosilik\u00e1tov\u00e9 sklenice s v\u00ed\u010dky a l\u017ei\u010dkami ve velk\u00e9m"},"content":{"rendered":"<p data-start=\"66\" data-end=\"288\">Tato sklen\u011bn\u00e1 n\u00e1doba s v\u00ed\u010dkem a l\u017ei\u010dkou je kompletn\u011b vyrobena z borosilik\u00e1tov\u00e9ho skla. V\u00e1lcovit\u00fd tvar je opat\u0159en sv\u011btle b\u00e9\u017eov\u00fdm bambusov\u00fdm v\u00ed\u010dkem a l\u017ei\u010dkou a je snadno ovladateln\u00e1.<\/p>\n<h2>Vlastnosti produktu<\/h2>\n<ul>\n<li><strong>Kombinovan\u00e1 konstrukce v\u00edka a l\u017e\u00edce:<\/strong> Bude to bambusov\u00e1 l\u017e\u00edce p\u0159ipevn\u011bn\u00e1 uprost\u0159ed v\u00edka a tato konstrukce zabr\u00e1n\u00ed ztr\u00e1t\u011b n\u00e1\u010din\u00ed a usnadn\u00ed cel\u00fd proces.<\/li>\n<li><strong>Borosilik\u00e1tov\u00e9 sklo:<\/strong> Borosilik\u00e1tov\u00e9 sklo m\u00e1 vynikaj\u00edc\u00ed teplotn\u00ed odolnost (-20 \u00b0C a\u017e 150 \u00b0C), je nerozbitn\u00e9 a lze jej znovu pou\u017e\u00edt.<\/li>\n<li><strong>Vynikaj\u00edc\u00ed vzduchot\u011bsn\u00e9 bambusov\u00e9 v\u00edko:<\/strong> Sklen\u011bn\u00e1 n\u00e1doba m\u00e1 sv\u011btle b\u00e9\u017eov\u00e9 bambusov\u00e9 v\u00edko s vestav\u011bn\u00fdm t\u011bsnic\u00edm krou\u017ekem, d\u00edky \u010demu\u017e je sklen\u011bn\u00e1 n\u00e1doba efektivn\u00edm m\u00edstem pro uchov\u00e1v\u00e1n\u00ed such\u00fdch produkt\u016f.<\/li>\n<\/ul>\n<h2 style=\"text-align: left;\">Kl\u00ed\u010dov\u00e9 specifikace<\/h2>\n<table class=\"aligncenter\" style=\"border-collapse: collapse; width: 528.02pt;\" border=\"0\" width=\"704\" cellspacing=\"0\" cellpadding=\"0\">\n<tbody>\n<tr style=\"height: 13.50pt;\">\n<td style=\"height: 13.50pt; width: 135.00pt;\" width=\"180\" height=\"18\">Atribut<\/td>\n<td style=\"width: 393.00pt;\" width=\"524\">Podrobnosti<\/td>\n<\/tr>\n<tr style=\"height: 13.50pt;\">\n<td style=\"height: 13.50pt;\" height=\"18\">Rozm\u011bry<\/td>\n<td>300 ml: 6,5 \u00d7 10 cm; 350 ml: 6,5 \u00d7 12 cm; 450 ml: 6,5 \u00d7 15 cm<\/td>\n<\/tr>\n<tr style=\"height: 13.50pt;\">\n<td style=\"height: 13.50pt;\" height=\"18\">Materi\u00e1l<\/td>\n<td>Vysoce borosilik\u00e1tov\u00e9 sklo, bambus<\/td>\n<\/tr>\n<tr style=\"height: 13.50pt;\">\n<td style=\"height: 13.50pt;\" height=\"18\">Tvar sklenice<\/td>\n<td>Rovn\u00fd v\u00e1lcov\u00fd tvar, hladk\u00e1 vnit\u0159n\u00ed st\u011bna, ploch\u00e1 kruhov\u00e1 z\u00e1kladna<\/td>\n<\/tr>\n<tr style=\"height: 13.50pt;\">\n<td style=\"height: 13.50pt;\" height=\"18\">Typ v\u00edka<\/td>\n<td>Sv\u011btle b\u00e9\u017eov\u00e9 bambusov\u00e9 ploch\u00e9 v\u00ed\u010dko<\/td>\n<\/tr>\n<tr style=\"height: 13.50pt;\">\n<td style=\"height: 13.50pt;\" height=\"18\">Vlastnosti borosilik\u00e1tov\u00e9ho materi\u00e1lu<\/td>\n<td>Vysok\u00e1 pr\u016fhlednost, vynikaj\u00edc\u00ed teplotn\u00ed odolnost<\/td>\n<\/tr>\n<tr style=\"height: 13.50pt;\">\n<td style=\"height: 13.50pt;\" height=\"18\">Ide\u00e1ln\u00ed pro<\/td>\n<td>Sklen\u011bn\u00e9 d\u00f3zy s v\u00ed\u010dky a l\u017ei\u010dkami, sklen\u011bn\u00e9 d\u00f3zy s v\u00ed\u010dky<\/td>\n<\/tr>\n<\/tbody>\n<\/table>\n<h2>P\u0159\u00edb\u011bh \u00fasp\u011bchu: Rychl\u00fd r\u016fst distributor\u016f<\/h2>\n<p>Jeden z region\u00e1ln\u00edch dodavatel\u016f kuchy\u0148sk\u00e9ho n\u00e1dob\u00ed a potravin si na za\u010d\u00e1tku objednal 4 000 sklen\u011bn\u00fdch d\u00f3z s v\u00edkem a l\u017ei\u010dkami. Reakce trhu byla vynikaj\u00edc\u00ed. V prvn\u00edm p\u0159\u00edpad\u011b vysoce kvalitn\u00ed borosilik\u00e1tov\u00e9 sklo prodlou\u017eilo trvanlivost potravin o 43 procent; v druh\u00e9m p\u0159\u00edpad\u011b vynikaj\u00edc\u00ed vzduchot\u011bsnost sn\u00ed\u017eila m\u00edru jejich prasknut\u00ed o 39 procent. Na z\u00e1klad\u011b t\u011bchto zji\u0161t\u011bn\u00ed si distributor objednal dal\u0161\u00ed z\u00e1silku 320 000 d\u00f3z s v\u00edkem.<\/p>\n<h2>N\u00e1vrhy na \u00fapravu sklen\u011bn\u00fdch d\u00f3z s v\u00ed\u010dky<\/h2>\n<ul>\n<li>Rukoje\u0165 l\u017e\u00edce s logo zna\u010dky: Pomoc\u00ed laserov\u00e9ho lept\u00e1n\u00ed um\u00edst\u011bte logo va\u0161\u00ed spole\u010dnosti na bambusovou rukoje\u0165 l\u017e\u00edce.<\/li>\n<li>Texturovan\u00e9 dno: Na dn\u011b n\u00e1doby je vyryt\u00fd jemn\u00fd m\u0159\u00ed\u017ekovan\u00fd vzor, \u200b\u200bkter\u00fd usnad\u0148uje p\u0159ilnavost na hladk\u00e9 kuchy\u0148sk\u00e9 desce.<\/li>\n<li>Mo\u017enosti velikosti l\u017ei\u010dek: L\u017ei\u010dky r\u016fzn\u00fdch velikost\u00ed (nap\u0159\u00edklad mini l\u017ei\u010dky o objemu 300 ml) jsou k dispozici jako voliteln\u00e9 p\u0159\u00edslu\u0161enstv\u00ed.<\/li>\n<li>Povrchov\u00e1 \u00faprava odoln\u00e1 proti skvrn\u00e1m: Tento pr\u016fhledn\u00fd povlak potravin\u00e1\u0159sk\u00e9 kvality na vnit\u0159n\u00ed st\u011bn\u011b n\u00e1doby zabra\u0148uje skvrn\u00e1m od ko\u0159en\u00ed nebo tmav\u00fdch potravin.<\/li>\n<li>Oblast s matn\u00fdm \u0161t\u00edtkem: Jedn\u00e1 se o obd\u00e9ln\u00edkovou oblast s matn\u00fdm \u0161t\u00edtkem, kde je produkt ozna\u010den.<\/li>\n<\/ul>","protected":false},"excerpt":{"rendered":"<p dir=\"auto\">Bulk glass jar with lid and spoon offering glass jars with lid in transparent borosilicate, minimalist bamboo elements, gradient sizes. Bulk order discounts.<\/p>","protected":false},"featured_media":24596,"template":"","meta":[],"product_brand":[],"product_cat":[122,124,137],"product_tag":[],"class_list":{"0":"post-24588","1":"product","2":"type-product","3":"status-publish","4":"has-post-thumbnail","6":"product_cat-custom-glass-packaging","7":"product_cat-custom-glass-jars","8":"product_cat-glass-jars-with-lids","10":"first","11":"instock","12":"shipping-taxable","13":"product-type-simple"},"jetpack_sharing_enabled":true,"_links":{"self":[{"href":"https:\/\/yebodaglass.com\/cs\/wp-json\/wp\/v2\/product\/24588","targetHints":{"allow":["GET"]}}],"collection":[{"href":"https:\/\/yebodaglass.com\/cs\/wp-json\/wp\/v2\/product"}],"about":[{"href":"https:\/\/yebodaglass.com\/cs\/wp-json\/wp\/v2\/types\/product"}],"version-history":[{"count":4,"href":"https:\/\/yebodaglass.com\/cs\/wp-json\/wp\/v2\/product\/24588\/revisions"}],"predecessor-version":[{"id":24610,"href":"https:\/\/yebodaglass.com\/cs\/wp-json\/wp\/v2\/product\/24588\/revisions\/24610"}],"wp:featuredmedia":[{"embeddable":true,"href":"https:\/\/yebodaglass.com\/cs\/wp-json\/wp\/v2\/media\/24596"}],"wp:attachment":[{"href":"https:\/\/yebodaglass.com\/cs\/wp-json\/wp\/v2\/media?parent=24588"}],"wp:term":[{"taxonomy":"product_brand","embeddable":true,"href":"https:\/\/yebodaglass.com\/cs\/wp-json\/wp\/v2\/product_brand?post=24588"},{"taxonomy":"product_cat","embeddable":true,"href":"https:\/\/yebodaglass.com\/cs\/wp-json\/wp\/v2\/product_cat?post=24588"},{"taxonomy":"product_tag","embeddable":true,"href":"https:\/\/yebodaglass.com\/cs\/wp-json\/wp\/v2\/product_tag?post=24588"}],"curies":[{"name":"wp","href":"https:\/\/api.w.org\/{rel}","templated":true}]}}