{"id":24586,"date":"2025-12-24T14:26:16","date_gmt":"2025-12-24T06:26:16","guid":{"rendered":"https:\/\/yebodaglass.com\/?post_type=product&#038;p=24586"},"modified":"2026-03-12T15:46:01","modified_gmt":"2026-03-12T07:46:01","slug":"custom-food-storage-glass-jars-for-packaging-bulk","status":"publish","type":"product","link":"https:\/\/yebodaglass.com\/cs\/custom-food-storage-glass-jars-for-packaging-bulk\/","title":{"rendered":"Sklen\u011bn\u00e9 d\u00f3zy na potraviny o objemu 175 ml \u2013 500 ml pro balen\u00ed ve velk\u00e9m"},"content":{"rendered":"<p>Tyto sklen\u011bn\u00e9 d\u00f3zy na potraviny maj\u00ed hladk\u00fd tvar, v\u00e1lcovit\u00fd tvar s pr\u016fhledn\u00fdm k\u0159i\u0161\u0165\u00e1lov\u011b \u010dist\u00fdm sklem, kter\u00e9 umo\u017e\u0148uje jasn\u00fd pohled na obsah. V\u00ed\u010dka jsou vyrobena z p\u0159\u00edrodn\u00edho d\u0159eva a obsahuj\u00ed silikonov\u00fd t\u011bsnic\u00ed krou\u017eek, kter\u00fd udr\u017euje potraviny \u010derstv\u00e9.<\/p>\n<h2>Vlastnosti produktu<\/h2>\n<ul>\n<li><strong>Odolnost proti vysok\u00fdm teplot\u00e1m: <\/strong>Vysoce borosilik\u00e1tov\u00e9 sklo odol\u00e1v\u00e1 zm\u011bn\u00e1m teploty, a proto jej lze pou\u017e\u00edt ke skladov\u00e1n\u00ed tepl\u00fdch i studen\u00fdch potravin. Krom\u011b toho je m\u00e9n\u011b pravd\u011bpodobn\u00e9, \u017ee se rozbije, tak\u017ee sklenici lze pou\u017e\u00edt mnoha zp\u016fsoby.<\/li>\n<li><strong>Skv\u011bl\u00e9 silikonov\u00e9 v\u00ed\u010dko:<\/strong> T\u011bsnost v\u00edka je zaru\u010dena d\u0159ev\u011bn\u00fdm v\u00edkem se zabudovan\u00fdm silikonov\u00fdm krou\u017ekem, kter\u00fd udr\u017euje \u010derstvost a zabra\u0148uje rozlit\u00ed.<\/li>\n<li><strong>R\u016fzn\u00e9 velikosti:<\/strong> Dod\u00e1v\u00e1 se v r\u016fzn\u00fdch velikostech, jako je mini, mal\u00e1 a velk\u00e1, kter\u00e9 vyhov\u00ed v\u0161em va\u0161im po\u017eadavk\u016fm na skladov\u00e1n\u00ed such\u00e9ho zbo\u017e\u00ed.<\/li>\n<\/ul>\n<h2>Kl\u00ed\u010dov\u00e9 specifikace<\/h2>\n<table style=\"border-collapse: collapse; width: 80%; margin-left: auto; margin-right: auto;\" border=\"0\" width=\"360\" cellspacing=\"0\" cellpadding=\"0\">\n<tbody>\n<tr style=\"height: 13.50pt;\">\n<td style=\"height: 13.5pt; width: 54pt; text-align: center;\" width=\"72\" height=\"18\">Kapacita (ml)<\/td>\n<td style=\"width: 54pt; text-align: center;\" width=\"72\">Velikost (cm)<\/td>\n<td style=\"width: 54pt; text-align: center;\" width=\"72\">Pr\u016fm\u011br \u00fast\u00ed<\/td>\n<td style=\"width: 54pt; text-align: center;\" width=\"72\">Materi\u00e1l<\/td>\n<td style=\"width: 54pt; text-align: center;\" width=\"72\">Barva<\/td>\n<\/tr>\n<tr style=\"height: 13.50pt;\">\n<td style=\"height: 13.5pt; text-align: center;\" align=\"right\" height=\"18\">175<\/td>\n<td style=\"text-align: center;\">6,5 \u00d7 10,0<\/td>\n<td class=\"et2\" style=\"text-align: center;\" rowspan=\"5\">65mm<\/td>\n<td class=\"et2\" style=\"text-align: center;\" rowspan=\"5\">Borosilik\u00e1t<\/td>\n<td class=\"et2\" style=\"text-align: center;\" rowspan=\"5\">Pr\u016fhledn\u00e9 nebo vlastn\u00ed<\/td>\n<\/tr>\n<tr style=\"height: 13.50pt;\">\n<td style=\"height: 13.5pt; text-align: center;\" align=\"right\" height=\"18\">250<\/td>\n<td style=\"text-align: center;\">6,5 \u00d7 10,0<\/td>\n<\/tr>\n<tr style=\"height: 13.50pt;\">\n<td style=\"height: 13.5pt; text-align: center;\" align=\"right\" height=\"18\">300<\/td>\n<td style=\"text-align: center;\">6,5 \u00d7 12,0<\/td>\n<\/tr>\n<tr style=\"height: 13.50pt;\">\n<td style=\"height: 13.5pt; text-align: center;\" align=\"right\" height=\"18\">380<\/td>\n<td style=\"text-align: center;\">6,5 \u00d7 15,0<\/td>\n<\/tr>\n<tr style=\"height: 13.50pt;\">\n<td style=\"height: 13.5pt; text-align: center;\" align=\"right\" height=\"18\">500<\/td>\n<td style=\"text-align: center;\">6,5 \u00d7 20,0<\/td>\n<\/tr>\n<\/tbody>\n<\/table>\n<h2>P\u0159\u00edb\u011bh \u00fasp\u011bchu<\/h2>\n<p>Jeden z kanadsk\u00fdch \u0159et\u011bzc\u016f zdrav\u00fdch potravin, a to velk\u00fd, se rozhodl vz\u00edt v\u0161echny na\u0161e kuchy\u0148sk\u00e9 skladovac\u00ed d\u00f3zy a vyrobit je na m\u00edru s v\u00ed\u010dky z vy\u0159ez\u00e1van\u00e9ho d\u0159eva se zna\u010dkou a sklen\u011bn\u00fdmi d\u00f3zy jantarov\u00e9 barvy. Tyto \u00fapravy byly velmi p\u0159\u00ednosn\u00e9: sklenice jantarov\u00e9 barvy omezily degradaci sv\u011btlocitliv\u00fdch bylin a \u010daj\u016f o \u010dtvrtinu, pr\u016fhledn\u00e9 etikety a vzduchot\u011bsn\u00e9 uz\u00e1v\u011bry sn\u00ed\u017eily zka\u017een\u00ed produkt\u016f v obchod\u011b o 18 %. Na z\u00e1klad\u011b t\u011bchto v\u00fdsledk\u016f pak objednali dal\u0161\u00edch dv\u011b st\u011b tis\u00edc skladovac\u00edch d\u00f3z pro pou\u017eit\u00ed ve sv\u00fdch v\u00edce ne\u017e 500 obchodech.<\/p>\n<h2>Doporu\u010den\u00ed pro \u00fapravu kuchy\u0148sk\u00fdch \u00falo\u017en\u00fdch d\u00f3z<\/h2>\n<ul>\n<li>Zak\u00e1zkov\u00e9 brandingov\u00e1n\u00ed d\u0159ev\u011bn\u00fdch v\u00ed\u010dek: Zna\u010dka va\u0161eho produktu m\u016f\u017ee b\u00fdt na d\u0159ev\u011bn\u00e9m v\u00ed\u010dku vy\u0159ez\u00e1na laserem, vyra\u017eena nebo opat\u0159ena raz\u00edtkem.<\/li>\n<li>Sv\u011btlot\u011bsn\u00e9 sklo: Dod\u00e1v\u00e1 se v jantarov\u00fdch nebo zelen\u00fdch sklen\u011bn\u00fdch n\u00e1dob\u00e1ch pro uchov\u00e1v\u00e1n\u00ed produkt\u016f citliv\u00fdch na sv\u011btlo, jako je ko\u0159en\u00ed, k\u00e1va nebo n\u011bkter\u00e9 vitam\u00edny.<\/li>\n<li>Prostor pro tabuli s popiskem: Popisek lze snadno m\u011bnit pomoc\u00ed vestav\u011bn\u00e9ho prostoru pro barvu na tabuli nebo samolepek na tabuli.<\/li>\n<\/ul>","protected":false},"excerpt":{"rendered":"<p>Pr\u00e9miov\u00e9 sklen\u011bn\u00e9 d\u00f3zy na potraviny s v\u00ed\u010dky z p\u0159\u00edrodn\u00edho d\u0159eva a silikonov\u00fdm t\u011bsn\u011bn\u00edm. V\u0161estrann\u00e9 kuchy\u0148sk\u00e9 d\u00f3zy pro modern\u00ed organizaci sp\u00ed\u017ee. Skladem.<\/p>","protected":false},"featured_media":24592,"template":"","meta":[],"product_brand":[],"product_cat":[122,124,137],"product_tag":[],"class_list":{"0":"post-24586","1":"product","2":"type-product","3":"status-publish","4":"has-post-thumbnail","6":"product_cat-custom-glass-packaging","7":"product_cat-custom-glass-jars","8":"product_cat-glass-jars-with-lids","10":"first","11":"instock","12":"shipping-taxable","13":"product-type-simple"},"jetpack_sharing_enabled":true,"_links":{"self":[{"href":"https:\/\/yebodaglass.com\/cs\/wp-json\/wp\/v2\/product\/24586","targetHints":{"allow":["GET"]}}],"collection":[{"href":"https:\/\/yebodaglass.com\/cs\/wp-json\/wp\/v2\/product"}],"about":[{"href":"https:\/\/yebodaglass.com\/cs\/wp-json\/wp\/v2\/types\/product"}],"version-history":[{"count":3,"href":"https:\/\/yebodaglass.com\/cs\/wp-json\/wp\/v2\/product\/24586\/revisions"}],"predecessor-version":[{"id":25413,"href":"https:\/\/yebodaglass.com\/cs\/wp-json\/wp\/v2\/product\/24586\/revisions\/25413"}],"wp:featuredmedia":[{"embeddable":true,"href":"https:\/\/yebodaglass.com\/cs\/wp-json\/wp\/v2\/media\/24592"}],"wp:attachment":[{"href":"https:\/\/yebodaglass.com\/cs\/wp-json\/wp\/v2\/media?parent=24586"}],"wp:term":[{"taxonomy":"product_brand","embeddable":true,"href":"https:\/\/yebodaglass.com\/cs\/wp-json\/wp\/v2\/product_brand?post=24586"},{"taxonomy":"product_cat","embeddable":true,"href":"https:\/\/yebodaglass.com\/cs\/wp-json\/wp\/v2\/product_cat?post=24586"},{"taxonomy":"product_tag","embeddable":true,"href":"https:\/\/yebodaglass.com\/cs\/wp-json\/wp\/v2\/product_tag?post=24586"}],"curies":[{"name":"wp","href":"https:\/\/api.w.org\/{rel}","templated":true}]}}