{"id":24578,"date":"2025-12-24T11:51:36","date_gmt":"2025-12-24T03:51:36","guid":{"rendered":"https:\/\/yebodaglass.com\/?post_type=product&#038;p=24578"},"modified":"2025-12-24T13:14:13","modified_gmt":"2025-12-24T05:14:13","slug":"borosilicate-glass-jars-with-bamboo-lids-and-spoons-bulk","status":"publish","type":"product","link":"https:\/\/yebodaglass.com\/cs\/borosilicate-glass-jars-with-bamboo-lids-and-spoons-bulk\/","title":{"rendered":"Borosilik\u00e1tov\u00e9 sklen\u011bn\u00e9 d\u00f3zy s bambusov\u00fdmi v\u00ed\u010dky a l\u017ei\u010dkami o objemu 500 ml, 850 ml a 1150 ml, voln\u011b lo\u017een\u00e9"},"content":{"rendered":"<p data-start=\"66\" data-end=\"288\">Tyto sklen\u011bn\u00e9 d\u00f3zy s bambusov\u00fdmi v\u00ed\u010dky a l\u017ei\u010dkami jsou vyrobeny z pr\u016fhledn\u00e9ho borosilik\u00e1tov\u00e9ho skla a maj\u00ed klasickou zaoblenou siluetu, kter\u00e1 nikdy nevyjde z m\u00f3dy. D\u00f3zy dopl\u0148uje lehk\u00e9, t\u00f3novan\u00e9 bambusov\u00e9 ploch\u00e9 v\u00ed\u010dko a bambusov\u00e1 l\u017ei\u010dka stejn\u00e9 barvy jako v\u00ed\u010dko.<\/p>\n<h2>Vlastnosti produktu<\/h2>\n<ul>\n<li><strong>Klasick\u00fd zaoblen\u00fd design:<\/strong> \u0160irok\u00e1 konstrukce usnad\u0148uje ukl\u00e1d\u00e1n\u00ed v\u011bc\u00ed, proto\u017ee je zde dostatek m\u00edsta pro to, co chcete um\u00edstit, a m\u00e1te k nim rychl\u00fd p\u0159\u00edstup.<\/li>\n<li><strong>Sada bambusov\u00e9ho v\u00edka a l\u017ei\u010dky:<\/strong> Balen\u00ed obsahuje v\u00ed\u010dko a l\u017ei\u010dku, kter\u00e9 maj\u00ed stejnou barvu, a proto k sob\u011b dokonale lad\u00ed a jsou p\u0159ipraveny k okam\u017eit\u00e9mu pou\u017eit\u00ed bez jak\u00fdchkoli pot\u00ed\u017e\u00ed.<\/li>\n<li><strong>Pr\u00e9miov\u00e9 borosilik\u00e1tov\u00e9 sklo:<\/strong> Produkt se vyzna\u010duje schopnost\u00ed odol\u00e1vat n\u00e1hl\u00fdm zm\u011bn\u00e1m teploty a tak\u00e9 dlouhodob\u011b z\u016fst\u00e1v\u00e1 \u010dir\u00fd.<\/li>\n<\/ul>\n<h2 style=\"text-align: left;\">Kl\u00ed\u010dov\u00e9 specifikace<\/h2>\n<table class=\"aligncenter\" style=\"border-collapse: collapse; width: 622.52pt;\" border=\"0\" width=\"830\" cellspacing=\"0\" cellpadding=\"0\">\n<tbody>\n<tr style=\"height: 13.50pt;\">\n<td style=\"height: 13.50pt; width: 186.75pt;\" width=\"249\" height=\"18\">Atribut<\/td>\n<td style=\"width: 435.75pt;\" width=\"581\">Podrobnosti<\/td>\n<\/tr>\n<tr style=\"height: 13.50pt;\">\n<td style=\"height: 13.50pt;\" height=\"18\">Kapacita<\/td>\n<td>500ml, 850ml, 1150ml<\/td>\n<\/tr>\n<tr style=\"height: 13.50pt;\">\n<td style=\"height: 13.50pt;\" height=\"18\">Rozm\u011bry<\/td>\n<td>7\u00d710,5 cm \/ 7\u00d713 cm \/ 7,5\u00d714 cm<\/td>\n<\/tr>\n<tr style=\"height: 13.50pt;\">\n<td style=\"height: 13.50pt;\" height=\"18\">Materi\u00e1l<\/td>\n<td>Pr\u016fhledn\u00e9 borosilik\u00e1tov\u00e9 sklo a bambus (v\u00ed\u010dko a l\u017ei\u010dka)<\/td>\n<\/tr>\n<tr style=\"height: 13.50pt;\">\n<td style=\"height: 13.50pt;\" height=\"18\">Typ v\u00edka<\/td>\n<td>Sv\u011btle b\u00e9\u017eov\u00e9 bambusov\u00e9 ploch\u00e9 v\u00edko (s vnit\u0159n\u00edm vzduchot\u011bsn\u00fdm t\u011bsnic\u00edm krou\u017ekem)<\/td>\n<\/tr>\n<tr style=\"height: 13.50pt;\">\n<td style=\"height: 13.50pt;\" height=\"18\">Vlastnosti borosilik\u00e1tov\u00e9ho materi\u00e1lu<\/td>\n<td>Vysok\u00e1 pr\u016fhlednost, vynikaj\u00edc\u00ed teplotn\u00ed odolnost, odolnost proti korozi<\/td>\n<\/tr>\n<tr style=\"height: 13.50pt;\">\n<td style=\"height: 13.50pt;\" height=\"18\">Ide\u00e1ln\u00ed pro<\/td>\n<td>sklen\u011bn\u00e9 d\u00f3zy, sklen\u011bn\u00e9 d\u00f3zy s l\u017ei\u010dkami<\/td>\n<\/tr>\n<\/tbody>\n<\/table>\n<h2>P\u0159\u00edb\u011bh \u00fasp\u011bchu: Rychl\u00fd r\u016fst distributor\u016f<\/h2>\n<p>Celost\u00e1tn\u00ed dodavatel kuchy\u0148sk\u00e9ho n\u00e1dob\u00ed a potravin zadal po\u010d\u00e1te\u010dn\u00ed objedn\u00e1vku 15 000 kus\u016f na\u0161ich sklen\u011bn\u00fdch d\u00f3z s bambusov\u00fdmi v\u00ed\u010dky a l\u017ei\u010dkami. \u0158et\u011bzec supermarket\u016f ozn\u00e1mil, \u017ee trvanlivost such\u00fdch potravin se d\u00edky vzduchot\u011bsn\u00e9mu uzav\u0159en\u00ed pomoc\u00ed bambusov\u00e9ho v\u00ed\u010dka prodlou\u017eila o 42 % a prostor v reg\u00e1lu se d\u00edky kompaktn\u00edmu kulat\u00e9mu designu zmen\u0161il o 32 %. Distributor se proto rozhodl prov\u00e9st n\u00e1slednou objedn\u00e1vku 380 000 velkoobchodn\u00edch sklen\u011bn\u00fdch d\u00f3z, aby okam\u017eit\u011b uspokojil vysokou popt\u00e1vku na trhu.<\/p>\n<h2>N\u00e1vrhy na \u00fapravu velkoobjemov\u00fdch sklen\u011bn\u00fdch n\u00e1dob<\/h2>\n<ul>\n<li>Barevn\u00e9 silikonov\u00e9 t\u011bsnic\u00ed krou\u017eky, Poskytuj\u00ed barevn\u00e9 vnit\u0159n\u00ed t\u011bsnic\u00ed krou\u017eky z potravin\u00e1\u0159sk\u00e9ho silikonu pro v\u00ed\u010dka, kter\u00e9 lze p\u0159izp\u016fsobit.<\/li>\n<li>Mo\u0159en\u00ed bambusu na zak\u00e1zku, uve\u010fte p\u0159esnou barvu (p\u0159\u00edrodn\u00ed, tmav\u00e1 atd.) bambusov\u00e9ho v\u00ed\u010dka a l\u017ei\u010dky, kterou po\u017eadujete.<\/li>\n<li>Vyryt\u00e9 ikony \u00fa\u010delu: Um\u00edst\u011bte mal\u00e9 ikony ko\u0159en\u00ed, obilovin nebo medu na rameno sklenice pro snadn\u00e9 nalezen\u00ed m\u00edsta pro ulo\u017een\u00ed ide\u00e1ln\u00edho produktu.<\/li>\n<li>Texturovan\u00e9 dno: D\u00edky velmi jemn\u00e9mu m\u0159\u00ed\u017ekov\u00e9mu vzoru na dn\u011b sklenice m\u016f\u017ee v\u00fdrazn\u011b pomoci s p\u0159ilnut\u00edm k hladk\u00fdm kuchy\u0148sk\u00fdm desk\u00e1m.<\/li>\n<\/ul>","protected":false},"excerpt":{"rendered":"<p dir=\"auto\">Objevte sklen\u011bn\u00e9 d\u00f3zy s bambusov\u00fdmi v\u00ed\u010dky a l\u017ei\u010dkami pro velk\u00e9 sklen\u011bn\u00e9 d\u00f3zy \u2013 elegantn\u00ed ba\u0148at\u00fd tvar, pr\u016fhledn\u00e9 sklo, odpov\u00eddaj\u00edc\u00ed klip na l\u017e\u00edci. P\u0159izp\u016fsobiteln\u00e9 designy.<\/p>","protected":false},"featured_media":24581,"template":"","meta":[],"product_brand":[],"product_cat":[122,124,137],"product_tag":[],"class_list":{"0":"post-24578","1":"product","2":"type-product","3":"status-publish","4":"has-post-thumbnail","6":"product_cat-custom-glass-packaging","7":"product_cat-custom-glass-jars","8":"product_cat-glass-jars-with-lids","10":"first","11":"instock","12":"shipping-taxable","13":"product-type-simple"},"jetpack_sharing_enabled":true,"_links":{"self":[{"href":"https:\/\/yebodaglass.com\/cs\/wp-json\/wp\/v2\/product\/24578","targetHints":{"allow":["GET"]}}],"collection":[{"href":"https:\/\/yebodaglass.com\/cs\/wp-json\/wp\/v2\/product"}],"about":[{"href":"https:\/\/yebodaglass.com\/cs\/wp-json\/wp\/v2\/types\/product"}],"version-history":[{"count":3,"href":"https:\/\/yebodaglass.com\/cs\/wp-json\/wp\/v2\/product\/24578\/revisions"}],"predecessor-version":[{"id":24585,"href":"https:\/\/yebodaglass.com\/cs\/wp-json\/wp\/v2\/product\/24578\/revisions\/24585"}],"wp:featuredmedia":[{"embeddable":true,"href":"https:\/\/yebodaglass.com\/cs\/wp-json\/wp\/v2\/media\/24581"}],"wp:attachment":[{"href":"https:\/\/yebodaglass.com\/cs\/wp-json\/wp\/v2\/media?parent=24578"}],"wp:term":[{"taxonomy":"product_brand","embeddable":true,"href":"https:\/\/yebodaglass.com\/cs\/wp-json\/wp\/v2\/product_brand?post=24578"},{"taxonomy":"product_cat","embeddable":true,"href":"https:\/\/yebodaglass.com\/cs\/wp-json\/wp\/v2\/product_cat?post=24578"},{"taxonomy":"product_tag","embeddable":true,"href":"https:\/\/yebodaglass.com\/cs\/wp-json\/wp\/v2\/product_tag?post=24578"}],"curies":[{"name":"wp","href":"https:\/\/api.w.org\/{rel}","templated":true}]}}