{"id":24570,"date":"2025-12-24T10:32:19","date_gmt":"2025-12-24T02:32:19","guid":{"rendered":"https:\/\/yebodaglass.com\/?post_type=product&#038;p=24570"},"modified":"2025-12-24T16:47:49","modified_gmt":"2025-12-24T08:47:49","slug":"custom-glass-jar-with-bamboo-lid-for-food-storage-bulk","status":"publish","type":"product","link":"https:\/\/yebodaglass.com\/cs\/custom-glass-jar-with-bamboo-lid-for-food-storage-bulk\/","title":{"rendered":"450ml 560ml 700ml 950ml Sklen\u011bn\u00e1 n\u00e1doba na zak\u00e1zku s bambusov\u00fdm v\u00edkem pro skladov\u00e1n\u00ed potravin ve velk\u00e9m"},"content":{"rendered":"<p>P\u0159esta\u0148te se tr\u00e1pit plastov\u00fdmi v\u00ed\u010dky. Vyr\u00e1b\u00edme sklen\u011bn\u00e9 d\u00f3zy s bambusov\u00fdm v\u00ed\u010dkem \u2013 ur\u010den\u00e9 pro zna\u010dky, kter\u00e9 pot\u0159ebuj\u00ed skute\u010dn\u011b funk\u010dn\u00ed \u00falo\u017en\u00fd prostor. Tyto d\u00f3zy prom\u011bn\u00ed ka\u017edodenn\u00ed skladov\u00e1n\u00ed v moment pro va\u0161i zna\u010dku. Hromadn\u00e9 objedn\u00e1vky z\u00edsk\u00e1te zak\u00e1zkovou povrchovou \u00fapravu, kter\u00e1 bude ladit s va\u0161\u00ed zna\u010dkou.<\/p>\n<h2>Vlastnosti produktu<\/h2>\n<p><strong>Bambusov\u00e9 t\u011bsn\u011bn\u00ed v\u00edka<\/strong><\/p>\n<p>Udr\u017euje k\u00e1vov\u00e1 zrna k\u0159upav\u00e1 \u2013 bez vlhkosti, bez z\u00e1pachu, bez stresu pro skladovac\u00ed d\u00f3zy.<\/p>\n<p><strong>Tepeln\u011b odoln\u00e9 sklo<\/strong><\/p>\n<p>Zvl\u00e1dne hork\u00fd med i studen\u00fd sirup \u2013 nikdy \u017e\u00e1dn\u00fd tepeln\u00fd \u0161ok.<\/p>\n<p><strong>Jasnost z rovn\u00fdch stran<\/strong><\/p>\n<p>Pod\u00edvejte se na ka\u017ed\u00e9 zrnko sklen\u011bn\u00e9ho \u017eel\u00e9 \u2013 va\u0161e skladovac\u00ed d\u00f3zy ukazuj\u00ed v\u00e1\u0161 produkt.<\/p>\n<h2>Kl\u00ed\u010dov\u00e9 specifikace<\/h2>\n<table style=\"border-collapse: collapse; width: 80%; margin-left: auto; margin-right: auto;\" border=\"0\" width=\"360\" cellspacing=\"0\" cellpadding=\"0\">\n<tbody>\n<tr style=\"height: 13.50pt;\">\n<td style=\"height: 13.5pt; width: 54pt; text-align: center;\" width=\"72\" height=\"18\">Kapacita (ml)<\/td>\n<td style=\"width: 54pt; text-align: center;\" width=\"72\">Velikost (cm)<\/td>\n<td style=\"width: 54pt; text-align: center;\" width=\"72\">Pr\u016fm\u011br \u00fast\u00ed<\/td>\n<td style=\"width: 54pt; text-align: center;\" width=\"72\">Materi\u00e1l<\/td>\n<td style=\"width: 54pt; text-align: center;\" width=\"72\">Barva<\/td>\n<\/tr>\n<tr style=\"height: 13.50pt;\">\n<td style=\"height: 13.5pt; text-align: center;\" align=\"right\" height=\"18\">450<\/td>\n<td style=\"text-align: center;\">8,5 \u00d7 10,0<\/td>\n<td class=\"et2\" style=\"text-align: center;\" rowspan=\"4\">85mm<\/td>\n<td class=\"et2\" style=\"text-align: center;\" rowspan=\"4\">Borosilik\u00e1t<\/td>\n<td class=\"et2\" style=\"text-align: center;\" rowspan=\"4\">Jasn\u00e9 a p\u0159izp\u016fsoben\u00e9<\/td>\n<\/tr>\n<tr style=\"height: 13.50pt;\">\n<td style=\"height: 13.5pt; text-align: center;\" align=\"right\" height=\"18\">560<\/td>\n<td style=\"text-align: center;\">8,5 \u00d7 12,0<\/td>\n<\/tr>\n<tr style=\"height: 13.50pt;\">\n<td style=\"height: 13.5pt; text-align: center;\" align=\"right\" height=\"18\">700<\/td>\n<td style=\"text-align: center;\">8,5 \u00d7 15,0<\/td>\n<\/tr>\n<tr style=\"height: 13.50pt;\">\n<td style=\"height: 13.5pt; text-align: center;\" align=\"right\" height=\"18\">950<\/td>\n<td style=\"text-align: center;\">8,5 \u00d7 20,0<\/td>\n<\/tr>\n<\/tbody>\n<\/table>\n<h2>P\u0159\u00edpad \u00fasp\u011bchu<\/h2>\n<p>Tato zna\u010dka si opravdu klade d\u016fraz na \u0161etrnost k \u017eivotn\u00edmu prost\u0159ed\u00ed. Rozhodla se p\u0159estat pou\u017e\u00edvat plastov\u00e9 n\u00e1doby a za\u010d\u00edt pou\u017e\u00edvat sklen\u011bn\u00e9 d\u00f3zy s bambusov\u00fdm v\u00edkem. Zna\u010dka se zam\u011b\u0159uje na udr\u017eitelnost a p\u0159irozen\u00fd vzhled. Bambusov\u00e1 v\u00edka dokonale odpov\u00eddaj\u00ed tomu, o \u010dem zna\u010dka je. Lidem, kter\u00fdm z\u00e1le\u017e\u00ed na Zemi a cht\u011bj\u00ed kvalitn\u00ed v\u011bci, se to bude opravdu l\u00edbit. Zna\u010dka tuto zm\u011bnu u sv\u00fdch produkt\u016f provedla. Cht\u011bj\u00ed b\u00fdt \u0161etrn\u00ed k \u017eivotn\u00edmu prost\u0159ed\u00ed. To je na tom velk\u00e1 \u010d\u00e1st. Sklen\u011bn\u00e9 d\u00f3zy a bambusov\u00e1 v\u00edka jsou zp\u016fsobem, jak\u00fdm zna\u010dka ukazuje, \u017ee j\u00ed z\u00e1le\u017e\u00ed na \u017eivotn\u00edm prost\u0159ed\u00ed a kvalit\u011b.<\/p>\n<p>Po uveden\u00ed produktu na trh se prodej zna\u010dky b\u011bhem t\u0159\u00ed m\u011bs\u00edc\u016f zv\u00fd\u0161il o 20 % a jejich \u0159ada bio pochutin se mezi spot\u0159ebiteli t\u011b\u0161ila nejv\u011bt\u0161\u00ed oblib\u011b.<\/p>\n<h2>V\u00e1\u0161 n\u00e1vod na \u00fapravy<\/h2>\n<ol>\n<li><strong>Personalizovan\u00e9 \u0161t\u00edtky: <\/strong>Sklen\u011bn\u00e9 d\u00f3zy lze vyu\u017e\u00edt k budov\u00e1n\u00ed zna\u010dky jednodu\u0161e p\u0159id\u00e1n\u00edm vlastn\u00edch \u0161t\u00edtk\u016f, log nebo jak\u00e9hokoli designu, kter\u00fd usnadn\u00ed rozpoznatelnost zna\u010dky a umo\u017en\u00ed zm\u011bny designu na z\u00e1klad\u011b po\u017eadavk\u016f trhu.<\/li>\n<li><strong>Materi\u00e1l v\u00edka: <\/strong>Krom\u011b bambusov\u00fdch v\u00ed\u010dek si lze vybrat i jin\u00e9 p\u0159\u00edrodn\u00ed materi\u00e1ly nebo kovov\u00e1 v\u00ed\u010dka, kter\u00e1 spl\u0148uj\u00ed po\u017eadavky zna\u010dky. Kovov\u00e1 v\u00ed\u010dka p\u016fsob\u00ed modern\u011bj\u0161\u00edm a luxusn\u011bj\u0161\u00edm dojmem, zat\u00edmco bambusov\u00e1 v\u00ed\u010dka jsou ekologi\u010dt\u011bj\u0161\u00ed.<\/li>\n<li><strong>\u0160t\u00edtky kapacity: <\/strong>Je mo\u017en\u00e9 nechat si p\u0159izp\u016fsobit r\u016fzn\u00e9 \u0161t\u00edtky s kapacitou nebo stupnice pro r\u016fzn\u00e9 \u00fa\u010dely, nap\u0159\u00edklad pro p\u0159esn\u00e9 m\u011b\u0159en\u00ed mno\u017estv\u00ed nebo hmotnosti skladovan\u00fdch polo\u017eek, \u010d\u00edm\u017e se u\u017eivatelsk\u00fd z\u00e1\u017eitek stane p\u0159\u00e1tel\u0161t\u011bj\u0161\u00edm a pohodln\u011bj\u0161\u00edm.<\/li>\n<\/ol>","protected":false},"excerpt":{"rendered":"<p>Stylov\u00e1 sklen\u011bn\u00e1 d\u00f3za s bambusov\u00fdm v\u00edkem, ide\u00e1ln\u00ed pro organizaci a skladov\u00e1n\u00ed potravin. Ide\u00e1ln\u00ed pro uchov\u00e1n\u00ed \u010derstv\u00e9ho such\u00e9ho zbo\u017e\u00ed. K dispozici jsou hromadn\u00e9 objedn\u00e1vky a vzorky zdarma.<\/p>","protected":false},"featured_media":24577,"template":"","meta":[],"product_brand":[],"product_cat":[122,124,137],"product_tag":[],"class_list":{"0":"post-24570","1":"product","2":"type-product","3":"status-publish","4":"has-post-thumbnail","6":"product_cat-custom-glass-packaging","7":"product_cat-custom-glass-jars","8":"product_cat-glass-jars-with-lids","10":"first","11":"instock","12":"shipping-taxable","13":"product-type-simple"},"jetpack_sharing_enabled":true,"_links":{"self":[{"href":"https:\/\/yebodaglass.com\/cs\/wp-json\/wp\/v2\/product\/24570","targetHints":{"allow":["GET"]}}],"collection":[{"href":"https:\/\/yebodaglass.com\/cs\/wp-json\/wp\/v2\/product"}],"about":[{"href":"https:\/\/yebodaglass.com\/cs\/wp-json\/wp\/v2\/types\/product"}],"version-history":[{"count":4,"href":"https:\/\/yebodaglass.com\/cs\/wp-json\/wp\/v2\/product\/24570\/revisions"}],"predecessor-version":[{"id":24602,"href":"https:\/\/yebodaglass.com\/cs\/wp-json\/wp\/v2\/product\/24570\/revisions\/24602"}],"wp:featuredmedia":[{"embeddable":true,"href":"https:\/\/yebodaglass.com\/cs\/wp-json\/wp\/v2\/media\/24577"}],"wp:attachment":[{"href":"https:\/\/yebodaglass.com\/cs\/wp-json\/wp\/v2\/media?parent=24570"}],"wp:term":[{"taxonomy":"product_brand","embeddable":true,"href":"https:\/\/yebodaglass.com\/cs\/wp-json\/wp\/v2\/product_brand?post=24570"},{"taxonomy":"product_cat","embeddable":true,"href":"https:\/\/yebodaglass.com\/cs\/wp-json\/wp\/v2\/product_cat?post=24570"},{"taxonomy":"product_tag","embeddable":true,"href":"https:\/\/yebodaglass.com\/cs\/wp-json\/wp\/v2\/product_tag?post=24570"}],"curies":[{"name":"wp","href":"https:\/\/api.w.org\/{rel}","templated":true}]}}