{"id":24552,"date":"2025-12-23T15:56:39","date_gmt":"2025-12-23T07:56:39","guid":{"rendered":"https:\/\/yebodaglass.com\/?post_type=product&#038;p=24552"},"modified":"2025-12-24T09:18:02","modified_gmt":"2025-12-24T01:18:02","slug":"empty-unique-glass-jars-with-lids-wholesale","status":"publish","type":"product","link":"https:\/\/yebodaglass.com\/cs\/empty-unique-glass-jars-with-lids-wholesale\/","title":{"rendered":"Velkoobchodn\u00ed prodej pr\u00e1zdn\u00fdch unik\u00e1tn\u00edch sklen\u011bn\u00fdch d\u00f3z s v\u00ed\u010dky o objemu 350 ml \u2013 950 ml"},"content":{"rendered":"<p data-start=\"66\" data-end=\"288\">Jedn\u00e1 se o neobvykl\u00e9 sklen\u011bn\u00e9 d\u00f3zy s v\u00ed\u010dky, kter\u00e1 maj\u00ed sv\u00e1 vlastn\u00ed v\u00ed\u010dka: maj\u00ed neobvykl\u00fd typ lichob\u011b\u017en\u00edku, jsou naho\u0159e \u00fazk\u00e1, dole \u0161ir\u0161\u00ed a maj\u00ed ostr\u00e9 \u00fahly. Obsah je snadno viditeln\u00fd d\u00edky v\u00ed\u010dk\u00e1m z p\u0159\u00edrodn\u00edho bambusu, kter\u00e1 jsou lehk\u00e1.<\/p>\n<h2>Vlastnosti produktu<\/h2>\n<ul>\n<li><strong>V\u00edcestrann\u00fd lichob\u011b\u017en\u00edkov\u00fd tvar:<\/strong> Lichob\u011b\u017en\u00edkov\u00fd tvar, kter\u00fd je naho\u0159e ten\u010d\u00ed a dole \u0161ir\u0161\u00ed a m\u00e1 ostr\u00e9 \u00fahly, je nejen stabiln\u011bj\u0161\u00ed ve srovn\u00e1n\u00ed s v\u00e1lcov\u00fdmi sklenicemi, ale tak\u00e9 poskytuje vizu\u00e1ln\u00ed hloubku.<\/li>\n<li><strong>Pr\u016fhledn\u00e9 t\u011blo:<\/strong> T\u011blo t\u00e9to sklenice je vyrobeno z pr\u016fhledn\u00e9ho skla, kter\u00e9 umo\u017e\u0148uje jasn\u011b vid\u011bt obsah bez nutnosti otev\u00edr\u00e1n\u00ed v\u00ed\u010dka.<\/li>\n<li><strong>Bambusov\u00e9 v\u00edko:<\/strong> Bambusov\u00e9 v\u00edko je lehk\u00e9 v\u00edko s vnit\u0159n\u00ed vrstvou t\u011bsn\u011bn\u00ed, jednoduch\u00fdm designem a skv\u011bl\u00fdm ut\u011bsn\u011bn\u00edm.<\/li>\n<\/ul>\n<h2 style=\"text-align: left;\">Kl\u00ed\u010dov\u00e9 specifikace<\/h2>\n<table class=\"aligncenter\" style=\"border-collapse: collapse; width: 459.02pt;\" border=\"0\" width=\"612\" cellspacing=\"0\" cellpadding=\"0\">\n<tbody>\n<tr style=\"height: 13.50pt;\">\n<td style=\"height: 13.50pt; width: 100.50pt;\" width=\"134\" height=\"18\">Specifikace<\/td>\n<td style=\"width: 358.50pt;\" width=\"478\">Podrobnosti<\/td>\n<\/tr>\n<tr style=\"height: 13.50pt;\">\n<td style=\"height: 13.50pt;\" height=\"18\">Kapacita<\/td>\n<td>350ml \/ 500ml \/ 750ml \/ 950ml<\/td>\n<\/tr>\n<tr style=\"height: 13.50pt;\">\n<td style=\"height: 13.50pt;\" height=\"18\">Rozm\u011bry<\/td>\n<td>10\u00d710,2 cm \/ 11,5\u00d712 cm \/ 12,5\u00d713,7 cm \/ 14\u00d715,2 cm<\/td>\n<\/tr>\n<tr style=\"height: 13.50pt;\">\n<td style=\"height: 13.50pt;\" height=\"18\">Materi\u00e1l<\/td>\n<td>Vysoce borosilik\u00e1tov\u00e9 sklo<\/td>\n<\/tr>\n<tr style=\"height: 13.50pt;\">\n<td style=\"height: 13.50pt;\" height=\"18\">Tvar sklenice<\/td>\n<td>Mnohostrann\u00e1 komol\u00e1 pyramida (roz\u0161i\u0159uj\u00edc\u00ed se z\u00e1kladna)<\/td>\n<\/tr>\n<tr style=\"height: 13.50pt;\">\n<td style=\"height: 13.50pt;\" height=\"18\">Typ v\u00edka<\/td>\n<td>Ploch\u00e9 v\u00edko z lehk\u00e9ho bambusu s okrajov\u00fdm t\u011bsn\u011bn\u00edm<\/td>\n<\/tr>\n<tr style=\"height: 13.50pt;\">\n<td style=\"height: 13.50pt;\" height=\"18\">Materi\u00e1ln\u00ed vlastnosti<\/td>\n<td>Tepeln\u011b a chemicky odoln\u00e9, vysok\u00e1 \u010distota<\/td>\n<\/tr>\n<tr style=\"height: 13.50pt;\">\n<td style=\"height: 13.50pt;\" height=\"18\">Ide\u00e1ln\u00ed pro<\/td>\n<td>Velkoobchod sklen\u011bn\u00fdch d\u00f3z s v\u00ed\u010dky, sklen\u011bn\u00e9 d\u00f3zy s d\u0159ev\u011bn\u00fdmi v\u00ed\u010dky<\/td>\n<\/tr>\n<\/tbody>\n<\/table>\n<h2>P\u0159\u00edb\u011bh \u00fasp\u011bchu<\/h2>\n<p>Jedna luxusn\u00ed \u010dajov\u00e1 spole\u010dnost m\u011bla z\u00e1jem o obaly, kter\u00e9 by slou\u017eily z\u00e1rove\u0148 k vystaven\u00ed a prezentaci. Na\u0161e unik\u00e1tn\u00ed sklen\u011bn\u00e9 d\u00f3zy s v\u00ed\u010dky o objemu 500 ml si vybrala pro pou\u017eit\u00ed ve sv\u00e9 nov\u00e9 \u0159ad\u011b \u010daj\u016f z jednoho zdroje. Tento design borosilik\u00e1tov\u00e9ho skla je nejen odoln\u00fd (s m\u00edrou rozbit\u00ed b\u011bhem p\u0159epravy pouze 0,2 %), ale jeho mnohostrann\u00fd design skv\u011ble prezentuje barvu \u010daje a texturu, co\u017e vedlo k 70% n\u00e1r\u016fstu po\u010dtu produkt\u016f sd\u00edlen\u00fdch na soci\u00e1ln\u00edch s\u00edt\u00edch. Po tomto obrovsk\u00e9m \u00fasp\u011bchu si spole\u010dnost objednala dal\u0161\u00edch 200 000 sklen\u011bn\u00fdch d\u00f3z, kter\u00e9 budou propagov\u00e1ny po cel\u00e9m sv\u011bt\u011b.<\/p>\n<h2>Mo\u017enosti \u00fapravy sklen\u011bn\u00fdch d\u00f3z a v\u00ed\u010dek ve velkoobchod\u011b<\/h2>\n<ul>\n<li>Reklamn\u00ed bambusov\u00e1 v\u00ed\u010dka na sklenice, nyn\u00ed m\u016f\u017eete p\u0159ej\u00edt na bambusov\u00e9 v\u00ed\u010dko na sklenici, kter\u00e9 je vyrobeno z jednoho kusu bambusu s laserov\u011b vyryt\u00fdmi logy.<\/li>\n<li>Mr\u00e1z, Rozhodn\u011bte se nan\u00e9st na st\u0159\u00eddaj\u00edc\u00ed se strany t\u011bla sklenice matn\u00fd povrch, abyste vytvo\u0159ili v\u00fdrazn\u00e9 hry sv\u011btla a st\u00edn\u016f.<\/li>\n<li>S\u00edtotiskov\u00e9 geometrick\u00e9 vzory \u2013 vzory, kter\u00e9 opakuj\u00ed \u00fahly t\u011bla sklenice na jedn\u00e9 nebo dvou ploch\u00e1ch.<\/li>\n<li>Vitr\u00e1\u017eov\u00e9 akcenty \u2013 Ty lze pou\u017e\u00edt na ur\u010dit\u00fdch stran\u00e1ch (nap\u0159. na p\u0159edn\u00ed stran\u011b) s barevn\u00fdm sklem, aby se vytvo\u0159il kontrast.<\/li>\n<\/ul>","protected":false},"excerpt":{"rendered":"<p dir=\"auto\">Objevte velkoobchodn\u00ed prodej sklen\u011bn\u00fdch d\u00f3z a v\u00ed\u010dek s unik\u00e1tn\u00edmi sklen\u011bn\u00fdmi d\u00f3zami s v\u00ed\u010dky ve fazetovan\u00e9m lichob\u011b\u017en\u00edkov\u00e9m designu, z vysok\u00e9ho borosilik\u00e1tu s bambusov\u00fdmi v\u00ed\u010dky. Rychl\u00e9 dod\u00e1n\u00ed.<\/p>","protected":false},"featured_media":24554,"template":"","meta":[],"product_brand":[],"product_cat":[122,124,137],"product_tag":[],"class_list":{"0":"post-24552","1":"product","2":"type-product","3":"status-publish","4":"has-post-thumbnail","6":"product_cat-custom-glass-packaging","7":"product_cat-custom-glass-jars","8":"product_cat-glass-jars-with-lids","10":"first","11":"instock","12":"shipping-taxable","13":"product-type-simple"},"jetpack_sharing_enabled":true,"_links":{"self":[{"href":"https:\/\/yebodaglass.com\/cs\/wp-json\/wp\/v2\/product\/24552","targetHints":{"allow":["GET"]}}],"collection":[{"href":"https:\/\/yebodaglass.com\/cs\/wp-json\/wp\/v2\/product"}],"about":[{"href":"https:\/\/yebodaglass.com\/cs\/wp-json\/wp\/v2\/types\/product"}],"version-history":[{"count":3,"href":"https:\/\/yebodaglass.com\/cs\/wp-json\/wp\/v2\/product\/24552\/revisions"}],"predecessor-version":[{"id":24568,"href":"https:\/\/yebodaglass.com\/cs\/wp-json\/wp\/v2\/product\/24552\/revisions\/24568"}],"wp:featuredmedia":[{"embeddable":true,"href":"https:\/\/yebodaglass.com\/cs\/wp-json\/wp\/v2\/media\/24554"}],"wp:attachment":[{"href":"https:\/\/yebodaglass.com\/cs\/wp-json\/wp\/v2\/media?parent=24552"}],"wp:term":[{"taxonomy":"product_brand","embeddable":true,"href":"https:\/\/yebodaglass.com\/cs\/wp-json\/wp\/v2\/product_brand?post=24552"},{"taxonomy":"product_cat","embeddable":true,"href":"https:\/\/yebodaglass.com\/cs\/wp-json\/wp\/v2\/product_cat?post=24552"},{"taxonomy":"product_tag","embeddable":true,"href":"https:\/\/yebodaglass.com\/cs\/wp-json\/wp\/v2\/product_tag?post=24552"}],"curies":[{"name":"wp","href":"https:\/\/api.w.org\/{rel}","templated":true}]}}