{"id":24543,"date":"2025-12-23T15:34:26","date_gmt":"2025-12-23T07:34:26","guid":{"rendered":"https:\/\/yebodaglass.com\/?post_type=product&#038;p=24543"},"modified":"2026-04-10T16:06:08","modified_gmt":"2026-04-10T08:06:08","slug":"wide-mouth-glass-jars-with-stainless-steel-lids-bulk","status":"publish","type":"product","link":"https:\/\/yebodaglass.com\/cs\/wide-mouth-glass-jars-with-stainless-steel-lids-bulk\/","title":{"rendered":"Sklen\u011bn\u00e9 n\u00e1doby s \u0161irok\u00fdm hrdlem 600ml 1000ml 1200ml s v\u00ed\u010dky z nerezov\u00e9 oceli, velkoobchod"},"content":{"rendered":"<p>Tyto sklen\u011bn\u00e9 d\u00f3zy s \u0161irok\u00fdm hrdlem vynikaj\u00ed modern\u00edm vzhledem d\u00edky v\u00e1lcov\u00e9mu tvaru z ultra \u010dir\u00e9ho borosilik\u00e1tov\u00e9ho skla. N\u00e1doba vytv\u00e1\u0159\u00ed vzduchot\u011bsn\u00e9 a vlhkostot\u011bsn\u00e9 ut\u011bsn\u011bn\u00ed d\u00edky v\u00edku z nerezov\u00e9 oceli a silikonov\u00e9mu t\u011bsn\u011bn\u00ed potravin\u00e1\u0159sk\u00e9 kvality.<\/p>\n<h2>Vlastnosti produktu<\/h2>\n<ul>\n<li><strong>K\u0159i\u0161\u0165\u00e1lov\u011b \u010dir\u00e9 borosilik\u00e1tov\u00e9 sklo:<\/strong> Borosilik\u00e1tov\u00e9 sklo si zachov\u00e1v\u00e1 sv\u016fj pr\u016fhledn\u00fd vzhled a z\u00e1rove\u0148 odol\u00e1v\u00e1 tepeln\u00fdm \u0161ok\u016fm d\u00edky sv\u00fdm odoln\u00fdm vlastnostem a snadn\u00e9mu \u010di\u0161t\u011bn\u00ed.<\/li>\n<li><strong>Ut\u011bsn\u011bn\u00e9 v\u00edko z nerezov\u00e9 oceli:<\/strong> Ut\u011bsn\u011bn\u00e9 v\u00edko z nerezov\u00e9 oceli vytv\u00e1\u0159\u00ed vzduchot\u011bsnou bari\u00e9ru bezpe\u010dnou pro potraviny d\u00edky \u0161roubovac\u00edmu uz\u00e1v\u011bru z nerezov\u00e9 oceli a integrovan\u00e9mu silikonov\u00e9mu t\u011bsn\u011bn\u00ed.<\/li>\n<li><strong>V\u00e1lcov\u00e1 konstrukce s rovn\u00fdmi st\u011bnami:<\/strong> P\u0159\u00edmo\u010dar\u00fd v\u00e1lcov\u00fd design rovn\u00fdch st\u011bn umo\u017e\u0148uje u\u017eivatel\u016fm bezpe\u010dn\u00e9 stohov\u00e1n\u00ed p\u0159edm\u011bt\u016f, proto\u017ee poskytuje maxim\u00e1ln\u00ed \u00falo\u017enou kapacitu.<\/li>\n<\/ul>\n<h2>Kl\u00ed\u010dov\u00e9 specifikace<\/h2>\n<table style=\"border-collapse: collapse; width: 80%; margin-left: auto; margin-right: auto;\" border=\"0\" width=\"360\" cellspacing=\"0\" cellpadding=\"0\">\n<tbody>\n<tr style=\"height: 13.50pt;\">\n<td style=\"height: 13.5pt; width: 54pt; text-align: center;\" width=\"72\" height=\"18\">Kapacita (ml)<\/td>\n<td style=\"width: 54pt; text-align: center;\" width=\"72\">Velikost (cm)<\/td>\n<td style=\"width: 54pt; text-align: center;\" width=\"72\">Pr\u016fm\u011br \u00fast\u00ed<\/td>\n<td style=\"width: 54pt; text-align: center;\" width=\"72\">Materi\u00e1l<\/td>\n<td style=\"width: 54pt; text-align: center;\" width=\"72\">Tvar<\/td>\n<\/tr>\n<tr style=\"height: 13.50pt;\">\n<td style=\"height: 13.5pt; text-align: center;\" align=\"right\" height=\"18\">600<\/td>\n<td style=\"text-align: center;\">9.5&#215;10.0<\/td>\n<td class=\"et2\" style=\"text-align: center;\" rowspan=\"3\">95mm<\/td>\n<td class=\"et2\" style=\"text-align: center;\" rowspan=\"3\">Borosilik\u00e1t<\/td>\n<td class=\"et2\" style=\"text-align: center;\" rowspan=\"3\">Kulat\u00fd rovn\u00fd \u2013 bo\u010dn\u00ed<\/td>\n<\/tr>\n<tr style=\"height: 13.50pt;\">\n<td style=\"height: 13.5pt; text-align: center;\" align=\"right\" height=\"18\">1000<\/td>\n<td style=\"text-align: center;\">9.5&#215;15.0<\/td>\n<\/tr>\n<tr style=\"height: 13.50pt;\">\n<td style=\"height: 13.5pt; text-align: center;\" align=\"right\" height=\"18\">1200<\/td>\n<td style=\"text-align: center;\">9.5&#215;20.0<\/td>\n<\/tr>\n<\/tbody>\n<\/table>\n<h2>P\u0159\u00edpad \u00fasp\u011bchu<\/h2>\n<p>Jeden americk\u00fd \u0159et\u011bzec supermarket\u016f si vybral na\u0161e 946ml sklenice na potraviny a upravil ozna\u010den\u00ed kapacity a r\u016fzn\u011b barevn\u00e1 v\u00ed\u010dka tak, aby rozli\u0161oval mezi kategoriemi produkt\u016f. Vynikaj\u00edc\u00ed t\u011bsn\u011bn\u00ed udr\u017eovalo produkty \u010derstv\u00e9, \u010d\u00edm\u017e se sn\u00ed\u017eilo jejich znehodnocen\u00ed o 45 %, a k\u0159i\u0161\u0165\u00e1lov\u011b \u010dist\u00e9 sklo a ozna\u010den\u00ed zv\u00fd\u0161ily prodej sypk\u00e9ho zbo\u017e\u00ed o 28 %. Syst\u00e9m sypk\u00e9ho prodeje tohoto \u0159et\u011bzce supermarket\u016f byl tak \u00fasp\u011b\u0161n\u00fd, \u017ee n\u00e1sledn\u011b zadal dal\u0161\u00ed objedn\u00e1vku na 380 000 sklen\u011bn\u00fdch sklenic pro svou nov\u011b uvedenou \u0159adu p\u0159edbalen\u00fdch z\u00e1kladn\u00edch potravin a online p\u0159edplatn\u00e9.<\/p>\n<h2>Sklen\u011bn\u00e9 d\u00f3zy se \u0161irok\u00fdm hrdlem nab\u00edzej\u00ed n\u011bkolik mo\u017enost\u00ed p\u0159izp\u016fsoben\u00ed.<\/h2>\n<ul>\n<li>Povrchov\u00e1 \u00faprava v\u00edka: Dostupn\u00e9 mo\u017enosti zahrnuj\u00ed nerezovou ocel, \u010dernou, m\u011bd\u011bnou a r\u016fzn\u00e9 barevn\u00e9 smaltovan\u00e9 povrchov\u00e9 \u00fapravy.<\/li>\n<li>S\u00edtotisk: Sklen\u011bn\u00fd povrch umo\u017e\u0148uje u\u017eivatel\u016fm tisknout \u010d\u00e1ry m\u011b\u0159\u00edtka, vod\u00edtka obsahu a dekorativn\u00ed vzory.<\/li>\n<li>P\u0159\u00edslu\u0161enstv\u00ed: P\u0159\u00edslu\u0161enstv\u00ed nab\u00edz\u00ed kombinaci l\u017ei\u010dek a etiket a d\u0159ev\u011bn\u00fdch v\u00ed\u010dek na m\u00edru pro vytvo\u0159en\u00ed r\u016fzn\u00fdch designov\u00fdch mo\u017enost\u00ed.<\/li>\n<\/ul>","protected":false},"excerpt":{"rendered":"<p>Sklen\u011bn\u00e9 d\u00f3zy s \u0161irok\u00fdm hrdlem a v\u00ed\u010dky z nerezov\u00e9 oceli, ide\u00e1ln\u00ed pro skladov\u00e1n\u00ed ovoce, obilovin a podobn\u011b. Tyto d\u00f3zy na potraviny lze p\u0159izp\u016fsobit.<\/p>","protected":false},"featured_media":24550,"template":"","meta":[],"product_brand":[],"product_cat":[137,124,122],"product_tag":[],"class_list":{"0":"post-24543","1":"product","2":"type-product","3":"status-publish","4":"has-post-thumbnail","6":"product_cat-glass-jars-with-lids","7":"product_cat-custom-glass-jars","8":"product_cat-custom-glass-packaging","10":"first","11":"instock","12":"shipping-taxable","13":"product-type-simple"},"jetpack_sharing_enabled":true,"_links":{"self":[{"href":"https:\/\/yebodaglass.com\/cs\/wp-json\/wp\/v2\/product\/24543","targetHints":{"allow":["GET"]}}],"collection":[{"href":"https:\/\/yebodaglass.com\/cs\/wp-json\/wp\/v2\/product"}],"about":[{"href":"https:\/\/yebodaglass.com\/cs\/wp-json\/wp\/v2\/types\/product"}],"version-history":[{"count":5,"href":"https:\/\/yebodaglass.com\/cs\/wp-json\/wp\/v2\/product\/24543\/revisions"}],"predecessor-version":[{"id":25747,"href":"https:\/\/yebodaglass.com\/cs\/wp-json\/wp\/v2\/product\/24543\/revisions\/25747"}],"wp:featuredmedia":[{"embeddable":true,"href":"https:\/\/yebodaglass.com\/cs\/wp-json\/wp\/v2\/media\/24550"}],"wp:attachment":[{"href":"https:\/\/yebodaglass.com\/cs\/wp-json\/wp\/v2\/media?parent=24543"}],"wp:term":[{"taxonomy":"product_brand","embeddable":true,"href":"https:\/\/yebodaglass.com\/cs\/wp-json\/wp\/v2\/product_brand?post=24543"},{"taxonomy":"product_cat","embeddable":true,"href":"https:\/\/yebodaglass.com\/cs\/wp-json\/wp\/v2\/product_cat?post=24543"},{"taxonomy":"product_tag","embeddable":true,"href":"https:\/\/yebodaglass.com\/cs\/wp-json\/wp\/v2\/product_tag?post=24543"}],"curies":[{"name":"wp","href":"https:\/\/api.w.org\/{rel}","templated":true}]}}