{"id":24526,"date":"2025-12-23T10:20:01","date_gmt":"2025-12-23T02:20:01","guid":{"rendered":"https:\/\/yebodaglass.com\/?post_type=product&#038;p=24526"},"modified":"2025-12-23T14:09:46","modified_gmt":"2025-12-23T06:09:46","slug":"custom-98mm-diameter-glass-jars-with-lids-wholesale","status":"publish","type":"product","link":"https:\/\/yebodaglass.com\/cs\/custom-98mm-diameter-glass-jars-with-lids-wholesale\/","title":{"rendered":"Velkoobchodn\u00ed prodej sklenic s v\u00ed\u010dky o pr\u016fm\u011bru 600 ml, 1000 ml a 1350 ml na zak\u00e1zku o pr\u016fm\u011bru 98 mm"},"content":{"rendered":"<p>P\u0159esta\u0148te se tr\u00e1pit s mal\u00fdmi v\u00ed\u010dky. Vyr\u00e1b\u00edme velkoobchodn\u011b sklen\u011bn\u00e9 d\u00f3zy s v\u00ed\u010dky pro zna\u010dky, kter\u00e9 pot\u0159ebuj\u00ed skute\u010dn\u011b funk\u010dn\u00ed \u00falo\u017en\u00fd prostor. Tyto sklen\u011bn\u00e9 d\u00f3zy ve velk\u00e9m v\u00e1m pomohou prom\u011bnit denn\u00ed z\u00e1soby v moment pro va\u0161i zna\u010dku. Hromadn\u00e9 n\u00e1kupy dost\u00e1vaj\u00ed povrchovou \u00fapravu na m\u00edru, kter\u00e1 lad\u00ed s va\u0161\u00ed zna\u010dkou.<\/p>\n<h2>Vlastnosti produktu<\/h2>\n<p><strong>\u0160irok\u00fd p\u0159\u00edstup do \u00fast<\/strong><\/p>\n<p>Nab\u00edrejte med nebo sklen\u011bn\u00fd \u017eel\u00e9 \u010dist\u011b a \u00fahledn\u011b. Zde je spr\u00e1vn\u00e9 heslo NEZNE\u010cISTIT, NEPO\u0158\u00c1DAT.<\/p>\n<p><strong>Siln\u00fd t\u011bsnic\u00ed v\u00fdkon<\/strong><\/p>\n<p>D\u00edky zabudovan\u00e9mu t\u011bsnic\u00edmu v\u00ed\u010dku je v\u00fdrobek schopen udr\u017eet potraviny d\u00e9le \u010derstv\u00e9, chr\u00e1nit je p\u0159ed vlhkost\u00ed a oxidac\u00ed, a t\u00edm prodlou\u017eit jejich trvanlivost.<\/p>\n<p><strong>Tepeln\u011b odoln\u00e1 a trvanliv\u00e1<\/strong><\/p>\n<p>Borosilik\u00e1tov\u00e9 sklo se m\u016f\u017ee bez tepeln\u00e9ho \u0161oku hodit k trendu skladov\u00e1n\u00ed v hork\u00e9m sirupu, studen\u00e9m medu nebo v mraz\u00e1ku.<\/p>\n<h2>Kl\u00ed\u010dov\u00e9 specifikace<\/h2>\n<table style=\"border-collapse: collapse; width: 80%; margin-left: auto; margin-right: auto;\" border=\"0\" width=\"360\" cellspacing=\"0\" cellpadding=\"0\">\n<tbody>\n<tr style=\"height: 13.50pt;\">\n<td style=\"height: 13.5pt; width: 54pt; text-align: center;\" width=\"72\" height=\"18\">Kapacita (ml)<\/td>\n<td style=\"width: 54pt; text-align: center;\" width=\"72\">Velikost (cm)<\/td>\n<td style=\"width: 54pt; text-align: center;\" width=\"72\">Pr\u016fm\u011br \u00fast\u00ed<\/td>\n<td style=\"width: 54pt; text-align: center;\" width=\"72\">Materi\u00e1l<\/td>\n<td style=\"width: 54pt; text-align: center;\" width=\"72\">Tvar<\/td>\n<\/tr>\n<tr style=\"height: 13.50pt;\">\n<td style=\"height: 13.5pt; text-align: center;\" align=\"right\" height=\"18\">600<\/td>\n<td style=\"text-align: center;\">9,8 \u00d7 10,0<\/td>\n<td class=\"et2\" style=\"text-align: center;\" rowspan=\"3\">98mm<\/td>\n<td class=\"et2\" style=\"text-align: center;\" rowspan=\"3\">Borosilik\u00e1tov\u00e9 sklo<\/td>\n<td class=\"et2\" style=\"text-align: center;\" rowspan=\"3\">Kulat\u00fd rovn\u00fd \u2013 bo\u010dn\u00ed<\/td>\n<\/tr>\n<tr style=\"height: 13.50pt;\">\n<td style=\"height: 13.5pt; text-align: center;\" align=\"right\" height=\"18\">1000<\/td>\n<td style=\"text-align: center;\">9,8 \u00d7 15,0<\/td>\n<\/tr>\n<tr style=\"height: 13.50pt;\">\n<td style=\"height: 13.5pt; text-align: center;\" align=\"right\" height=\"18\">1350<\/td>\n<td style=\"text-align: center;\">9,8 \u00d7 20,0<\/td>\n<\/tr>\n<\/tbody>\n<\/table>\n<h2>P\u0159\u00edb\u011bh \u00fasp\u011bchu<\/h2>\n<p>Zna\u010dka zdrav\u00e9 v\u00fd\u017eivy se rozhodla pou\u017e\u00edt tyto borosilik\u00e1tov\u00e9 sklen\u011bn\u00e9 d\u00f3zy pro skladov\u00e1n\u00ed a prezentaci sv\u00e9ho rozmanit\u00e9ho su\u0161en\u00e9ho ovoce a o\u0159ech\u016f. D\u00f3zy maj\u00ed \u0161irok\u00fd otvor, kter\u00fd umo\u017e\u0148uje snadn\u00e9 nab\u00edr\u00e1n\u00ed su\u0161en\u00e9ho ovoce, a pr\u016fhledn\u00e9 sklo je skv\u011bl\u00fdm vizu\u00e1ln\u00edm dojmem, kter\u00fd l\u00e1k\u00e1 z\u00e1kazn\u00edky k n\u00e1kupu.<\/p>\n<p>P\u0159ibli\u017en\u011b b\u011bhem 3 m\u011bs\u00edc\u016f se prodej su\u0161en\u00e9ho ovoce t\u00e9to zna\u010dky zv\u00fd\u0161il o 20 %.<\/p>\n<h2>V\u00e1\u0161 n\u00e1vod na \u00fapravy<\/h2>\n<ol>\n<li><strong>V\u00fdb\u011br:<\/strong> V z\u00e1vislosti na po\u017eadavc\u00edch na skladov\u00e1n\u00ed lze zvolit r\u016fzn\u00e9 metody uzav\u00edr\u00e1n\u00ed, jako jsou v\u00edka s kovov\u00fdmi sponami nebo silikonov\u00e9 t\u011bsnic\u00ed krou\u017eky, kter\u00e9 zaji\u0161\u0165uj\u00ed lep\u0161\u00ed t\u011bsnic\u00ed v\u00fdkon, co\u017e je vhodn\u00e9 pro skladov\u00e1n\u00ed zka\u017een\u00fdch nebo \u010derstv\u011b uchovan\u00fdch potravin.<\/li>\n<li><strong>Barvy v\u00edka:<\/strong> Zm\u011b\u0148te barvy v\u00ed\u010dek tak, aby odpov\u00eddaly barv\u00e1m zna\u010dky nebo vlastnostem produktu, a dos\u00e1hnete tak personalizovan\u011bj\u0161\u00edho a jedine\u010dn\u011bj\u0161\u00edho vzhledu. Nap\u0159\u00edklad zlat\u00e1 nebo st\u0159\u00edbrn\u00e1 v\u00ed\u010dka vytv\u00e1\u0159ej\u00ed pocit luxusu, zat\u00edmco v\u00ed\u010dka z p\u0159\u00edrodn\u00edho d\u0159eva nazna\u010duj\u00ed ekologick\u00fd, \u0161etrn\u00fd a p\u0159\u00edrodn\u00ed trend.<\/li>\n<li><strong>P\u0159\u00edslu\u0161enstv\u00ed:<\/strong> K \u00falo\u017en\u00fdm n\u00e1dob\u00e1m lze p\u0159idat p\u0159\u00edslu\u0161enstv\u00ed, jako jsou \u0161t\u00edtky, samolepky, l\u017ei\u010dky do sklenic atd., kter\u00e9 pot\u011b\u0161\u00ed u\u017eivatele a d\u00e1le zv\u00fd\u0161\u00ed funk\u010dnost a atraktivitu produktu.<\/li>\n<\/ol>","protected":false},"excerpt":{"rendered":"<p>Velkoobchodn\u00ed prodej d\u00f3z z vysoce borosilik\u00e1tov\u00e9ho skla s v\u00ed\u010dky p\u0159\u00edmo od v\u00fdrobce, ide\u00e1ln\u00ed pro skladov\u00e1n\u00ed such\u00e9ho zbo\u017e\u00ed, ko\u0159en\u00ed a \u010daje. Mo\u017enost \u00fapravy na m\u00edru.<\/p>","protected":false},"featured_media":24540,"template":"","meta":[],"product_brand":[],"product_cat":[122,124,137],"product_tag":[],"class_list":{"0":"post-24526","1":"product","2":"type-product","3":"status-publish","4":"has-post-thumbnail","6":"product_cat-custom-glass-packaging","7":"product_cat-custom-glass-jars","8":"product_cat-glass-jars-with-lids","10":"first","11":"instock","12":"shipping-taxable","13":"product-type-simple"},"jetpack_sharing_enabled":true,"_links":{"self":[{"href":"https:\/\/yebodaglass.com\/cs\/wp-json\/wp\/v2\/product\/24526","targetHints":{"allow":["GET"]}}],"collection":[{"href":"https:\/\/yebodaglass.com\/cs\/wp-json\/wp\/v2\/product"}],"about":[{"href":"https:\/\/yebodaglass.com\/cs\/wp-json\/wp\/v2\/types\/product"}],"version-history":[{"count":5,"href":"https:\/\/yebodaglass.com\/cs\/wp-json\/wp\/v2\/product\/24526\/revisions"}],"predecessor-version":[{"id":24542,"href":"https:\/\/yebodaglass.com\/cs\/wp-json\/wp\/v2\/product\/24526\/revisions\/24542"}],"wp:featuredmedia":[{"embeddable":true,"href":"https:\/\/yebodaglass.com\/cs\/wp-json\/wp\/v2\/media\/24540"}],"wp:attachment":[{"href":"https:\/\/yebodaglass.com\/cs\/wp-json\/wp\/v2\/media?parent=24526"}],"wp:term":[{"taxonomy":"product_brand","embeddable":true,"href":"https:\/\/yebodaglass.com\/cs\/wp-json\/wp\/v2\/product_brand?post=24526"},{"taxonomy":"product_cat","embeddable":true,"href":"https:\/\/yebodaglass.com\/cs\/wp-json\/wp\/v2\/product_cat?post=24526"},{"taxonomy":"product_tag","embeddable":true,"href":"https:\/\/yebodaglass.com\/cs\/wp-json\/wp\/v2\/product_tag?post=24526"}],"curies":[{"name":"wp","href":"https:\/\/api.w.org\/{rel}","templated":true}]}}