{"id":24517,"date":"2025-12-22T16:14:46","date_gmt":"2025-12-22T08:14:46","guid":{"rendered":"https:\/\/yebodaglass.com\/?post_type=product&#038;p=24517"},"modified":"2026-03-12T15:13:26","modified_gmt":"2026-03-12T07:13:26","slug":"high-borosilicate-glass-storage-jars-with-lids-bulk","status":"publish","type":"product","link":"https:\/\/yebodaglass.com\/cs\/high-borosilicate-glass-storage-jars-with-lids-bulk\/","title":{"rendered":"Sklenice z borosilik\u00e1tov\u00e9ho skla s v\u00ed\u010dky o objemu 550 ml \u2013 1950 ml, velkoobchod"},"content":{"rendered":"<p>Tyto sklen\u011bn\u00e9 d\u00f3zy s v\u00ed\u010dky maj\u00ed v\u00e1lcovit\u00fd tvar, jsou hladk\u00e9, pr\u016fhledn\u00e9 a maj\u00ed v\u00ed\u010dko z p\u0159\u00edrodn\u00edho bambusu se siln\u00fdmi st\u0159\u00edbrn\u00fdmi kovov\u00fdmi uz\u00e1v\u011bry. Jejich hrdlo je \u0161irok\u00e9, tak\u017ee se v nich pohodln\u011b skladuj\u00ed ob\u010derstven\u00ed, kuchy\u0148sk\u00e9 n\u00e1\u010din\u00ed i such\u00e9 potraviny.<\/p>\n<h2>Vlastnosti produktu<\/h2>\n<ul>\n<li><strong>Klasick\u00fd v\u00e1lcov\u00fd design:<\/strong> Ploch\u00e9 dno a rovn\u00e9 st\u011bny zaji\u0161\u0165uj\u00ed stabilitu, snadn\u00e9 \u010di\u0161t\u011bn\u00ed a efektivn\u00ed stohov\u00e1n\u00ed.<\/li>\n<li><strong>Pln\u011b otev\u0159en\u00e1 konstrukce s \u0161irok\u00fdmi \u00fasty:<\/strong> M\u00e1 \u0161irok\u00fd otvor, tak\u017ee se snadno pln\u00ed obsahem, nab\u00edr\u00e1 a \u010dist\u00ed.<\/li>\n<li><strong>T\u011bsn\u011bn\u00ed p\u0159\u00edrodn\u00edho d\u0159eva a kovu:<\/strong> Kovov\u00e9 desti\u010dky na d\u0159ev\u011bn\u00e9m v\u00edku by dodaly uzav\u0159enou n\u00e1dobu a produktu n\u00e1dech p\u0159irozenosti.<\/li>\n<\/ul>\n<h2>Kl\u00ed\u010dov\u00e9 specifikace<\/h2>\n<table style=\"border-collapse: collapse; width: 80%; margin-left: auto; margin-right: auto;\" border=\"0\" width=\"288\" cellspacing=\"0\" cellpadding=\"0\">\n<tbody>\n<tr style=\"height: 13.50pt;\">\n<td style=\"height: 13.5pt; width: 54pt; text-align: center;\" width=\"72\" height=\"18\">Kapacita (ml)<\/td>\n<td style=\"width: 54pt; text-align: center;\" width=\"72\">Velikost (cm)<\/td>\n<td style=\"width: 54pt; text-align: center;\" width=\"72\">Pr\u016fm\u011br \u00fast\u00ed<\/td>\n<td style=\"width: 54pt; text-align: center;\" width=\"72\">Materi\u00e1l<\/td>\n<\/tr>\n<tr style=\"height: 13.50pt;\">\n<td style=\"height: 13.5pt; text-align: center;\" align=\"right\" height=\"18\">550<\/td>\n<td style=\"text-align: center;\">10,0 \u00d7 10,0<\/td>\n<td class=\"et2\" style=\"text-align: center;\" rowspan=\"6\">100mm<\/td>\n<td class=\"et2\" style=\"text-align: center;\" rowspan=\"6\">Borosilik\u00e1t<\/td>\n<\/tr>\n<tr style=\"height: 13.50pt;\">\n<td style=\"height: 13.5pt; text-align: center;\" align=\"right\" height=\"18\">660<\/td>\n<td style=\"text-align: center;\">10,0 \u00d7 12,0<\/td>\n<\/tr>\n<tr style=\"height: 13.50pt;\">\n<td style=\"height: 13.5pt; text-align: center;\" align=\"right\" height=\"18\">900<\/td>\n<td style=\"text-align: center;\">10,0 \u00d7 15,0<\/td>\n<\/tr>\n<tr style=\"height: 13.50pt;\">\n<td style=\"height: 13.5pt; text-align: center;\" align=\"right\" height=\"18\">1250<\/td>\n<td style=\"text-align: center;\">10,0 \u00d7 20,0<\/td>\n<\/tr>\n<tr style=\"height: 13.50pt;\">\n<td style=\"height: 13.5pt; text-align: center;\" align=\"right\" height=\"18\">1500<\/td>\n<td style=\"text-align: center;\">10,0 \u00d7 23,0<\/td>\n<\/tr>\n<tr style=\"height: 13.50pt;\">\n<td style=\"height: 13.5pt; text-align: center;\" align=\"right\" height=\"18\">1950<\/td>\n<td style=\"text-align: center;\">10,0 \u00d7 28,0<\/td>\n<\/tr>\n<\/tbody>\n<\/table>\n<h2>P\u0159\u00edb\u011bh \u00fasp\u011bchu: Zak\u00e1zkov\u00e1 objedn\u00e1vka kalifornsk\u00e9 rozvozov\u00e9 spole\u010dnosti j\u00eddla<\/h2>\n<p>Na\u0161e sklenice s \u0161irok\u00fdm hrdlem a personalizovan\u00e9 bambusov\u00e9 v\u00ed\u010dka zakoupila kalifornsk\u00e1 spole\u010dnost zab\u00fdvaj\u00edc\u00ed se p\u0159\u00edmou don\u00e1\u0161kou potravin spot\u0159ebitel\u016fm. Jejich vylep\u0161en\u00e9 t\u011bsn\u011bn\u00ed prodlou\u017eilo trvanlivost su\u0161en\u00fdch obilovin a lu\u0161t\u011bnin o \u010dtvrtinu, a t\u00edm se sn\u00ed\u017eilo pl\u00fdtv\u00e1n\u00ed. T\u011blo vyroben\u00e9 z pr\u016fhledn\u00e9ho skla umo\u017enilo sledov\u00e1n\u00ed distribu\u010dn\u00edch center, co\u017e sn\u00ed\u017eilo chyby p\u0159i vychyst\u00e1v\u00e1n\u00ed o 15 procent. Na z\u00e1klad\u011b tohoto \u00fasp\u011bchu si ned\u00e1vno objednali dal\u0161\u00edch 500 000 sklenic, aby roz\u0161\u00ed\u0159ili sv\u00e9 podnik\u00e1n\u00ed v oblasti balen\u00ed such\u00e9ho zbo\u017e\u00ed.<\/p>\n<h2>Sklen\u011bn\u00e9 d\u00f3zy s v\u00ed\u010dky: n\u00e1pady na \u00fapravu<\/h2>\n<ul>\n<li>Materi\u00e1ly v\u00ed\u010dek na m\u00edru: Existuj\u00ed d\u0159ev\u011bn\u00e1 v\u00ed\u010dka, ale tak\u00e9 v\u00ed\u010dka z jin\u00fdch ekologick\u00fdch materi\u00e1l\u016f, jako je korek nebo recyklovan\u00fd plast, nebo dokonce keramika.<\/li>\n<li>Zna\u010dky pro m\u011b\u0159en\u00ed: Zna\u010dky (hrnky, gramy, unce) lze trvale p\u0159idat ra\u017een\u00edm nebo potiskem na bok sklenice, aby je bylo mo\u017en\u00e9 pou\u017e\u00edt jako recepty.<\/li>\n<li>\u010ctvercov\u00fd design sklenic: Navrhn\u011bte \u010dtvercov\u00e9 nebo obd\u00e9ln\u00edkov\u00e9 sklenice se \u0161irok\u00fdm hrdlem tak, aby maximalizovaly prostor v krabici a na polic\u00edch.<\/li>\n<\/ul>","protected":false},"excerpt":{"rendered":"<p>Odoln\u00e9 sklen\u011bn\u00e9 d\u00f3zy s v\u00ed\u010dky, d\u0159ev\u011bn\u00fdmi uz\u00e1v\u011bry a kovov\u00fdmi svorkami. Praktick\u00e9 d\u00f3zy s \u0161irok\u00fdm hrdlem, ide\u00e1ln\u00ed na obiloviny, sva\u010diny a such\u00e9 potraviny. Vzorky zdarma.<\/p>","protected":false},"featured_media":24525,"template":"","meta":[],"product_brand":[],"product_cat":[122,124,137],"product_tag":[],"class_list":{"0":"post-24517","1":"product","2":"type-product","3":"status-publish","4":"has-post-thumbnail","6":"product_cat-custom-glass-packaging","7":"product_cat-custom-glass-jars","8":"product_cat-glass-jars-with-lids","10":"first","11":"instock","12":"shipping-taxable","13":"product-type-simple"},"jetpack_sharing_enabled":true,"_links":{"self":[{"href":"https:\/\/yebodaglass.com\/cs\/wp-json\/wp\/v2\/product\/24517","targetHints":{"allow":["GET"]}}],"collection":[{"href":"https:\/\/yebodaglass.com\/cs\/wp-json\/wp\/v2\/product"}],"about":[{"href":"https:\/\/yebodaglass.com\/cs\/wp-json\/wp\/v2\/types\/product"}],"version-history":[{"count":5,"href":"https:\/\/yebodaglass.com\/cs\/wp-json\/wp\/v2\/product\/24517\/revisions"}],"predecessor-version":[{"id":25411,"href":"https:\/\/yebodaglass.com\/cs\/wp-json\/wp\/v2\/product\/24517\/revisions\/25411"}],"wp:featuredmedia":[{"embeddable":true,"href":"https:\/\/yebodaglass.com\/cs\/wp-json\/wp\/v2\/media\/24525"}],"wp:attachment":[{"href":"https:\/\/yebodaglass.com\/cs\/wp-json\/wp\/v2\/media?parent=24517"}],"wp:term":[{"taxonomy":"product_brand","embeddable":true,"href":"https:\/\/yebodaglass.com\/cs\/wp-json\/wp\/v2\/product_brand?post=24517"},{"taxonomy":"product_cat","embeddable":true,"href":"https:\/\/yebodaglass.com\/cs\/wp-json\/wp\/v2\/product_cat?post=24517"},{"taxonomy":"product_tag","embeddable":true,"href":"https:\/\/yebodaglass.com\/cs\/wp-json\/wp\/v2\/product_tag?post=24517"}],"curies":[{"name":"wp","href":"https:\/\/api.w.org\/{rel}","templated":true}]}}