{"id":24509,"date":"2025-12-22T11:32:32","date_gmt":"2025-12-22T03:32:32","guid":{"rendered":"https:\/\/yebodaglass.com\/?post_type=product&#038;p=24509"},"modified":"2026-04-13T15:43:41","modified_gmt":"2026-04-13T07:43:41","slug":"borosilicate-big-glass-jar-with-lid-for-storage-wholesale","status":"publish","type":"product","link":"https:\/\/yebodaglass.com\/cs\/borosilicate-big-glass-jar-with-lid-for-storage-wholesale\/","title":{"rendered":"1360ml 1800ml borosilik\u00e1tov\u00e1 sklen\u011bn\u00e1 n\u00e1doba s v\u00edkem pro velkoobchodn\u00ed skladov\u00e1n\u00ed"},"content":{"rendered":"<p>Sklen\u011bn\u00e1 n\u00e1doba s v\u00ed\u010dkem m\u00e1 v\u00e1lcovit\u00fd tvar a je vyrobena z ultra \u010dir\u00e9ho borosilik\u00e1tov\u00e9ho skla. T\u011blo v\u00fdrobku je bez viditeln\u00fdch spoj\u016f, kter\u00e9 je navr\u017eeno tak, aby d\u00edky v\u00ed\u010dku z p\u0159\u00edrodn\u00edho bambusu a t\u011bsnic\u00edmu krou\u017eku z potravin\u00e1\u0159sk\u00e9ho silikonu vytvo\u0159ilo naprostou vzduchot\u011bsnou bari\u00e9ru proti vlhkosti.<\/p>\n<h2>Vlastnosti produktu<\/h2>\n<ul>\n<li><strong>Materi\u00e1l borosilik\u00e1tov\u00e9ho skla:<\/strong> V\u00fdrobek je vyroben z borosilik\u00e1tov\u00e9ho skla potravin\u00e1\u0159sk\u00e9 kvality, kter\u00e9 poskytuje vysokou pr\u016fhlednost a chr\u00e1n\u00ed p\u0159ed extr\u00e9mn\u00edmi teplotn\u00edmi zm\u011bnami a z\u00e1rove\u0148 z\u016fst\u00e1v\u00e1 bezpe\u010dn\u00e9 a bez z\u00e1pachu.<\/li>\n<li><strong>Design t\u011bsnic\u00edho v\u00edka z p\u0159\u00edrodn\u00edho bambusu:<\/strong> Kombinace v\u00edka z p\u0159\u00edrodn\u00edho bambusu a t\u011bsnic\u00edho krou\u017eku z potravin\u00e1\u0159sk\u00e9ho silikonu vytv\u00e1\u0159\u00ed t\u011bsnic\u00ed syst\u00e9m, kter\u00fd poskytuje vynikaj\u00edc\u00ed t\u011bsnic\u00ed vlastnosti.<\/li>\n<li><strong>\u0160irok\u00e1 \u00fasta pro snadn\u00e9 \u010di\u0161t\u011bn\u00ed:<\/strong> \u0160irok\u00fd design \u00fast\u00ed umo\u017e\u0148uje u\u017eivatel\u016fm p\u0159\u00edstup k potravin\u00e1m a d\u016fkladn\u00e9 \u010di\u0161t\u011bn\u00ed, p\u0159i\u010dem\u017e spl\u0148uje r\u016fzn\u00e9 po\u017eadavky na skladov\u00e1n\u00ed v kuchyni.<\/li>\n<\/ul>\n<h2>Kl\u00ed\u010dov\u00e9 specifikace<\/h2>\n<table style=\"border-collapse: collapse; width: 80%; margin-left: auto; margin-right: auto;\" border=\"0\" width=\"360\" cellspacing=\"0\" cellpadding=\"0\">\n<tbody>\n<tr style=\"height: 13.50pt;\">\n<td style=\"height: 13.5pt; width: 54pt; text-align: center;\" width=\"72\" height=\"18\">Kapacita (ml)<\/td>\n<td style=\"width: 54pt; text-align: center;\" width=\"72\">Velikost (cm)<\/td>\n<td style=\"width: 54pt; text-align: center;\" width=\"72\">Pr\u016fm\u011br \u00fast\u00ed<\/td>\n<td style=\"width: 54pt; text-align: center;\" width=\"72\">Materi\u00e1l<\/td>\n<td style=\"width: 54pt; text-align: center;\" width=\"72\">Features<\/td>\n<\/tr>\n<tr style=\"height: 13.50pt;\">\n<td style=\"height: 13.5pt; text-align: center;\" height=\"18\">1360<\/td>\n<td style=\"text-align: center;\">12,0 \u00d7 15,0<\/td>\n<td class=\"et2\" style=\"text-align: center;\" rowspan=\"2\">120mm<\/td>\n<td class=\"et2\" style=\"text-align: center;\" rowspan=\"2\">Borosilik\u00e1tov\u00e9 sklo<\/td>\n<td class=\"et2\" style=\"text-align: center;\" rowspan=\"2\">V\u00edko s rovn\u00fdmi stranami, 120 mm<\/td>\n<\/tr>\n<tr style=\"height: 13.50pt;\">\n<td style=\"height: 13.5pt; text-align: center;\" height=\"18\">1800<\/td>\n<td style=\"text-align: center;\">12,0 \u00d7 20,0<\/td>\n<\/tr>\n<\/tbody>\n<\/table>\n<h2>P\u0159\u00edb\u011bh \u00fasp\u011bchu: Zak\u00e1zkov\u00e1 objedn\u00e1vka z \u0159et\u011bzce supermarket\u016f s nulov\u00fdm odpadem<\/h2>\n<p>Na\u0161e kuchy\u0148sk\u00e9 d\u00f3zy se staly vybran\u00fdm artiklem pro celost\u00e1tn\u00ed \u0159et\u011bzec supermarket\u016f, kter\u00fd po\u017eadoval personalizovan\u00e9 objemov\u00e9 ozna\u010den\u00ed na d\u00f3zy. Sklen\u011bn\u00e9 kuchy\u0148sk\u00e9 d\u00f3zy na m\u00edru si z\u00edskaly oblibu mezi z\u00e1kazn\u00edky, proto\u017ee jejich vzduchot\u011bsn\u00e9 uzav\u0159en\u00ed pom\u00e1h\u00e1 uchov\u00e1vat potraviny z \u00faschovy o 30 % d\u00e9le a objemov\u00e9 ozna\u010den\u00ed umo\u017e\u0148uje z\u00e1kazn\u00edk\u016fm sn\u00ed\u017eit n\u00e1kupn\u00ed mno\u017estv\u00ed o 15 %. Po p\u016fvodn\u00ed objedn\u00e1vce si objednali 580 000 sklenic, proto\u017ee cht\u011bli vytvo\u0159it novou \u0159adu p\u0159edbalen\u00fdch sad pro skladov\u00e1n\u00ed potravin.<\/p>\n<h2>Mo\u017enosti p\u0159izp\u016fsoben\u00ed kuchy\u0148sk\u00fdch d\u00f3z<\/h2>\n<ol>\n<li><strong>Materi\u00e1l v\u00edka a t\u011bsnic\u00ed konstrukce:<\/strong> Plochou sklenici s okrajem o pr\u016fm\u011bru 120 mm lze kombinovat s bambusov\u00fdmi, d\u0159ev\u011bn\u00fdmi nebo kompozitn\u00edmi t\u011bsnic\u00edmi v\u00ed\u010dky a tlou\u0161\u0165ku silikonov\u00e9ho t\u011bsnic\u00edho krou\u017eku lze zv\u011bt\u0161it pro lep\u0161\u00ed odolnost proti vlhkosti a zachov\u00e1n\u00ed \u010derstvosti.<\/li>\n<li><strong>P\u0159izp\u016fsoben\u00ed t\u011bla sklenice:\u00a0<\/strong>T\u011blo sklenice je s povrchovou \u00fapravou s\u00edtotisk, tisk, aplikace obtisk\u016f, rezervace oblasti \u0161t\u00edtku nebo matn\u00fd povrch, nosn\u00fd nosi\u010d pro spln\u011bn\u00ed po\u017eadavk\u016f na branding a poskytov\u00e1n\u00ed informac\u00ed.<\/li>\n<li><strong>Tlou\u0161\u0165ka skla a n\u00e1raz:<\/strong> Ztlu\u0161t\u011bn\u00e9 borosilik\u00e1tov\u00e9 sklo lze d\u00e1le upravit pro sc\u00e9n\u00e1\u0159e velmi \u010dast\u00e9 sm\u011bny zbo\u017e\u00ed v supermarketech, aby se sn\u00ed\u017eila m\u00edra rozbit\u00ed b\u011bhem p\u0159epravy a skladov\u00e1n\u00ed v reg\u00e1lech.<\/li>\n<\/ol>","protected":false},"excerpt":{"rendered":"<p>Elegantn\u00ed velk\u00e1 sklen\u011bn\u00e1 d\u00f3za s v\u00edkem a designem z p\u0159\u00edrodn\u00edho bambusu. Kuchy\u0148sk\u00e9 d\u00f3zy ide\u00e1ln\u00ed pro modern\u00ed \u00falo\u017en\u00e9 prostory. Mo\u017enost vlastn\u00edho brandingu. Vzorky zdarma.<\/p>","protected":false},"featured_media":24510,"template":"","meta":[],"product_brand":[],"product_cat":[137,124,122],"product_tag":[],"class_list":{"0":"post-24509","1":"product","2":"type-product","3":"status-publish","4":"has-post-thumbnail","6":"product_cat-glass-jars-with-lids","7":"product_cat-custom-glass-jars","8":"product_cat-custom-glass-packaging","10":"first","11":"instock","12":"shipping-taxable","13":"product-type-simple"},"jetpack_sharing_enabled":true,"_links":{"self":[{"href":"https:\/\/yebodaglass.com\/cs\/wp-json\/wp\/v2\/product\/24509","targetHints":{"allow":["GET"]}}],"collection":[{"href":"https:\/\/yebodaglass.com\/cs\/wp-json\/wp\/v2\/product"}],"about":[{"href":"https:\/\/yebodaglass.com\/cs\/wp-json\/wp\/v2\/types\/product"}],"version-history":[{"count":5,"href":"https:\/\/yebodaglass.com\/cs\/wp-json\/wp\/v2\/product\/24509\/revisions"}],"predecessor-version":[{"id":25766,"href":"https:\/\/yebodaglass.com\/cs\/wp-json\/wp\/v2\/product\/24509\/revisions\/25766"}],"wp:featuredmedia":[{"embeddable":true,"href":"https:\/\/yebodaglass.com\/cs\/wp-json\/wp\/v2\/media\/24510"}],"wp:attachment":[{"href":"https:\/\/yebodaglass.com\/cs\/wp-json\/wp\/v2\/media?parent=24509"}],"wp:term":[{"taxonomy":"product_brand","embeddable":true,"href":"https:\/\/yebodaglass.com\/cs\/wp-json\/wp\/v2\/product_brand?post=24509"},{"taxonomy":"product_cat","embeddable":true,"href":"https:\/\/yebodaglass.com\/cs\/wp-json\/wp\/v2\/product_cat?post=24509"},{"taxonomy":"product_tag","embeddable":true,"href":"https:\/\/yebodaglass.com\/cs\/wp-json\/wp\/v2\/product_tag?post=24509"}],"curies":[{"name":"wp","href":"https:\/\/api.w.org\/{rel}","templated":true}]}}