{"id":24500,"date":"2025-12-19T17:46:32","date_gmt":"2025-12-19T09:46:32","guid":{"rendered":"https:\/\/yebodaglass.com\/?post_type=product&#038;p=24500"},"modified":"2025-12-22T10:08:45","modified_gmt":"2025-12-22T02:08:45","slug":"glass-jars-with-airtight-lids-for-storage-wholesale","status":"publish","type":"product","link":"https:\/\/yebodaglass.com\/cs\/glass-jars-with-airtight-lids-for-storage-wholesale\/","title":{"rendered":"Sklen\u011bn\u00e9 n\u00e1doby o objemu 335 ml, 580 ml a 800 ml s vzduchot\u011bsn\u00fdmi v\u00edky pro skladov\u00e1n\u00ed - velkoobchod"},"content":{"rendered":"<p data-start=\"66\" data-end=\"288\">Tyto pevn\u00e9 a trvanliv\u00e9 sklen\u011bn\u00e9 d\u00f3zy s vzduchot\u011bsn\u00fdmi v\u00ed\u010dky jsou vyrobeny z vysoce kvalitn\u00edho borosilik\u00e1tov\u00e9ho skla, tak\u017ee jsou velmi \u010dir\u00e9 a maj\u00ed dlouhou \u017eivotnost. Tmav\u00e9 ploch\u00e9 v\u00ed\u010dko s d\u0159ev\u011bn\u00fdm vzorem nejen dob\u0159e vypad\u00e1, ale tak\u00e9 poskytuje pevn\u00e9 ut\u011bsn\u011bn\u00ed a lze jej zakoupit ve t\u0159ech r\u016fzn\u00fdch velikostech.<\/p>\n<h2>Vlastnosti produktu<\/h2>\n<ul>\n<li><strong>Robustn\u00ed v\u00e1lcov\u00fd design:<\/strong> T\u011blo n\u00e1doby je siln\u00e9 a stabiln\u00ed, tak\u017ee se jen obt\u00ed\u017en\u011b p\u0159evr\u00e1t\u00ed, a z\u00e1rove\u0148 je dostate\u010dn\u011b odoln\u00e9 pro ka\u017edodenn\u00ed pou\u017e\u00edv\u00e1n\u00ed.<\/li>\n<li><strong>Vysoce kvalitn\u00ed t\u011bsn\u011bn\u00ed:<\/strong> D\u0159ev\u011bn\u00e9 v\u00edko s kresbou, vyroben\u00e9 speci\u00e1ln\u00ed metodou, pevn\u011b ut\u011bsn\u00ed n\u00e1dobu a potraviny tak z\u016fstanou dlouho \u010derstv\u00e9.<\/li>\n<li><strong>Borosilik\u00e1tov\u00e9 sklo t\u0159\u00eddy:<\/strong> Spolu s vynikaj\u00edc\u00ed odolnost\u00ed v\u016f\u010di tepeln\u00fdm \u0161ok\u016fm je sklo tak\u00e9 velmi \u010dir\u00e9, tak\u017ee obsah je viditeln\u00fd po dlouhou dobu.<\/li>\n<\/ul>\n<h2 style=\"text-align: left;\">Kl\u00ed\u010dov\u00e9 specifikace<\/h2>\n<table class=\"aligncenter\" style=\"border-collapse: collapse; width: 424.52pt;\" border=\"0\" width=\"566\" cellspacing=\"0\" cellpadding=\"0\">\n<tbody>\n<tr style=\"height: 13.50pt;\">\n<td style=\"height: 13.50pt; width: 107.25pt;\" width=\"143\" height=\"18\">Specifikace<\/td>\n<td style=\"width: 317.25pt;\" width=\"423\">Podrobnosti<\/td>\n<\/tr>\n<tr style=\"height: 13.50pt;\">\n<td style=\"height: 13.50pt;\" height=\"18\">Kapacita<\/td>\n<td>335 ml \/ 580 ml \/ 800 ml<\/td>\n<\/tr>\n<tr style=\"height: 13.50pt;\">\n<td style=\"height: 13.50pt;\" height=\"18\">Rozm\u011bry<\/td>\n<td>8\u00d710cm \/ 8\u00d715cm \/ 8\u00d720cm<\/td>\n<\/tr>\n<tr style=\"height: 13.50pt;\">\n<td style=\"height: 13.50pt;\" height=\"18\">Materi\u00e1l<\/td>\n<td>Vysoce borosilik\u00e1tov\u00e9 sklo<\/td>\n<\/tr>\n<tr style=\"height: 13.50pt;\">\n<td style=\"height: 13.50pt;\" height=\"18\">Typ v\u00edka<\/td>\n<td>Ploch\u00e9 v\u00edko s tmavou d\u0159ev\u011bnou strukturou (vzduchot\u011bsn\u00e9)<\/td>\n<\/tr>\n<tr style=\"height: 13.50pt;\">\n<td style=\"height: 13.50pt;\" height=\"18\">Pr\u016fm\u011br v\u00edka<\/td>\n<td>80 mm (jednotn\u00e9 pro v\u0161echny velikosti)<\/td>\n<\/tr>\n<tr style=\"height: 13.50pt;\">\n<td style=\"height: 13.50pt;\" height=\"18\">Materi\u00e1ln\u00ed vlastnosti<\/td>\n<td>Vysok\u00e1 tepeln\u00e1 a chemick\u00e1 odolnost, vynikaj\u00edc\u00ed \u010distota<\/td>\n<\/tr>\n<tr style=\"height: 13.50pt;\">\n<td style=\"height: 13.50pt;\" height=\"18\">Ide\u00e1ln\u00ed pro<\/td>\n<td>Sklen\u011bn\u00e9 d\u00f3zy s vzduchot\u011bsn\u00fdmi v\u00ed\u010dky, Velkoobchod sklen\u011bn\u00fdch d\u00f3z<\/td>\n<\/tr>\n<\/tbody>\n<\/table>\n<h2>P\u0159\u00edb\u011bh \u00fasp\u011bchu: \u0158e\u0161en\u00ed dodavatelsk\u00e9ho \u0159et\u011bzce pro pra\u017e\u00edrnu k\u00e1vy<\/h2>\n<p>St\u0159edn\u011b velk\u00e1 pra\u017e\u00edrna k\u00e1vy balila sv\u016fj nejlep\u0161\u00ed a nejprod\u00e1van\u011bj\u0161\u00ed produkt do na\u0161ich 580ml sklen\u011bn\u00fdch d\u00f3z s vzduchot\u011bsn\u00fdmi v\u00ed\u010dky. D\u00edky pou\u017eit\u00ed odoln\u00fdch borosilik\u00e1tov\u00fdch sklen\u011bn\u00fdch d\u00f3z se u t\u00e9to pra\u017e\u00edrny s kazetov\u00fdm proveden\u00edm sn\u00ed\u017eil v\u00fdskyt rozbit\u00ed b\u011bhem p\u0159epravy a skladov\u00e1n\u00ed o 85 %. Vzduchot\u011bsn\u00e9 d\u0159ev\u011bn\u00e9 v\u00edko s vl\u00e1knit\u00fdm povrchem velmi \u00fa\u010dinn\u011b udr\u017eovalo k\u00e1vov\u00e1 zrna \u010derstv\u00e1 a kav\u00e1rny (z\u00e1kazn\u00edci) hl\u00e1sily prodlou\u017een\u00ed optim\u00e1ln\u00ed doby va\u0159en\u00ed o 30 %. Pot\u00e9, co kav\u00e1rny zaznamenaly provozn\u00ed a finan\u010dn\u00ed v\u00fdhody, objednaly dal\u0161\u00edch 250 000 d\u00f3z, aby si usnadnily roz\u0161\u00ed\u0159en\u00ed v\u00fdroby.<\/p>\n<h2>Mo\u017enosti p\u0159izp\u016fsoben\u00ed velkoobchodn\u00edch sklenic<\/h2>\n<ul>\n<li>V\u00edka z masivn\u00edho d\u0159eva, P\u0159ejd\u011bte na pevn\u00e1, potravin\u00e1\u0159sky bezpe\u010dn\u00e1 v\u00edka z masivn\u00edho d\u0159eva s povrchovou \u00fapravou, jako je o\u0159ech nebo ak\u00e1cie, dle va\u0161eho v\u00fdb\u011bru.<\/li>\n<li>Branding v\u00edka, Va\u0161e logo ra\u017een\u00e9 nebo laserov\u011b grav\u00edrovan\u00e9 na d\u0159evo.<\/li>\n<li>\u00dadaj o objemu, Objem sklenice (nap\u0159. \u201e580 ml\u201c) je vyzna\u010den vyra\u017een\u00fdm znakem na dn\u011b sklenice.<\/li>\n<li>Lep\u0161\u00ed ut\u011bsn\u011bn\u00ed s \u0161ir\u0161\u00edm nebo barevn\u00fdm silikonov\u00fdm t\u011bsn\u011bn\u00edm potravin\u00e1\u0159sk\u00e9 kvality. \u0160ir\u0161\u00ed nebo barevn\u00e9 silikonov\u00e9 t\u011bsn\u011bn\u00ed potravin\u00e1\u0159sk\u00e9 kvality pom\u00e1h\u00e1 dos\u00e1hnout lep\u0161\u00edho ut\u011bsn\u011bn\u00ed.<\/li>\n<\/ul>","protected":false},"excerpt":{"rendered":"<p>Elegantn\u00ed sklen\u011bn\u00e9 d\u00f3zy s vzduchot\u011bsn\u00fdmi v\u00ed\u010dky pro velkoodb\u011bratele sklen\u011bn\u00fdch d\u00f3z, s tlust\u00fdm sklen\u011bn\u00fdm t\u011blem a v\u00ed\u010dky z p\u0159\u00edrodn\u00edho d\u0159eva. Mo\u017enost mno\u017estevn\u00edch slev.<\/p>","protected":false},"featured_media":24504,"template":"","meta":[],"product_brand":[],"product_cat":[122,124,137],"product_tag":[],"class_list":{"0":"post-24500","1":"product","2":"type-product","3":"status-publish","4":"has-post-thumbnail","6":"product_cat-custom-glass-packaging","7":"product_cat-custom-glass-jars","8":"product_cat-glass-jars-with-lids","10":"first","11":"instock","12":"shipping-taxable","13":"product-type-simple"},"jetpack_sharing_enabled":true,"_links":{"self":[{"href":"https:\/\/yebodaglass.com\/cs\/wp-json\/wp\/v2\/product\/24500","targetHints":{"allow":["GET"]}}],"collection":[{"href":"https:\/\/yebodaglass.com\/cs\/wp-json\/wp\/v2\/product"}],"about":[{"href":"https:\/\/yebodaglass.com\/cs\/wp-json\/wp\/v2\/types\/product"}],"version-history":[{"count":4,"href":"https:\/\/yebodaglass.com\/cs\/wp-json\/wp\/v2\/product\/24500\/revisions"}],"predecessor-version":[{"id":24508,"href":"https:\/\/yebodaglass.com\/cs\/wp-json\/wp\/v2\/product\/24500\/revisions\/24508"}],"wp:featuredmedia":[{"embeddable":true,"href":"https:\/\/yebodaglass.com\/cs\/wp-json\/wp\/v2\/media\/24504"}],"wp:attachment":[{"href":"https:\/\/yebodaglass.com\/cs\/wp-json\/wp\/v2\/media?parent=24500"}],"wp:term":[{"taxonomy":"product_brand","embeddable":true,"href":"https:\/\/yebodaglass.com\/cs\/wp-json\/wp\/v2\/product_brand?post=24500"},{"taxonomy":"product_cat","embeddable":true,"href":"https:\/\/yebodaglass.com\/cs\/wp-json\/wp\/v2\/product_cat?post=24500"},{"taxonomy":"product_tag","embeddable":true,"href":"https:\/\/yebodaglass.com\/cs\/wp-json\/wp\/v2\/product_tag?post=24500"}],"curies":[{"name":"wp","href":"https:\/\/api.w.org\/{rel}","templated":true}]}}