{"id":24486,"date":"2025-12-19T16:52:38","date_gmt":"2025-12-19T08:52:38","guid":{"rendered":"https:\/\/yebodaglass.com\/?post_type=product&#038;p=24486"},"modified":"2026-04-10T10:09:38","modified_gmt":"2026-04-10T02:09:38","slug":"straight-sided-round-borosilicate-huge-glass-jars-bulk","status":"publish","type":"product","link":"https:\/\/yebodaglass.com\/cs\/straight-sided-round-borosilicate-huge-glass-jars-bulk\/","title":{"rendered":"3200ml 4800ml kulat\u00e9 borosilik\u00e1tov\u00e9 sklenice s rovn\u00fdmi stranami, velk\u00e9 objemov\u00e9"},"content":{"rendered":"<p>U\u017e v\u00e1s nebav\u00ed mal\u00e9 sklenice, kv\u016fli kter\u00fdm se v\u00e1m j\u00eddlo rozl\u00e9v\u00e1 po cel\u00e9 kuchyni? Vytv\u00e1\u0159\u00edme obrovsk\u00e9 sklen\u011bn\u00e9 d\u00f3zy \u2013 jen pro zna\u010dky, kter\u00e9 opravdu pot\u0159ebuj\u00ed skladov\u00e1n\u00ed. Tyto velkoobchodn\u00ed nab\u00eddky d\u00f3z prom\u011bn\u00ed denn\u00ed z\u00e1soby v pr\u00e9miov\u00fd moment zna\u010dky. V p\u0159\u00edpad\u011b hromadn\u00fdch objedn\u00e1vek se barvy p\u0159izp\u016fsob\u00ed va\u0161\u00ed zna\u010dce.<\/p>\n<h2>Vlastnosti produktu<\/h2>\n<p><strong>Rovn\u00fd design:\u00a0<\/strong>S objemem 4800 ml se do n\u00e1doby vejde pr\u00e1\u0161ek, zrna, cere\u00e1lie, k\u00e1vov\u00e1 zrna, marihuana, ko\u0159en\u00ed atd. \u2013 tak\u017ee u\u017e \u017e\u00e1dn\u00e9 pl\u00fdtv\u00e1n\u00ed produkty v mal\u00fdch n\u00e1dob\u00e1ch.<\/p>\n<p><strong>Tepeln\u011b odoln\u00e9 borosilik\u00e1tov\u00e9 sklo:\u00a0<\/strong>Tyto obrovsk\u00e9 sklen\u011bn\u00e9 n\u00e1doby lze pou\u017e\u00edt pro skladov\u00e1n\u00ed tepl\u00fdch, studen\u00fdch i mrazic\u00edch potravin \u2013 ani\u017e by do\u0161lo k tepeln\u00e9mu \u0161oku, a lze je tak\u00e9 pou\u017e\u00edt jako v\u00e1zy, sv\u00edcny proti hurik\u00e1nu...<\/p>\n<p><strong>V\u00edko \u0161irok\u00e9 150 mm pro snadn\u00fd p\u0159\u00edstup:\u00a0<\/strong>S pomoc\u00ed sklen\u011bn\u00e9 odm\u011brky m\u016f\u017eete bez probl\u00e9m\u016f nab\u00edrat pr\u00e1\u0161ek nebo jak\u00e9koli such\u00e9 potraviny \u2013 je nepropustn\u00e1 a snadno se dr\u017e\u00ed.<\/p>\n<h2>Kl\u00ed\u010dov\u00e9 specifikace<\/h2>\n<table style=\"border-collapse: collapse; width: 80%; margin-left: auto; margin-right: auto;\" border=\"0\" width=\"360\" cellspacing=\"0\" cellpadding=\"0\">\n<tbody>\n<tr style=\"height: 13.50pt;\">\n<td style=\"height: 13.5pt; width: 54pt; text-align: center;\" width=\"72\" height=\"18\">Kapacita (ml)<\/td>\n<td style=\"width: 54pt; text-align: center;\" width=\"72\">Velikost (cm)<\/td>\n<td style=\"width: 54pt; text-align: center;\" width=\"72\">Pr\u016fm\u011br \u00fast\u00ed<\/td>\n<td style=\"width: 54pt; text-align: center;\" width=\"72\">Materi\u00e1l<\/td>\n<td style=\"width: 54pt; text-align: center;\" width=\"72\">Tvar<\/td>\n<\/tr>\n<tr style=\"height: 13.50pt;\">\n<td style=\"height: 13.5pt; text-align: center;\" align=\"right\" height=\"18\">3200<\/td>\n<td style=\"text-align: center;\">15,0 \u00d7 20,0<\/td>\n<td class=\"et2\" style=\"text-align: center;\" rowspan=\"2\">150mm<\/td>\n<td class=\"et2\" style=\"text-align: center;\" rowspan=\"2\">Borosilik\u00e1t<\/td>\n<td class=\"et2\" style=\"text-align: center;\" rowspan=\"2\">Rovn\u00e9 kulat\u00e9<\/td>\n<\/tr>\n<tr style=\"height: 13.50pt;\">\n<td style=\"height: 13.5pt; text-align: center;\" align=\"right\" height=\"18\">4800<\/td>\n<td style=\"text-align: center;\">15,0 \u00d7 30,0<\/td>\n<\/tr>\n<\/tbody>\n<\/table>\n<h2>P\u0159\u00edpad \u00fasp\u011bchu<\/h2>\n<p>Pot\u00e9, co kanadsk\u00fd maloobchodn\u00ed \u0159et\u011bzec, kter\u00fd prod\u00e1v\u00e1 velk\u00e9 mno\u017estv\u00ed su\u0161en\u00e9ho zbo\u017e\u00ed a \u010daje, p\u0159e\u0161el na tyto rovn\u00e9, ploch\u00e9 skladovac\u00ed n\u00e1doby z borosilik\u00e1tov\u00e9ho skla s bambusov\u00fdmi v\u00edky a ploch\u00fdmi st\u011bnami, p\u0159e\u0161el z plastov\u00fdch n\u00e1dob na sklen\u011bn\u00e9 displeje. Vylep\u0161en\u00e9 displeje se staly vizu\u00e1ln\u011b velmi atraktivn\u00edmi d\u00edky lep\u0161\u00edmu osv\u011btlen\u00ed produkt\u016f, kter\u00e9 bylo d\u00e1no vysokou pr\u016fhlednost\u00ed sklen\u011bn\u00fdch n\u00e1dob, jejich velk\u00e9mu pr\u016fm\u011bru 150 mm pro rychl\u00e9 dopl\u0148ov\u00e1n\u00ed z\u00e1sob a stabiln\u00edmu t\u011bsn\u011bn\u00ed. V d\u016fsledku toho se zv\u00fd\u0161ila i vn\u00edman\u00e1 kvalita produkt\u016f.<\/p>\n<p>B\u011bhem prvn\u00edch t\u0159\u00ed m\u011bs\u00edc\u016f implementace na stran\u011b klienta zaznamenal klient ro\u010dn\u00ed n\u00e1r\u016fst maloobchodn\u00edch tr\u017eeb podobn\u00fdch hromadn\u00fdch produkt\u016f o p\u0159ibli\u017en\u011b 28 %, p\u0159i\u010dem\u017e nejv\u00fdznamn\u011bj\u0161\u00ed r\u016fst byl zaznamen\u00e1n v kategorii luxusn\u00edch \u010daj\u016f.<\/p>\n<h2>V\u00e1\u0161 n\u00e1vod na \u00fapravy<\/h2>\n<ol>\n<li>Kryt si m\u016f\u017eete vybrat z bambusov\u00fdch, d\u0159ev\u011bn\u00fdch nebo kompozitn\u00edch t\u011bsnic\u00edch v\u00ed\u010dek, na horn\u00ed stran\u011b v\u00edka je laserem grav\u00edrovan\u00e9 logo.<\/li>\n<li>Aplikac\u00ed odstup\u0148ov\u00e1n\u00ed, s\u00edtotisku nebo hork\u00e9 ra\u017eby log zna\u010dek na t\u011blo plechovky lze zlep\u0161it rozpozn\u00e1n\u00ed zna\u010dky pro velkoobchodn\u00ed z\u00e1kazn\u00edky.<\/li>\n<\/ol>","protected":false},"excerpt":{"rendered":"<p>Obrovsk\u00e9 sklen\u011bn\u00e9 d\u00f3zy na skladov\u00e1n\u00ed potravin, vyroben\u00e9 profesion\u00e1ln\u00edm v\u00fdrobcem sklenic. Velkoobchodn\u00ed dod\u00e1vky d\u00f3z p\u0159\u00edmo od v\u00fdrobce s nab\u00eddkou velikost\u00ed, v\u00ed\u010dek a velkoobchodn\u00edch cen.<\/p>","protected":false},"featured_media":24487,"template":"","meta":[],"product_brand":[],"product_cat":[137,124,122],"product_tag":[],"class_list":{"0":"post-24486","1":"product","2":"type-product","3":"status-publish","4":"has-post-thumbnail","6":"product_cat-glass-jars-with-lids","7":"product_cat-custom-glass-jars","8":"product_cat-custom-glass-packaging","10":"first","11":"instock","12":"shipping-taxable","13":"product-type-simple"},"jetpack_sharing_enabled":true,"_links":{"self":[{"href":"https:\/\/yebodaglass.com\/cs\/wp-json\/wp\/v2\/product\/24486","targetHints":{"allow":["GET"]}}],"collection":[{"href":"https:\/\/yebodaglass.com\/cs\/wp-json\/wp\/v2\/product"}],"about":[{"href":"https:\/\/yebodaglass.com\/cs\/wp-json\/wp\/v2\/types\/product"}],"version-history":[{"count":5,"href":"https:\/\/yebodaglass.com\/cs\/wp-json\/wp\/v2\/product\/24486\/revisions"}],"predecessor-version":[{"id":25713,"href":"https:\/\/yebodaglass.com\/cs\/wp-json\/wp\/v2\/product\/24486\/revisions\/25713"}],"wp:featuredmedia":[{"embeddable":true,"href":"https:\/\/yebodaglass.com\/cs\/wp-json\/wp\/v2\/media\/24487"}],"wp:attachment":[{"href":"https:\/\/yebodaglass.com\/cs\/wp-json\/wp\/v2\/media?parent=24486"}],"wp:term":[{"taxonomy":"product_brand","embeddable":true,"href":"https:\/\/yebodaglass.com\/cs\/wp-json\/wp\/v2\/product_brand?post=24486"},{"taxonomy":"product_cat","embeddable":true,"href":"https:\/\/yebodaglass.com\/cs\/wp-json\/wp\/v2\/product_cat?post=24486"},{"taxonomy":"product_tag","embeddable":true,"href":"https:\/\/yebodaglass.com\/cs\/wp-json\/wp\/v2\/product_tag?post=24486"}],"curies":[{"name":"wp","href":"https:\/\/api.w.org\/{rel}","templated":true}]}}