{"id":24485,"date":"2025-12-19T15:29:18","date_gmt":"2025-12-19T07:29:18","guid":{"rendered":"https:\/\/yebodaglass.com\/?post_type=product&#038;p=24485"},"modified":"2025-12-19T16:44:27","modified_gmt":"2025-12-19T08:44:27","slug":"clear-small-glass-jars-with-lids-bulk","status":"publish","type":"product","link":"https:\/\/yebodaglass.com\/cs\/clear-small-glass-jars-with-lids-bulk\/","title":{"rendered":"120ml 210ml 260ml Pr\u016fhledn\u00e9 mal\u00e9 sklen\u011bn\u00e9 d\u00f3zy s v\u00ed\u010dky, voln\u011b lo\u017een\u00e9"},"content":{"rendered":"<p data-start=\"66\" data-end=\"288\">Stylov\u00e9 a z\u00e1rove\u0148 spolehliv\u00e9, tyto mal\u00e9 sklen\u011bn\u00e9 d\u00f3zy jsou vyrobeny z borosilik\u00e1tov\u00e9ho skla. V\u00ed\u010dka maj\u00ed atraktivn\u00ed povrchovou \u00fapravu s tmav\u00fdm d\u0159ev\u011bn\u00fdm vzorem a jsou k dispozici v r\u016fzn\u00fdch velikostech, od velmi mal\u00fdch a\u017e po o n\u011bco v\u011bt\u0161\u00ed. Zcela pr\u016fhledn\u00e9 sklen\u011bn\u00e9 t\u011blo d\u00f3zy v\u00e1m umo\u017en\u00ed snadno vid\u011bt drobnosti uvnit\u0159 (nap\u0159\u00edklad ko\u0159en\u00ed, \u0161pendl\u00edky nebo sva\u010diny).<\/p>\n<h2>Vlastnosti produktu<\/h2>\n<ul>\n<li><strong>V\u00e1lcov\u00fd design:<\/strong> Sklenice maj\u00ed zaoblen\u00e9 dno, d\u00edky \u010demu\u017e jsou velmi stabiln\u00ed a nespadnou z p\u0159epln\u011bn\u00e9 linky nebo polic.<\/li>\n<li><strong>V\u00fdhody borosilik\u00e1tov\u00e9ho skla:<\/strong> Sklenice vyroben\u00e9 z vysoce borosilik\u00e1tov\u00e9ho skla jsou odoln\u00e9 v\u016f\u010di n\u00e1hl\u00fdm zm\u011bn\u00e1m teploty, tak\u017ee je lze pou\u017e\u00edt k uchov\u00e1v\u00e1n\u00ed tepl\u00fdch i studen\u00fdch potravin a lze je bezpe\u010dn\u011b uchov\u00e1vat po dlouhou dobu.<\/li>\n<li><strong>Design v\u00edka se \u0161rouby z tmav\u00e9ho d\u0159eva:<\/strong> \u0160roubovac\u00ed v\u00ed\u010dko s p\u011bkn\u011b zrnit\u00fdm d\u0159ev\u011bn\u00fdm povrchem nejen\u017ee dod\u00e1v\u00e1 sklenici dobr\u00fd vzhled, ale je tak\u00e9 nejlep\u0161\u00edm a nejjednodu\u0161\u0161\u00edm zp\u016fsobem, jak udr\u017eet potraviny ulo\u017een\u00e9 ve sklenici such\u00e9, \u010derstv\u00e9 a chutn\u00e9.<\/li>\n<\/ul>\n<h2 style=\"text-align: left;\">Kl\u00ed\u010dov\u00e9 specifikace<\/h2>\n<table class=\"aligncenter\" style=\"border-collapse: collapse; width: 486.02pt;\" border=\"0\" width=\"648\" cellspacing=\"0\" cellpadding=\"0\">\n<tbody>\n<tr style=\"height: 13.50pt;\">\n<td style=\"height: 13.50pt; width: 117.00pt;\" width=\"156\" height=\"18\">Specifikace<\/td>\n<td style=\"width: 369.00pt;\" width=\"492\">Podrobnosti<\/td>\n<\/tr>\n<tr style=\"height: 13.50pt;\">\n<td style=\"height: 13.50pt;\" height=\"18\">Kapacita<\/td>\n<td>120 ml \/ 210 ml \/ 260 ml<\/td>\n<\/tr>\n<tr style=\"height: 13.50pt;\">\n<td style=\"height: 13.50pt;\" height=\"18\">Rozm\u011bry<\/td>\n<td>6,5\u00d75,5 cm \/ 9\u00d78 cm \/ 9\u00d710,2 cm<\/td>\n<\/tr>\n<tr style=\"height: 13.50pt;\">\n<td style=\"height: 13.50pt;\" height=\"18\">Materi\u00e1l<\/td>\n<td>Vysoce borosilik\u00e1tov\u00e9 sklo<\/td>\n<\/tr>\n<tr style=\"height: 13.50pt;\">\n<td style=\"height: 13.50pt;\" height=\"18\">Tvar sklenice<\/td>\n<td>N\u00edzkoprofilov\u00fd v\u00e1lec<\/td>\n<\/tr>\n<tr style=\"height: 13.50pt;\">\n<td style=\"height: 13.50pt;\" height=\"18\">Typ v\u00edka<\/td>\n<td>Ploch\u00e9 v\u00edko s tmavou d\u0159ev\u011bnou imitac\u00ed<\/td>\n<\/tr>\n<tr style=\"height: 13.50pt;\">\n<td style=\"height: 13.50pt;\" height=\"18\">Pr\u016fm\u011br v\u00edka<\/td>\n<td>65 mm (jednotn\u00e9 pro v\u0161echny velikosti)<\/td>\n<\/tr>\n<tr style=\"height: 13.50pt;\">\n<td style=\"height: 13.50pt;\" height=\"18\">Materi\u00e1ln\u00ed vlastnosti<\/td>\n<td>Tepeln\u011b a chemicky odoln\u00e9, vysok\u00e1 \u010distota, odoln\u00e9 proti po\u0161kr\u00e1b\u00e1n\u00ed<\/td>\n<\/tr>\n<tr style=\"height: 13.50pt;\">\n<td style=\"height: 13.50pt;\" height=\"18\">Ide\u00e1ln\u00ed pro<\/td>\n<td>Mal\u00e9 sklen\u011bn\u00e9 d\u00f3zy s v\u00ed\u010dky, v\u00e1lcov\u00e9 sklen\u011bn\u00e9 d\u00f3zy<\/td>\n<\/tr>\n<\/tbody>\n<\/table>\n<h2>P\u0159\u00edpadov\u00e1 studie z re\u00e1ln\u00e9ho sv\u011bta: Jak kvalita vede k opakovan\u00fdm z\u00e1kazn\u00edk\u016fm<\/h2>\n<p>Specializovan\u00e1 pra\u017e\u00edrna k\u00e1vy v Severn\u00ed Americe si vybrala na\u0161e mal\u00e9 sklen\u011bn\u00e9 d\u00f3zy s v\u00ed\u010dky o objemu 210 ml. D\u00edky robustn\u00edmu t\u011blu a siln\u00e9mu sklu se po\u010det p\u0159\u00edpad\u016f rozbit\u00ed b\u011bhem p\u0159epravy sn\u00ed\u017eil o 70 %. Mal\u00fd a \u00fahledn\u00fd design jim pomohl vyrobit atraktivn\u00ed a prostorov\u011b \u00fasporn\u00e9 d\u00e1rkov\u00e9 sady, kter\u00e9 jsou nyn\u00ed schopny prod\u00e1vat za o 40 % vy\u0161\u0161\u00ed cenu ne\u017e u sv\u00fdch star\u0161\u00edch produkt\u016f. Krom\u011b toho, \u017ee byli s funk\u010dnost\u00ed produkt\u016f a zp\u011btnou vazbou od z\u00e1kazn\u00edk\u016f naprosto spokojeni, objednali si n\u00e1sledn\u011b 300 000 sklen\u011bn\u00fdch d\u00f3z pro balen\u00ed sv\u00e9 nov\u00e9 \u0159ady p\u0159edplatn\u00fdch produkt\u016f.<\/p>\n<h2>Personalizujte si mal\u00e9 sklen\u011bn\u00e9 d\u00f3zy v\u00ed\u010dky<\/h2>\n<ul>\n<li>V\u00edka z masivn\u00edho d\u0159eva \u2013 Pro luxusn\u00ed vzhled pou\u017eijte v\u00edka z masivn\u00edho d\u0159eva, kter\u00e1 mohou b\u00fdt vyrobena z o\u0159echu, ebenu nebo bambusu.<\/li>\n<li>Grav\u00edrov\u00e1n\u00ed v\u00edka \u2013 Pomoc\u00ed laseru vygrav\u00edrujte atraktivn\u00ed logo nebo dekorativn\u00ed vzor na d\u0159ev\u011bn\u00fd povrch v\u00edka.<\/li>\n<li>S\u00edtotiskov\u00e9 ozna\u010den\u00ed objemu \u2013 Um\u00edst\u011bte na sklenici mal\u00e9 a stylov\u00e9 ozna\u010den\u00ed objemu.<\/li>\n<li>Silikonov\u00fd t\u011bsnic\u00ed krou\u017eek \u2013 Pro lep\u0161\u00ed ut\u011bsn\u011bn\u00ed nasa\u010fte na v\u00edko silikonov\u00fd t\u011bsnic\u00ed krou\u017eek vhodn\u00fd pro potravin\u00e1\u0159stv\u00ed.<\/li>\n<\/ul>","protected":false},"excerpt":{"rendered":"<p>Objevte mal\u00e9 sklen\u011bn\u00e9 d\u00f3zy s v\u00ed\u010dky kulat\u00e9ho tvaru a ploch\u00fdmi vr\u0161ky z tmav\u00e9ho d\u0159eva. K\u0159i\u0161\u0165\u00e1lov\u011b \u010dist\u00e9 borosilik\u00e1tov\u00e9 sklo, rychl\u00e9 dod\u00e1n\u00ed.<\/p>","protected":false},"featured_media":24490,"template":"","meta":[],"product_brand":[],"product_cat":[122,124,137],"product_tag":[],"class_list":{"0":"post-24485","1":"product","2":"type-product","3":"status-publish","4":"has-post-thumbnail","6":"product_cat-custom-glass-packaging","7":"product_cat-custom-glass-jars","8":"product_cat-glass-jars-with-lids","10":"first","11":"instock","12":"shipping-taxable","13":"product-type-simple"},"jetpack_sharing_enabled":true,"_links":{"self":[{"href":"https:\/\/yebodaglass.com\/cs\/wp-json\/wp\/v2\/product\/24485","targetHints":{"allow":["GET"]}}],"collection":[{"href":"https:\/\/yebodaglass.com\/cs\/wp-json\/wp\/v2\/product"}],"about":[{"href":"https:\/\/yebodaglass.com\/cs\/wp-json\/wp\/v2\/types\/product"}],"version-history":[{"count":2,"href":"https:\/\/yebodaglass.com\/cs\/wp-json\/wp\/v2\/product\/24485\/revisions"}],"predecessor-version":[{"id":24492,"href":"https:\/\/yebodaglass.com\/cs\/wp-json\/wp\/v2\/product\/24485\/revisions\/24492"}],"wp:featuredmedia":[{"embeddable":true,"href":"https:\/\/yebodaglass.com\/cs\/wp-json\/wp\/v2\/media\/24490"}],"wp:attachment":[{"href":"https:\/\/yebodaglass.com\/cs\/wp-json\/wp\/v2\/media?parent=24485"}],"wp:term":[{"taxonomy":"product_brand","embeddable":true,"href":"https:\/\/yebodaglass.com\/cs\/wp-json\/wp\/v2\/product_brand?post=24485"},{"taxonomy":"product_cat","embeddable":true,"href":"https:\/\/yebodaglass.com\/cs\/wp-json\/wp\/v2\/product_cat?post=24485"},{"taxonomy":"product_tag","embeddable":true,"href":"https:\/\/yebodaglass.com\/cs\/wp-json\/wp\/v2\/product_tag?post=24485"}],"curies":[{"name":"wp","href":"https:\/\/api.w.org\/{rel}","templated":true}]}}