{"id":24478,"date":"2025-12-19T11:04:51","date_gmt":"2025-12-19T03:04:51","guid":{"rendered":"https:\/\/yebodaglass.com\/?post_type=product&#038;p=24478"},"modified":"2026-04-14T10:56:07","modified_gmt":"2026-04-14T02:56:07","slug":"clear-glass-jars-with-wood-lids-bulk","status":"publish","type":"product","link":"https:\/\/yebodaglass.com\/cs\/clear-glass-jars-with-wood-lids-bulk\/","title":{"rendered":"Sklen\u011bn\u00e9 d\u00f3zy s d\u0159ev\u011bn\u00fdm v\u00ed\u010dkem o objemu 450 ml \u2013 1550 ml, voln\u011b lo\u017een\u00e9"},"content":{"rendered":"<p data-start=\"66\" data-end=\"288\">Tyto sklen\u011bn\u00e9 d\u00f3zy s d\u0159ev\u011bn\u00fdmi v\u00ed\u010dky maj\u00ed elegantn\u00ed v\u00e1lcovit\u00fd tvar, kter\u00fd se skl\u00e1d\u00e1 z pr\u016fhledn\u00e9ho skla a \u0161roubovac\u00edch uz\u00e1v\u011br\u016f z p\u0159\u00edrodn\u00edho d\u0159eva. Produkt je k dispozici v n\u011bkolika velikostech.<\/p>\n<h2>Vlastnosti produktu<\/h2>\n<ul>\n<li><strong>Pr\u00e9miov\u00e9 borosilik\u00e1tov\u00e9 sklo:<\/strong> Sklo je extr\u00e9mn\u011b tepeln\u011b odoln\u00e9 a pro oko naprosto pr\u016fhledn\u00e9.<\/li>\n<li><strong>Texturovan\u00fd d\u0159ev\u011bn\u00fd \u0161roubovac\u00ed uz\u00e1v\u011br:<\/strong> Sv\u011btl\u00e9 d\u0159evo \u0161roubovac\u00edch uz\u00e1v\u011br\u016f je zdobeno kruhov\u00fdmi texturami, kter\u00e9 usnad\u0148uj\u00ed ut\u011bsn\u011bn\u00ed, i kdy\u017e se uz\u00e1v\u011br snadno otev\u00edr\u00e1.<\/li>\n<li><strong>Pr\u016fhledn\u00e1 a snadno \u010distiteln\u00e1 konstrukce:<\/strong> Pr\u016fhledn\u00e9 t\u011blo d\u00f3zy poskytuje voln\u00fd pohled na ulo\u017een\u00e9 p\u0159edm\u011bty a hladk\u00fd sklen\u011bn\u00fd povrch se velmi snadno \u010dist\u00ed.<\/li>\n<\/ul>\n<h2 style=\"text-align: left;\">Kl\u00ed\u010dov\u00e9 specifikace<\/h2>\n<table class=\"aligncenter\" style=\"border-collapse: collapse; width: 452.27pt;\" border=\"0\" width=\"603\" cellspacing=\"0\" cellpadding=\"0\">\n<tbody>\n<tr style=\"height: 13.50pt;\">\n<td style=\"height: 13.50pt; width: 135.00pt;\" width=\"180\" height=\"18\">Specifikace<\/td>\n<td style=\"width: 317.25pt;\" width=\"423\">Podrobnosti<\/td>\n<\/tr>\n<tr style=\"height: 13.50pt;\">\n<td style=\"height: 13.50pt;\" height=\"18\">Kapacita<\/td>\n<td>450 ml \/ 750 ml \/ 950 ml \/ 1550 ml<\/td>\n<\/tr>\n<tr style=\"height: 13.50pt;\">\n<td style=\"height: 13.50pt;\" height=\"18\">Rozm\u011bry<\/td>\n<td>9\u00d710 cm \/ 9\u00d715 cm \/ 9\u00d719 cm \/ 9\u00d729,5 cm<\/td>\n<\/tr>\n<tr style=\"height: 13.50pt;\">\n<td style=\"height: 13.50pt;\" height=\"18\">Materi\u00e1l<\/td>\n<td>Vysoce borosilik\u00e1tov\u00e9 sklo<\/td>\n<\/tr>\n<tr style=\"height: 13.50pt;\">\n<td style=\"height: 13.50pt;\" height=\"18\">Typ v\u00edka<\/td>\n<td>\u0160roubovac\u00ed v\u00ed\u010dko ze sv\u011btl\u00e9ho d\u0159eva s kruhovou texturou vl\u00e1kna<\/td>\n<\/tr>\n<tr style=\"height: 13.50pt;\">\n<td style=\"height: 13.50pt;\" height=\"18\">Pr\u016fm\u011br v\u00edka<\/td>\n<td>90 mm (jednotn\u00e9 pro v\u0161echny velikosti)<\/td>\n<\/tr>\n<tr style=\"height: 13.50pt;\">\n<td style=\"height: 13.50pt;\" height=\"18\">Materi\u00e1ln\u00ed vlastnosti<\/td>\n<td>Tepeln\u011b a chemicky odoln\u00e9, vysok\u00e1 \u010distota, trvanliv\u00e9<\/td>\n<\/tr>\n<tr style=\"height: 13.50pt;\">\n<td style=\"height: 13.50pt;\" height=\"18\">Ide\u00e1ln\u00ed pro<\/td>\n<td>Sklen\u011bn\u00e9 d\u00f3zy s d\u0159ev\u011bn\u00fdmi v\u00ed\u010dky, velkoobjemov\u00e9 sklen\u011bn\u00e9 d\u00f3zy<\/td>\n<\/tr>\n<\/tbody>\n<\/table>\n<h2>P\u0159\u00edb\u011bh \u00fasp\u011bchu: Zak\u00e1zkov\u00e1 objedn\u00e1vka od pra\u017e\u00edrny k\u00e1vy v severoz\u00e1padn\u00ed \u010d\u00e1sti Pacifiku<\/h2>\n<p>Specializovan\u00e1 pra\u017e\u00edrna k\u00e1vy v Oregonu si vybrala na\u0161e sklen\u011bn\u00e9 d\u00f3zy s v\u00ed\u010dky a v\u00ed\u010dky z tmav\u00e9ho o\u0159echov\u00e9ho d\u0159eva na m\u00edru a jantarov\u00fdm sklem odoln\u00fdm v\u016f\u010di UV z\u00e1\u0159en\u00ed. Tyto d\u00f3zy na m\u00edru fungovaly optim\u00e1ln\u011b, proto\u017ee jejich sklo odoln\u00e9 v\u016f\u010di UV z\u00e1\u0159en\u00ed udr\u017eovalo \u010derstvost a aroma k\u00e1vov\u00fdch zrn l\u00e9pe ne\u017e \u010dir\u00e9 sklo, co\u017e vedlo k o 35 % del\u0161\u00ed trvanlivosti. Esteticky p\u0159\u00edjemn\u00fd design t\u011bchto d\u00f3z zv\u00fd\u0161il o 200 % sd\u00edlen\u00ed z\u00e1kazn\u00edky na soci\u00e1ln\u00edch s\u00edt\u00edch. Pra\u017e\u00edrna byla tak spokojen\u00e1, \u017ee si objednala dal\u0161\u00edch 320 000 d\u00f3z pro svou nov\u011b uvedenou \u0159adu p\u0159edem nam\u00edchan\u00fdch pra\u017e\u00edc\u00edch ingredienc\u00ed.<\/p>\n<h2>P\u0159izp\u016fsobiteln\u00e1 sklen\u011bn\u00e1 n\u00e1doba s mo\u017enostmi v\u00edka<\/h2>\n<ul>\n<li>Materi\u00e1l v\u00edka z prav\u00e9ho d\u0159eva \u2013 V\u00edka mohou b\u00fdt vyrobena z r\u016fzn\u00fdch druh\u016f d\u0159eva, jako je bambus, buk nebo javor.<\/li>\n<li>Mo\u0159en\u00ed d\u0159eva na m\u00edru \u2013 M\u016f\u017eete si vybrat z \u0161irok\u00e9 \u0161k\u00e1ly mo\u0159idel od sv\u011btl\u00e9ho p\u0159\u00edrodn\u00edho d\u0159eva a\u017e po tmav\u00fd o\u0159ech.<\/li>\n<li>Zdoben\u00fd vzor na dn\u011b \u2013 B\u011bhem v\u00fdrobn\u00edho procesu se na dn\u011b lahve vytv\u00e1\u0159\u00ed jemn\u00fd texturovan\u00fd vzor.<\/li>\n<\/ul>","protected":false},"excerpt":{"rendered":"<p>Pr\u00e9miov\u00e9 sklen\u011bn\u00e9 d\u00f3zy s d\u0159ev\u011bn\u00fdmi v\u00ed\u010dky, pr\u016fhledn\u00e9 d\u00f3zy vyroben\u00e9 z k\u0159i\u0161\u0165\u00e1lov\u011b \u010dist\u00e9ho borosilik\u00e1tov\u00e9ho skla, r\u016fzn\u00e9 velikosti, ide\u00e1ln\u00ed do sp\u00ed\u017ee. K dispozici jsou vzorky zdarma.<\/p>","protected":false},"featured_media":24482,"template":"","meta":[],"product_brand":[],"product_cat":[137,124,122],"product_tag":[],"class_list":{"0":"post-24478","1":"product","2":"type-product","3":"status-publish","4":"has-post-thumbnail","6":"product_cat-glass-jars-with-lids","7":"product_cat-custom-glass-jars","8":"product_cat-custom-glass-packaging","10":"first","11":"instock","12":"shipping-taxable","13":"product-type-simple"},"jetpack_sharing_enabled":true,"_links":{"self":[{"href":"https:\/\/yebodaglass.com\/cs\/wp-json\/wp\/v2\/product\/24478","targetHints":{"allow":["GET"]}}],"collection":[{"href":"https:\/\/yebodaglass.com\/cs\/wp-json\/wp\/v2\/product"}],"about":[{"href":"https:\/\/yebodaglass.com\/cs\/wp-json\/wp\/v2\/types\/product"}],"version-history":[{"count":5,"href":"https:\/\/yebodaglass.com\/cs\/wp-json\/wp\/v2\/product\/24478\/revisions"}],"predecessor-version":[{"id":25776,"href":"https:\/\/yebodaglass.com\/cs\/wp-json\/wp\/v2\/product\/24478\/revisions\/25776"}],"wp:featuredmedia":[{"embeddable":true,"href":"https:\/\/yebodaglass.com\/cs\/wp-json\/wp\/v2\/media\/24482"}],"wp:attachment":[{"href":"https:\/\/yebodaglass.com\/cs\/wp-json\/wp\/v2\/media?parent=24478"}],"wp:term":[{"taxonomy":"product_brand","embeddable":true,"href":"https:\/\/yebodaglass.com\/cs\/wp-json\/wp\/v2\/product_brand?post=24478"},{"taxonomy":"product_cat","embeddable":true,"href":"https:\/\/yebodaglass.com\/cs\/wp-json\/wp\/v2\/product_cat?post=24478"},{"taxonomy":"product_tag","embeddable":true,"href":"https:\/\/yebodaglass.com\/cs\/wp-json\/wp\/v2\/product_tag?post=24478"}],"curies":[{"name":"wp","href":"https:\/\/api.w.org\/{rel}","templated":true}]}}