{"id":24457,"date":"2025-12-18T10:59:35","date_gmt":"2025-12-18T02:59:35","guid":{"rendered":"https:\/\/yebodaglass.com\/?post_type=product&#038;p=24457"},"modified":"2026-04-13T16:19:06","modified_gmt":"2026-04-13T08:19:06","slug":"wholesale-glass-jars-with-lids-for-storage","status":"publish","type":"product","link":"https:\/\/yebodaglass.com\/cs\/wholesale-glass-jars-with-lids-for-storage\/","title":{"rendered":"Velkoobchodn\u00ed sklen\u011bn\u00e9 d\u00f3zy s v\u00ed\u010dky o objemu 600 ml \u2013 1400 ml pro skladov\u00e1n\u00ed\u00a0"},"content":{"rendered":"<p>Velkoobchodn\u00ed sklen\u011bn\u00e9 d\u00f3zy maj\u00ed \u010dtvercov\u00fd tvar se zaoblen\u00fdmi rohy a jsou vyrobeny z ultra \u010dir\u00e9ho skla, kter\u00e9 spl\u0148uje potravin\u00e1\u0159sk\u00e9 normy d\u00edky borosilik\u00e1tov\u00e9mu materi\u00e1lu. D\u00f3zy jsou dod\u00e1v\u00e1ny s p\u0159\u00edrodn\u00edmi bambusov\u00fdmi \u0161roubovac\u00edmi uz\u00e1v\u011bry a vestav\u011bn\u00fdmi silikonov\u00fdmi t\u011bsn\u011bn\u00edmi pro zaji\u0161t\u011bn\u00ed vzduchot\u011bsnosti.<\/p>\n<h2>Vlastnosti produktu<\/h2>\n<ul>\n<li><strong>Jednoduch\u00fd, \u010dtvercov\u00fd, rovn\u00fd v\u00e1lcov\u00fd design:<\/strong> \u010ctvercov\u00fd tvar rovn\u00e9ho v\u00e1lce se zaoblen\u00fdmi rohy umo\u017e\u0148uje stohov\u00e1n\u00ed a design zaji\u0161\u0165uje snadn\u00e9 rozpozn\u00e1n\u00ed.<\/li>\n<li><strong>Design t\u011bsnic\u00edho v\u00edka z p\u0159\u00edrodn\u00edho bambusu:<\/strong> V\u00edko z p\u0159\u00edrodn\u00edho bambusu v kombinaci s t\u011bsnic\u00edm krou\u017ekem z potravin\u00e1\u0159sk\u00e9ho silikonu poskytuje vynikaj\u00edc\u00ed t\u011bsnic\u00ed v\u00fdkon, kter\u00fd \u00fa\u010dinn\u011b zabra\u0148uje vlhkosti a hmyzu.<\/li>\n<li><strong>K dispozici v\u00edce velikost\u00ed:<\/strong> \u0158ada velikost\u00ed uspokoj\u00ed r\u016fzn\u00e9 pot\u0159eby skladov\u00e1n\u00ed, od mal\u00fdch n\u00e1dob na ko\u0159en\u00ed a\u017e po velk\u00e9 objemy obilovin nebo sva\u010din.<\/li>\n<\/ul>\n<h2>Kl\u00ed\u010dov\u00e9 specifikace<\/h2>\n<table style=\"border-collapse: collapse; width: 80%; margin-right: auto; margin-left: auto;\" border=\"0\" width=\"432\" cellspacing=\"0\" cellpadding=\"0\">\n<tbody>\n<tr style=\"height: 13.50pt;\">\n<td style=\"height: 13.5pt; width: 54pt; text-align: center;\" width=\"72\" height=\"18\">Kapacita<\/td>\n<td style=\"width: 54pt; text-align: center;\" width=\"72\">Velikost (cm)<\/td>\n<td style=\"width: 54pt; text-align: center;\" width=\"72\">Pr\u016fm\u011br \u00fast\u00ed (mm)<\/td>\n<td style=\"width: 54pt; text-align: center;\" width=\"72\">Materi\u00e1l<\/td>\n<td style=\"width: 54pt; text-align: center;\" width=\"72\">Barva<\/td>\n<td style=\"width: 54pt; text-align: center;\" width=\"72\">Tvar<\/td>\n<\/tr>\n<tr style=\"height: 13.50pt;\">\n<td style=\"height: 13.5pt; text-align: center;\" height=\"18\">600ml<\/td>\n<td style=\"text-align: center;\">10 \u00d7 10 \u00d7 10,5<\/td>\n<td class=\"et2\" style=\"text-align: center;\" rowspan=\"5\">94&#215;100<\/td>\n<td class=\"et2\" style=\"text-align: center;\" rowspan=\"5\">Borosilik\u00e1t<\/td>\n<td class=\"et2\" style=\"text-align: center;\" rowspan=\"5\">Jasn\u00e9, na m\u00edru<\/td>\n<td class=\"et2\" style=\"text-align: center;\" rowspan=\"5\">N\u00e1m\u011bst\u00ed<\/td>\n<\/tr>\n<tr style=\"height: 13.50pt;\">\n<td style=\"height: 13.5pt; text-align: center;\" height=\"18\">800ml<\/td>\n<td style=\"text-align: center;\">10 x 10 x 13<\/td>\n<\/tr>\n<tr style=\"height: 13.50pt;\">\n<td style=\"height: 13.5pt; text-align: center;\" height=\"18\">1000ml<\/td>\n<td style=\"text-align: center;\">10 x 10 x 16<\/td>\n<\/tr>\n<tr style=\"height: 13.50pt;\">\n<td style=\"height: 13.5pt; text-align: center;\" height=\"18\">1200 ml<\/td>\n<td style=\"text-align: center;\">10 x 10 x 19<\/td>\n<\/tr>\n<tr style=\"height: 13.50pt;\">\n<td style=\"height: 13.5pt; text-align: center;\" height=\"18\">1400 ml<\/td>\n<td style=\"text-align: center;\">10 x 10 x 21<\/td>\n<\/tr>\n<\/tbody>\n<\/table>\n<h2>P\u0159\u00edb\u011bh \u00fasp\u011bchu: Balen\u00ed \u010daje ve velk\u00e9m pro n\u00e1rodn\u00ed zna\u010dku \u010daje<\/h2>\n<p>N\u00e1rodn\u00ed zna\u010dka \u010daje si vybrala velkoobchodn\u00ed sklen\u011bn\u00e9 d\u00f3zy o objemu 250 ml spolu s bambusov\u00fdmi v\u00ed\u010dky na m\u00edru. Na v\u00ed\u010dka byl s\u00edtotiskem vyti\u0161t\u011bn n\u00e1zev \u010daje a jeho p\u016fvod. Tyto velkoobchodn\u00ed sklen\u011bn\u00e9 d\u00f3zy na m\u00edru dos\u00e1hly obrovsk\u00e9ho \u00fasp\u011bchu, proto\u017ee jejich \u010dtvercov\u00fd design zv\u00fd\u0161il efektivitu skladov\u00e9ho balen\u00ed o 20 % a jejich vynikaj\u00edc\u00ed t\u011bsnic\u00ed schopnost prodlou\u017eila chu\u0165 a aroma \u010daje o 40 % d\u00e9le ne\u017e u p\u0159edchoz\u00edch \u010dajov\u00fdch s\u00e1\u010dk\u016f. Zna\u010dka byla s nov\u00fdm balen\u00edm velmi spokojena a n\u00e1sledn\u011b objednala dal\u0161\u00edch 520 000 sklen\u011bn\u00fdch d\u00f3z pro svou nov\u011b uvedenou kolekci bylinn\u00fdch \u010daj\u016f a d\u00e1rkov\u00fdch sad.<\/p>\n<h2>Mo\u017enosti p\u0159izp\u016fsoben\u00ed velkoobchodn\u00edch sklenic<\/h2>\n<ol>\n<li>Umo\u017e\u0148uje p\u0159id\u00e1n\u00ed stupnicov\u00fdch rysek nebo zna\u010dek objemu na n\u00e1dobu z borosilik\u00e1tov\u00e9ho skla, co\u017e usnad\u0148uje jej\u00ed pou\u017eit\u00ed profesion\u00e1ln\u00edmi z\u00e1kazn\u00edky v potravin\u00e1\u0159sk\u00e9m, k\u00e1vov\u00e9m a peka\u0159sk\u00e9m pr\u016fmyslu.<\/li>\n<li>K dispozici jsou r\u016fzn\u00e9 \u00farovn\u011b pr\u016fhlednosti nebo lehce jantarov\u00fd povrch, co\u017e vyva\u017euje kvalitu zobrazen\u00ed s pot\u0159ebou ochrany obsahu p\u0159ed sv\u011btlem.<\/li>\n<li>Podporuje odm\u011brky vlastn\u00ed velikosti a tvaru pro p\u0159esn\u00e9 d\u00e1vkov\u00e1n\u00ed pr\u00e1\u0161k\u016f, ko\u0159en\u00ed nebo funk\u010dn\u00edch potravin.<\/li>\n<\/ol>","protected":false},"excerpt":{"rendered":"<p>Velkoobchodn\u00ed prodej sklen\u011bn\u00fdch d\u00f3z v hranat\u00e9m borosilik\u00e1tov\u00e9m proveden\u00ed s bambusov\u00fdmi v\u00ed\u010dky. D\u00f3zy ide\u00e1ln\u00ed na \u010daj, obiloviny a sva\u010diny. Vzorky k dispozici zdarma. Rychl\u00e9 dod\u00e1n\u00ed.<\/p>","protected":false},"featured_media":24458,"template":"","meta":[],"product_brand":[],"product_cat":[137,124,122],"product_tag":[],"class_list":{"0":"post-24457","1":"product","2":"type-product","3":"status-publish","4":"has-post-thumbnail","6":"product_cat-glass-jars-with-lids","7":"product_cat-custom-glass-jars","8":"product_cat-custom-glass-packaging","10":"first","11":"instock","12":"shipping-taxable","13":"product-type-simple"},"jetpack_sharing_enabled":true,"_links":{"self":[{"href":"https:\/\/yebodaglass.com\/cs\/wp-json\/wp\/v2\/product\/24457","targetHints":{"allow":["GET"]}}],"collection":[{"href":"https:\/\/yebodaglass.com\/cs\/wp-json\/wp\/v2\/product"}],"about":[{"href":"https:\/\/yebodaglass.com\/cs\/wp-json\/wp\/v2\/types\/product"}],"version-history":[{"count":5,"href":"https:\/\/yebodaglass.com\/cs\/wp-json\/wp\/v2\/product\/24457\/revisions"}],"predecessor-version":[{"id":25770,"href":"https:\/\/yebodaglass.com\/cs\/wp-json\/wp\/v2\/product\/24457\/revisions\/25770"}],"wp:featuredmedia":[{"embeddable":true,"href":"https:\/\/yebodaglass.com\/cs\/wp-json\/wp\/v2\/media\/24458"}],"wp:attachment":[{"href":"https:\/\/yebodaglass.com\/cs\/wp-json\/wp\/v2\/media?parent=24457"}],"wp:term":[{"taxonomy":"product_brand","embeddable":true,"href":"https:\/\/yebodaglass.com\/cs\/wp-json\/wp\/v2\/product_brand?post=24457"},{"taxonomy":"product_cat","embeddable":true,"href":"https:\/\/yebodaglass.com\/cs\/wp-json\/wp\/v2\/product_cat?post=24457"},{"taxonomy":"product_tag","embeddable":true,"href":"https:\/\/yebodaglass.com\/cs\/wp-json\/wp\/v2\/product_tag?post=24457"}],"curies":[{"name":"wp","href":"https:\/\/api.w.org\/{rel}","templated":true}]}}