{"id":24455,"date":"2025-12-18T09:55:12","date_gmt":"2025-12-18T01:55:12","guid":{"rendered":"https:\/\/yebodaglass.com\/?post_type=product&#038;p=24455"},"modified":"2025-12-18T11:55:49","modified_gmt":"2025-12-18T03:55:49","slug":"airtight-clear-jars-with-wooden-lids-bulk","status":"publish","type":"product","link":"https:\/\/yebodaglass.com\/cs\/airtight-clear-jars-with-wooden-lids-bulk\/","title":{"rendered":"Vzduchot\u011bsn\u00e9 pr\u016fhledn\u00e9 sklenice s d\u0159ev\u011bn\u00fdmi v\u00ed\u010dky o objemu 250 ml \u2013 1550 ml, voln\u011b lo\u017een\u00e9"},"content":{"rendered":"<p data-start=\"66\" data-end=\"288\">Tyto kr\u00e1sn\u00e9 borosilik\u00e1tov\u00e9 sklenice s d\u0159ev\u011bn\u00fdmi v\u00ed\u010dky maj\u00ed tradi\u010dn\u00ed kulat\u00fd tvar s m\u00edrn\u011b u\u017e\u0161\u00edm hrdlem. T\u011blo sklenice je vyrobeno z \u010dir\u00e9ho borosilik\u00e1tov\u00e9ho skla a je dopln\u011bno ploch\u00fdm v\u00ed\u010dkem s d\u0159ev\u011bnou kresbou a zaoblen\u00fdmi dr\u00e1\u017ekami.<\/p>\n<h2>Vlastnosti produktu<\/h2>\n<ul>\n<li><strong>Konvexn\u00ed spodn\u00ed proveden\u00ed:<\/strong> Zaoblen\u00fd, konvexn\u00ed design dna zvy\u0161uje stabilitu n\u00e1doby na podlaze a z\u00e1rove\u0148 je designov\u011b o n\u011bco vy\u0161\u0161\u00ed.<\/li>\n<li><strong>V\u00edko s p\u0159\u00edrodn\u00edm dr\u00e1\u017ekovan\u00fdm d\u0159ev\u011bn\u00fdm vzorem:<\/strong> V\u00ed\u010dko je jednoduch\u00e9ho typu s d\u0159ev\u011bnou imitac\u00ed a zak\u0159iven\u00fdmi dr\u00e1\u017ekami, d\u00edky \u010demu\u017e se u\u017eivateli velmi pohodln\u011b otev\u00edr\u00e1 a zav\u00edr\u00e1, a z\u00e1rove\u0148 n\u00e1dobu pevn\u011b ut\u011bs\u0148uje.<\/li>\n<li><strong>P\u011bt r\u016fzn\u00fdch nab\u00edzen\u00fdch kapacit:<\/strong> \u010clov\u011bk se m\u016f\u017ee rozhodnout koupit si n\u00e1dobu s jednou z p\u011bti r\u016fzn\u00fdch kapacit, a to od 250 ml do 1550 ml.<\/li>\n<\/ul>\n<h2 style=\"text-align: left;\">Kl\u00ed\u010dov\u00e9 specifikace<\/h2>\n<table class=\"aligncenter\" style=\"border-collapse: collapse; width: 422.27pt;\" border=\"0\" width=\"563\" cellspacing=\"0\" cellpadding=\"0\">\n<tbody>\n<tr style=\"height: 13.50pt;\">\n<td style=\"height: 13.50pt; width: 99.75pt;\" width=\"133\" height=\"18\">Specifikace<\/td>\n<td style=\"width: 322.50pt;\" width=\"430\">Podrobnosti<\/td>\n<\/tr>\n<tr style=\"height: 13.50pt;\">\n<td style=\"height: 13.50pt;\" height=\"18\">Kapacita<\/td>\n<td>250 ml \/ 450 ml \/ 750 ml \/ 950 ml \/ 1550 ml<\/td>\n<\/tr>\n<tr style=\"height: 13.50pt;\">\n<td style=\"height: 13.50pt;\" height=\"18\">Rozm\u011bry<\/td>\n<td>9\u00d77 cm \/ 9\u00d710 cm \/ 9\u00d715 cm \/ 9\u00d719 cm \/ 9\u00d729,5 cm<\/td>\n<\/tr>\n<tr style=\"height: 13.50pt;\">\n<td style=\"height: 13.50pt;\" height=\"18\">Materi\u00e1l<\/td>\n<td>Vysoce borosilik\u00e1tov\u00e9 sklo<\/td>\n<\/tr>\n<tr style=\"height: 13.50pt;\">\n<td style=\"height: 13.50pt;\" height=\"18\">Typ v\u00edka<\/td>\n<td>Ploch\u00e9 v\u00edko s texturou d\u0159eva a kruhov\u00fdm \u00fachopem<\/td>\n<\/tr>\n<tr style=\"height: 13.50pt;\">\n<td style=\"height: 13.50pt;\" height=\"18\">Pr\u016fm\u011br v\u00edka<\/td>\n<td>90 mm (jednotn\u00e9 pro v\u0161echny velikosti)<\/td>\n<\/tr>\n<tr style=\"height: 13.50pt;\">\n<td style=\"height: 13.50pt;\" height=\"18\">Materi\u00e1ln\u00ed vlastnosti<\/td>\n<td>Vysok\u00e1 tepeln\u00e1 a chemick\u00e1 odolnost, vynikaj\u00edc\u00ed \u010distota<\/td>\n<\/tr>\n<tr style=\"height: 13.50pt;\">\n<td style=\"height: 13.50pt;\" height=\"18\">Ide\u00e1ln\u00ed pro<\/td>\n<td>Sklenice s d\u0159ev\u011bn\u00fdmi v\u00ed\u010dky \/ Sklen\u011bn\u00e9 sklenice s v\u00ed\u010dky<\/td>\n<\/tr>\n<\/tbody>\n<\/table>\n<h2>Transformace zna\u010dky pra\u017e\u00edrny k\u00e1vy: Vzestup zna\u010dky<\/h2>\n<p>Specializovan\u00e1 pra\u017e\u00edrna k\u00e1vy cht\u011bla luxusn\u00ed balen\u00ed, kter\u00e9 by pos\u00edlilo jej\u00ed image. Proto se pro balen\u00ed k\u00e1vov\u00fdch zrn rozhodla pro na\u0161e pr\u016fhledn\u00e9 sklenice o objemu 750 ml s d\u0159ev\u011bn\u00fdmi v\u00ed\u010dky. Toto vysoce borosilik\u00e1tov\u00e9 sklo je velmi odoln\u00e9. M\u00edra po\u0161kozen\u00ed p\u0159i p\u0159eprav\u011b se ve srovn\u00e1n\u00ed s pr\u016fm\u011brem v oboru u podobn\u00fdch produkt\u016f sn\u00ed\u017eila o 65 %. V\u00ed\u010dko s d\u0159ev\u011bn\u00fdm vzorem je velmi vzduchot\u011bsn\u00e9 a podle zp\u011btn\u00e9 vazby od z\u00e1kazn\u00edk\u016f prodlu\u017euje \u010derstvost a v\u016fni k\u00e1vov\u00fdch zrn o 50 %. Na z\u00e1klad\u011b tohoto obrovsk\u00e9ho \u00fasp\u011bchu si objednala dal\u0161\u00ed objedn\u00e1vku 50 000 sklenic, aby uvedla na trh zcela novou \u0159adu k\u00e1vov\u00fdch zrn jedin\u00e9ho p\u016fvodu.<\/p>\n<h2>Mo\u017enosti p\u0159izp\u016fsoben\u00ed pr\u016fhledn\u00fdch sklenic<\/h2>\n<ul>\n<li>V\u00edka z masivn\u00edho d\u0159eva \u2013 Zm\u011b\u0148te v\u00edka z masivn\u00edho d\u0159eva na prav\u00e1 bambusov\u00e1, dubov\u00e1 nebo o\u0159echov\u00e1.<\/li>\n<li>Laserov\u011b grav\u00edrovan\u00e9 v\u00edko \u2013 Ozdobte si d\u0159ev\u011bn\u00e9 v\u00edko elegantn\u00edm logem, vzorem nebo p\u00edsmem.<\/li>\n<li>S\u00edtotiskov\u00e9 indik\u00e1tory kapacity \u2013 Snadno dostupn\u00e9 a trval\u00e9 indik\u00e1tory kapacity n\u00e1doby vyti\u0161t\u011bn\u00e9 na boku n\u00e1doby.<\/li>\n<li>Barvy silikonov\u00e9ho t\u011bsnic\u00edho krou\u017eku \u2013 Vnit\u0159n\u00ed t\u011bsnic\u00ed krou\u017eek m\u016f\u017ee b\u00fdt vyroben v jak\u00e9koli z \u0159ady barev silikonu vhodn\u00e9ho pro potravin\u00e1\u0159stv\u00ed.<\/li>\n<li>Texturovan\u00e1 protiskluzov\u00e1 oblast \u2013 Spodn\u00ed strana p\u00edskovan\u00e1 nebo texturovan\u00e1 pro lep\u0161\u00ed bezpe\u010dnost \u00fachopu.<\/li>\n<\/ul>","protected":false},"excerpt":{"rendered":"<p>Tyto pr\u016fhledn\u00e9 sklenice s d\u0159ev\u011bn\u00fdmi v\u00ed\u010dky jsou vyrobeny z tlust\u00e9ho borosilik\u00e1tov\u00e9ho skla a maj\u00ed hladk\u00e1 d\u0159ev\u011bn\u00e1 v\u00ed\u010dka. Elegantn\u00ed a praktick\u00e9 do kuchyn\u011b. Mo\u017enost zasl\u00e1n\u00ed vzork\u016f zdarma. Rychl\u00e9 dod\u00e1n\u00ed.<\/p>","protected":false},"featured_media":24465,"template":"","meta":[],"product_brand":[],"product_cat":[122,124,137],"product_tag":[],"class_list":{"0":"post-24455","1":"product","2":"type-product","3":"status-publish","4":"has-post-thumbnail","6":"product_cat-custom-glass-packaging","7":"product_cat-custom-glass-jars","8":"product_cat-glass-jars-with-lids","10":"first","11":"instock","12":"shipping-taxable","13":"product-type-simple"},"jetpack_sharing_enabled":true,"_links":{"self":[{"href":"https:\/\/yebodaglass.com\/cs\/wp-json\/wp\/v2\/product\/24455","targetHints":{"allow":["GET"]}}],"collection":[{"href":"https:\/\/yebodaglass.com\/cs\/wp-json\/wp\/v2\/product"}],"about":[{"href":"https:\/\/yebodaglass.com\/cs\/wp-json\/wp\/v2\/types\/product"}],"version-history":[{"count":4,"href":"https:\/\/yebodaglass.com\/cs\/wp-json\/wp\/v2\/product\/24455\/revisions"}],"predecessor-version":[{"id":24472,"href":"https:\/\/yebodaglass.com\/cs\/wp-json\/wp\/v2\/product\/24455\/revisions\/24472"}],"wp:featuredmedia":[{"embeddable":true,"href":"https:\/\/yebodaglass.com\/cs\/wp-json\/wp\/v2\/media\/24465"}],"wp:attachment":[{"href":"https:\/\/yebodaglass.com\/cs\/wp-json\/wp\/v2\/media?parent=24455"}],"wp:term":[{"taxonomy":"product_brand","embeddable":true,"href":"https:\/\/yebodaglass.com\/cs\/wp-json\/wp\/v2\/product_brand?post=24455"},{"taxonomy":"product_cat","embeddable":true,"href":"https:\/\/yebodaglass.com\/cs\/wp-json\/wp\/v2\/product_cat?post=24455"},{"taxonomy":"product_tag","embeddable":true,"href":"https:\/\/yebodaglass.com\/cs\/wp-json\/wp\/v2\/product_tag?post=24455"}],"curies":[{"name":"wp","href":"https:\/\/api.w.org\/{rel}","templated":true}]}}