{"id":24443,"date":"2025-12-17T11:52:45","date_gmt":"2025-12-17T03:52:45","guid":{"rendered":"https:\/\/yebodaglass.com\/?post_type=product&#038;p=24443"},"modified":"2025-12-18T11:56:27","modified_gmt":"2025-12-18T03:56:27","slug":"borosilicate-glass-jars-with-lids-bulk","status":"publish","type":"product","link":"https:\/\/yebodaglass.com\/cs\/borosilicate-glass-jars-with-lids-bulk\/","title":{"rendered":"Borosilik\u00e1tov\u00e9 sklen\u011bn\u00e9 d\u00f3zy s v\u00ed\u010dky o objemu 16 oz, 25 oz a 32 oz, voln\u011b lo\u017een\u00e9"},"content":{"rendered":"<p data-start=\"66\" data-end=\"288\">Tyto d\u00f3zy z borosilik\u00e1tov\u00e9ho skla s v\u00ed\u010dky se vyzna\u010duj\u00ed tenk\u00fdm, zaoblen\u00fdm t\u011blem a hladk\u00fdmi, zaoblen\u00fdmi okraji. Jsou vyrobeny z \u010dir\u00e9ho k\u0159i\u0161\u0165\u00e1lov\u00e9ho borosilik\u00e1tov\u00e9ho skla, d\u00edky \u010demu\u017e jsou potraviny zvenku velmi dob\u0159e viditeln\u00e9. Sv\u011btl\u00e9 bambusov\u00e9 ploch\u00e9 v\u00ed\u010dko s vestav\u011bn\u00fdm t\u011bsnic\u00edm krou\u017ekem zaji\u0161\u0165uje nepropustn\u00e9 ut\u011bsn\u011bn\u00ed a z\u00e1rove\u0148 dod\u00e1v\u00e1 n\u00e1dob\u011b p\u011bkn\u00fd p\u0159irozen\u00fd vzhled.<\/p>\n<h2>Vlastnosti produktu<\/h2>\n<ul>\n<li><strong>V\u00fdhody vysoce borosilik\u00e1tov\u00e9ho skla:<\/strong> Proto\u017ee je vyroben z vysoce borosilik\u00e1tov\u00e9ho skla, jeho vynikaj\u00edc\u00ed tepeln\u00e1 a chemick\u00e1 odolnost mu umo\u017e\u0148uje zachovat si hou\u017eevnatost po dlouhou dobu, a to i v n\u00e1ro\u010dn\u00e9m prost\u0159ed\u00ed.<\/li>\n<li><strong>T\u011bsnic\u00ed design pro bambusov\u00e9 v\u00edko:<\/strong> Sv\u011btl\u00e9 bambusov\u00e9 ploch\u00e9 v\u00edko spolu s vnit\u0159n\u00ed t\u011bsnic\u00ed vrstvou tvo\u0159\u00ed ide\u00e1ln\u00ed dvojici pro prevenci vzduchot\u011bsnosti.<\/li>\n<li><strong>R\u016fzn\u00e9 kombinace velikost\u00ed:<\/strong> Mo\u017enost v\u00fdb\u011bru t\u0159\u00ed velikost\u00ed je ide\u00e1ln\u00ed pro r\u016fzn\u00e9 pot\u0159eby objemu (mal\u00e9 sklenice na ko\u0159en\u00ed, velk\u00e9 sklenice na obiloviny).<\/li>\n<\/ul>\n<h2 style=\"text-align: left;\">Kl\u00ed\u010dov\u00e9 specifikace<\/h2>\n<table class=\"aligncenter\" style=\"border-collapse: collapse; width: 440.27pt;\" border=\"0\" width=\"587\" cellspacing=\"0\" cellpadding=\"0\">\n<tbody>\n<tr style=\"height: 13.50pt;\">\n<td style=\"height: 13.50pt; width: 99.75pt;\" width=\"133\" height=\"18\">Specifikace<\/td>\n<td style=\"width: 340.50pt;\" width=\"454\">Podrobnosti<\/td>\n<\/tr>\n<tr style=\"height: 13.50pt;\">\n<td style=\"height: 13.50pt;\" height=\"18\">Kapacita<\/td>\n<td>500ml \/ 750ml \/ 1000ml<\/td>\n<\/tr>\n<tr style=\"height: 13.50pt;\">\n<td style=\"height: 13.50pt;\" height=\"18\">Rozm\u011bry<\/td>\n<td>9\u00d710 cm \/ 9\u00d715 cm \/ 9\u00d720 cm<\/td>\n<\/tr>\n<tr style=\"height: 13.50pt;\">\n<td style=\"height: 13.50pt;\" height=\"18\">Materi\u00e1l<\/td>\n<td>Vysoce borosilik\u00e1tov\u00e9 sklo<\/td>\n<\/tr>\n<tr style=\"height: 13.50pt;\">\n<td style=\"height: 13.50pt;\" height=\"18\">Typ v\u00edka<\/td>\n<td>Bambusov\u00e9 ploch\u00e9 v\u00edko s integrovan\u00fdm t\u011bsnic\u00edm krou\u017ekem<\/td>\n<\/tr>\n<tr style=\"height: 13.50pt;\">\n<td style=\"height: 13.50pt;\" height=\"18\">Pr\u016fm\u011br v\u00edka<\/td>\n<td>90 mm (jednotn\u00e9 pro v\u0161echny velikosti)<\/td>\n<\/tr>\n<tr style=\"height: 13.50pt;\">\n<td style=\"height: 13.50pt;\" height=\"18\">Materi\u00e1ln\u00ed vlastnosti<\/td>\n<td>Odoln\u00e9 v\u016f\u010di tepeln\u00fdm \u0161ok\u016fm, chemicky stabiln\u00ed, vysok\u00e1 pr\u016fhlednost<\/td>\n<\/tr>\n<tr style=\"height: 13.50pt;\">\n<td style=\"height: 13.50pt;\" height=\"18\">Ide\u00e1ln\u00ed pro<\/td>\n<td>Sklen\u011bn\u00e9 d\u00f3zy s v\u00ed\u010dky velkoobchod, sklen\u011bn\u00e1 d\u00f3za s bambusov\u00fdm v\u00ed\u010dkem<\/td>\n<\/tr>\n<\/tbody>\n<\/table>\n<h2>P\u0159\u00edb\u011bh \u00fasp\u011bchu: Expanze prodejce specializovan\u00e9ho \u010daje<\/h2>\n<p>Rychle rostouc\u00ed \u010dajov\u00e1 spole\u010dnost pot\u0159ebovala vysoce kvalitn\u00ed a jednotn\u00e9 balen\u00ed pro sv\u00e9 velkoobchodn\u00ed \u010dajov\u00e9 produkty. Na\u0161e sklen\u011bn\u00e9 d\u00f3zy s v\u00ed\u010dkem o objemu 750 ml si nakonec vybrala jako standardn\u00ed balen\u00ed pro v\u0161echny maloobchodn\u00ed produkty. Vynikaj\u00edc\u00ed odolnost borosilik\u00e1tov\u00e9ho skla sn\u00ed\u017eila m\u00edru rozbit\u00ed o 70 %. Bambusov\u00e1 v\u00ed\u010dka poskytuj\u00ed vynikaj\u00edc\u00ed ut\u011bsn\u011bn\u00ed, tak\u017ee trvanlivost produktu se v pr\u016fm\u011bru prodlu\u017euje o 8 m\u011bs\u00edc\u016f, co\u017e vede k v\u00fdrazn\u00e9mu sn\u00ed\u017een\u00ed odpadu o 40 %. D\u00edky skv\u011bl\u00e9mu v\u00fdkonu produktu objednala dal\u0161\u00edch 120 000 kus\u016f sklen\u011bn\u00fdch d\u00f3z pro m\u00edstn\u00ed distribuci.<\/p>\n<h2>Sklen\u011bn\u00e9 d\u00f3zy s v\u00ed\u010dky, mo\u017enosti hromadn\u00e9ho p\u0159izp\u016fsoben\u00ed<\/h2>\n<ul>\n<li>Personalizovan\u00e9 grav\u00edrov\u00e1n\u00ed bambusov\u00fdch v\u00ed\u010dek \u2013 laserov\u00e9 grav\u00edrov\u00e1n\u00ed log nebo vzor\u016f na bambusov\u00e1 v\u00ed\u010dka.<\/li>\n<li>Barevn\u00e9 silikonov\u00e9 t\u011bsnic\u00ed krou\u017eky \u2013 Barvu silikonu pou\u017eit\u00e9ho pro t\u011bsnic\u00ed krou\u017eek lze zm\u011bnit. Pro silikonov\u00e9 t\u011bsnic\u00ed krou\u017eky vhodn\u00e9 do potravin\u00e1\u0159sk\u00e9 kvality existuj\u00ed r\u016fzn\u00e9 barevn\u00e9 varianty.<\/li>\n<li>S\u00edtotiskov\u00e9 ozna\u010den\u00ed objemu \u2013 Lze natisknout absolutn\u00ed ozna\u010den\u00ed v ml a kel\u00edmc\u00edch, \u010d\u00edm\u017e se zajist\u00ed trval\u00e1 \u00fa\u010dinnost ozna\u010den\u00ed.<\/li>\n<li>Matn\u00e1 z\u00e1kladna nebo rameno \u2013 P\u00edskov\u00e1n\u00edm se ve vybran\u00fdch oblastech vytvo\u0159\u00ed vysoce kvalitn\u00ed matn\u00fd efekt povrchu.<\/li>\n<li>Barvy skla na m\u00edru \u2013 Sklo m\u016f\u017ee b\u00fdt vyrobeno bu\u010f ve sv\u011btle jantarov\u00e9, nebo zelen\u00e9 barv\u011b s p\u0159idanou UV ochranou.<\/li>\n<\/ul>","protected":false},"excerpt":{"rendered":"<p>Pr\u00e9miov\u00e9 sklen\u011bn\u00e9 d\u00f3zy s v\u00ed\u010dky ve velk\u00e9m, sklen\u011bn\u00e9 d\u00f3zy s v\u00ed\u010dky z \u010dir\u00e9ho borosilik\u00e1tov\u00e9ho skla a v\u00ed\u010dky z p\u0159\u00edrodn\u00edho bambusu. \u010cist\u00fd design a podpora velkoobchodn\u00edch cen.<\/p>","protected":false},"featured_media":24450,"template":"","meta":[],"product_brand":[],"product_cat":[122,124,137],"product_tag":[],"class_list":{"0":"post-24443","1":"product","2":"type-product","3":"status-publish","4":"has-post-thumbnail","6":"product_cat-custom-glass-packaging","7":"product_cat-custom-glass-jars","8":"product_cat-glass-jars-with-lids","10":"first","11":"instock","12":"shipping-taxable","13":"product-type-simple"},"jetpack_sharing_enabled":true,"_links":{"self":[{"href":"https:\/\/yebodaglass.com\/cs\/wp-json\/wp\/v2\/product\/24443","targetHints":{"allow":["GET"]}}],"collection":[{"href":"https:\/\/yebodaglass.com\/cs\/wp-json\/wp\/v2\/product"}],"about":[{"href":"https:\/\/yebodaglass.com\/cs\/wp-json\/wp\/v2\/types\/product"}],"version-history":[{"count":4,"href":"https:\/\/yebodaglass.com\/cs\/wp-json\/wp\/v2\/product\/24443\/revisions"}],"predecessor-version":[{"id":24473,"href":"https:\/\/yebodaglass.com\/cs\/wp-json\/wp\/v2\/product\/24443\/revisions\/24473"}],"wp:featuredmedia":[{"embeddable":true,"href":"https:\/\/yebodaglass.com\/cs\/wp-json\/wp\/v2\/media\/24450"}],"wp:attachment":[{"href":"https:\/\/yebodaglass.com\/cs\/wp-json\/wp\/v2\/media?parent=24443"}],"wp:term":[{"taxonomy":"product_brand","embeddable":true,"href":"https:\/\/yebodaglass.com\/cs\/wp-json\/wp\/v2\/product_brand?post=24443"},{"taxonomy":"product_cat","embeddable":true,"href":"https:\/\/yebodaglass.com\/cs\/wp-json\/wp\/v2\/product_cat?post=24443"},{"taxonomy":"product_tag","embeddable":true,"href":"https:\/\/yebodaglass.com\/cs\/wp-json\/wp\/v2\/product_tag?post=24443"}],"curies":[{"name":"wp","href":"https:\/\/api.w.org\/{rel}","templated":true}]}}