{"id":24435,"date":"2025-12-17T10:37:34","date_gmt":"2025-12-17T02:37:34","guid":{"rendered":"https:\/\/yebodaglass.com\/?post_type=product&#038;p=24435"},"modified":"2025-12-23T10:15:44","modified_gmt":"2025-12-23T02:15:44","slug":"large-glass-food-storage-canisters-with-lids-bulk","status":"publish","type":"product","link":"https:\/\/yebodaglass.com\/cs\/large-glass-food-storage-canisters-with-lids-bulk\/","title":{"rendered":"Velk\u00e9 sklen\u011bn\u00e9 n\u00e1doby na potraviny s v\u00edkem o objemu 2750 ml"},"content":{"rendered":"<p data-start=\"66\" data-end=\"288\">Tyto velk\u00e9 sklen\u011bn\u00e9 d\u00f3zy s v\u00ed\u010dky jsou z borosilik\u00e1tov\u00e9ho skla s tenk\u00fdmi, zaoblen\u00fdmi tvary, kter\u00e9 esteticky zd\u016fraz\u0148uj\u00ed jejich prostorn\u00fd objem. D\u00f3zy jsou vyrobeny z \u010dir\u00e9ho pr\u016fhledn\u00e9ho borosilik\u00e1tov\u00e9ho skla a kombinov\u00e1ny s ploch\u00fdmi v\u00ed\u010dky s d\u0159ev\u011bnou imitac\u00ed, \u010d\u00edm\u017e vytv\u00e1\u0159ej\u00ed p\u0159irozen\u00fd, minimalistick\u00fd styl, kter\u00fd se k \u010dir\u00e9mu sklu dob\u0159e hod\u00ed.<\/p>\n<h2>Vlastnosti produktu<\/h2>\n<ul>\n<li><strong>Velk\u00e1 kapacita a \u0161t\u00edhl\u00fd design:<\/strong> D\u00edky \u0161t\u00edhl\u00e9mu, kulat\u00e9mu designu lze uskladnit velk\u00e9 mno\u017estv\u00ed potravin a sklenici lze d\u016fmysln\u011b ulo\u017eit do sk\u0159\u00ed\u0148ky, \u010d\u00edm\u017e se u\u0161et\u0159\u00ed \u00falo\u017en\u00fd prostor.<\/li>\n<li><strong>V\u00fdhody vysoce borosilik\u00e1tov\u00e9ho skla:<\/strong> Proto\u017ee se jedn\u00e1 o produkt z vysoce borosilik\u00e1tov\u00e9ho skla, je velmi odoln\u00fd v\u016f\u010di teplotn\u00edm zm\u011bn\u00e1m, neuvol\u0148uje \u017e\u00e1dn\u00e9 pachy a je trvanliv\u00fd.<\/li>\n<li><strong>Uzav\u0159en\u00e9 ploch\u00e9 v\u00edko s d\u0159ev\u011bnou strukturou:<\/strong> Ploch\u00e9 v\u00ed\u010dko s texturou a d\u0159ev\u011bnou kresbou t\u011bsn\u011b p\u0159il\u00e9h\u00e1 k otvoru sklenice, tak\u017ee uz\u00e1v\u011br je t\u00e9m\u011b\u0159 vzduchot\u011bsn\u00fd.<\/li>\n<\/ul>\n<h2 style=\"text-align: left;\">Kl\u00ed\u010dov\u00e9 specifikace<\/h2>\n<table class=\"aligncenter\" style=\"border-collapse: collapse; width: 458.27pt;\" border=\"0\" width=\"611\" cellspacing=\"0\" cellpadding=\"0\">\n<tbody>\n<tr style=\"height: 13.50pt;\">\n<td style=\"height: 13.50pt; width: 99.75pt;\" width=\"133\" height=\"18\">Specifikace<\/td>\n<td style=\"width: 358.50pt;\" width=\"478\">Podrobnosti<\/td>\n<\/tr>\n<tr style=\"height: 13.50pt;\">\n<td style=\"height: 13.50pt;\" height=\"18\">Kapacita<\/td>\n<td>2750 ml (2,75 l)<\/td>\n<\/tr>\n<tr style=\"height: 13.50pt;\">\n<td style=\"height: 13.50pt;\" height=\"18\">Rozm\u011bry<\/td>\n<td>14\u00d729.5cm<\/td>\n<\/tr>\n<tr style=\"height: 13.50pt;\">\n<td style=\"height: 13.50pt;\" height=\"18\">Materi\u00e1l<\/td>\n<td>Vysoce borosilik\u00e1tov\u00e9 sklo<\/td>\n<\/tr>\n<tr style=\"height: 13.50pt;\">\n<td style=\"height: 13.50pt;\" height=\"18\">Typ v\u00edka<\/td>\n<td>Ploch\u00e9 v\u00edko s texturou d\u0159eva<\/td>\n<\/tr>\n<tr style=\"height: 13.50pt;\">\n<td style=\"height: 13.50pt;\" height=\"18\">Materi\u00e1ln\u00ed vlastnosti<\/td>\n<td>Odoln\u00e9 v\u016f\u010di teplotn\u00edm \u0161ok\u016fm a chemik\u00e1li\u00edm, vysok\u00e1 \u010distota, trvanliv\u00e9<\/td>\n<\/tr>\n<tr style=\"height: 13.50pt;\">\n<td style=\"height: 13.50pt;\" height=\"18\">Ide\u00e1ln\u00ed pro<\/td>\n<td>D\u00f3zy na potraviny s v\u00edky, sklen\u011bn\u00e9 d\u00f3zy s d\u0159ev\u011bn\u00fdmi v\u00edky<\/td>\n<\/tr>\n<\/tbody>\n<\/table>\n<h2>P\u0159ehodnocen\u00ed velkoobjemov\u00fdch surovin: Jak se prom\u011bnila pek\u00e1rna<\/h2>\n<p>Roz\u0161i\u0159uj\u00edc\u00ed se pek\u00e1rna zoufale pot\u0159ebovala spolehliv\u00fd syst\u00e9m pro 22,4 kg z\u00e1sobn\u00edky \u0161krobu a cukru. Odd\u011blen\u00ed ingredienc\u00ed v jejich tov\u00e1rn\u00e1ch byla vybavena na\u0161imi velk\u00fdmi 2,75litrov\u00fdmi n\u00e1dobami na potraviny s v\u00edky, kter\u00e9 pou\u017e\u00edvali po celou dobu skladov\u00e1n\u00ed. Tyto n\u00e1doby z vysoce borosilik\u00e1tov\u00e9ho skla zvl\u00e1daly denn\u00ed zm\u011bny teploty z chlad\u00edrensk\u00e9ho skladu do hork\u00e9 kuchyn\u011b bez jak\u00e9hokoli po\u0161kozen\u00ed, a t\u00edm zajistily 100% odolnost proti prasklin\u00e1m. V\u00edko s d\u0159ev\u011bn\u00fdm vzorem, kter\u00e9 nejl\u00e9pe padne na n\u00e1dobu, pom\u00e1h\u00e1 udr\u017eovat mouku \u010derstvou a bezpe\u010dnou, zabra\u0148uje zamo\u0159en\u00ed \u0161k\u016fdci a tak\u00e9 vedlo ke sn\u00ed\u017een\u00ed znehodnocen\u00ed ingredienc\u00ed pouze o 55 %. Pek\u00e1rna nav\u00edc nejen provedla dal\u0161\u00ed obrovskou objedn\u00e1vku 350 000 sklenic pro vybaven\u00ed sv\u00fdch nov\u00fdch z\u00e1vod\u016f, ale tak\u00e9 proto, \u017ee byla mimo\u0159\u00e1dn\u011b spokojena s trvanlivost\u00ed a v\u00fdkonem produktu.<\/p>\n<h2>Velk\u00e9 sklen\u011bn\u00e9 d\u00f3zy s v\u00ed\u010dky, mo\u017enosti na zak\u00e1zku<\/h2>\n<ul>\n<li>Vylep\u0161en\u00ed v\u00edka z masivn\u00edho d\u0159eva \u2013 Vym\u011b\u0148te v\u00edko s imitac\u00ed d\u0159eva za prav\u00e9 bambusov\u00e9 nebo dubov\u00e9.<\/li>\n<li>Laserem grav\u00edrovan\u00e9 zna\u010dky kapacity \u2013 Um\u00edst\u011bte p\u0159esn\u00e9 zna\u010dky v litrech a hrnc\u00edch.<\/li>\n<li>Zes\u00edlen\u00e9 dno \u2013 Spodn\u00ed strana sklenice je zes\u00edlen\u00e1, aby unesla t\u011b\u017ek\u00e9 p\u0159edm\u011bty.<\/li>\n<li>Jednod\u00edln\u00fd silikonov\u00fd t\u011bsnic\u00ed krou\u017eek \u2013 Na v\u00edku je silikonov\u00fd krou\u017eek vhodn\u00fd do potravin\u00e1\u0159sk\u00e9 kvality.<\/li>\n<li>Vitr\u00e1\u017eov\u00e9 akcenty \u2013 Um\u00edst\u011bte malou sv\u011btle zelenou nebo jantarovou skvrnu na rameno sklenice.<\/li>\n<\/ul>","protected":false},"excerpt":{"rendered":"<p>Velk\u00e9 sklen\u011bn\u00e9 d\u00f3zy s v\u00ed\u010dky s vysok\u00fdm, pr\u016fhledn\u00fdm borosilik\u00e1tov\u00fdm t\u011blem a ploch\u00fdm d\u0159ev\u011bn\u00fdm v\u00ed\u010dkem. Ide\u00e1ln\u00ed d\u00f3zy na potraviny s v\u00ed\u010dky, dod\u00e1vka p\u0159\u00edmo od v\u00fdrobce.<\/p>","protected":false},"featured_media":24438,"template":"","meta":[],"product_brand":[],"product_cat":[122,124,137],"product_tag":[],"class_list":{"0":"post-24435","1":"product","2":"type-product","3":"status-publish","4":"has-post-thumbnail","6":"product_cat-custom-glass-packaging","7":"product_cat-custom-glass-jars","8":"product_cat-glass-jars-with-lids","10":"first","11":"instock","12":"shipping-taxable","13":"product-type-simple"},"jetpack_sharing_enabled":true,"_links":{"self":[{"href":"https:\/\/yebodaglass.com\/cs\/wp-json\/wp\/v2\/product\/24435","targetHints":{"allow":["GET"]}}],"collection":[{"href":"https:\/\/yebodaglass.com\/cs\/wp-json\/wp\/v2\/product"}],"about":[{"href":"https:\/\/yebodaglass.com\/cs\/wp-json\/wp\/v2\/types\/product"}],"version-history":[{"count":5,"href":"https:\/\/yebodaglass.com\/cs\/wp-json\/wp\/v2\/product\/24435\/revisions"}],"predecessor-version":[{"id":24534,"href":"https:\/\/yebodaglass.com\/cs\/wp-json\/wp\/v2\/product\/24435\/revisions\/24534"}],"wp:featuredmedia":[{"embeddable":true,"href":"https:\/\/yebodaglass.com\/cs\/wp-json\/wp\/v2\/media\/24438"}],"wp:attachment":[{"href":"https:\/\/yebodaglass.com\/cs\/wp-json\/wp\/v2\/media?parent=24435"}],"wp:term":[{"taxonomy":"product_brand","embeddable":true,"href":"https:\/\/yebodaglass.com\/cs\/wp-json\/wp\/v2\/product_brand?post=24435"},{"taxonomy":"product_cat","embeddable":true,"href":"https:\/\/yebodaglass.com\/cs\/wp-json\/wp\/v2\/product_cat?post=24435"},{"taxonomy":"product_tag","embeddable":true,"href":"https:\/\/yebodaglass.com\/cs\/wp-json\/wp\/v2\/product_tag?post=24435"}],"curies":[{"name":"wp","href":"https:\/\/api.w.org\/{rel}","templated":true}]}}